{"id":21819,"date":"2021-08-31T10:21:08","date_gmt":"2021-08-31T03:21:08","guid":{"rendered":"https:\/\/havamall.com\/?post_type=product&#038;p=21819"},"modified":"2022-03-08T17:02:40","modified_gmt":"2022-03-08T10:02:40","slug":"combo-thiet-yeu-gia-vi","status":"publish","type":"product","link":"https:\/\/havamall.com\/en\/shop\/combo-thiet-yeu-gia-vi\/","title":{"rendered":"Combo Thi\u1ebft Y\u1ebfu &#8211; Gia V\u1ecb"},"content":{"rendered":"<p>Trong nh\u1ecbp s\u1ed1ng v\u1ed9i v\u00e3 hi\u1ec7n nay, c\u00e1c gia \u0111\u00ecnh lu\u00f4n t\u1ea5t b\u1eadt v\u1edbi c\u00e1c c\u00f4ng vi\u1ec7c th\u01b0\u1eddng ng\u00e0y c\u1ee7a m\u00ecnh tr\u00ean c\u00f4ng s\u1edf, kh\u00f4ng th\u1ec3 m\u1ea5t th\u1eddi gian ch\u1ecdn l\u1ef1a t\u1eebng lo\u1ea1i gia v\u1ecb \u0111\u1ec3 th\u1ef1c hi\u1ec7n c\u00e1c m\u00f3n \u0103n cho gia \u0111\u00ecnh \u0111\u01b0\u1ee3c.<\/p>\n<p>Hi\u1ec3u \u0111\u01b0\u1ee3c t\u00e2m l\u00fd \u0111\u00f3 nay\u00a0Havamall\u00a0\u0111\u00e3 cho ra \u0111\u1eddi\u00a0<strong>Combo Thi\u1ebft Y\u1ebfu \u2013 Gia V\u1ecb<\/strong>\u00a0gi\u00fap b\u1ea1n x\u00f3a tan \u0111i n\u1ed7i lo \u0111\u00f3.<\/p>\n<p>Combo c\u00e1c th\u1ef1c ph\u1ea9m thi\u1ebft y\u1ebfu \u0111\u1ed9c quy\u1ec1n t\u1ea1i Havamall s\u1ebd gi\u00fap b\u1ea1n l\u00e0m ra nh\u1eefng m\u00f3n \u0103n d\u1ec5 d\u00e0ng\u00a0v\u00e0 ti\u1ebft ki\u1ec7m\u00a0nh\u1ea5t. Combo \u0111\u00e3 c\u00f3 \u0111\u1ea7y \u0111\u1ee7 gia v\u1ecb c\u00f3 th\u1ec3 gi\u00fap b\u1ea1n d\u1ec5 d\u00e0ng l\u00e0m n\u00ean nh\u1eefng m\u00f3n \u0103n ngon v\u00e0 ti\u1ebft ki\u1ec7m th\u1eddi gian, chi ph\u00ed h\u01a1n mua l\u1ebb r\u1ea5t nhi\u1ec1u.<\/p>\n<p><strong><em>Combo th\u1ef1c ph\u1ea9m thi\u1ebft y\u1ebfu nh\u00e0 Havamall bao g\u1ed3m:<\/em><\/strong><\/p>\n<h3 class=\"product_title entry-title\"><strong>\u25aa\ufe0f H\u1ea1t N\u00eam G\u00e0 H\u1ea3i Thi\u00ean-Chicken Seasoning Seeds 300g<\/strong><\/h3>\n<p>M\u1ed9t m\u00f3n \u0103n ngon kh\u00f4ng ch\u1ec9 do ch\u00fang ta l\u1ef1a ch\u1ecdn \u0111\u01b0\u1ee3c nguy\u00ean li\u1ec7u th\u1ef1c ph\u1ea9m t\u01b0\u01a1i ngon, \u0111\u1ea3m b\u1ea3o ch\u1ea5t l\u01b0\u1ee3ng m\u00e0 n\u00f3 c\u00f2n ph\u1ee5 thu\u1ed9c ho\u00e0n to\u00e0n v\u00e0o gia v\u1ecb m\u00e0 ch\u00fang ta th\u00eam v\u00e0o.\u00a0H\u1ea1t n\u00eam g\u00e0 H\u1ea3i Thi\u00ean s\u1ebd l\u00e0\u00a0m\u1ed9t gia v\u1ecb kh\u00f4ng th\u1ec3 thi\u1ebfu trong b\u1eefa c\u01a1m m\u1ed7i gia \u0111\u00ecnh.<\/p>\n<p>H\u1ea1t n\u00eam g\u00e0 H\u1ea3i Thi\u00ean \u0111\u01b0\u1ee3c chi\u1ebft xu\u1ea5t tr\u1ef1c ti\u1ebfp t\u1eeb th\u1ecbt g\u00e0, H\u1ea1t n\u00eam t\u1eeb th\u1ecbt g\u00e0 mang l\u1ea1i h\u01b0\u01a1ng v\u1ecb th\u01a1m ngon, \u0111\u1eadm \u0111\u00e0 cho m\u00f3n \u0103n. V\u1ecb ng\u1ecdt thanh v\u00e0 h\u01b0\u01a1ng th\u01a1m quy\u1ebfn r\u0169 s\u1ebd k\u00e9o gia \u0111\u00ecnh b\u1ea1n qu\u00e2y qu\u1ea7n b\u00ean nhau m\u1ed7i ng\u00e0y.<\/p>\n<p><img fetchpriority=\"high\" decoding=\"async\" class=\"aligncenter\" src=\"https:\/\/cf.shopee.com.my\/file\/02bd18699ae8928928a05fab953a28ab\" alt=\"\u73b0\u8d27\u3011\u6d77\u5929\u3010\u56db\u6d77\u9c9c\u9e21\u7cbe\u3011\u9c9c\u800c\u4e0d\u54b81\u7f50300g HADAY CHICKEN ESSENCE SEASONING 300g | Shopee Malaysia\" width=\"724\" height=\"724\" \/><\/p>\n<p>V\u1edbi\u00a0h\u1ea1t n\u00eam g\u00e0 H\u1ea3i Thi\u00ean\u00a0m\u00f3n \u0103n s\u1ebd tr\u1edf n\u00ean \u0111\u1eadm \u0111\u00e0 h\u01a1n, h\u1ea5p d\u1eabn v\u1edbi v\u1ecb ng\u1ecdt v\u00e0 th\u01a1m t\u1eeb th\u1ecbt g\u00e0 t\u1ef1 nhi\u00ean.\u00a0H\u1ea1t n\u00eam t\u1eeb th\u1ecbt g\u00e0 gi\u1eef \u0111\u01b0\u1ee3c v\u1ecb ng\u1ecdt s\u00e2u c\u1ee7a n\u01b0\u1edbc d\u00f9ng t\u1eeb g\u00e0 v\u00e0 mang l\u1ea1i d\u01b0 v\u1ecb th\u01a1m ngon ng\u00e2y ng\u1ea5t.<\/p>\n<p><img decoding=\"async\" class=\"aligncenter\" src=\"https:\/\/havamall.com\/wp-content\/uploads\/2021\/03\/5badf7a6Nf10c80e2.jpg\" alt=\"\u6d77\u5929\u9e21\u7cbe\u56db\u6d77\u9c9c\u9e21\u7cbe300g(\u7f50) \u84b8\u716e\u51c9\u62cc\u53a8\u623f\u8c03\u5473\u9e21\u7cbe\u3010\u56fe\u7247\u4ef7\u683c\u54c1\u724c\u62a5\u4ef7\u3011-\u4eac\u4e1c\" width=\"708\" height=\"661\" \/><\/p>\n<h4><strong>\u0110\u1eb7c \u0111i\u1ec3m n\u1ed5i b\u1eadt:<\/strong><\/h4>\n<p>\u2013 Cung c\u1ea5p l\u01b0\u1ee3ng mu\u1ed1i i \u2013 \u1ed1t v\u1eeba \u0111\u1ee7<\/p>\n<p>\u2013 C\u00f3 \u0111\u1ed9 ng\u1ecdt v\u1eeba ph\u1ea3i, c\u00e2n b\u1eb1ng hai v\u1ecb c\u1ee7a mu\u1ed1i v\u00e0 \u0111\u01b0\u1eddng.<\/p>\n<p>\u2013 Mang l\u1ea1i h\u01b0\u01a1ng v\u1ecb th\u01a1m ngon, \u0111\u1eadm \u0111\u00e0 h\u1ea5p d\u1eabn<\/p>\n<p>\u2013 Kh\u00f4ng ch\u1ea5t b\u1ea3o qu\u1ea3n, kh\u00f4ng ch\u1ea5t t\u1ea1o m\u00e0u v\u00e0 d\u1ec5 tan<\/p>\n<p>\u2013\u00a0H\u1ea1t n\u00eam g\u00e0 H\u1ea3i Thi\u00ean\u00a0cho v\u1ecb ng\u1ecdt s\u00e2u v\u00e0 gi\u1eef \u0111\u01b0\u1ee3c h\u1eadu v\u1ecb t\u1ef1 nhi\u00ean cho m\u00f3n \u0103n th\u00eam \u0111\u1eadm \u0111\u00e0, h\u1ea5p d\u1eabn v\u00e0 l\u00e0m t\u00f4n l\u00ean h\u01b0\u01a1ng v\u1ecb t\u1ef1 nhi\u00ean c\u1ee7a m\u00f3n \u0103n.<\/p>\n<p><img decoding=\"async\" class=\"aligncenter\" src=\"https:\/\/cf.shopee.com.my\/file\/fa3cc1631186404a439c6f678c903de9\" alt=\"\u73b0\u8d27\u3011\u6d77\u5929\u3010\u56db\u6d77\u9c9c\u9e21\u7cbe\u3011\u9c9c\u800c\u4e0d\u54b81\u7f50300g HADAY CHICKEN ESSENCE SEASONING 300g | Shopee Malaysia\" width=\"707\" height=\"708\" \/><\/p>\n<h3 class=\"product_title entry-title\"><strong>\u25aa\ufe0f N\u01b0\u1edbc M\u00eda C\u00f4 \u0110\u1eb7c Juicy Cane 200ml<\/strong><\/h3>\n<p>M\u1eadt m\u00eda h\u1eefu c\u01a1 JUICY CANE \u0111\u01b0\u1ee3c chi\u1ebft xu\u1ea5t t\u1eeb 100% n\u01b0\u1edbc m\u00eda t\u01b0\u01a1i t\u1ef1 nhi\u00ean, \u0111\u01b0\u1ee3c x\u1eed l\u00fd theo c\u00f4ng ngh\u1ec7 \u0111\u1ed9c quy\u1ec1n, gi\u00fap gi\u1eef l\u1ea1i to\u00e0n b\u1ed9 c\u00e1c kho\u00e1ng ch\u1ea5t t\u1eeb m\u00eda.<\/p>\n<p>M\u1eadt m\u00eda h\u1eefu c\u01a1 Juicy Cane c\u00f3 d\u1ea1ng siro, v\u1ecb ng\u1ecdt thanh mang s\u1eafc v\u00e0ng h\u1ed5 ph\u00e1ch v\u00e0 c\u00f3 th\u1ec3 s\u1eed d\u1ee5ng nh\u01b0 m\u1ed9t lo\u1ea1i gia v\u1ecb \u0111a n\u0103ng trong h\u1ea7u h\u1ebft c\u00e1c m\u00f3n \u0103n, th\u1ee9c u\u1ed1ng. H\u1ee9a h\u1eb9n s\u1ebd kh\u00f4ng l\u00e0m b\u1ea1n th\u1ea5t v\u1ecdng khi d\u1ef1 tr\u1eef s\u1ea3n ph\u1ea9m Juicy Cane trong ng\u0103n b\u1ebfp nh\u00e0 b\u1ea1n.<\/p>\n<p><img loading=\"lazy\" decoding=\"async\" class=\"wp-image-19242 aligncenter\" src=\"https:\/\/havamall.com\/wp-content\/uploads\/2021\/03\/m\u1eadt-m\u00eda-4-300x201.jpg\" alt=\"\" width=\"717\" height=\"480\" \/><\/p>\n<p>M\u1eadt m\u00eda \u0111\u01b0\u1ee3c s\u1eed d\u1ee5ng nhi\u1ec1u trong ch\u1ebf bi\u1ebfn b\u00e1nh k\u1eb9o, th\u1ef1c ph\u1ea9m m\u1eadt\u00a0m\u00eda\u00a0an to\u00e0n h\u01a1n so v\u1edbi m\u1ed1t ch\u1ea5t t\u1ea1o ng\u1ecdt kh\u00e1c.\u00a0M\u1eadt m\u00eda h\u1eefu c\u01a1 Juicy Cane\u00a0l\u00e0 ch\u1ea5t l\u1ecfng d\u1ea1ng siro t\u01b0\u01a1ng t\u1ef1 nh\u01b0 m\u1eadt ong, l\u00e0 s\u1ea3n ph\u1ea9m thu \u0111\u01b0\u1ee3c t\u1eeb c\u00e2y m\u00eda, c\u00f3 m\u00e0u v\u00e0ng \u00f3ng, v\u1ecb thanh ng\u1ecdt. M\u1eadt m\u00eda \u0111\u01b0\u1ee3c s\u1eed d\u1ee5ng ch\u1ee7 y\u1ebfu \u0111\u1ec3 l\u00e0m nguy\u00ean li\u1ec7u ch\u1ebf bi\u1ebfn th\u1ef1c ph\u1ea9m.<\/p>\n<p><img loading=\"lazy\" decoding=\"async\" class=\"aligncenter\" src=\"https:\/\/havamall.com\/wp-content\/uploads\/2021\/03\/107453170_833841620353335_5320333546241747762_n_3b3b9b3b69c14bbf91b839f54ba4accb.jpg\" alt=\"M\u1eacT M\u00cdA JUICY CANE \u2013 Vegan Store\" width=\"726\" height=\"726\" \/><\/p>\n<p>C\u00e1c ch\u1ea5t dinh d\u01b0\u1ee1ng c\u00f3 trong m\u1eadt m\u00eda: carbonhydrat, nhi\u1ec1u acid amin, \u0111\u1eb7c bi\u1ec7t l\u00e0 nhi\u1ec1u acid amin c\u1ea7n thi\u1ebft, \u0111\u00f3ng vai tr\u00f2 quan tr\u1ecdng trong vi\u1ec7c b\u1ed5 sung ch\u1ea5t dinh d\u01b0\u1ee1ng cho c\u01a1 th\u1ec3; vitamin B1, B2, B6, C; c\u00e1c mu\u1ed1i v\u00f4 c\u01a1 nh\u01b0 Calci, Phospho, s\u1eaft\u2026 v\u00e0 c\u00e1c acid h\u1eefu c\u01a1 c\u00f3 ch\u1ee9a acid succinic, acid fumaric, acid malic, acid citric\u2026<\/p>\n<h3 class=\"product_title entry-title\"><strong>\u25aa\ufe0f G\u1ea1o Th\u01a1m H\u1eefu C\u01a1 VietSuisse 1kg \u2013 Organic Fragrant Rice<\/strong><\/h3>\n<ul>\n<li>G\u1ea1o h\u1eefu c\u01a1 VietSuisse \u0111\u01b0\u1ee3c \u0111\u00f3ng g\u00f3i b\u1eb1ng c\u00f4ng ngh\u1ec7 h\u00fat ch\u00e2n kh\u00f4ng. L\u1ee3i \u00edch c\u1ee7a vi\u1ec7c \u0111\u01b0\u1ee3c h\u00fat ch\u00e2n kh\u00f4ng l\u00e0 Oxy \u0111\u01b0\u1ee3c h\u00fat ra kh\u1ecfi th\u1ef1c ph\u1ea9m, gi\u00fap h\u1ea1n ch\u1ebf vi sinh v\u1eadt ph\u00e1t tri\u1ec3n \u0111\u1ed3ng th\u1eddi h\u1ea1n ch\u1ebf \u0111\u1ed9 \u1ea9m c\u00f3 trong kh\u00f4ng kh\u00ed t\u1ea1o \u0111i\u1ec1u ki\u1ec7n cho vi khu\u1ea9n ph\u00e1t tri\u1ec3n, \u0111\u1ed3ng ngh\u0129a v\u1edbi vi\u1ec7c k\u00e9o d\u00e0i th\u1eddi gian b\u1ea3o qu\u1ea3n g\u1ea1o.<\/li>\n<li>Ngo\u00e0i c\u00f4ng ngh\u1ec7 h\u00fat ch\u00e2n kh\u00f4ng, m\u1ed7i t\u00fai g\u1ea1o h\u1eefu c\u01a1 VietSuisse c\u00f2n \u0111\u01b0\u1ee3c b\u1ed5 sung th\u00eam 1 g\u00f3i h\u00fat O2 c\u00f3 nguy\u00ean li\u1ec7u ho\u00e0n t\u1ef1 nhi\u00ean gi\u00fap vi\u1ec7c lo\u1ea1i b\u1ecf oxy trong t\u00fai g\u1ea1o g\u1ea7n nh\u01b0 l\u00e0 tuy\u1ec7t \u0111\u1ed1i, Oxy c\u00f2n x\u00f3t l\u1ea1i sau qu\u00e1 tr\u00ecnh h\u00fat ch\u00e2n kh\u00f4ng s\u1ebd \u0111\u01b0\u1ee3c lo\u1ea1i b\u1ecf th\u00eam b\u1edfi t\u00fai h\u00fat O2 n\u00e0y, \u0111\u1ed3ng ngh\u0129 v\u1edbi vi\u1ec7c th\u1eddi gian b\u1ea3o qu\u1ea3n g\u1ea1o s\u1ebd \u0111\u01b0\u1ee3c t\u0103ng th\u00eam.<\/li>\n<li>G\u1ea1o h\u1eefu c\u01a1 VietSuisse \u0111\u01b0\u1ee3c tr\u1ed3ng tr\u1ecdt t\u1ea1i v\u00f9ng ng\u1eadp m\u1eb7n, h\u1ea1 l\u01b0u s\u00f4ng Mekong thu\u1ed9c t\u1ec9nh Tr\u00e0 Vinh, v\u1edbi kh\u00ed h\u1eadu \u0111\u1eb7c th\u00f9, k\u1ebft h\u1ee3p quy tr\u00ecnh ch\u0103m s\u00f3c h\u1eefu c\u01a1 nghi\u00eam ng\u1eb7t gi\u00fap cho g\u1ea1o h\u1eefu c\u01a1 VietSuisse c\u00f3 h\u01b0\u01a1ng \u2013 v\u1ecb th\u01a1m ngon \u0111\u1eadm \u0111\u00e0.<\/li>\n<\/ul>\n<p><img loading=\"lazy\" decoding=\"async\" class=\"aligncenter\" src=\"https:\/\/havamall.com\/wp-content\/uploads\/2021\/08\/Vietsuisse-33.jpg\" alt=\"G\u1ea1o Vietsuisse\" width=\"723\" height=\"483\" \/><\/p>\n<h3 class=\"product_title entry-title\"><strong>\u25aa\ufe0f D\u1ea7u H\u01b0\u1edbng D\u01b0\u01a1ng Tinh Luy\u1ec7n \u2013 Vita Organica Premium Sunflower Oil 1L<\/strong><\/h3>\n<p>Nga l\u00e0 m\u1ed9t trong nh\u1eefng \u0111\u1ea5t n\u01b0\u1edbc c\u00f3 di\u1ec7n t\u00edch tr\u1ed3ng hoa h\u01b0\u1edbng d\u01b0\u01a1ng l\u1edbn nh\u1ea5t th\u1ebf gi\u1edbi. \u1ede n\u01a1i \u0111\u00e2y, kh\u00f4ng kh\u00f3 \u0111\u1ec3 b\u1ea1n c\u00f3 th\u1ec3 ng\u1eafm nh\u00ecn nh\u1eefng c\u00e1nh \u0111\u1ed3ng hoa m\u1eb7t tr\u1eddi b\u1ea1t ng\u00e0n, v\u00e0ng r\u1ef1c v\u1edbi nh\u1eefng th\u00e2n c\u00e2y cao h\u01a1n c\u1ea3 \u0111\u1ea7u ng\u01b0\u1eddi. H\u1ea1t h\u01b0\u1edbng d\u01b0\u01a1ng, hoa h\u01b0\u1edbng d\u01b0\u01a1ng \u0111i v\u00e0o cu\u1ed9c s\u1ed1ng c\u1ee7a ng\u01b0\u1eddi Nga c\u0169ng gi\u1ed1ng nh\u01b0 c\u00e1ch m\u00e0 k\u1eb9o cao su hay b\u1ecfng ng\u00f4 t\u1ed3n t\u1ea1i trong \u0111\u1eddi s\u1ed1ng c\u1ee7a ng\u01b0\u1eddi M\u1ef9 v\u1eady.<\/p>\n<p><img loading=\"lazy\" decoding=\"async\" class=\"wp-image-20304 aligncenter\" src=\"https:\/\/havamall.com\/wp-content\/uploads\/2021\/06\/176096457_1764945-300x156.jpg\" alt=\"\" width=\"720\" height=\"374\" \/><\/p>\n<p>D\u1ea7u h\u01b0\u1edbng d\u01b0\u01a1ng tinh luy\u1ec7n Vita Organica \u0111\u01b0\u1ee3c s\u1ea3n xu\u1ea5t v\u1edbi quy tr\u00ecnh h\u1ebft s\u1ee9c nghi\u00eam ng\u1eb7t. S\u1eed d\u1ee5ng c\u00f4ng ngh\u1ec7 \u00e9p l\u1ea1nh,c\u00f4ng ngh\u1ec7 hi\u1ec7n \u0111\u1ea1i theo ti\u00eau chu\u1ea9n Ch\u00e2u \u00c2u. \u0110\u1ea3m b\u1ea3o vi\u1ec7c l\u01b0u gi\u1eef t\u1ea5t c\u1ea3 c\u00e1c ch\u1ea5t dinh d\u01b0\u1ee1ng t\u1ef1 nhi\u00ean, m\u00e0 kh\u00f4ng ch\u1ee9a ch\u1ea5t b\u1ea3o qu\u1ea3n v\u00e0 ho\u00e0n to\u00e0n kh\u00f4ng c\u00f3 cholesterol, t\u1ed1t cho s\u1ee9c kh\u1ecfe ng\u01b0\u1eddi ti\u00eau d\u00f9ng.<\/p>\n<h3 class=\"product_title entry-title\"><strong>\u25aa\ufe0f \u0110\u01b0\u1eddng M\u00eda Th\u00f4 H\u1eefu C\u01a1 Wangkanai \u2013 Organic Raw Cane Sugar 1kg<\/strong><\/h3>\n<p>\u0110\u01b0\u1eddng m\u00eda th\u00f4 h\u1eefu c\u01a1 Wangkanai Organic xu\u1ea5t x\u1ee9 t\u1eeb Th\u00e1i Lan, \u0111\u01b0\u1ee3c s\u1ea3n xu\u1ea5t t\u1eeb ngu\u1ed3n nguy\u00ean li\u1ec7u khai th\u00e1c t\u1ea1i c\u00e1c ru\u1ed9ng m\u00eda canh t\u00e1c h\u1eefu c\u01a1 m\u00e0 kh\u00f4ng s\u1eed d\u1ee5ng c\u00e1c ch\u1ea5t h\u00f3a h\u1ecdc. S\u1ea3n ph\u1ea9m n\u00e0y \u0111\u01b0\u1ee3c s\u1ea3n xu\u1ea5t theo d\u00e2y chuy\u1ec1n ch\u1ea5t l\u01b0\u1ee3ng ti\u00eau chu\u1ea9n \u0111\u1ec3 \u0111\u1ea1t \u0111\u01b0\u1ee3c ch\u1ea5t l\u01b0\u1ee3ng t\u1ed1t nh\u1ea5t v\u00e0 v\u1ecb ng\u1ecdt t\u1ef1 nhi\u00ean, \u0111\u1ea1t 3 ti\u00eau chu\u1ea9n qu\u1ed1c t\u1ebf uy t\u00edn: USDA, EU v\u00e0 JAS.<\/p>\n<p><img loading=\"lazy\" decoding=\"async\" class=\"wp-image-21336 aligncenter\" src=\"https:\/\/havamall.com\/wp-content\/uploads\/2021\/08\/uyy-300x186.png\" alt=\"\" width=\"719\" height=\"446\" \/><\/p>\n<p>\u0110\u01b0\u01a1\u0300ng mi\u0301a th\u00f4\u00a0co\u0301 ma\u0300u t\u1eeb m\u00e0u v\u00e0ng v\u00e0ng \u0111\u1ebfn n\u00e2u v\u00e0ng, n\u00e2u, n\u00e2u s\u1eabm v\u00e0 gi\u1ed1ng nh\u01b0 m\u00e0u s\u00f4 c\u00f4 la \u0111en, t\u00f9y thu\u1ed9c v\u00e0o m\u01b0\u0301c \u0111\u00f4\u0323 n\u00e2\u0301u , th\u01a1\u0300i ti\u00ea\u0301t lu\u0301c thu hoa\u0323ch va\u0300 tu\u0300y thu\u00f4\u0323c va\u0300o gi\u00f4\u0301ng mi\u0301a. Gi\u00f4\u0301ng mi\u0301a ti\u0301m c\u00f4\u0309 cho ra \u0111\u01b0\u01a1\u0300ng ma\u0300u n\u00e2u s\u00e2\u0303m, gi\u00f4\u0301ng mi\u0301a tr\u0103\u0301ng cho ra \u0111\u01b0\u01a1\u0300ng ma\u0300u va\u0300ng.<\/p>\n<p><img loading=\"lazy\" decoding=\"async\" class=\"wp-image-21337 aligncenter\" src=\"https:\/\/havamall.com\/wp-content\/uploads\/2021\/08\/jk-300x167.png\" alt=\"\" width=\"719\" height=\"401\" \/><\/p>\n<p>\u0110\u01b0\u01a1\u0300ng mi\u0301a th\u00f4 c\u0169ng t\u1eadp h\u1ee3p m\u1ed9t s\u1ed1 l\u01b0\u1ee3ng \u0111\u00e1ng k\u1ec3 c\u1ee7a c\u00e1c mu\u1ed1i s\u1eaft (iron) r\u00e2\u0301t t\u1ed1t cho s\u1ee9c kh\u1ecfe, \u0111\u1eb7c bi\u1ec7t \u0111\u1ed1i v\u1edbi nh\u1eefng ng\u01b0\u1eddi b\u1ecb thi\u1ebfu m\u00e1u ho\u1eb7c thi\u1ebfu s\u1eaft. B\u00ean c\u1ea1nh \u0111\u00f3, \u0111\u01b0\u1eddng mi\u0301a th\u00f4 c\u0169ng ch\u1ee9a ca\u0301c mu\u1ed1i kho\u00e1ng m\u00e0 r\u1ea5t c\u00f3 l\u1ee3i cho c\u01a1 th\u1ec3. B\u1ea1n c\u00f3 th\u00ea\u0309 ca\u0309m nh\u00e2\u0323n khi ng\u1eadm m\u1ed9t cu\u0323c \u0111\u01b0\u01a1\u0300ng mi\u0301a th\u00f4 \u0111\u1ec3 n\u00f3 tan trong mi\u00ea\u0323ng va\u0300 c\u1ea3m nh\u1eadn \u0111\u01b0\u1ee3c m\u1ed9t ch\u00fat mu\u1ed1i tr\u00ean l\u01b0\u1ee1i. Va\u0300 \u0111\u00e2y la\u0300 mu\u00f4\u0301i khoa\u0301ng t\u01b0\u0323 nhi\u00ean \u0111\u01b0\u01a1\u0323c mi\u0301a t\u00f4\u0309ng h\u01a1\u0323p t\u01b0\u0300 \u0111\u00e2\u0301t.<\/p>\n<p><img loading=\"lazy\" decoding=\"async\" class=\"wp-image-21348 aligncenter\" src=\"https:\/\/havamall.com\/wp-content\/uploads\/2021\/08\/yuyt-300x201.png\" alt=\"\" width=\"726\" height=\"486\" \/><\/p>\n<h3 class=\"product_title entry-title\"><strong>\u25aa\ufe0f N\u01b0\u1edbc M\u1eafm Nh\u0129 Nguy\u00ean Ch\u1ea5t Phan Rang HavaFoodies Chai Thu\u1ef7 Tinh 330ml<\/strong><\/h3>\n<p>T\u1eeb x\u01b0a \u0111\u1ebfn nay, d\u00f9 trong ho\u00e0n c\u1ea3nh kh\u00f3 kh\u0103n hay no \u0111\u1ee7, h\u1ea7u nh\u01b0 gia \u0111\u00ecnh ng\u01b0\u1eddi Vi\u1ec7t n\u00e0o c\u0169ng \u0111\u1ec1u c\u00f3 chai n\u01b0\u1edbc m\u1eafm tr\u00ean k\u1ec7 b\u1ebfp. N\u00f3i \u0111\u1ebfn \u201c\u00f4ng t\u1ed5\u201d c\u1ee7a ngh\u1ec1 n\u01b0\u1edbc m\u1eafm truy\u1ec1n th\u1ed1ng th\u00ec \u0111\u1ebfn nay v\u1eabn ch\u01b0a ai \u201cgi\u1ea3i m\u00e3\u201d \u0111\u01b0\u1ee3c. Nhi\u1ec1u ng\u01b0\u1eddi \u0111\u1eb7t gi\u1ea3 thuy\u1ebft, n\u01b0\u1edbc m\u1eafm truy\u1ec1n th\u1ed1ng c\u00f3 th\u1ec3 \u0111\u01b0\u1ee3c t\u1ea1o ra t\u1eeb c\u1ed9ng \u0111\u1ed3ng nh\u01b0 m\u1ed9t y\u00eau c\u1ea7u t\u1ea5t y\u1ebfu c\u1ee7a l\u1ecbch s\u1eed bi\u1ec3n Vi\u1ec7t Nam.<\/p>\n<p><img loading=\"lazy\" decoding=\"async\" class=\"wp-image-20861 aligncenter\" src=\"https:\/\/havamall.com\/wp-content\/uploads\/2021\/07\/138593242_1705571656288062_2128755191127326830_n-281x300.png\" alt=\"\" width=\"723\" height=\"771\" \/><\/p>\n<p>S\u1ea3n ph\u1ea9m N\u01b0\u1edbc M\u1eafm Nh\u0129 Phan Rang c\u00f3 \u0111\u1ed9 \u0111\u1ea1m cao, h\u01b0\u01a1ng v\u1ecb \u0111\u1eadm \u0111\u00e0, m\u00e0u v\u00e0ng r\u01a1m \u00f3ng \u00e1nh. Kh\u00f4ng ch\u1ec9 th\u01a1m ngon b\u1ed5 d\u01b0\u1ee1ng, n\u01b0\u1edbc m\u1eafm N\u01b0\u1edbc M\u1eafm Nh\u0129 Phan Rang c\u00f2n \u0111\u1ea3m b\u1ea3o tuy\u1ec7t \u0111\u1ed1i an to\u00e0n v\u1ec7 sinh th\u1ef1c ph\u1ea9m, g\u00f3p ph\u1ea7n b\u1ea3o v\u1ec7 s\u1ee9c kho\u1ebb ng\u01b0\u1eddi ti\u00eau d\u00f9ng.<\/p>\n<p>V\u1edbi h\u01b0\u01a1ng v\u1ecb \u0111\u1ed9c \u0111\u00e1o kh\u00f3 tr\u1ed9n l\u1eabn, n\u01b0\u1edbc m\u1eafm nh\u1ec9 Phan Rang kh\u00f4ng nh\u1eefng \u0111\u01b0\u1ee3c d\u00f9ng l\u00e0m n\u01b0\u1edbc ch\u1ea5m tr\u1ef1c ti\u1ebfp m\u00e0 c\u00f2n c\u00f3 th\u1ec3 d\u00f9ng \u0111\u1ec3 l\u00e0m gia v\u1ecb t\u1ea9m \u01b0\u1edbp, g\u00f3p ph\u1ea7n t\u0103ng th\u00eam h\u01b0\u01a1ng v\u1ecb cho c\u00e1c m\u00f3n \u0103n.<\/p>\n<p><img loading=\"lazy\" decoding=\"async\" class=\"wp-image-20841 aligncenter\" src=\"https:\/\/havamall.com\/wp-content\/uploads\/2021\/07\/le-gia-nuoc-mam-dam-da-hau-vi-thanh-300x200.png\" alt=\"\" width=\"732\" height=\"487\" \/><\/p>\n<h3 class=\"product_title entry-title\"><strong>\u25aa\ufe0f Mu\u1ed1i Himalaya \u2013 D\u1ea1ng M\u1ecbn 200gr<\/strong><\/h3>\n<p>Mu\u1ed1i h\u1ed3ng Himalaya l\u00e0 mu\u1ed1i m\u00e0u h\u1ed3ng \u0111\u01b0\u1ee3c chi\u1ebft xu\u1ea5t t\u1eeb m\u1ecf mu\u1ed1i Khewra, n\u1eb1m g\u1ea7n d\u00e3y Himalaya \u1edf Pakistan. Mu\u1ed1i h\u1ed3ng Himalaya \u0111\u01b0\u1ee3c thu ho\u1ea1ch t\u1eeb m\u1ecf n\u00e0y \u0111\u00e3 \u0111\u01b0\u1ee3c h\u00ecnh th\u00e0nh t\u1eeb h\u00e0ng tri\u1ec7u n\u0103m tr\u01b0\u1edbc t\u1eeb s\u1ef1 b\u1ed1c h\u01a1i c\u1ee7a c\u00e1c ngu\u1ed3n n\u01b0\u1edbc c\u1ed5 x\u01b0a. \u0110\u1eb7c bi\u1ec7t mu\u1ed1i Himalaya ho\u00e0n to\u00e0n l\u00e0 100% t\u1ef1 nhi\u00ean v\u00e0 kh\u00f4ng h\u00f3a ch\u1ea5t, ph\u1ea9m nhu\u1ed9m.<\/p>\n<p><img loading=\"lazy\" decoding=\"async\" class=\"wp-image-21428 aligncenter\" src=\"https:\/\/havamall.com\/wp-content\/uploads\/2021\/08\/213078627_1215716242174615_2214581074867926790_n-300x300.jpg\" alt=\"\" width=\"732\" height=\"732\" \/><\/p>\n<p><b>\u2666 Mu\u1ed1i h\u1ed3ng Himalaya \u0111\u01b0\u1ee3c s\u1eed d\u1ee5ng nh\u01b0 th\u1ebf n\u00e0o?<\/b><\/p>\n<ul>\n<li>N\u1ea5u \u0103n gi\u1ed1ng nh\u01b0 mu\u1ed1i th\u01b0\u1eddng<\/li>\n<li>D\u00f9ng t\u1ea3ng mu\u1ed1i h\u1ed3ng Himalaya \u0111\u1ec3 n\u01b0\u1edbng gi\u00fap t\u0103ng h\u01b0\u01a1ng v\u1ecb \u0111\u1eadm \u0111\u00e0 cho c\u00e1c m\u00f3n th\u1ecbt v\u00e0 c\u00e1c th\u1ef1c ph\u1ea9m kh\u00e1c.<\/li>\n<li>Ngo\u00e0i ra\u00a0Havamall\u00a0c\u00f2n \u0111\u01b0\u1ee3c bi\u1ebft l\u00e0 lo\u1ea1i mu\u1ed1i n\u00e0y c\u00f3 th\u1ec3 cho v\u00e0o b\u1ed3n t\u1eafm \u0111\u1ec3 c\u1ea3i thi\u1ec7n t\u00ecnh tr\u1ea1ng da v\u00e0 gi\u1ea3m \u0111au nh\u1ee9c c\u01a1 b\u1eafp<\/li>\n<\/ul>\n<p><img loading=\"lazy\" decoding=\"async\" class=\"wp-image-21820 aligncenter\" src=\"https:\/\/havamall.com\/wp-content\/uploads\/2021\/08\/mu\u1ed1i-m\u1ecbn-300x225.png\" alt=\"\" width=\"751\" height=\"563\" \/><\/p>\n<h3 class=\"product_title entry-title\"><strong>\u25aa\ufe0f Gi\u1ea5m Nho \u0110en Nguy\u00ean Ch\u1ea5t La Rambla 250ml<\/strong><\/h3>\n<p>Gi\u1ea5m Nho \u0110en Balsamic La Rambla l\u00e0 m\u1ed9t lo\u1ea1i gi\u1ea5m \u0111\u1eb7c bi\u1ec7t c\u00f3 xu\u1ea5t x\u1ee9 t\u1eeb v\u00f9ng Emilia \u2013 Romagma (mi\u1ec1n B\u1eafc n\u01b0\u1edbc \u00dd), c\u00f3 m\u00e0u \u0111en \u0111\u1eb7c tr\u01b0ng \u2013 kh\u00e1c v\u1edbi c\u00e1c lo\u1ea1i gi\u1ea5m th\u00f4ng th\u01b0\u1eddng kh\u00e1c. Gi\u1ea5m Nho \u0110en \u0111\u01b0\u1ee3c g\u1ecdi v\u1edbi bi\u1ec7t danh l\u00e0 \u201cgi\u1ea5m vua\u201d \u2013 \u201cgi\u1ea5m qu\u00fd t\u1ed9c\u201d b\u1edfi quy tr\u00ecnh s\u1ea3n xu\u1ea5t v\u00f4 c\u00f9ng c\u00f4ng phu \u2013 ch\u1ea5t l\u01b0\u1ee3ng h\u1ea3o h\u1ea1ng t\u1eeb th\u01b0\u01a1ng hi\u1ec7u La Rambla \u2013 th\u01b0\u01a1ng hi\u1ec7u n\u1ed5i ti\u1ebfng v\u00e0 \u0111\u01b0\u1ee3c tin d\u00f9ng \u1edf x\u1ee9 s\u1edf n\u01b0\u1edbc T\u00e2y Ban Nha.<\/p>\n<p><img loading=\"lazy\" decoding=\"async\" class=\"wp-image-21826 aligncenter\" src=\"https:\/\/havamall.com\/wp-content\/uploads\/2021\/08\/vhgh-300x267.png\" alt=\"\" width=\"751\" height=\"669\" \/><\/p>\n<p>Gi\u1ea5m Nho \u0110en Balsamic La Rambla \u0111\u01b0\u1ee3c h\u00ecnh th\u00e0nh t\u1eeb s\u1ef1 l\u00ean men t\u1ef1 nhi\u00ean c\u1ee7a r\u01b0\u1ee3u, c\u00f3 v\u1ecb chua. Th\u00e0nh ph\u1ea7n ch\u00ednh l\u00e0 acid acetic n\u1ed3ng \u0111\u1ed9 kho\u1ea3ng 5%. Tuy gi\u1ea5m b\u00ecnh th\u01b0\u1eddng r\u1ea5t th\u00e2n thu\u1ed9c \u0111\u1ebfn m\u1ee9c \u201cb\u00ecnh d\u00e2n\u201d trong m\u1eaft nhi\u1ec1u ng\u01b0\u1eddi v\u00ec\u00a0v\u1eeba ti\u1ec7n d\u1ee5ng v\u1eeba r\u1ebb. Nh\u01b0ng Gi\u1ea5m Nho \u0110en Balsamic La Rambla \u0111\u01b0\u1ee3c gi\u1edbi s\u00e0nh \u0103n x\u01b0ng t\u1ee5ng\u00a0 l\u00e0 gi\u1ea5m \u201cvua\u201d\u00a0v\u00ec ch\u1ea5t l\u01b0\u1ee3ng, v\u1edbi qui tr\u00ecnh s\u1ea3n xu\u1ea5t c\u00f4ng phu, \u0111\u1ea3m b\u1ea3o an to\u00e0n v\u1ec7 sinh th\u1ef1c ph\u1ea9m c\u1ee7a th\u01b0\u01a1ng hi\u1ec7u La Rambla.<\/p>\n<h3 class=\"product_title entry-title\"><strong>\u00a0\u25aa\ufe0f B\u01a1 Ph\u00e1p Francelia 250gr \u2013 French Salted Butter<\/strong><\/h3>\n<p>B\u01a1 m\u1eb7n l\u00e0 m\u1ed9t trong nh\u1eefng m\u00f3n \u0103n quen thu\u1ed9c c\u1ee7a r\u1ea5t nhi\u1ec1u gia \u0111\u00ecnh tr\u00ean th\u1ebf gi\u1edbi. B\u1edfi trong b\u01a1 c\u00f3 ch\u1ee9a m\u1ed9t ngu\u1ed3n vitamin A, D, E \u0111\u00e1ng k\u1ec3 c\u1ea7n thi\u1ebft cho s\u1ef1 ph\u00e1t tri\u1ec3n c\u1ee7a c\u01a1 th\u1ec3. Ngo\u00e0i ra, b\u01a1 l\u00e0 th\u1ef1c ph\u1ea9m r\u1ea5t d\u1ec5 ti\u00eau h\u00f3a nh\u1ea5t trong c\u00e1c lo\u1ea1i ch\u1ea5t b\u00e9o.<\/p>\n<p><img loading=\"lazy\" decoding=\"async\" class=\"wp-image-21591 aligncenter\" src=\"https:\/\/havamall.com\/wp-content\/uploads\/2021\/08\/B\u01a0-3-300x300.jpg\" alt=\"\" width=\"733\" height=\"733\" \/><\/p>\n<p><strong>B\u01a1 M\u1eb7n Francelia\u00a0<\/strong>n\u1ed5i ti\u1ebfng c\u1ee7a Ph\u00e1p \u0111\u01b0\u1ee3c r\u1ea5t nhi\u1ec1u ng\u01b0\u1eddi \u01b0a chu\u1ed9ng v\u00e0 \u0111\u01b0\u1ee3c s\u1eed d\u1ee5ng r\u1ed9ng r\u00e3i tr\u00ean kh\u1eafp th\u1ebf gi\u1edbi. S\u1ea3n ph\u1ea9m \u0111\u01b0\u1ee3c l\u00e0m t\u1eeb b\u01a1 b\u00e1n mu\u1ed1i t\u1ef1 nhi\u00ean 100% v\u00e0 \u0111\u01b0\u1ee3c \u0111\u00f3ng trong chi\u1ebfc h\u1ed9p thi\u1ebfc nh\u1ecf g\u1ecdn, ti\u1ec7n l\u1ee3i.\u00a0\u0110\u00e2y l\u00e0 s\u1ea3n ph\u1ea9m ho\u00e0n h\u1ea3o d\u00e0nh cho nh\u1eefng chuy\u1ebfn \u0111i picnic hay d\u00e3 ngo\u1ea1i ngo\u00e0i tr\u1eddi.<\/p>\n<p><img loading=\"lazy\" decoding=\"async\" class=\"wp-image-21592 aligncenter\" src=\"https:\/\/havamall.com\/wp-content\/uploads\/2021\/08\/B\u01a0-300x200.jpg\" alt=\"\" width=\"734\" height=\"490\" \/><\/p>\n<p>B\u01a1 Bretel c\u00f3 m\u00f9i v\u1ecb r\u1ea5t th\u01a1m, r\u1ea5t b\u00e9o, m\u1eb7n nh\u1eb9.\u00a0S\u1ea3n ph\u1ea9m \u0111\u01b0\u1ee3c s\u1ea3n xu\u1ea5t tr\u00ean d\u00e2y chuy\u1ec1n hi\u1ec7n \u0111\u1ea1i, c\u00f4ng ngh\u1ec7 ti\u00ean ti\u1ebfn v\u1edbi th\u00e0nh ph\u1ea7n \u0111\u01b0\u1ee3c ch\u1ecdn l\u1ef1a k\u0129 l\u01b0\u1ee1ng nh\u1ea5t. \u0110\u1eb7c bi\u1ec7t,\u00a0<strong>B\u01a1 M\u1eb7n Francelia<\/strong>\u00a0kh\u00f4ng ch\u1ee9a \u0111\u01b0\u1eddng h\u00f3a h\u1ecdc, ch\u1ea5t t\u1ea1o ng\u1ecdt, ph\u1ea9m m\u00e0u n\u00ean r\u1ea5t an to\u00e0n cho ng\u01b0\u1eddi s\u1eed d\u1ee5ng.<\/p>","protected":false},"excerpt":{"rendered":"<p>Trong nh\u1ecbp s\u1ed1ng v\u1ed9i v\u00e3 hi\u1ec7n nay, c\u00e1c gia \u0111\u00ecnh lu\u00f4n t\u1ea5t b\u1eadt v\u1edbi c\u00e1c c\u00f4ng vi\u1ec7c th\u01b0\u1eddng ng\u00e0y c\u1ee7a m\u00ecnh tr\u00ean c\u00f4ng s\u1edf, kh\u00f4ng th\u1ec3 m\u1ea5t th\u1eddi gian ch\u1ecdn l\u1ef1a t\u1eebng lo\u1ea1i gia v\u1ecb \u0111\u1ec3 th\u1ef1c hi\u1ec7n c\u00e1c m\u00f3n \u0103n cho gia \u0111\u00ecnh \u0111\u01b0\u1ee3c.<\/p>\n<p>Hi\u1ec3u \u0111\u01b0\u1ee3c t\u00e2m l\u00fd \u0111\u00f3 nay\u00a0Havamall\u00a0\u0111\u00e3 cho ra \u0111\u1eddi\u00a0<strong>Combo Thi\u1ebft Y\u1ebfu \u2013 Gia V\u1ecb<\/strong>\u00a0gi\u00fap b\u1ea1n x\u00f3a tan \u0111i n\u1ed7i lo \u0111\u00f3.<\/p>\n<p>Combo c\u00e1c th\u1ef1c ph\u1ea9m thi\u1ebft y\u1ebfu \u0111\u1ed9c quy\u1ec1n t\u1ea1i Havamall s\u1ebd gi\u00fap b\u1ea1n l\u00e0m ra nh\u1eefng m\u00f3n \u0103n d\u1ec5 d\u00e0ng\u00a0v\u00e0 ti\u1ebft ki\u1ec7m\u00a0nh\u1ea5t. Combo \u0111\u00e3 c\u00f3 \u0111\u1ea7y \u0111\u1ee7 gia v\u1ecb c\u00f3 th\u1ec3 gi\u00fap b\u1ea1n d\u1ec5 d\u00e0ng l\u00e0m n\u00ean nh\u1eefng m\u00f3n \u0103n ngon v\u00e0 ti\u1ebft ki\u1ec7m th\u1eddi gian, chi ph\u00ed h\u01a1n mua l\u1ebb r\u1ea5t nhi\u1ec1u.<\/p>","protected":false},"featured_media":21832,"comment_status":"open","ping_status":"closed","template":"","meta":[],"product_brand":[],"product_cat":[154,409,40,36],"product_tag":[],"class_list":{"0":"post-21819","1":"product","2":"type-product","3":"status-publish","4":"has-post-thumbnail","6":"product_cat-gia-vi","7":"product_cat-hop-qua-set-qua","8":"product_cat-sieuthi-giasi","9":"product_cat-thuc-pham-tieu-dung","11":"first","12":"instock","13":"sale","14":"shipping-taxable","15":"purchasable","16":"product-type-simple"},"_links":{"self":[{"href":"https:\/\/havamall.com\/en\/wp-json\/wp\/v2\/product\/21819","targetHints":{"allow":["GET"]}}],"collection":[{"href":"https:\/\/havamall.com\/en\/wp-json\/wp\/v2\/product"}],"about":[{"href":"https:\/\/havamall.com\/en\/wp-json\/wp\/v2\/types\/product"}],"replies":[{"embeddable":true,"href":"https:\/\/havamall.com\/en\/wp-json\/wp\/v2\/comments?post=21819"}],"version-history":[{"count":0,"href":"https:\/\/havamall.com\/en\/wp-json\/wp\/v2\/product\/21819\/revisions"}],"wp:featuredmedia":[{"embeddable":true,"href":"https:\/\/havamall.com\/en\/wp-json\/wp\/v2\/media\/21832"}],"wp:attachment":[{"href":"https:\/\/havamall.com\/en\/wp-json\/wp\/v2\/media?parent=21819"}],"wp:term":[{"taxonomy":"product_brand","embeddable":true,"href":"https:\/\/havamall.com\/en\/wp-json\/wp\/v2\/product_brand?post=21819"},{"taxonomy":"product_cat","embeddable":true,"href":"https:\/\/havamall.com\/en\/wp-json\/wp\/v2\/product_cat?post=21819"},{"taxonomy":"product_tag","embeddable":true,"href":"https:\/\/havamall.com\/en\/wp-json\/wp\/v2\/product_tag?post=21819"}],"curies":[{"name":"wp","href":"https:\/\/api.w.org\/{rel}","templated":true}]}}