{"id":21924,"date":"2021-09-14T12:00:37","date_gmt":"2021-09-14T05:00:37","guid":{"rendered":"https:\/\/havamall.com\/?post_type=product&#038;p=21924"},"modified":"2025-03-23T10:32:28","modified_gmt":"2025-03-23T03:32:28","slug":"bot-kem-beo-ciel-1kg","status":"publish","type":"product","link":"https:\/\/havamall.com\/en\/shop\/bot-kem-beo-ciel-1kg\/","title":{"rendered":"B\u1ed9t Kem B\u00e9o Ciel &#8211; Fat Cream Powder"},"content":{"rendered":"<p style=\"font-weight: 400\">B\u1ed9t kem b\u00e9o Ciel ch\u00ednh l\u00e0 b\u00ed k\u00edp c\u1ee7a ng\u01b0\u1eddi pha ch\u1ebf cho m\u00f3n tr\u00e0 s\u1eefa ho\u00e0n h\u1ea3o, gi\u00fap m\u00f3n th\u1ee9c u\u1ed1ng t\u0103ng \u0111\u1ed9 th\u01a1m, \u0111\u1ed9 b\u00e9o. S\u1ea3n ph\u1ea9m B\u1ed9t kem b\u00e9o Ciel \u0111\u01b0\u1ee3c nh\u1eadp kh\u1ea9u nh\u00e0 cung c\u1ea5p uy t\u00edn v\u1edbi ngu\u1ed3n nguy\u00ean li\u1ec7u an to\u00e0n v\u00e0 ch\u1ea5t l\u01b0\u1ee3ng, \u0111\u1ea3m b\u1ea3o nh\u1eefng ti\u00eau ch\u00ed kh\u1eaft khe trong qu\u00e1 tr\u00ecnh s\u1ea3n xu\u1ea5t.<\/p>\n<p><img fetchpriority=\"high\" decoding=\"async\" class=\"wp-image-21926 aligncenter\" src=\"https:\/\/havamall.com\/wp-content\/uploads\/2021\/09\/kem-b\u00e9o-3-300x300.png\" alt=\"\" width=\"646\" height=\"646\" \/><\/p>\n<p style=\"font-weight: 400\">M\u00f9i v\u1ecb s\u1eefa th\u01a1m d\u1ecbu, t\u1ef1 nhi\u00ean kh\u00f4ng l\u00e0m m\u1ea5t \u0111i h\u01b0\u01a1ng v\u1ecb \u0111\u1eb7c tr\u01b0ng c\u1ee7a tr\u00e0, h\u00f2a quy\u1ec7n gi\u1eefa v\u1ecb s\u1eefa b\u00e9o ng\u1eady \u0111\u1eadm \u0111\u00e0, s\u00e1nh m\u1ecbn ho\u00e0n h\u1ea3o cho c\u00e1c m\u00f3n tr\u00e0 s\u1eefa.<\/p>\n<p>B\u1ed9t kem b\u00e9o Ciel \u0111\u01b0\u1ee3c s\u1eed d\u1ee5ng \u0111\u1ec3 c\u1ea3i thi\u1ec7n h\u01b0\u01a1ng v\u1ecb trong nhi\u1ec1u lo\u1ea1i th\u1ef1c ph\u1ea9m, ch\u1eb3ng h\u1ea1n nh\u01b0 s\u1eefa b\u1ed9t, tr\u00e0 s\u1eefa, s\u1eefa \u0111\u1eadu n\u00e0nh, c\u00e0 ph\u00ea h\u00f2a tan, b\u1ed9t ng\u00f4 \u0103n li\u1ec1n, ng\u0169 c\u1ed1c\u2026 B\u1ed9t kem b\u00e9o th\u1ef1c v\u1eadt n\u1ebfu \u0111\u01b0\u1ee3c s\u1eed d\u1ee5ng \u0111\u00fang c\u00e1ch, v\u1edbi li\u1ec1u l\u01b0\u1ee3ng v\u1eeba ph\u1ea3i s\u1ebd gi\u00fap b\u1ea1n c\u00f3 m\u1ed9t s\u1ee9c kh\u1ecfe t\u1ed1t h\u01a1n.<\/p>\n<p><img decoding=\"async\" class=\"wp-image-21927 aligncenter\" src=\"https:\/\/havamall.com\/wp-content\/uploads\/2021\/09\/ghtcv-300x200.png\" alt=\"\" width=\"645\" height=\"430\" \/><\/p>\n<p>B\u1ed9t kem b\u00e9o Ciel c\u00f3 d\u1ea1ng b\u1ed9t, \u0111\u1ed9 m\u1ecbn cao, d\u1ec5 h\u00f2a tan trong n\u01b0\u1edbc, c\u00f3 ngu\u1ed3n g\u1ed1c t\u1eeb th\u1ef1c v\u1eadt. B\u1ed9t kem b\u00e9o \u0111\u01b0\u1ee3c d\u00f9ng thay th\u1ebf s\u1eefa ho\u1eb7c kem trong pha ch\u1ebf, l\u00e0m b\u00e1nh gi\u00fap l\u00e0m t\u0103ng h\u01b0\u01a1ng v\u1ecb.\u00a0 \u0110\u1ed9 b\u00e9o l\u00ean \u0111\u1ebfn 35, m\u00f9i v\u1ecb th\u01a1m ngon, m\u00e0u s\u1eafc h\u1ea5p d\u1eabn. S\u1ea3n ph\u1ea9m l\u00e0 l\u1ef1a ch\u1ecdn h\u00e0ng \u0111\u1ea7u \u0111\u1ec3 pha ch\u1ebf c\u00e0 ph\u00ea, tr\u00e0 s\u1eefa, kem, s\u1eefa chua v\u00e0 c\u00e1c m\u00f3n tr\u00e1ng mi\u1ec7ng.<\/p>\n<p><img decoding=\"async\" class=\"wp-image-21082 aligncenter\" src=\"https:\/\/havamall.com\/wp-content\/uploads\/2021\/07\/Hinh_4-1-300x200.jpg\" alt=\"\" width=\"646\" height=\"431\" \/><\/p>\n<p>Trong c\u00f4ng th\u1ee9c l\u00e0m c\u00e1c m\u00f3n ch\u00e8, kem t\u01b0\u01a1i, kem d\u1eeba hay tr\u00e0 s\u1eefa, ng\u01b0\u1eddi ta th\u01b0\u1eddng s\u1eed d\u1ee5ng\u00a0b\u1ed9t kem b\u00e9o kem b\u00e9o Ciel \u0111\u1ec3 t\u1ea1o h\u01b0\u01a1ng v\u1ecb b\u00e9o th\u01a1m. Trong c\u00e1c m\u00f3n \u0103n, c\u00f4ng d\u1ee5ng c\u1ee7a b\u1ed9t b\u00e9o l\u00e0 t\u1ea1o \u0111\u1ed9 s\u00e1nh v\u00e0 b\u00e9o, l\u00e0m m\u00f3n \u0103n tr\u1edf n\u00ean h\u1ea5p d\u1eabn h\u01a1n. Ngo\u00e0i ra, b\u1ed9t kem b\u00e9o th\u1ef1c v\u1eadt c\u00f2n mang \u0111\u1ebfn h\u01b0\u01a1ng v\u1ecb th\u01a1m ngon h\u01a1n khi \u0111\u01b0\u1ee3c d\u00f9ng \u0111\u1ec3 ch\u1ebf bi\u1ebfn c\u00e1c m\u00f3n b\u00e1nh m\u00ec, kem, tr\u00e0 s\u1eefa\u2026<\/p>\n<p><img loading=\"lazy\" decoding=\"async\" class=\"wp-image-21928 aligncenter\" src=\"https:\/\/havamall.com\/wp-content\/uploads\/2021\/09\/h-300x271.png\" alt=\"\" width=\"637\" height=\"575\" \/><\/p>\n<h3><strong>\u0110\u1eb7c \u0111i\u1ec3m n\u1ed5i b\u1eadt c\u1ee7a s\u1ea3n ph\u1ea9m:<\/strong><\/h3>\n<p>\u2013 Cho ly tr\u00e0 s\u1eefa chu\u1ea9n v\u1ecb v\u1edbi \u0111\u1ed9 b\u00e9o 35%<\/p>\n<p>\u2013 T\u1ed1i \u01b0u h\u01a1n c\u00e1c d\u00f2ng b\u1ed9t s\u1eefa th\u00f4ng th\u01b0\u1eddng \u1edf \u0111i\u1ec3m v\u1eabn gi\u1eef \u0111\u01b0\u1ee3c \u0111\u1ed9 ng\u1eady b\u00e9o nh\u01b0ng l\u1ea1i thanh nh\u1eb9 h\u01a1n, kh\u00f4ng c\u00f3 m\u00f9i n\u1ed3ng v\u00e0 u\u1ed1ng kh\u00f4ng g\u00e2y c\u1ea3m gi\u00e1c ng\u00e1n.<\/p>\n<p>\u2013 Ph\u00f9 h\u1ee3p \u0111\u1ec3 pha ch\u1ebf c\u00f9ng nhi\u1ec1u lo\u1ea1i tr\u00e0 kh\u00e1c nhau nh\u01b0 H\u1ed3ng tr\u00e0, L\u1ee5c tr\u00e0, Tr\u00e0 Oolong, Tr\u00e0 Sen, Tr\u00e0 Th\u00e1i Xanh, Tr\u00e0 Th\u00e1i \u0110\u1ecf\u2026 nh\u1eb9 nh\u00e0ng l\u00e0m t\u00f4n l\u00ean v\u1ecb tr\u00e0 \u0111\u1eadm th\u01a1m m\u00e0 v\u1eabn gi\u1eef tr\u1ecdn v\u1ecb s\u1eefa th\u01a1m b\u00e9o v\u1eeba v\u1eb7n.<\/p>\n<p>\u2013 Pha ch\u1ebf \u0111\u01a1n gi\u1ea3n, thu\u1eadn ti\u1ec7n, \u0111\u00e1p \u1ee9ng nhu c\u1ea7u s\u1eed d\u1ee5ng s\u1ed1 l\u01b0\u1ee3ng l\u1edbn.<\/p>\n<p>\u2013 Gi\u1ea3m thi\u1ec3u s\u1ed1 l\u01b0\u1ee3ng nguy\u00ean li\u1ec7u c\u1ea7n chu\u1ea9n b\u1ecb.<\/p>\n<p>\u2013 C\u00f3 th\u1ec3 b\u1ea3o qu\u1ea3n trong nhi\u1ec1u ng\u00e0y.<\/p>\n<p><img loading=\"lazy\" decoding=\"async\" class=\"wp-image-21929 aligncenter\" src=\"https:\/\/havamall.com\/wp-content\/uploads\/2021\/09\/kem-b\u00e9o-259x300.png\" alt=\"\" width=\"640\" height=\"741\" \/><\/p>\n<h3><strong>H\u01b0\u1edbng d\u1eabn s\u1eed d\u1ee5ng:<\/strong><\/h3>\n<p class=\"\">\u2013 D\u00f9ng \u0111\u1ec3 pha c\u00e0 ph\u00ea \u0111\u1ec3 gi\u1ea3m b\u1edbt ch\u1ea5t b\u00e9o t\u1eeb s\u1eefa v\u00e0 t\u0103ng h\u01b0\u01a1ng v\u1ecb<\/p>\n<p class=\"\">\u2013 D\u00f9ng \u0111\u1ec3 n\u1ea5u tr\u00e0 s\u1eefa. C\u00f3 l\u1ebd \u0111\u00e2y l\u00e0 c\u00f4ng d\u1ee5ng n\u1ed5i b\u1eadt nh\u1ea5t c\u1ee7a s\u1ea3n ph\u1ea9m n\u00e0y. D\u00f9ng\u00a0B\u1ed9t kem b\u00e9o\u00a0\u0111\u1ec3 pha tr\u00e0 s\u1eefa s\u1ebd gi\u00fap l\u00e0m t\u0103ng v\u1ecb b\u00e9o cho s\u1ea3n ph\u1ea9m, n\u00f3 c\u00f2n l\u00e0m cho s\u1ea3n ph\u1ea9m nh\u00ecn s\u00e1nh m\u1ecbn h\u01a1n, h\u1ea5p d\u1eabn h\u01a1n v\u00e0 th\u1eddi h\u1ea1n b\u1ea3o qu\u1ea3n l\u00e2u h\u01a1n.<\/p>\n<p class=\"\">\u2013 D\u00f9ng trong pha ch\u1ebf c\u00e1c m\u00f3n sinh t\u1ed1<\/p>\n<p class=\"\">\u2013 D\u00f9ng trong c\u00e1c m\u00f3n ch\u00e8 gi\u00fap b\u1ea3o qu\u1ea3n \u0111\u01b0\u1ee3c l\u00e2u h\u01a1n, tr\u00e1nh k\u1ebft t\u1ee7a, n\u1ed5i v\u00e1ng nh\u01b0 khi d\u00f9ng v\u1edbi n\u01b0\u1edbc c\u1ed1t d\u1eeba.<\/p>\n<p class=\"\">\u2013 Nguy\u00ean li\u1ec7u trong c\u00e1c m\u00f3n tr\u00e1ng mi\u1ec7ng nh\u01b0 s\u1eefa chua kem<\/p>\n<p><img loading=\"lazy\" decoding=\"async\" class=\"wp-image-21930 aligncenter\" src=\"https:\/\/havamall.com\/wp-content\/uploads\/2021\/09\/kem-b\u00e9o-2-300x297.png\" alt=\"\" width=\"637\" height=\"631\" \/><\/p>\n<p>S\u1ea3n ph\u1ea9m hi\u1ec7n \u0111\u00e3 c\u00f3 m\u1eb7t t\u1ea1i Havamall.<\/p>","protected":false},"excerpt":{"rendered":"<p>B\u1ed9t kem b\u00e9o Ciel ch\u00ednh l\u00e0 b\u00ed k\u00edp c\u1ee7a ng\u01b0\u1eddi pha ch\u1ebf cho m\u00f3n tr\u00e0 s\u1eefa ho\u00e0n h\u1ea3o, gi\u00fap m\u00f3n<\/p>","protected":false},"featured_media":22502,"comment_status":"open","ping_status":"closed","template":"","meta":[],"product_brand":[],"product_cat":[730,36],"product_tag":[],"class_list":{"0":"post-21924","1":"product","2":"type-product","3":"status-publish","4":"has-post-thumbnail","6":"product_cat-cac-nuoc-khac","7":"product_cat-thuc-pham-tieu-dung","8":"pa_brand-ciel","10":"first","11":"instock","12":"sale","13":"shipping-taxable","14":"purchasable","15":"product-type-variable"},"_links":{"self":[{"href":"https:\/\/havamall.com\/en\/wp-json\/wp\/v2\/product\/21924","targetHints":{"allow":["GET"]}}],"collection":[{"href":"https:\/\/havamall.com\/en\/wp-json\/wp\/v2\/product"}],"about":[{"href":"https:\/\/havamall.com\/en\/wp-json\/wp\/v2\/types\/product"}],"replies":[{"embeddable":true,"href":"https:\/\/havamall.com\/en\/wp-json\/wp\/v2\/comments?post=21924"}],"version-history":[{"count":0,"href":"https:\/\/havamall.com\/en\/wp-json\/wp\/v2\/product\/21924\/revisions"}],"wp:featuredmedia":[{"embeddable":true,"href":"https:\/\/havamall.com\/en\/wp-json\/wp\/v2\/media\/22502"}],"wp:attachment":[{"href":"https:\/\/havamall.com\/en\/wp-json\/wp\/v2\/media?parent=21924"}],"wp:term":[{"taxonomy":"product_brand","embeddable":true,"href":"https:\/\/havamall.com\/en\/wp-json\/wp\/v2\/product_brand?post=21924"},{"taxonomy":"product_cat","embeddable":true,"href":"https:\/\/havamall.com\/en\/wp-json\/wp\/v2\/product_cat?post=21924"},{"taxonomy":"product_tag","embeddable":true,"href":"https:\/\/havamall.com\/en\/wp-json\/wp\/v2\/product_tag?post=21924"}],"curies":[{"name":"wp","href":"https:\/\/api.w.org\/{rel}","templated":true}]}}