{"id":21932,"date":"2021-09-14T14:57:54","date_gmt":"2021-09-14T07:57:54","guid":{"rendered":"https:\/\/havamall.com\/?post_type=product&#038;p=21932"},"modified":"2025-03-23T10:32:07","modified_gmt":"2025-03-23T03:32:07","slug":"bot-kem-sua-pho-mai-macchiato-ciel-macchiato-cheese-milk-cream-powder-1kg","status":"publish","type":"product","link":"https:\/\/havamall.com\/en\/shop\/bot-kem-sua-pho-mai-macchiato-ciel-macchiato-cheese-milk-cream-powder-1kg\/","title":{"rendered":"B\u1ed9t Kem S\u1eefa Ph\u00f4 Mai Macchiato Ciel &#8211; Macchiato Cheese Milk Cream Powder 500g"},"content":{"rendered":"<h3><strong>TH\u00d4NG TIN S\u1ea2N PH\u1ea8M<\/strong><\/h3>\n<table>\n<tbody>\n<tr>\n<td>Th\u01b0\u01a1ng hi\u1ec7u<\/td>\n<td>Ciel<\/td>\n<\/tr>\n<tr>\n<td>Xu\u1ea5t x\u1ee9<\/td>\n<td>Vi\u1ec7t Nam<\/td>\n<\/tr>\n<tr>\n<td>Th\u00e0nh ph\u1ea7n<\/td>\n<td>B\u1ed9t kem t\u01b0\u01a1i, s\u1eefa b\u1ed9t, ph\u00f4 mai,&#8230;<\/td>\n<\/tr>\n<tr>\n<td>H\u1ea1n s\u1eed d\u1ee5ng<\/td>\n<td>12 th\u00e1ng k\u1ec3 t\u1eeb ng\u00e0y s\u1ea3n xu\u1ea5t.<\/td>\n<\/tr>\n<tr>\n<td>B\u1ea3o qu\u1ea3n<\/td>\n<td>B\u1ea3o qu\u1ea3n n\u01a1i kh\u00f4 r\u00e1o, tho\u00e1ng m\u00e1t<\/td>\n<\/tr>\n<tr>\n<td>Kh\u1ed1i l\u01b0\u1ee3ng t\u1ecbnh<\/td>\n<td>1kg<\/td>\n<\/tr>\n<\/tbody>\n<\/table>\n<p>Macchiato\u00a0hay c\u00f2n g\u1ecdi l\u00e0\u00a0kem cheese m\u1eb7n. Macchiato b\u1eaft ngu\u1ed3n t\u1eeb \u00dd, d\u00f9ng \u0111\u1ec3 pha ch\u1ebf c\u00e1c lo\u1ea1i c\u00e0 ph\u00ea. Tr\u01b0\u1edbc \u0111\u00f3 ng\u01b0\u1eddi ta hay d\u00f9ng \u0111\u1ec3 ph\u00e2n bi\u1ec7t v\u1edbi\u00a0Cappuccino v\u00e0 Latte. \u0110\u1eb7c tr\u01b0ng c\u1ee7a nh\u1eefng c\u1ed1c c\u00e0 ph\u00ea n\u00e0y th\u01b0\u1eddng\u00a0c\u00f3 l\u1edbp b\u1ecdt l\u00e0m t\u1eeb s\u1eefa \u0111\u01b0\u1ee3c \u0111\u00e1nh m\u1ecbn ph\u00eda tr\u00ean. Cho \u0111\u1ebfn ng\u00e0y nay, n\u00f3 kh\u00f4ng ch\u1ec9 \u0111\u01b0\u1ee3c d\u00f9ng cho c\u00e1c lo\u1ea1i tr\u00e0 s\u1eefa, m\u00e0 c\u00f2n \u0111\u01b0\u1ee3c d\u00f9ng cho c\u00e1c lo\u1ea1i tr\u00e0 kh\u00e1c nhau \u0111\u1ec3 t\u1ea1o h\u01b0\u01a1ng v\u1ecb ngon h\u01a1n.<\/p>\n<p><img fetchpriority=\"high\" decoding=\"async\" class=\"wp-image-21938 aligncenter\" src=\"https:\/\/havamall.com\/wp-content\/uploads\/2021\/09\/FGT-300x188.png\" alt=\"\" width=\"597\" height=\"374\" \/><\/p>\n<p>Mu\u1ed1n s\u1edf h\u1eefu l\u1edbp kem s\u1eefa b\u00e9o ng\u1eady, kem cheese th\u1ea7n th\u00e1nh hay l\u1edbp macchiato \u0111\u1ed9c \u0111\u00e1o ch\u1eafc ch\u1eafn kh\u00f4ng th\u1ec3 b\u1ecf qua b\u1ed9t kem s\u1eefa ph\u00f4 mai macchiato Ciel. S\u1ea3n ph\u1ea9m l\u00e0 b\u01b0\u1edbc ti\u1ebfn m\u1edbi trong ng\u00e0nh pha ch\u1ebf, gi\u00fap t\u1ea1o l\u1edbp kem milkfoam d\u1ec5 d\u00e0ng, ti\u1ec7n l\u1ee3i m\u00e0 h\u01b0\u01a1ng v\u1ecb lu\u00f4n \u0111\u1ed3ng nh\u1ea5t.<\/p>\n<p><img decoding=\"async\" class=\"wp-image-21939 aligncenter\" src=\"https:\/\/havamall.com\/wp-content\/uploads\/2021\/09\/d-228x300.png\" alt=\"\" width=\"598\" height=\"787\" \/><\/p>\n<p class=\"p1\">Macchiato ph\u00f4 mai \u2013 l\u1edbp s\u1eefa d\u00e0y, c\u0103ng m\u1ecbn v\u1ecb b\u00e9o b\u00e9o, m\u1eb7n m\u1eb7n \u0111\u1eb7c bi\u1ec7t CIEL s\u1eed d\u1ee5ng b\u1ed9t ph\u00f4 mai t\u01b0\u01a1i s\u1ea3n xu\u1ea5t theo c\u00f4ng ngh\u1ec7 Island t\u1eeb ngu\u1ed3n s\u1eefa thu\u1ea7n khi\u1ebft mang l\u1ea1i l\u1edbp foam ph\u00f4 mai t\u01b0\u01a1i ngon. \u00a0S\u1ea3n ph\u1ea9m b\u1ed9t kem s\u1eefa ph\u00f4 mai macchiato CIEL v\u1edbi \u0111\u1ed9 m\u1ecbn cao kh\u00f4ng b\u1ecb v\u00f3n c\u1ee5c d\u1ec5 h\u00f2a tan\u00a0mang h\u01b0\u01a1ng v\u1ecb d\u1ecbu nh\u1eb9, c\u00e2n b\u1eb1ng gi\u1eefa ng\u1ecdt, m\u1eb7n v\u00e0 b\u00e9o c\u1ee7a ph\u00f4 mai, gi\u00fap th\u1ee9c u\u1ed1ng\u00a0v\u1eeba ngon mi\u1ec7ng, v\u1eeba \u0111\u1eb9p m\u1eaft.<\/p>\n<p><img decoding=\"async\" class=\"aligncenter\" src=\"https:\/\/havamall.com\/wp-content\/uploads\/2021\/09\/macchiato-la-gi-cach-uong-macchiato-dung-chuan-201908282105411539.jpg\" alt=\"Macchiato l\u00e0 g\u00ec? C\u00f4ng th\u1ee9c pha c\u00e0 ph\u00ea Macchiato \u0111\u00fang chu\u1ea9n\" width=\"595\" height=\"397\" \/><\/p>\n<h3><strong>H\u01b0\u1edbng d\u1eabn s\u1eed d\u1ee5ng:<\/strong><\/h3>\n<p>Pha h\u1ed3ng tr\u00e0<\/p>\n<p>&#8211; Tr\u00edch ly 15gr tr\u00e0 \u0111en v\u1edbi 300ml n\u01b0\u1edbc s\u00f4i<\/p>\n<p>&#8211; Sau khi h\u00e3m tr\u00e0 b\u1ea1n cho syrup \u0111\u01b0\u1eddng v\u00e0o khu\u1ea5y \u0111\u1ec1u, b\u1ea1n c\u00f3 th\u1ec3 d\u00f9ng \u0111\u01b0\u1eddng c\u00e1t tuy nhi\u00ean syrup \u0111\u01b0\u1eddng s\u1ebd ngon h\u01a1n.<\/p>\n<p><img loading=\"lazy\" decoding=\"async\" class=\"aligncenter\" src=\"https:\/\/havamall.com\/wp-content\/uploads\/2021\/09\/cong-thuc-pha-che-tra-sua-cafe-3.jpg\" alt=\"C\u00f4ng th\u1ee9c pha tr\u00e0 s\u1eefa cafe c\u1ef1c ngon - Minh \u0110\u1ee9c Green\" width=\"594\" height=\"891\" \/><\/p>\n<p>Pha ch\u1ebf Macchiato<\/p>\n<p>&#8211; 45 gr b\u1ed9t + 150ml s\u1eefa t\u01b0\u01a1i l\u1ea1nh kh\u00f4ng \u0111\u01b0\u1eddng.<\/p>\n<p>&#8211; \u0110\u00e1nh t\u1ed1c \u0111\u1ed9 ch\u1eadm trong v\u00f2ng 3 ph\u00fat \u0111\u1ebfn khi h\u1ed7n h\u1ee3p s\u00e1nh m\u1ecbn.<\/p>\n<p>S\u1ea3n\u00a0ph\u1ea9m hi\u1ec7n \u0111\u00e3 c\u00f3 m\u1eb7t t\u1ea1i Havamall.<\/p>\n<p><img loading=\"lazy\" decoding=\"async\" class=\"wp-image-21940 aligncenter\" src=\"https:\/\/havamall.com\/wp-content\/uploads\/2021\/09\/1-300x300.png\" alt=\"\" width=\"587\" height=\"587\" \/><\/p>","protected":false},"excerpt":{"rendered":"<p>TH\u00d4NG TIN S\u1ea2N PH\u1ea8M Th\u01b0\u01a1ng hi\u1ec7u Ciel Xu\u1ea5t x\u1ee9 Vi\u1ec7t Nam Th\u00e0nh ph\u1ea7n B\u1ed9t kem t\u01b0\u01a1i, s\u1eefa b\u1ed9t, ph\u00f4 mai,&#8230;<\/p>","protected":false},"featured_media":21941,"comment_status":"open","ping_status":"closed","template":"","meta":[],"product_brand":[],"product_cat":[730,135,36],"product_tag":[],"class_list":{"0":"post-21932","1":"product","2":"type-product","3":"status-publish","4":"has-post-thumbnail","6":"product_cat-cac-nuoc-khac","7":"product_cat-sua-do-uong","8":"product_cat-thuc-pham-tieu-dung","9":"pa_brand-ciel","11":"first","12":"instock","13":"sale","14":"shipping-taxable","15":"purchasable","16":"product-type-variable"},"_links":{"self":[{"href":"https:\/\/havamall.com\/en\/wp-json\/wp\/v2\/product\/21932","targetHints":{"allow":["GET"]}}],"collection":[{"href":"https:\/\/havamall.com\/en\/wp-json\/wp\/v2\/product"}],"about":[{"href":"https:\/\/havamall.com\/en\/wp-json\/wp\/v2\/types\/product"}],"replies":[{"embeddable":true,"href":"https:\/\/havamall.com\/en\/wp-json\/wp\/v2\/comments?post=21932"}],"version-history":[{"count":0,"href":"https:\/\/havamall.com\/en\/wp-json\/wp\/v2\/product\/21932\/revisions"}],"wp:featuredmedia":[{"embeddable":true,"href":"https:\/\/havamall.com\/en\/wp-json\/wp\/v2\/media\/21941"}],"wp:attachment":[{"href":"https:\/\/havamall.com\/en\/wp-json\/wp\/v2\/media?parent=21932"}],"wp:term":[{"taxonomy":"product_brand","embeddable":true,"href":"https:\/\/havamall.com\/en\/wp-json\/wp\/v2\/product_brand?post=21932"},{"taxonomy":"product_cat","embeddable":true,"href":"https:\/\/havamall.com\/en\/wp-json\/wp\/v2\/product_cat?post=21932"},{"taxonomy":"product_tag","embeddable":true,"href":"https:\/\/havamall.com\/en\/wp-json\/wp\/v2\/product_tag?post=21932"}],"curies":[{"name":"wp","href":"https:\/\/api.w.org\/{rel}","templated":true}]}}