{"id":21945,"date":"2021-09-14T16:13:19","date_gmt":"2021-09-14T09:13:19","guid":{"rendered":"https:\/\/havamall.com\/?post_type=product&#038;p=21945"},"modified":"2025-03-23T10:32:01","modified_gmt":"2025-03-23T03:32:01","slug":"bot-matcha-ciel-500g-match-powder","status":"publish","type":"product","link":"https:\/\/havamall.com\/en\/shop\/bot-matcha-ciel-500g-match-powder\/","title":{"rendered":"B\u1ed9t Matcha Ciel &#8211; Matcha Powder"},"content":{"rendered":"<p>B\u1ed9t tr\u00e0 xanh matcha ciel \u0111\u01b0\u1ee3c chi\u1ebfc xu\u1ea5t matcha t\u1eeb Nh\u1eadt B\u1ea3n. Nh\u1eefng b\u00fap tr\u00e0 non \u0111\u01b0\u1ee3c tr\u1ed3ng trong \u0111i\u1ec1u ki\u1ec7n \u00e1nh s\u00e1ng \u0111\u01b0\u1ee3c ki\u1ec3m so\u00e1t.\u00a0Sau \u0111\u00f3 thu h\u00e1i v\u00e0 nghi\u1ec1n\u00a0th\u1eadt k\u1ef9 l\u01b0\u1ee1ng t\u1ea1o n\u00ean b\u1ed9t matcha m\u1ecbn nh\u1ea5t,\u00a0kh\u00f4ng c\u1ea3m nh\u1eadn \u0111\u01b0\u1ee3c b\u1eb1ng tay, c\u00f3 v\u1ecb \u0111\u1eafng v\u1eeba ph\u1ea3i, thanh h\u1eadu ng\u1ecdt, v\u1ecb tr\u00e0 th\u01a1m t\u1ef1 nhi\u00ean, ng\u1eady nh\u1eb9 h\u1ea5p d\u1eabn.<\/p>\n<p><img fetchpriority=\"high\" decoding=\"async\" class=\"wp-image-21946 aligncenter\" src=\"https:\/\/havamall.com\/wp-content\/uploads\/2021\/09\/149264112-green--300x200.png\" alt=\"\" width=\"600\" height=\"401\" \/><\/p>\n<p>B\u1ed9t Matcha CIEL pha ch\u1ebf ra m\u00e0u s\u1eafp xanh s\u00e1ng, kh\u00f4ng \u00e1m v\u00e0ng, m\u00e0u v\u00e0 m\u00f9i v\u1ecb tr\u00e0 h\u00e0i h\u00f2a. th\u00edch h\u1ee3p cho ph\u00e2n kh\u00fac trung c\u1ea5p \u0111\u1ebfn cao c\u1ea5p.<\/p>\n<p>S\u1ea3n ph\u1ea9m b\u1ed9t Matcha CIEL \u0111\u01b0\u1ee3c\u00a0s\u1ea3n xu\u1ea5t t\u1eeb ngu\u1ed3n nguy\u00ean li\u1ec7u ch\u1ea5t l\u01b0\u1ee3ng, \u0111\u1ea1t ti\u00eau chu\u1ea9n \u0111\u1ea3m b\u1ea3o ch\u1ea5t l\u01b0\u1ee3ng v\u00e0 an to\u00e0n v\u1ec7 sinh th\u1ef1c ph\u1ea9m.<\/p>\n<p><img decoding=\"async\" class=\"wp-image-21947 aligncenter\" src=\"https:\/\/havamall.com\/wp-content\/uploads\/2021\/09\/hi-300x292.png\" alt=\"\" width=\"593\" height=\"578\" \/><\/p>\n<p>Gi\u1ed1ng nh\u01b0 c\u00e1c lo\u1ea1i tr\u00e0 kh\u00e1c, tr\u00e0 xanh matcha c\u00f3 ch\u1ee9a ch\u1ea5t ch\u1ed1ng oxy h\u00f3a, gi\u00fap ch\u1ed1ng l\u1ea1i nh\u1eefng t\u00e1c \u0111\u1ed9ng ti\u00eau c\u1ef1c c\u1ee7a b\u1ee9c x\u1ea1 tia c\u1ef1c t\u00edm, c\u00f3 kh\u1ea3 n\u0103ng kh\u00e1ng vi\u00eam, \u0111em l\u1ea1i cho ch\u00fang ta l\u00e0n da t\u01b0\u01a1i tr\u1ebb. C\u00e1c nghi\u00ean c\u1ee9u cho th\u1ea5y, m\u1ed9t t\u00e1ch tr\u00e0 matcha c\u00f3 h\u00e0m l\u01b0\u1ee3ng ch\u1ea5t dinh d\u01b0\u1ee1ng v\u00e0 ch\u1ea5t ch\u1ed1ng oxy h\u00f3a t\u01b0\u01a1ng \u0111\u01b0\u01a1ng v\u1edbi 10 t\u00e1ch tr\u00e0 xanh th\u00f4ng th\u01b0\u1eddng.<\/p>\n<p><img decoding=\"async\" class=\"wp-image-21948 aligncenter\" src=\"https:\/\/havamall.com\/wp-content\/uploads\/2021\/09\/d9fd1f4ff5827e985b1079f482a0ee95-300x291.png\" alt=\"\" width=\"600\" height=\"582\" \/><\/p>\n<p>Ch\u1ea5t di\u1ec7p l\u1ee5c trong tr\u00e0 matcha gi\u00fap l\u00e0m s\u1ea1ch m\u00e1u, gi\u00fap duy tr\u00ec \u0111\u1ed9 ki\u1ec1m trong m\u00e1u v\u00e0 c\u00e1c m\u00f4 b\u1eb1ng c\u00e1ch lo\u1ea1i b\u1ecf c\u00e1c kim lo\u1ea1i n\u1eb7ng, ch\u1ea5t \u0111\u1ed9c h\u00f3a h\u1ecdc, v\u00e0 gi\u1ea3m c\u00e1c r\u1ed1i lo\u1ea1n n\u1ed9i ti\u1ebft t\u1ed1. Ch\u1ea5t n\u00e0y c\u00f2n gi\u00fap lo\u1ea1i b\u1ecf c\u00e1c ch\u1ea5t \u0111\u1ed9c h\u1ea1i b\u00e1m v\u00e0o th\u00e0nh ru\u1ed9t ra kh\u1ecfi c\u01a1 th\u1ec3.<\/p>\n<p><img loading=\"lazy\" decoding=\"async\" class=\"wp-image-21949 aligncenter\" src=\"https:\/\/havamall.com\/wp-content\/uploads\/2021\/09\/Matcha-Tira-300x281.png\" alt=\"\" width=\"601\" height=\"563\" \/><\/p>\n<h3><strong>H\u01b0\u1edbng d\u1eabn s\u1eed d\u1ee5ng:<\/strong><\/h3>\n<p>&#8211; S\u1eed d\u1ee5ng trong ch\u1ebf bi\u1ebfn th\u1ee9c u\u1ed1ng nh\u01b0 tr\u00e0 s\u1eefa matcha, l\u00e0m b\u00e1nh, l\u00e0m kem&#8230;<\/p>\n<p>&#8211; \u0110\u00f3ng ch\u1eb7t mi\u1ec7ng t\u00fai sau khi m\u1edf bao b\u00ec, b\u1ea3o qu\u1ea3n n\u01a1i kh\u00f4 m\u00e1t.<\/p>\n<p><img loading=\"lazy\" decoding=\"async\" class=\"wp-image-21950 aligncenter\" src=\"https:\/\/havamall.com\/wp-content\/uploads\/2021\/09\/no-bake-matc-275x300.png\" alt=\"\" width=\"606\" height=\"661\" \/><\/p>\n<h3><strong>C\u00f4ng d\u1ee5ng c\u1ee7a matcha:<br \/>\n<\/strong><\/h3>\n<p>&#8211; Gi\u1ea3m c\u00e2n<\/p>\n<p>&#8211; \u0110\u1eb9p da<\/p>\n<p>&#8211; Ng\u1eeba ung th\u01b0<\/p>\n<p>&#8211; Ng\u1eeba b\u1ec7nh tim m\u1ea1ch<\/p>\n<p>&#8211; Ng\u1eeba b\u1ec7nh ti\u1ec3u \u0111\u01b0\u1eddng<\/p>\n<p>&#8211; T\u0103ng c\u01b0\u1eddng ch\u1ee9c n\u0103ng n\u00e3o<\/p>\n<p>&#8211; Gi\u1ea3i \u0111\u1ed9c gan<\/p>\n<p>S\u1ea3n ph\u1ea9m hi\u1ec7n \u0111\u00e3 c\u00f3 m\u1eb7t t\u1ea1i Havamall.<\/p>\n<p><img loading=\"lazy\" decoding=\"async\" class=\"wp-image-21951 aligncenter\" src=\"https:\/\/havamall.com\/wp-content\/uploads\/2021\/09\/m-300x200.png\" alt=\"\" width=\"604\" height=\"403\" \/><\/p>","protected":false},"excerpt":{"rendered":"<p>B\u1ed9t tr\u00e0 xanh matcha ciel \u0111\u01b0\u1ee3c chi\u1ebfc xu\u1ea5t matcha t\u1eeb Nh\u1eadt B\u1ea3n. Nh\u1eefng b\u00fap tr\u00e0 non \u0111\u01b0\u1ee3c tr\u1ed3ng trong \u0111i\u1ec1u<\/p>","protected":false},"featured_media":21952,"comment_status":"open","ping_status":"closed","template":"","meta":[],"product_brand":[],"product_cat":[730,255,135,36],"product_tag":[],"class_list":{"0":"post-21945","1":"product","2":"type-product","3":"status-publish","4":"has-post-thumbnail","6":"product_cat-cac-nuoc-khac","7":"product_cat-nguyen-lieu-lam-banh","8":"product_cat-sua-do-uong","9":"product_cat-thuc-pham-tieu-dung","10":"pa_brand-ciel","12":"first","13":"instock","14":"sale","15":"shipping-taxable","16":"purchasable","17":"product-type-variable"},"_links":{"self":[{"href":"https:\/\/havamall.com\/en\/wp-json\/wp\/v2\/product\/21945","targetHints":{"allow":["GET"]}}],"collection":[{"href":"https:\/\/havamall.com\/en\/wp-json\/wp\/v2\/product"}],"about":[{"href":"https:\/\/havamall.com\/en\/wp-json\/wp\/v2\/types\/product"}],"replies":[{"embeddable":true,"href":"https:\/\/havamall.com\/en\/wp-json\/wp\/v2\/comments?post=21945"}],"version-history":[{"count":0,"href":"https:\/\/havamall.com\/en\/wp-json\/wp\/v2\/product\/21945\/revisions"}],"wp:featuredmedia":[{"embeddable":true,"href":"https:\/\/havamall.com\/en\/wp-json\/wp\/v2\/media\/21952"}],"wp:attachment":[{"href":"https:\/\/havamall.com\/en\/wp-json\/wp\/v2\/media?parent=21945"}],"wp:term":[{"taxonomy":"product_brand","embeddable":true,"href":"https:\/\/havamall.com\/en\/wp-json\/wp\/v2\/product_brand?post=21945"},{"taxonomy":"product_cat","embeddable":true,"href":"https:\/\/havamall.com\/en\/wp-json\/wp\/v2\/product_cat?post=21945"},{"taxonomy":"product_tag","embeddable":true,"href":"https:\/\/havamall.com\/en\/wp-json\/wp\/v2\/product_tag?post=21945"}],"curies":[{"name":"wp","href":"https:\/\/api.w.org\/{rel}","templated":true}]}}