{"id":21953,"date":"2021-09-14T16:42:12","date_gmt":"2021-09-14T09:42:12","guid":{"rendered":"https:\/\/havamall.com\/?post_type=product&#038;p=21953"},"modified":"2025-03-23T10:31:55","modified_gmt":"2025-03-23T03:31:55","slug":"bot-cacao-nguyen-chat-ciel-1kg-cocoa-powder","status":"publish","type":"product","link":"https:\/\/havamall.com\/en\/shop\/bot-cacao-nguyen-chat-ciel-1kg-cocoa-powder\/","title":{"rendered":"B\u1ed9t Cacao Nguy\u00ean Ch\u1ea5t Ciel &#8211; Cocoa powder"},"content":{"rendered":"<p>B\u1ed9t cacao v\u1edbi t\u00ean khoa h\u1ecdc l\u00e0 Theobroma c\u00f3 ngh\u0129 l\u00e0 &#8221; Th\u1ee9c \u0103n\u00a0c\u1ee7a c\u00e1c v\u1ecb th\u1ea7n&#8221; b\u1edfi cacao kh\u00f4ng ch\u1ec9 c\u00f3\u00a0h\u01b0\u01a1ng v\u1ecb \u0111\u1ed9c \u0111\u00e1o, th\u01a1m ngon m\u00e0 c\u00f2n l\u00e0 th\u1ef1c ph\u1ea9m ch\u1ee9a nhi\u1ec1u d\u01b0\u1ee1ng ch\u1ea5t. Hi\u1ec3u \u0111\u01b0\u1ee3c nhu c\u1ea7u v\u1ec1 ngu\u1ed3n nguy\u00ean li\u1ec7u ch\u1ea5t l\u01b0\u1ee3ng Havamall gi\u1edbi thi\u1ec7u s\u1ea3n ph\u1ea9m b\u1ed9t cacao CIEL \u0111\u01b0\u1ee3c tuy\u1ec3n ch\u1ecdn t\u1eeb nh\u1eefng h\u1ea1t cacao ch\u1ea5t l\u01b0\u1ee3ng t\u1ed1t t\u1ea1o ra h\u01b0\u01a1ng v\u1ecb v\u00e0 m\u00e0u s\u1eafc \u0111\u00fang chu\u1ea9n th\u00edch h\u1ee3p s\u1eed d\u1ee5ng c\u00e1c m\u00f3n n\u01b0\u1edbc v\u00e0 b\u00e1nh t\u1ea1i\u00a0nh\u00e0 h\u00e0ng, kh\u00e1ch s\u1ea1n v\u00e0 c\u00e1c qu\u00e1n c\u00e0 ph\u00ea&#8230;<\/p>\n<p><img fetchpriority=\"high\" decoding=\"async\" class=\"wp-image-21959 aligncenter\" src=\"https:\/\/havamall.com\/wp-content\/uploads\/2021\/09\/best--300x273.png\" alt=\"\" width=\"647\" height=\"589\" \/><\/p>\n<p><span style=\"font-weight: 400\">Cacao kh\u00f4ng ch\u1ec9 \u0111\u01a1n thu\u1ea7n l\u00e0 m\u1ed9t th\u1ef1c ph\u1ea9m \u0111\u01b0\u1ee3c v\u00ed l\u00e0 dinh d\u01b0\u1ee1ng h\u1ea1nh ph\u00fac. N\u00f3 c\u00f3 m\u1ed9t l\u01b0\u1ee3ng ch\u1ea5t ch\u1ed1ng oxy h\u00f3a v\u00e0 kho\u00e1ng ch\u1ea5t phi th\u01b0\u1eddng c\u00f3 th\u1ec3 gi\u1eef cho ch\u00fang ta kh\u1ecfe m\u1ea1nh.\u00a0\u0110\u01b0\u1ee3c m\u1ec7nh danh l\u00e0 &#8220;th\u1ef1c ph\u1ea9m c\u1ee7a Ch\u00faa&#8221;, b\u1edfi cacao c\u00f3 ch\u1ee9a h\u00e0m l\u01b0\u1ee3ng magi\u00ea v\u00e0 ch\u1ea5t ch\u1ed1ng oxy ho\u00e1 cao h\u01a1n b\u1ea5t k\u00ec lo\u1ea1i th\u1ef1c ph\u1ea9m n\u00e0o kh\u00e1c.<\/span><\/p>\n<p><img decoding=\"async\" class=\"wp-image-21956 aligncenter\" src=\"https:\/\/havamall.com\/wp-content\/uploads\/2021\/09\/Chocolate-Fudge-Cak-300x164.png\" alt=\"\" width=\"653\" height=\"357\" \/><\/p>\n<p><span style=\"font-weight: 400\">Cacao c\u00f3 ch\u1ee9a h\u00e0m l\u01b0\u1ee3ng ch\u1ea5t \u0111\u1ea1m, ch\u1ea5t b\u00e9o, carbohydrate, ch\u1ea5t x\u01a1, s\u1eaft, k\u1ebdm, \u0111\u1ed3ng, canxi, magi\u00ea, v\u00e0 l\u01b0u hu\u1ef3nh. C\u00e1c th\u00e0nh ph\u1ea7n ho\u00e1 h\u1ecdc b\u1ed5 sung kh\u00e1c bao g\u1ed3m ch\u1ea5t ch\u1ed1ng oxy ho\u00e1 v\u00e0 c\u00e1c h\u1ee3p ch\u1ea5t phenylethylamine v\u00e0 anandamide. T\u1ea5t c\u1ea3 \u0111\u1ec1u \u0111\u00f3ng vai tr\u00f2 quan tr\u1ecdng trong vi\u1ec7c c\u1ea3i thi\u1ec7n s\u1ee9c kho\u1ebb con ng\u01b0\u1eddi v\u00e0 khi\u1ebfn ch\u00fang ta c\u1ea3m th\u1ea5y tho\u1ea3i m\u00e1i h\u01a1n, t\u00e1c \u0111\u1ed9ng l\u00ean huy\u1ebft \u00e1p v\u00e0 l\u01b0\u1ee3ng \u0111\u01b0\u1eddng trong m\u00e1u khi\u1ebfn c\u01a1 th\u1ec3 c\u00f3 c\u1ea3m gi\u00e1c ph\u1ea5n kh\u00edch v\u00e0 tho\u1ea3i m\u00e1i, ch\u00ednh nh\u1edd c\u00f4ng d\u1ee5ng n\u00e0y m\u00e0 ch\u00fang \u0111\u01b0\u1ee3c bi\u1ebft t\u1edbi l\u00e0 lo\u1ea1i th\u1ef1c ph\u1ea9m khi\u1ebfn con ng\u01b0\u1eddi h\u1ea1nh ph\u00fac.<\/span><\/p>\n<p><img decoding=\"async\" class=\"aligncenter\" src=\"https:\/\/havamall.com\/wp-content\/uploads\/2021\/01\/Chocolate-Cupcake-1.jpg\" alt=\"6 Chocolate Cupcakes | mycakemart\" width=\"657\" height=\"657\" \/><\/p>\n<p><span style=\"font-weight: 400\">Cacao \u0111\u01b0\u1ee3c tuy\u1ec3n ch\u1ecdn v\u00e0 thu ho\u1ea1ch theo quy tr\u00ecnh nghi\u00eam ng\u1eb7t, \u0111\u1ea3m b\u1ea3o gi\u1eef \u0111\u01b0\u1ee3c h\u01b0\u01a1ng v\u1ecb tr\u1ecdn v\u1eb9n nh\u1ea5t, \u0111\u1ed3ng th\u1eddi mang \u0111\u1ebfn nh\u1eefng l\u1ee3i \u00edch v\u1ec1 s\u1ee9c kho\u1ebb con ng\u01b0\u1eddi.<\/span><\/p>\n<p><span style=\"font-weight: 400\">B\u1ed9t cacao Ciel ch\u00ednh l\u00e0 l\u1ef1a ch\u1ecdn cho c\u00e1c b\u1ea1n c\u1ea7n b\u1ed5 sung n\u0103ng l\u01b0\u1ee3ng NHANH &#8211; G\u1eccN m\u1ed7i bu\u1ed5i s\u00e1ng b\u1eadn r\u1ed9n hay tr\u01b0\u1edbc khi t\u1eadp gym, ch\u01a1i th\u1ec3 thao.<\/span><\/p>\n<p><img loading=\"lazy\" decoding=\"async\" class=\"wp-image-21962 aligncenter\" src=\"https:\/\/havamall.com\/wp-content\/uploads\/2021\/09\/2304b8fc-200x300.png\" alt=\"\" width=\"651\" height=\"977\" \/><\/p>\n<p><span style=\"font-weight: 400\">Trong b\u1ed9t cacao Ciel c\u00f3 ch\u1ee9a magi\u00ea ch\u1ed1ng l\u1ea1i s\u1ef1 t\u0103ng tr\u01b0\u1edfng axit, trung ho\u00e0 ch\u1ea5t \u0111\u1ed9c, gi\u1ea3m c\u0103ng th\u1eb3ng v\u00e0 c\u1ea7n thi\u1ebft cho nh\u1eefng ch\u1ee9c n\u0103ng kh\u00e1c. Ch\u1ea5t ch\u1ed1ng l\u00e3o ho\u00e1, cacao ch\u1ee9a flavanoids, polyphenols, catechins v\u00e0 epicatechins, do \u0111\u00f3 s\u1ebd \u1ee9c ch\u1ebf v\u00e0 l\u00e0m ch\u1eadm qu\u00e1 tr\u00ecnh l\u00e3o ho\u00e1.<\/span><\/p>\n<p><img loading=\"lazy\" decoding=\"async\" class=\"wp-image-19781 aligncenter\" src=\"https:\/\/havamall.com\/wp-content\/uploads\/2021\/05\/xsx-300x200.jpg\" alt=\"\" width=\"656\" height=\"438\" \/><\/p>\n<h3><strong>C\u00f4ng d\u1ee5ng c\u1ee7a b\u1ed9t cacao:<\/strong><\/h3>\n<p><span style=\"font-weight: 400\">\u2013 B\u1ed9t cacao th\u00f4 nguy\u00ean ch\u1ea5t \u0111\u00e3 \u0111\u01b0\u1ee3c t\u00e1ch b\u01a1 ca cao \u0111\u1ec3 gi\u1ea3m \u0111\u1ed9 b\u00e9o.<\/span><\/p>\n<p><span style=\"font-weight: 400\">\u2013 Kh\u00f4ng th\u00eam \u0111\u01b0\u1eddng.<\/span><\/p>\n<p><span style=\"font-weight: 400\">\u2013 Gi\u00e0u ch\u1ea5t dinh d\u01b0\u1ee1ng, ch\u1ea5t ch\u1ed1ng oxi h\u00f3a.<\/span><\/p>\n<p><span style=\"font-weight: 400\">\u2013 Gi\u00fap t\u1ec9nh t\u00e1o, vui v\u1ebb h\u01a1n, gi\u1ea3m stress hi\u1ec7u qu\u1ea3.<\/span><\/p>\n<p><span style=\"font-weight: 400\">\u2013 C\u1ea3i thi\u1ec7n l\u01b0u th\u00f4ng m\u00e1u, \u1ed5n \u0111\u1ecbnh huy\u1ebft \u00e1p, tim m\u1ea1ch.<\/span><\/p>\n<p><span style=\"font-weight: 400\">\u2013 Gi\u00fap ki\u1ec3m so\u00e1t c\u00e2n n\u1eb7ng.<\/span><\/p>\n<p><span style=\"font-weight: 400\">\u2013 M\u00e0u n\u00e2u \u0111\u1ec1u, m\u00f9i th\u01a1m, h\u01b0\u01a1ng v\u1ecb \u0111\u1eafng d\u1ecbu \u0111\u1eb7c tr\u01b0ng, ch\u00fat d\u01b0 \u00e2m chua nh\u1eb9.<\/span><\/p>\n<p><span style=\"font-weight: 400\">\u2013 Kh\u00f4ng th\u00eam ph\u1ee5 gia, h\u01b0\u01a1ng li\u1ec7u, ch\u1ea5t t\u1ea1o m\u00e0u.<\/span><\/p>\n<p><span style=\"font-weight: 400\">\u2013 L\u1ef1a ch\u1ecdn ho\u00e0n h\u1ea3o cho c\u00e1c t\u00edn \u0111\u1ed3 y\u00eau th\u00edch cacao nguy\u00ean ch\u1ea5t. \u0110\u1eb7c bi\u1ec7t ph\u00f9 h\u1ee3p v\u1edbi ch\u1ebf \u0111\u1ed9 \u0103n ki\u00eang, ng\u01b0\u1eddi b\u1ecb b\u1ec7nh ti\u1ec3u \u0111\u01b0\u1eddng.<\/span><\/p>\n<p><img loading=\"lazy\" decoding=\"async\" class=\"wp-image-21963 aligncenter\" src=\"https:\/\/havamall.com\/wp-content\/uploads\/2021\/09\/304162_Lifestyle-300x272.png\" alt=\"\" width=\"645\" height=\"585\" \/><\/p>\n<h3><strong>H\u01b0\u1edbng d\u1eabn s\u1eed d\u1ee5ng:<\/strong><\/h3>\n<p><span style=\"font-weight: 400\">\u00a0&#8211; B\u1ed9t<\/span><span style=\"font-weight: 400\"> cacao ciel<\/span><span style=\"font-weight: 400\"> b\u1ea1n c\u00f3 th\u1ec3 pha v\u1edbi n\u01b0\u1edbc n\u00f3ng, th\u00eam m\u1ed9t \u00edt s\u1eefa, \u0111\u01b0\u1eddng ho\u1eb7c kem khu\u1ea5y \u0111\u1ec1u v\u00e0 c\u00f3 th\u1ec3 th\u01b0\u1edfng th\u1ee9c.<\/span><\/p>\n<p><span style=\"font-weight: 400\">\u2013 <\/span><span style=\"font-weight: 400\">B\u1ed9t cacao ciel\u00a0<\/span><span style=\"font-weight: 400\">c\u00f3 th\u1ec3 d\u00f9ng l\u00e0m nguy\u00ean li\u1ec7u b\u00e1nh Socola.<\/span><\/p>\n<p><span style=\"font-weight: 400\">&#8211; Pha ch\u1ebf th\u1ee9c u\u1ed1ng ho\u1eb7c d\u00f9ng trong c\u00e1c c\u00f4ng th\u1ee9c l\u00e0m b\u00e1nh, kem, s\u00f4 c\u00f4 la\u2026<\/span><\/p>\n<p><span style=\"font-weight: 400\">&#8211; B\u1ea3o qu\u1ea3n n\u01a1i kh\u00f4 r\u00e1o tho\u00e1ng m\u00e1t, tr\u00e1nh ngu\u1ed3n nhi\u1ec7t, \u00e1nh s\u00e1ng, \u1ea9m \u01b0\u1edbt v\u00e0 c\u00e1c m\u00f9i l\u1ea1. B\u1ea3o qu\u1ea3n t\u1ed1t h\u01a1n trong t\u1ee7 l\u1ea1nh.<\/span><\/p>\n<p>S\u1ea3n ph\u1ea9m hi\u1ec7n \u0111\u00e3 c\u00f3 m\u1eb7t t\u1ea1i Havamall.<\/p>\n<p><img loading=\"lazy\" decoding=\"async\" class=\"wp-image-21964 aligncenter\" src=\"https:\/\/havamall.com\/wp-content\/uploads\/2021\/09\/Gluten-1-251x300.png\" alt=\"\" width=\"644\" height=\"770\" \/><\/p>","protected":false},"excerpt":{"rendered":"<p>B\u1ed9t cacao v\u1edbi t\u00ean khoa h\u1ecdc l\u00e0 Theobroma c\u00f3 ngh\u0129 l\u00e0 &#8221; Th\u1ee9c \u0103n\u00a0c\u1ee7a c\u00e1c v\u1ecb th\u1ea7n&#8221; b\u1edfi cacao kh\u00f4ng<\/p>","protected":false},"featured_media":21958,"comment_status":"open","ping_status":"closed","template":"","meta":[],"product_brand":[],"product_cat":[730,255,135,36],"product_tag":[],"class_list":{"0":"post-21953","1":"product","2":"type-product","3":"status-publish","4":"has-post-thumbnail","6":"product_cat-cac-nuoc-khac","7":"product_cat-nguyen-lieu-lam-banh","8":"product_cat-sua-do-uong","9":"product_cat-thuc-pham-tieu-dung","10":"pa_brand-ciel","12":"first","13":"outofstock","14":"sale","15":"shipping-taxable","16":"purchasable","17":"product-type-variable"},"_links":{"self":[{"href":"https:\/\/havamall.com\/en\/wp-json\/wp\/v2\/product\/21953","targetHints":{"allow":["GET"]}}],"collection":[{"href":"https:\/\/havamall.com\/en\/wp-json\/wp\/v2\/product"}],"about":[{"href":"https:\/\/havamall.com\/en\/wp-json\/wp\/v2\/types\/product"}],"replies":[{"embeddable":true,"href":"https:\/\/havamall.com\/en\/wp-json\/wp\/v2\/comments?post=21953"}],"version-history":[{"count":0,"href":"https:\/\/havamall.com\/en\/wp-json\/wp\/v2\/product\/21953\/revisions"}],"wp:featuredmedia":[{"embeddable":true,"href":"https:\/\/havamall.com\/en\/wp-json\/wp\/v2\/media\/21958"}],"wp:attachment":[{"href":"https:\/\/havamall.com\/en\/wp-json\/wp\/v2\/media?parent=21953"}],"wp:term":[{"taxonomy":"product_brand","embeddable":true,"href":"https:\/\/havamall.com\/en\/wp-json\/wp\/v2\/product_brand?post=21953"},{"taxonomy":"product_cat","embeddable":true,"href":"https:\/\/havamall.com\/en\/wp-json\/wp\/v2\/product_cat?post=21953"},{"taxonomy":"product_tag","embeddable":true,"href":"https:\/\/havamall.com\/en\/wp-json\/wp\/v2\/product_tag?post=21953"}],"curies":[{"name":"wp","href":"https:\/\/api.w.org\/{rel}","templated":true}]}}