{"id":21965,"date":"2021-09-14T17:33:47","date_gmt":"2021-09-14T10:33:47","guid":{"rendered":"https:\/\/havamall.com\/?post_type=product&#038;p=21965"},"modified":"2025-03-23T10:30:50","modified_gmt":"2025-03-23T03:30:50","slug":"bot-da-xay-frappe-ciel-1kg","status":"publish","type":"product","link":"https:\/\/havamall.com\/en\/shop\/bot-da-xay-frappe-ciel-1kg\/","title":{"rendered":"B\u1ed9t \u0110\u00e1 Xay Frappe Ciel 1kg"},"content":{"rendered":"<h3><strong>TH\u00d4NG TIN S\u1ea2N PH\u1ea8M<\/strong><\/h3>\n<table>\n<tbody>\n<tr>\n<td>Th\u01b0\u01a1ng hi\u1ec7u<\/td>\n<td>Ciel<\/td>\n<\/tr>\n<tr>\n<td>Xu\u1ea5t x\u1ee9<\/td>\n<td>Vi\u1ec7t Nam<\/td>\n<\/tr>\n<tr>\n<td>Th\u00e0nh ph\u1ea7n<\/td>\n<td>B\u1ed9t kem t\u01b0\u01a1i, b\u1ed9t kem b\u00e9o th\u1ef1c v\u1eadt, s\u1eefa b\u1ed9t, mu\u1ed1i,\u2026<\/td>\n<\/tr>\n<tr>\n<td>H\u1ea1n s\u1eed d\u1ee5ng<\/td>\n<td>12 th\u00e1ng k\u1ec3 t\u1eeb ng\u00e0y s\u1ea3n xu\u1ea5t.<\/td>\n<\/tr>\n<tr>\n<td>B\u1ea3o qu\u1ea3n<\/td>\n<td>B\u1ea3o qu\u1ea3n n\u01a1i kh\u00f4 r\u00e1o, tho\u00e1ng m\u00e1t<\/td>\n<\/tr>\n<tr>\n<td>Kh\u1ed1i l\u01b0\u1ee3ng t\u1ecbnh<\/td>\n<td>1kg<\/td>\n<\/tr>\n<\/tbody>\n<\/table>\n<p>Frappe hay frappe base l\u00e0 m\u1ed9t lo\u1ea1i b\u1ed9t n\u1ec1n th\u00f4ng d\u1ee5ng th\u01b0\u1eddng \u0111\u01b0\u1ee3c d\u00f9ng trong qu\u00e1 tr\u00ecnh pha ch\u1ebf c\u00e1c lo\u1ea1i \u0111\u1ed3 u\u1ed1ng \u0111\u00e1 xay, ice blended hay sinh t\u1ed1\u2026Ngo\u00e0i t\u00ean g\u1ecdi b\u1ed9t frappe hay frappe base, lo\u1ea1i b\u1ed9t n\u00e0y c\u00f2n \u0111\u01b0\u1ee3c g\u1ecdi l\u00e0 frappu ho\u1eb7c l\u00e0 frap theo ki\u1ec3u ph\u00e1t \u00e2m c\u1ee7a ng\u01b0\u1eddi Vi\u1ec7t.<\/p>\n<p><img fetchpriority=\"high\" decoding=\"async\" class=\"wp-image-21975 aligncenter\" src=\"https:\/\/havamall.com\/wp-content\/uploads\/2021\/09\/CAFEDIDONG-1-300x216.png\" alt=\"\" width=\"620\" height=\"447\" \/><\/p>\n<p>L\u00e0 b\u1ed9t s\u1eefa pha ch\u1ebf c\u00f3 ngu\u1ed3n g\u1ed1c t\u1eeb n\u01b0\u1edbc ngo\u00e0i v\u00e0 h\u1ea7u h\u1ebft ch\u1ec9 \u0111\u01b0\u1ee3c d\u00f9ng l\u00e0m nguy\u00ean li\u1ec7u khi pha ch\u1ebf c\u00e1c m\u00f3n th\u1ee9c u\u1ed1ng \u0111\u00e1 xay. B\u00ean c\u1ea1nh \u0111\u00f3, ch\u00fang c\u0169ng c\u00f3 m\u1ed9t s\u1ed1 c\u00f4ng d\u1ee5ng n\u1ecfi b\u1eadt nh\u1ea5t \u0111\u1ecbnh nh\u01b0: gi\u00fap cho m\u00f3n th\u1ee9c u\u1ed1ng t\u1ea1o \u0111\u01b0\u1ee3c \u0111\u1ed9 s\u00e1nh m\u1ecbn nh\u1ea5t \u0111\u1ecbnh, h\u1ea1n ch\u1ebf ph\u00e2n t\u1ea7ng hay l\u1edbp h\u1ed7n h\u1ee3p, \u0111\u1ea3m b\u1ea3o \u1ed5n \u0111\u1ecbnh m\u00f9i v\u1ecb th\u1ee9c u\u1ed1ng, gi\u1ea3m thi\u1ec3u t\u1ed1i \u0111a qu\u00e1 tr\u00ecnh l\u00e0m tan \u0111\u00e1.<\/p>\n<p><img decoding=\"async\" class=\"wp-image-21972 aligncenter\" src=\"https:\/\/havamall.com\/wp-content\/uploads\/2021\/09\/IMG-1-300x223.png\" alt=\"\" width=\"614\" height=\"457\" \/><\/p>\n<p>B\u1ed9t \u0111\u00e1 xay l\u00e0 m\u1ed9t th\u00e0nh ph\u1ea7n kh\u00f4ng th\u1ec3 thi\u1ebfu trong c\u00e1c \u0111\u1ed3 \u0111\u00e1 xay, cookie,\u2026 B\u1ed9t Frappe Base gi\u00fap cho m\u00f3n th\u1ee9c u\u1ed1ng t\u1ea1o \u0111\u01b0\u1ee3c \u0111\u1ed9 s\u00e1nh m\u1ecbn nh\u1ea5t \u0111\u1ecbnh, h\u1ea1n ch\u1ebf ph\u00e2n t\u1ea7ng hay l\u1edbp h\u1ed7n h\u1ee3p, \u0111\u1ea3m b\u1ea3o \u1ed5n \u0111\u1ecbnh m\u00f9i v\u1ecb th\u1ee9c u\u1ed1ng, gi\u1ea3m thi\u1ec3u t\u1ed1i \u0111a qu\u00e1 tr\u00ecnh l\u00e0m tan \u0111\u00e1.<\/p>\n<p><img decoding=\"async\" class=\"wp-image-21971 aligncenter\" src=\"https:\/\/havamall.com\/wp-content\/uploads\/2021\/09\/IGT-Coconut-300x300.png\" alt=\"\" width=\"615\" height=\"615\" \/><\/p>\n<p>B\u1ed9t frappe base l\u00e0 m\u1ed9t lo\u1ea1i b\u1ed9t n\u1ec1n d\u00f9ng trong ch\u1ebf bi\u1ebfn c\u00e0 ph\u00ea \u0111\u00e1 xay v\u00e0 ice blended b\u1eb1ng m\u00e1y xay sinh t\u1ed1 th\u00f4ng th\u01b0\u1eddng r\u1ea5t \u0111\u01a1n gi\u1ea3n v\u00e0 ti\u1ec7n l\u1ee3i. Th\u1ee9c u\u1ed1ng s\u1eed d\u1ee5ng b\u1ed9t frappe c\u00f3 m\u00f9i v\u1ecb h\u1ea5p d\u1eabn, \u0111\u1ed9 s\u00e1nh v\u1eeba ph\u1ea3i, \u0111\u1ed3ng nh\u1ea5t, gi\u00fap gia t\u0103ng \u0111\u00e1ng k\u1ec3 gi\u00e1 tr\u1ecb v\u00e0 ch\u1ea5t l\u01b0\u1ee3ng th\u1ee9c u\u1ed1ng c\u1ee7a b\u1ea1n.<\/p>\n<p><img loading=\"lazy\" decoding=\"async\" class=\"wp-image-21976 aligncenter\" src=\"https:\/\/havamall.com\/wp-content\/uploads\/2021\/09\/Tim-Bits-Choco-300x169.png\" alt=\"\" width=\"609\" height=\"343\" \/><\/p>\n<h3><strong>C\u00f4ng d\u1ee5ng c\u1ee7a b\u1ed9t \u0111\u00e1 xay\u00a0frappe Ciel:<\/strong><\/h3>\n<blockquote>\n<p id=\"toc-5\">\n<\/blockquote>\n<p>&gt; H\u1ea1n ch\u1ebf ph\u00e2n t\u1ea7ng<\/p>\n<p id=\"toc-6\">&gt; \u0110\u1ea3m b\u1ea3o \u1ed5n \u0111\u1ecbnh m\u00f9i v\u1ecb th\u1ee9c u\u1ed1ng<\/p>\n<p id=\"toc-7\">&gt; Gi\u1ea3m thi\u1ec3u t\u1ed1i \u0111a qu\u00e1 tr\u00ecnh l\u00e0m tan \u0111\u00e1<\/p>\n<p><img loading=\"lazy\" decoding=\"async\" class=\"wp-image-21977 aligncenter\" src=\"https:\/\/havamall.com\/wp-content\/uploads\/2021\/09\/Paleo--222x300.png\" alt=\"\" width=\"592\" height=\"800\" \/><\/p>\n<h3><strong>H\u01af\u1edaNG D\u1eaaN S\u1eec D\u1ee4NG:<\/strong><\/h3>\n<p>&#8211; Th\u00f4ng th\u01b0\u1eddng, m\u1ed9t ly \u0111\u1ed3 u\u1ed1ng \u0111\u00e1 xay s\u1ebd s\u1eed d\u1ee5ng kho\u1ea3ng 10gr b\u1ed9t frappe. Ngo\u00e0i ra c\u00e1c lo\u1ea1i sinh t\u1ed1, smoothie\u2026 b\u1ea1n c\u00f3 th\u1ec3 d\u00f9ng \u1edf m\u1ee9c 3gr \u2013 5gr.<\/p>\n<p>&#8211; Cho b\u1ed9t v\u00e0o \u0111\u1ed3 u\u1ed1ng v\u00e0 khu\u1ea5y \u0111\u1ec1u, ho\u1eb7c xay nhuy\u1ec5n cho b\u1ed9t tan ho\u00e0n to\u00e0n l\u00e0 \u0111\u01b0\u1ee3c.<\/p>\n<p>&#8211; S\u1eed d\u1ee5ng trong c\u00e1c c\u00e1c m\u00f3n \u0111\u00e1 xay.<\/p>\n<p>&#8211; B\u1ea3o qu\u1ea3n n\u01a1i kh\u00f4 m\u00e1t, \u0111\u1eady k\u00edn s\u1ea3n ph\u1ea9m sau khi m\u1edf.<\/p>\n<p>S\u1ea3n ph\u1ea9m hi\u1ec7n \u0111\u00e3 c\u00f3 m\u1eb7t t\u1ea1i Havamall.<\/p>","protected":false},"excerpt":{"rendered":"<p>TH\u00d4NG TIN S\u1ea2N PH\u1ea8M Th\u01b0\u01a1ng hi\u1ec7u Ciel Xu\u1ea5t x\u1ee9 Vi\u1ec7t Nam Th\u00e0nh ph\u1ea7n B\u1ed9t kem t\u01b0\u01a1i, b\u1ed9t kem b\u00e9o th\u1ef1c<\/p>","protected":false},"featured_media":21995,"comment_status":"open","ping_status":"closed","template":"","meta":[],"product_brand":[],"product_cat":[730,135,36],"product_tag":[],"class_list":{"0":"post-21965","1":"product","2":"type-product","3":"status-publish","4":"has-post-thumbnail","6":"product_cat-cac-nuoc-khac","7":"product_cat-sua-do-uong","8":"product_cat-thuc-pham-tieu-dung","9":"pa_brand-ciel","11":"first","12":"instock","13":"sale","14":"shipping-taxable","15":"purchasable","16":"product-type-variable"},"_links":{"self":[{"href":"https:\/\/havamall.com\/en\/wp-json\/wp\/v2\/product\/21965","targetHints":{"allow":["GET"]}}],"collection":[{"href":"https:\/\/havamall.com\/en\/wp-json\/wp\/v2\/product"}],"about":[{"href":"https:\/\/havamall.com\/en\/wp-json\/wp\/v2\/types\/product"}],"replies":[{"embeddable":true,"href":"https:\/\/havamall.com\/en\/wp-json\/wp\/v2\/comments?post=21965"}],"version-history":[{"count":0,"href":"https:\/\/havamall.com\/en\/wp-json\/wp\/v2\/product\/21965\/revisions"}],"wp:featuredmedia":[{"embeddable":true,"href":"https:\/\/havamall.com\/en\/wp-json\/wp\/v2\/media\/21995"}],"wp:attachment":[{"href":"https:\/\/havamall.com\/en\/wp-json\/wp\/v2\/media?parent=21965"}],"wp:term":[{"taxonomy":"product_brand","embeddable":true,"href":"https:\/\/havamall.com\/en\/wp-json\/wp\/v2\/product_brand?post=21965"},{"taxonomy":"product_cat","embeddable":true,"href":"https:\/\/havamall.com\/en\/wp-json\/wp\/v2\/product_cat?post=21965"},{"taxonomy":"product_tag","embeddable":true,"href":"https:\/\/havamall.com\/en\/wp-json\/wp\/v2\/product_tag?post=21965"}],"curies":[{"name":"wp","href":"https:\/\/api.w.org\/{rel}","templated":true}]}}