{"id":21996,"date":"2021-09-15T11:39:15","date_gmt":"2021-09-15T04:39:15","guid":{"rendered":"https:\/\/havamall.com\/?post_type=product&#038;p=21996"},"modified":"2025-03-23T10:31:03","modified_gmt":"2025-03-23T03:31:03","slug":"bot-thach-jelly-ciel-1kg-jelly-power","status":"publish","type":"product","link":"https:\/\/havamall.com\/en\/shop\/bot-thach-jelly-ciel-1kg-jelly-power\/","title":{"rendered":"B\u1ed9t Th\u1ea1ch Jelly Ciel &#8211; Jelly Power"},"content":{"rendered":"<h3><strong>TH\u00d4NG TIN S\u1ea2N PH\u1ea8M<\/strong><\/h3>\n<table>\n<tbody>\n<tr>\n<td>Th\u01b0\u01a1ng hi\u1ec7u<\/td>\n<td>Ciel<\/td>\n<\/tr>\n<tr>\n<td>Xu\u1ea5t x\u1ee9<\/td>\n<td>Vi\u1ec7t Nam<\/td>\n<\/tr>\n<tr>\n<td>Th\u00e0nh ph\u1ea7n<\/td>\n<td>\u0110\u01b0\u1eddng, sodium citrate (INS 331), Carrageenan (INS 407), Kojac gum (INS 425)<\/td>\n<\/tr>\n<tr>\n<td>H\u1ea1n s\u1eed d\u1ee5ng<\/td>\n<td>12 th\u00e1ng k\u1ec3 t\u1eeb ng\u00e0y s\u1ea3n xu\u1ea5t.<\/td>\n<\/tr>\n<tr>\n<td>B\u1ea3o qu\u1ea3n<\/td>\n<td>B\u1ea3o qu\u1ea3n n\u01a1i kh\u00f4 r\u00e1o, tho\u00e1ng m\u00e1t<\/td>\n<\/tr>\n<tr>\n<td>Kh\u1ed1i l\u01b0\u1ee3ng t\u1ecbnh<\/td>\n<td>1kg<\/td>\n<\/tr>\n<\/tbody>\n<\/table>\n<p>Ng\u00e0y nay, rau c\u00e2u hay th\u1ea1ch l\u00e0 m\u1ed9t m\u00f3n \u0103n \u01b0a th\u00edch c\u1ee7a nhi\u1ec1u ng\u01b0\u1eddi, \u0111\u1eb7c bi\u1ec7t trong m\u00f9a h\u00e8 n\u1eafng n\u00f3ng. Ngo\u00e0i l\u00e0 m\u1ed9t \u0103n gi\u1ea3i m\u00e1t cho c\u01a1 th\u1ec3, rau c\u00e2u c\u00f2n l\u00e0 m\u00f3n \u0103n trang tr\u00ed r\u1ea5t \u0111\u1eb9p trong c\u00e1c bu\u1ed5i ti\u1ec7c sinh nh\u1eadt, \u0111\u00e1m c\u01b0\u1edbi\u2026<\/p>\n<p><img fetchpriority=\"high\" decoding=\"async\" class=\"wp-image-21998 aligncenter\" src=\"https:\/\/havamall.com\/wp-content\/uploads\/2021\/09\/rau-c\u00e2u-2-300x183.png\" alt=\"\" width=\"646\" height=\"394\" \/><\/p>\n<p>B\u1ed9t th\u1ea1ch jelly CIEL\u00a0c\u00f3 \u0111\u1ed9 trong, m\u1ecbn khi c\u1eaft, \u00edt b\u1ecb t\u00e1ch n\u01b0\u1edbc, khi n\u1ea5u kh\u00f4ng c\u00f3 m\u00f9i tanh. \u0110i\u1ec1u quan tr\u1ecdng l\u00e0 b\u1ed9t S\u00f3c V\u00e0ng r\u1ea5t d\u1ec5 \u0111i\u1ec1u ch\u1ec9nh \u0111\u1ed9 d\u1ebbo, gi\u00f2n.<\/p>\n<p>B\u1ed9t th\u1ea1ch jelly CIEL \u0111\u01b0\u1ee3c s\u1ea3n xu\u1ea5t t\u1eeb c\u00e1c lo\u1ea1i t\u1ea3o bi\u1ec3n t\u1ef1 nhi\u00ean, an to\u00e0n cho s\u1ee9c kh\u1ecfe, s\u1ea3n ph\u1ea9m l\u00e0 nguy\u00ean li\u1ec7u ch\u00ednh l\u00e0m n\u00ean m\u00f3n th\u1ea1ch v\u1eeba c\u00f3 \u0111\u1ed9 gi\u00f2n, v\u1eeba c\u00f3 \u0111\u1ed9 d\u1ebbo r\u1ea5t ph\u00f9 h\u1ee3p trong c\u00f4ng th\u1ee9c pha ch\u1ebf c\u00e1c m\u00f3n tr\u00e0 s\u1eefa, c\u00e1c m\u00f3n ch\u00e8, c\u00e1c m\u00f3n tr\u00e1ng mi\u1ec7ng, c\u00e1c m\u00f3n gi\u1ea3i kh\u00e1t.<\/p>\n<p><img decoding=\"async\" class=\"wp-image-21999 aligncenter\" src=\"https:\/\/havamall.com\/wp-content\/uploads\/2021\/09\/rau-c\u00e2u-7-300x204.png\" alt=\"\" width=\"642\" height=\"437\" \/><\/p>\n<p>\u0110\u1eb7c bi\u1ec7t, b\u1ed9t th\u1ea1ch Jelly CIEL \u0111\u01b0\u1ee3c \u01b0a chu\u1ed9ng b\u1edfi c\u00e1ch l\u00e0m nhanh g\u1ecdn, gi\u00fap ti\u1ebft ki\u1ec7m th\u1eddi gian v\u00e0 c\u00f4ng s\u1ee9c, t\u1ea5t c\u1ea3 c\u00e1c vi\u1ec7c ph\u1ea3i l\u00e0m l\u00e0 h\u00f2a tan m\u1ed9t g\u00f3i b\u1ed9t th\u1ea1ch rau c\u00e2u CIEL v\u00e0o n\u01b0\u1edbc s\u00f4i b\u1ea1n s\u1ebd c\u00f3 \u0111\u01b0\u1ee3c th\u00e0nh ph\u1ea9m \u0111\u1eb9p m\u1eaft v\u00e0 th\u01a1m ngon.<\/p>\n<p><img decoding=\"async\" class=\"wp-image-22000 aligncenter\" src=\"https:\/\/havamall.com\/wp-content\/uploads\/2021\/09\/rau-c\u00e2u-1-300x281.png\" alt=\"\" width=\"641\" height=\"601\" \/><\/p>\n<p>B\u1ea1n c\u00f3 th\u1ec3 \u0103n th\u1ea1ch rau c\u00e2u \u0111\u01a1n thu\u1ea7n ho\u1eb7c d\u00f9ng \u0103n k\u00e8m v\u1edbi s\u1eefa chua, ch\u00e8, kem ho\u1eb7c s\u1eefa \u0111\u1eb7c \u0111\u1ec1u r\u1ea5t th\u01a1m ngon. B\u1ed9t\u00a0th\u1ea1ch Jelly CIEL gi\u00fap c\u00e1c b\u00e0 n\u1ed9i tr\u1ee3 d\u1ec5 d\u00e0ng ch\u1ebf bi\u1ebfn m\u00f3n th\u1ea1ch th\u01a1m ngon an to\u00e0n cho c\u1ea3 gia \u0111\u00ecnh.<\/p>\n<p><img loading=\"lazy\" decoding=\"async\" class=\"wp-image-22004 aligncenter\" src=\"https:\/\/havamall.com\/wp-content\/uploads\/2021\/09\/rau-c\u00e2u-8-300x197.png\" alt=\"\" width=\"645\" height=\"424\" \/><\/p>\n<h3><strong>\u0110\u1eb7c \u0111i\u1ec3m n\u1ed5i b\u1eadt c\u1ee7a s\u1ea3n ph\u1ea9m:<\/strong><\/h3>\n<p>&#8211; S\u1ea3n ph\u1ea9m\u00a0\u0111\u01b0\u1ee3c r\u1ea5t nhi\u1ec1u ng\u01b0\u1eddi ti\u00eau d\u00f9ng\u00a0y\u00eau th\u00edch b\u1edfi t\u00ednh ti\u1ec7n d\u1ee5ng v\u00e0 h\u01b0\u01a1ng v\u1ecb th\u01a1m ngon c\u1ee7a th\u00e0nh ph\u1ea9m.<\/p>\n<p>&#8211; B\u1ed9t\u00a0th\u1ea1ch Jelly CIEL ch\u1ebf bi\u1ebfn \u0111\u01a1n gi\u1ea3n, l\u00e0 m\u00f3n \u0103n kho\u00e1i kh\u1ea9u cho nhi\u1ec1u gia \u0111\u00ecnh.<\/p>\n<p>&#8211; Th\u1ea1ch dai trong su\u1ed1t v\u1edbi h\u01b0\u01a1ng v\u1ecb d\u1eeba\u00a0th\u01a1m m\u00e1t, \u0111\u1eb7c t\u00ednh d\u1ebbo, m\u1ec1m; th\u1ea1ch c\u00f3 th\u1ec3 \u0111\u01b0\u1ee3c x\u1eaft th\u00e0nh nhi\u1ec1u mi\u1ebfng nh\u1ecf ho\u1eb7c t\u1ea1o khu\u00f4n h\u00ecnh \u0111a d\u1ea1ng, k\u00edch th\u00edch v\u1ecb gi\u00e1c khi th\u01b0\u1edfng th\u1ee9c.<\/p>\n<p><img loading=\"lazy\" decoding=\"async\" class=\"wp-image-22003 aligncenter\" src=\"https:\/\/havamall.com\/wp-content\/uploads\/2021\/09\/rau-c\u00e2u-300x187.png\" alt=\"\" width=\"641\" height=\"400\" \/><\/p>\n<h3><strong>H\u01b0\u1edbng d\u1eabn s\u1eed d\u1ee5ng: <\/strong><\/h3>\n<p>&#8211; B\u01b0\u1edbc 1: H\u00f2a tan 1 g\u00f3i b\u1ed9t th\u1ea1ch rau c\u00e2u Jelly 140g v\u1edbi 800 &#8211; 1000 ml n\u01b0\u1edbc s\u00f4i, khu\u1ea5y \u0111\u1ec1u \u0111\u1ec3 ngu\u1ed9i.<\/p>\n<p>&#8211; B\u01b0\u1edbc 2: \u0110\u1ed5 h\u1ed7n h\u1ee3p v\u00e0o khu\u00f4n<\/p>\n<p>&#8211; B\u01b0\u1edbc 3: Khi th\u1ea1ch \u0111\u00f4ng l\u1ea1i, cho v\u00e0o ng\u0103n m\u00e1t t\u1ee7 l\u1ea1nh, \u00edt nh\u1ea5t 2 gi\u1edd tr\u01b0\u1edbc khi s\u1eed d\u1ee5ng.<\/p>\n<p>S\u1ea3n ph\u1ea9m hi\u1ec7n \u0111\u00e3 c\u00f3 m\u1eb7t t\u1ea1i Havamall.<\/p>\n<p><img loading=\"lazy\" decoding=\"async\" class=\"aligncenter\" src=\"https:\/\/havamall.com\/wp-content\/uploads\/2021\/09\/Mango-Panna-Cotta-scaled.jpg\" alt=\"Mango Panna Cotta Recipe - Pasta.com\" width=\"644\" height=\"430\" \/><\/p>","protected":false},"excerpt":{"rendered":"<p>TH\u00d4NG TIN S\u1ea2N PH\u1ea8M Th\u01b0\u01a1ng hi\u1ec7u Ciel Xu\u1ea5t x\u1ee9 Vi\u1ec7t Nam Th\u00e0nh ph\u1ea7n \u0110\u01b0\u1eddng, sodium citrate (INS 331), Carrageenan (INS<\/p>","protected":false},"featured_media":22006,"comment_status":"open","ping_status":"closed","template":"","meta":[],"product_brand":[],"product_cat":[730,36],"product_tag":[],"class_list":{"0":"post-21996","1":"product","2":"type-product","3":"status-publish","4":"has-post-thumbnail","6":"product_cat-cac-nuoc-khac","7":"product_cat-thuc-pham-tieu-dung","8":"pa_brand-ciel","10":"first","11":"outofstock","12":"sale","13":"shipping-taxable","14":"purchasable","15":"product-type-variable"},"_links":{"self":[{"href":"https:\/\/havamall.com\/en\/wp-json\/wp\/v2\/product\/21996","targetHints":{"allow":["GET"]}}],"collection":[{"href":"https:\/\/havamall.com\/en\/wp-json\/wp\/v2\/product"}],"about":[{"href":"https:\/\/havamall.com\/en\/wp-json\/wp\/v2\/types\/product"}],"replies":[{"embeddable":true,"href":"https:\/\/havamall.com\/en\/wp-json\/wp\/v2\/comments?post=21996"}],"version-history":[{"count":0,"href":"https:\/\/havamall.com\/en\/wp-json\/wp\/v2\/product\/21996\/revisions"}],"wp:featuredmedia":[{"embeddable":true,"href":"https:\/\/havamall.com\/en\/wp-json\/wp\/v2\/media\/22006"}],"wp:attachment":[{"href":"https:\/\/havamall.com\/en\/wp-json\/wp\/v2\/media?parent=21996"}],"wp:term":[{"taxonomy":"product_brand","embeddable":true,"href":"https:\/\/havamall.com\/en\/wp-json\/wp\/v2\/product_brand?post=21996"},{"taxonomy":"product_cat","embeddable":true,"href":"https:\/\/havamall.com\/en\/wp-json\/wp\/v2\/product_cat?post=21996"},{"taxonomy":"product_tag","embeddable":true,"href":"https:\/\/havamall.com\/en\/wp-json\/wp\/v2\/product_tag?post=21996"}],"curies":[{"name":"wp","href":"https:\/\/api.w.org\/{rel}","templated":true}]}}