{"id":22008,"date":"2021-09-15T14:21:30","date_gmt":"2021-09-15T07:21:30","guid":{"rendered":"https:\/\/havamall.com\/?post_type=product&#038;p=22008"},"modified":"2025-03-23T10:31:09","modified_gmt":"2025-03-23T03:31:09","slug":"bot-chanh-tuoi-ciel-500g-lemon-powder","status":"publish","type":"product","link":"https:\/\/havamall.com\/en\/shop\/bot-chanh-tuoi-ciel-500g-lemon-powder\/","title":{"rendered":"B\u1ed9t Chanh T\u01b0\u01a1i Ciel &#8211; Lemon Powder"},"content":{"rendered":"<h3><strong>TH\u00d4NG TIN S\u1ea2N PH\u1ea8M<\/strong><\/h3>\n<table>\n<tbody>\n<tr>\n<td>Th\u01b0\u01a1ng hi\u1ec7u<\/td>\n<td>Ciel<\/td>\n<\/tr>\n<tr>\n<td>Xu\u1ea5t x\u1ee9<\/td>\n<td>Vi\u1ec7t Nam<\/td>\n<\/tr>\n<tr>\n<td>Th\u00e0nh ph\u1ea7n<\/td>\n<td>\u0110\u01b0\u1eddng dextrose, h\u01b0\u01a1ng chanh t\u1ef1 nhi\u00ean, b\u1ed9t chanh, mu\u1ed1i,&#8230;<\/td>\n<\/tr>\n<tr>\n<td>H\u1ea1n s\u1eed d\u1ee5ng<\/td>\n<td>12 th\u00e1ng k\u1ec3 t\u1eeb ng\u00e0y s\u1ea3n xu\u1ea5t.<\/td>\n<\/tr>\n<tr>\n<td>B\u1ea3o qu\u1ea3n<\/td>\n<td>B\u1ea3o qu\u1ea3n n\u01a1i kh\u00f4 r\u00e1o, tho\u00e1ng m\u00e1t<\/td>\n<\/tr>\n<tr>\n<td>Kh\u1ed1i l\u01b0\u1ee3ng t\u1ecbnh<\/td>\n<td>500g<\/td>\n<\/tr>\n<\/tbody>\n<\/table>\n<p>B\u1ed9t chanh t\u01b0\u01a1i ciel l\u00e0 m\u1ed9t gia v\u1ecb ti\u1ec7n d\u1ee5ng, \u0111\u01b0\u1ee3c s\u1eed d\u1ee5ng trong ch\u1ebf bi\u1ebfn th\u1ef1c ph\u1ea9m nh\u1eb1m t\u0103ng c\u01b0\u1eddng \u0111\u1ed9 th\u01a1m ngon cho m\u00f3n \u0103n.<\/p>\n<p><img fetchpriority=\"high\" decoding=\"async\" class=\"wp-image-22010 aligncenter\" src=\"https:\/\/havamall.com\/wp-content\/uploads\/2021\/09\/lemon2-e1617859326873-300x225.png\" alt=\"\" width=\"558\" height=\"419\" \/><\/p>\n<p>Thay v\u00ec ch\u00fang ta ph\u1ea3i \u0111\u1ec3 nh\u1eefng qu\u1ea3\u00a0chanh t\u01b0\u01a1i\u00a0trong nh\u00e0 th\u00ec vi\u1ec7c b\u1ea3o qu\u1ea3n kh\u00f3 kh\u0103n v\u00e0 th\u1eddi gian s\u1eed d\u1ee5ng ng\u1eafn ng\u00e0y. Do \u0111\u00f3 b\u1ed9t chanh \u0111\u1ea3m b\u1ea3o ch\u00fang ta lu\u00f4n c\u00f3 m\u1ed9t gia v\u1ecb t\u0103ng \u0111\u1ed9 chua ngon khi v\u00e0o b\u1ebfp.<\/p>\n<p>T\u1ea1o v\u1ecb chua ngon h\u1ea5p d\u1eabn v\u00e0 \u0111\u01b0\u1ee3c s\u1eed d\u1ee5ng cho c\u00e1c m\u00f3n nh\u01b0: l\u1ea9u chua cay, l\u1ea9u Th\u00e1i, l\u1ea9u Tomyum, c\u00e1c m\u00f3n g\u1ecfi, m\u00ec cay, c\u00e1c lo\u1ea1i n\u01b0\u1edbc s\u1ed1t.\u00a0B\u1ed9t Chanh Gia V\u1ecb l\u00e0 lo\u1ea1i gia v\u1ecb \u0111\u1eb7c bi\u1ec7t v\u1edbi th\u00e0nh ph\u1ea7n b\u1ed9t chanh nguy\u00ean ch\u1ea5t t\u1ea1o h\u01b0\u01a1ng v\u1ecb chanh t\u1ef1 nhi\u00ean cho c\u00e1c m\u00f3n \u0103n, l\u00e0 s\u1ea3n ph\u1ea9m ti\u1ec7n d\u1ee5ng, ti\u1ebft ki\u1ec7m v\u00e0 hi\u1ec7u qu\u1ea3 cho nh\u00e0 b\u1ebfp.<\/p>\n<p><img decoding=\"async\" class=\"wp-image-22057 aligncenter\" src=\"https:\/\/havamall.com\/wp-content\/uploads\/2021\/09\/dui-ga-sot-cam-1-1-300x200.png\" alt=\"\" width=\"557\" height=\"372\" \/><\/p>\n<p>Dinh d\u01b0\u1ee1ng t\u1eeb c\u1ed1t Chanh\u00a0l\u00e0 ngu\u1ed3n th\u1ef1c ph\u1ea9m thi\u00ean nhi\u00ean gi\u00e0u h\u00e0m l\u01b0\u1ee3ng vitamin C v\u00e0 ch\u1ea5t x\u01a1. Ch\u1ee9a nhi\u1ec1u kho\u00e1ng ch\u1ea5t th\u1ef1c v\u1eadt v\u00e0 tinh d\u1ea7u Chanh giup cho m\u00f3n \u0111\u01b0\u1ee3c th\u01a1m ngon, k\u00edch th\u00edch ti\u00eau h\u00f3a cho b\u1eefa \u0103n ngon h\u01a1n.<\/p>\n<p><img decoding=\"async\" class=\"wp-image-22012 aligncenter\" src=\"https:\/\/havamall.com\/wp-content\/uploads\/2021\/09\/0a16d4e5-c6de-4da3-300x200.png\" alt=\"\" width=\"533\" height=\"356\" \/><\/p>\n<h3><strong>\u0110\u1eb7c \u0111i\u1ec3m n\u1ed5i b\u1eadt c\u1ee7a s\u1ea3n ph\u1ea9m:<\/strong><\/h3>\n<p>&gt; Gi\u00fap cho c\u00e1c m\u00f3n \u0103n c\u00f3 v\u1ecb chua \u0111\u1eadm \u0111\u00e0 h\u01a1n.<\/p>\n<p>&gt; Kh\u00f4ng c\u1ea7n ph\u1ea3i d\u1ef1 tr\u1eef s\u1eb5n chanh t\u01b0\u01a1i trong nh\u00e0.<\/p>\n<p>&gt; Kh\u00f4ng g\u00e2y v\u1ecb \u0111\u1eafng.<\/p>\n<p>&gt; Gi\u00fap b\u1ea1n kh\u00f4ng ph\u1ea3i l\u01b0u tr\u1eef chanh t\u01b0\u01a1i<\/p>\n<p>&gt; D\u1ec5 d\u00e0ng h\u01a1n cho m\u00f3n ngon m\u1ed7i ng\u00e0y<\/p>\n<p><img loading=\"lazy\" decoding=\"async\" class=\"wp-image-22013 aligncenter\" src=\"https:\/\/havamall.com\/wp-content\/uploads\/2021\/09\/B\u1ed8T-CHANH-1-300x225.png\" alt=\"\" width=\"525\" height=\"394\" \/><\/p>\n<h3><strong>H\u01b0\u1edbng d\u1eabn s\u1eed d\u1ee5ng:<\/strong><\/h3>\n<p>&#8211; B\u1ed9t chanh C\u00f3 th\u1ec3 s\u1eed d\u1ee5ng h\u00e0ng ng\u00e0y t\u1ea1i gia \u0111\u00ecnh ho\u1eb7c t\u1ea1i c\u00e1c nh\u00e0 h\u00e0ng, qu\u00e1n \u0103n,v.v\u2026<\/p>\n<p>&#8211; V\u00e0 \u0111\u01b0\u1ee3c s\u1eed d\u1ee5ng cho c\u00e1c m\u00f3n l\u1ea9u chua cay, l\u1ea9u Th\u00e1i, l\u1ea9u Tomyum, c\u00e1c m\u00f3n g\u1ecfi v\u00e0 c\u00e1c m\u00f3n \u0103n g\u1ea7n g\u0169i v\u1edbi gia \u0111\u00ecnh nh\u01b0 canh, x\u00e0o, s\u00fap, c\u00e0 ri, rau tr\u1ed9n, c\u00e1c lo\u1ea1i n\u01b0\u1edbc s\u1ed1t<\/p>\n<p>&#8211; D\u00f9ng nh\u01b0 gia v\u1ecb \u0111\u1ec3 \u01b0\u1edbp c\u00e1c m\u00f3n n\u01b0\u1edbng, s\u1ebd g\u00f3p ph\u1ea7n l\u00e0m t\u0103ng m\u00f9i v\u00e0 v\u1ecb c\u1ee7a m\u00f3n \u0103n khi ch\u1ebf bi\u1ebfn.<\/p>\n<p>S\u1ea3n ph\u1ea9m hi\u1ec7n \u0111\u00e3 c\u00f3 m\u1eb7t t\u1ea1i Havamall.<\/p>\n<p><img loading=\"lazy\" decoding=\"async\" class=\"wp-image-22014 aligncenter\" src=\"https:\/\/havamall.com\/wp-content\/uploads\/2021\/09\/2e1f10f0-fe82-4f8-300x300.png\" alt=\"\" width=\"527\" height=\"527\" \/><\/p>","protected":false},"excerpt":{"rendered":"<p>TH\u00d4NG TIN S\u1ea2N PH\u1ea8M Th\u01b0\u01a1ng hi\u1ec7u Ciel Xu\u1ea5t x\u1ee9 Vi\u1ec7t Nam Th\u00e0nh ph\u1ea7n \u0110\u01b0\u1eddng dextrose, h\u01b0\u01a1ng chanh t\u1ef1 nhi\u00ean, b\u1ed9t<\/p>","protected":false},"featured_media":22015,"comment_status":"open","ping_status":"closed","template":"","meta":[],"product_brand":[],"product_cat":[730,36,134],"product_tag":[],"class_list":{"0":"post-22008","1":"product","2":"type-product","3":"status-publish","4":"has-post-thumbnail","6":"product_cat-cac-nuoc-khac","7":"product_cat-thuc-pham-tieu-dung","8":"product_cat-thucpham-saykho","9":"pa_brand-ciel","11":"first","12":"instock","13":"sale","14":"shipping-taxable","15":"purchasable","16":"product-type-variable","17":"has-default-attributes"},"_links":{"self":[{"href":"https:\/\/havamall.com\/en\/wp-json\/wp\/v2\/product\/22008","targetHints":{"allow":["GET"]}}],"collection":[{"href":"https:\/\/havamall.com\/en\/wp-json\/wp\/v2\/product"}],"about":[{"href":"https:\/\/havamall.com\/en\/wp-json\/wp\/v2\/types\/product"}],"replies":[{"embeddable":true,"href":"https:\/\/havamall.com\/en\/wp-json\/wp\/v2\/comments?post=22008"}],"version-history":[{"count":0,"href":"https:\/\/havamall.com\/en\/wp-json\/wp\/v2\/product\/22008\/revisions"}],"wp:featuredmedia":[{"embeddable":true,"href":"https:\/\/havamall.com\/en\/wp-json\/wp\/v2\/media\/22015"}],"wp:attachment":[{"href":"https:\/\/havamall.com\/en\/wp-json\/wp\/v2\/media?parent=22008"}],"wp:term":[{"taxonomy":"product_brand","embeddable":true,"href":"https:\/\/havamall.com\/en\/wp-json\/wp\/v2\/product_brand?post=22008"},{"taxonomy":"product_cat","embeddable":true,"href":"https:\/\/havamall.com\/en\/wp-json\/wp\/v2\/product_cat?post=22008"},{"taxonomy":"product_tag","embeddable":true,"href":"https:\/\/havamall.com\/en\/wp-json\/wp\/v2\/product_tag?post=22008"}],"curies":[{"name":"wp","href":"https:\/\/api.w.org\/{rel}","templated":true}]}}