{"id":22160,"date":"2021-09-17T17:38:11","date_gmt":"2021-09-17T10:38:11","guid":{"rendered":"https:\/\/havamall.com\/?post_type=product&#038;p=22160"},"modified":"2022-02-21T11:09:00","modified_gmt":"2022-02-21T04:09:00","slug":"mi-y-sot-bo-bam-le-gourmet-200g-spaghetti-with-minced-beef-sauce","status":"publish","type":"product","link":"https:\/\/havamall.com\/en\/shop\/mi-y-sot-bo-bam-le-gourmet-200g-spaghetti-with-minced-beef-sauce\/","title":{"rendered":"M\u00ec \u00dd S\u1ed1t B\u00f2 B\u1eb1m Le Gourmet 200g &#8211; Spaghetti With Minced Beef Sauce"},"content":{"rendered":"<h3><strong>TH\u00d4NG TIN TH\u01af\u01a0NG HI\u1ec6U<\/strong><\/h3>\n<p>Le Gourmet l\u00e0 nh\u00e3n hi\u1ec7u thu\u1ed9c\u00a0C\u00f4ng Ty TNHH San Miguel Pure Foods (VN), \u0111\u00e2y l\u00e0 c\u00f4ng ty con \u0111\u01b0\u01a1\u0323c s\u1edf h\u1eefu ho\u00e0n to\u00e0n b\u1edfi t\u1eadp \u0111o\u00e0n San Miguel Philippine. T\u1eadp \u0111o\u00e0n San Miguel \u0111\u01b0\u1ee3c th\u00e0nh l\u1eb7p v\u00e0o 1890 t\u1ea1i Philippine. Hi\u1ec7n nay l\u00e0 m\u1ed9t trong nh\u1eefng t\u1eadp \u0111o\u00e0n th\u1ef1c ph\u1ea9m, n\u01b0\u1edbc gi\u1ea3i kh\u00e1t v\u00e0 bao b\u00ec l\u1edbn nh\u1ea5t \u0110\u00f4ng Nam \u00c1.<\/p>\n<p>V\u00e0o n\u0103m 2006 nh\u00e3n hi\u1ec7u Le Gourmet v\u00e0 nh\u00e0 m\u00e1y s\u1ea3n xu\u1ea5t th\u1ecbt ch\u1ebf bi\u1ebfn \u0111\u01b0\u1ee3c San Miguel mua l\u1ea1i. K\u1ebft h\u1ee3p k\u1ef9 thu\u1eadt v\u00e0 kinh nghi\u1ec7m c\u1ee7a t\u1eadp \u0111o\u00e0n San Miguel nh\u00e0 m\u00e1y s\u1ea3n xu\u1ea5t th\u1ecbt ch\u1ebf bi\u1ebfn Le Gourmet cung c\u1ea5p ra c\u00e1c d\u00f2ng s\u1ea3n ph\u1ea9m ch\u00e2\u0301t l\u01b0\u01a1\u0323ng \u0111\u00e1p \u1ee9ng c\u1ea3 nhu c\u1ea7u \u1ea9m th\u1ef1c ph\u01b0\u01a1ng T\u00e2y v\u00e0 truy\u1ec1n th\u1ed1ng.<\/p>\n<p><img fetchpriority=\"high\" decoding=\"async\" class=\"wp-image-22162 aligncenter\" src=\"https:\/\/havamall.com\/wp-content\/uploads\/2021\/09\/LE-GUOTMEAT-3-300x300.png\" alt=\"\" width=\"662\" height=\"662\" \/><\/p>\n<p>M\u00ec \u00dd s\u1ed1t b\u00f2 b\u1eb1m Le Gourmet 200g l\u00e0 m\u1ed9t s\u1ea3n ph\u1ea9m \u0111\u00f3ng g\u00f3i \u0111\u00e3 \u0111\u01b0\u1ee3c n\u1ea5u ch\u00edn s\u1eb5n v\u00f4 c\u00f9ng ti\u1ec7n l\u1ee3i, b\u1ea1n ch\u1ec9 c\u1ea7n h\u00e2m n\u00f3ng l\u1ea1i l\u00e0 c\u00f3 th\u1ec3 th\u01b0\u1edfng th\u1ee9c ngay m\u1ed9t d\u0129a spaghetti th\u01a1m n\u00f3ng, h\u1ea5p d\u1eabn.<\/p>\n<h3><strong>TH\u00d4NG TIN S\u1ea2N PH\u1ea8M<\/strong><\/h3>\n<table>\n<tbody>\n<tr>\n<td>Th\u01b0\u01a1ng hi\u1ec7u<\/td>\n<td>Le Gourmet<\/td>\n<\/tr>\n<tr>\n<td>Xu\u1ea5t x\u1ee9<\/td>\n<td>Vi\u1ec7t Nam<\/td>\n<\/tr>\n<tr>\n<td>Th\u00e0nh ph\u1ea7n<\/td>\n<td>M\u00ec (60%): B\u1ed9t l\u00faa m\u00ec, n\u01b0\u1edbc<\/p>\n<p>G\u00f3i s\u1ed1t (40%): Th\u1ecbt b\u00f2 10%, th\u1ecbt heo, t\u01b0\u01a1ng c\u00e0, n\u01b0\u1edbc, h\u00e0nh t\u00e2y, d\u1ea7u \u0103n, ch\u1ea5t \u1ed5n \u0111\u1ecbnh (1422), \u0111\u01b0\u1eddng, h\u1ea1t n\u00eam, mu\u1ed1i, t\u1ecfi, l\u00e1 Thym, l\u00e1 Oregano, l\u00e1 Basil<\/td>\n<\/tr>\n<tr>\n<td>C\u00e1ch d\u00f9ng<\/td>\n<td>R\u00e3 \u0111\u00f4ng v\u00e0 h\u00e2m n\u00f3ng tr\u01b0\u1edbc khi s\u1eed d\u1ee5ng. Tr\u1ed9n \u0111\u1ec1u s\u1ed1t v\u1edbi m\u00ec, c\u00f3 th\u1ec3 d\u00f9ng k\u00e8m v\u1edbi t\u01b0\u01a1ng \u1edbt ho\u1eb7c ph\u00f4 mai<\/td>\n<\/tr>\n<tr>\n<td>B\u1ea3o qu\u1ea3n<\/td>\n<td>B\u1ea3o qu\u1ea3n l\u1ea1nh \u1edf nhi\u1ec7t \u0111\u1ed9 t\u1eeb 0 \u0111\u1ebfn -3 \u0111\u1ed9 C. B\u1ea3o qu\u1ea3n \u0111\u00f4ng \u1edf nhi\u1ec7t \u0111\u1ed9 -18 \u0111\u1ebfn -12 \u0111\u1ed9 C. N\u1ebfu \u0111\u00e3 c\u1eaft, ph\u1ea7n c\u00f2n l\u1ea1i b\u1ea3o qu\u1ea3n trong ng\u0103n \u0111\u00f4ng.<\/td>\n<\/tr>\n<tr>\n<td>Kh\u1ed1i l\u01b0\u1ee3ng t\u1ecbnh<\/td>\n<td>200<\/td>\n<\/tr>\n<\/tbody>\n<\/table>\n<p><img decoding=\"async\" class=\"wp-image-22163 aligncenter\" src=\"https:\/\/havamall.com\/wp-content\/uploads\/2021\/09\/m\u00ec-\u00fd-7-300x169.png\" alt=\"\" width=\"660\" height=\"372\" \/><\/p>\n<p>M\u00ec \u00dd s\u1ed1t b\u00f2 b\u1eb1m Le Gourmet l\u00e0 lo\u1ea1i\u00a0th\u1ef1c ph\u1ea9m\u00a0\u0103n li\u1ec1n\u00a0\u0111ang \u0111\u01b0\u1ee3c \u01b0a chu\u1ed9ng tr\u00ean th\u1ecb tr\u01b0\u1eddng kh\u00f4ng ch\u1ec9 b\u1edfi ch\u1ea5t l\u01b0\u1ee3ng m\u00e0 c\u00f2n v\u00ec n\u00f3 c\u00f2n c\u00f3 gi\u00e1 th\u00e0nh v\u1eeba t\u00fai \u0111\u1ebfn t\u1eeb th\u01b0\u01a1ng hi\u1ec7u\u00a0th\u1ef1c ph\u1ea9m Le Gourmet.\u00a0M\u00ec \u00fd s\u1ed1t b\u00f2 b\u1eb1m Le Gourmet khay 200g\u00a0l\u00e0 s\u1ef1 k\u1ebft h\u1ee3p gi\u1eefa nh\u1eefng s\u1ee3i m\u00ec \u00dd dai dai c\u00f9ng s\u1ed1t c\u00e0 chua c\u00f3 th\u1ecbt b\u00f2 \u0111\u1ea7y dinh d\u01b0\u1ee1ng.<\/p>\n<p><img decoding=\"async\" class=\"wp-image-22164 aligncenter\" src=\"https:\/\/havamall.com\/wp-content\/uploads\/2021\/09\/m\u00ec-\u00fd-4-239x300.png\" alt=\"\" width=\"651\" height=\"817\" \/><\/p>\n<p>M\u00ec c\u00f3 d\u1ea1ng s\u1ee3i \u1ed1ng d\u00e0i tr\u00f2n m\u00e0u v\u00e0ng \u0111\u1eb7c tr\u01b0ng c\u1ee7a m\u00ec \u00dd \u0111\u01b0\u1ee3c l\u00e0m t\u1eeb b\u1ed9t l\u00faa m\u00ec, c\u00f3 \u0111\u1ed9 dai m\u1ec1m v\u1eeba \u0103n. G\u00f3i s\u1ed1t \u0103n k\u00e8m l\u00e0 m\u1ed9t s\u1ef1 k\u1ebft h\u1ee3p \u0111\u1eb7c bi\u1ec7t t\u1eeb nhi\u1ec1u nguy\u00ean li\u1ec7u v\u00e0 gia v\u1ecb nh\u01b0 th\u1ecbt b\u00f2 b\u1eb1m, th\u1ecbt heo b\u1eb1m, t\u01b0\u01a1ng c\u00e0, h\u00e0nh t\u00e2y, mu\u1ed1i, t\u1ecfi,&#8230;t\u1ea1o n\u00ean v\u1ecb chua chu\u1ea9n v\u1ecb, xen l\u1eabn v\u00e0o \u0111\u00f3 l\u00e0 nh\u1eefng mi\u1ebfng th\u1ecbt th\u01a1m s\u1ea7n s\u1eadt. Ngo\u00e0i ra, trong th\u00e0nh ph\u1ea7n c\u00f2n c\u00f3 l\u00e1 Thym, l\u00e1 Oregano v\u00e0 l\u00e1 Basil c\u00e0ng l\u00e0m d\u1eady m\u00f9i v\u00e0 t\u0103ng th\u00eam h\u01b0\u01a1ng v\u1ecb cho g\u00f3i s\u1ed1t.<\/p>\n<p><img loading=\"lazy\" decoding=\"async\" class=\"wp-image-22165 aligncenter\" src=\"https:\/\/havamall.com\/wp-content\/uploads\/2021\/09\/m\u00ec-\u00fd-5-253x300.png\" alt=\"\" width=\"650\" height=\"771\" \/><\/p>\n<p>C\u00e0ng ngon h\u01a1n khi ph\u1ee7 th\u00eam\u00a0ph\u00f4 mai mozzarella\u00a0l\u00ean m\u00ec ho\u1eb7c \u0103n k\u00e8m v\u1edbi t\u01b0\u01a1ng c\u00e0 v\u00e0 m\u1ed9t s\u1ed1 topping theo \u00fd th\u00edch.\u00a0L\u00e0 m\u1ed9t fan c\u1ee7a spaghetti th\u00ec b\u1ea1n kh\u00f4ng n\u00ean b\u1ecf qua s\u1ea3n ph\u1ea9m n\u00e0y nh\u00e9! R\u1ea5t ti\u1ec7n l\u1ee3i v\u00e0 d\u1ec5 ch\u1ebf bi\u1ebfn, th\u00edch h\u1ee3p d\u00f9ng l\u00e0m b\u1eefa s\u00e1ng, ti\u1ebft ki\u1ec7m \u0111\u01b0\u1ee3c nhi\u1ec1u th\u1eddi gian khi v\u00e0o b\u1ebfp.<\/p>\n<p><img loading=\"lazy\" decoding=\"async\" class=\"wp-image-22166 aligncenter\" src=\"https:\/\/havamall.com\/wp-content\/uploads\/2021\/09\/m\u00ec-\u00fd-300x300.png\" alt=\"\" width=\"650\" height=\"650\" \/><\/p>\n<h3><strong>H\u01b0\u1edbng d\u1eabn s\u1eed d\u1ee5ng:<\/strong><\/h3>\n<p>&#8211; R\u00e3 \u0111\u00f4ng v\u00e0 h\u00e2m n\u00f3ng tr\u01b0\u1edbc khi s\u1eed d\u1ee5ng<\/p>\n<p>&#8211; Tr\u1ed9n \u0111\u1ec1u s\u1ed1t v\u1edbi m\u00ec, c\u00f3 th\u1ec3 d\u00f9ng k\u00e8m v\u1edbi t\u01b0\u01a1ng \u1edbt ho\u1eb7c ph\u00f4 mai<\/p>\n<p>S\u1ea3n ph\u1ea9m hi\u1ec7n \u0111\u00e3 c\u00f3 m\u1eb7t t\u1ea1i Havamall.<\/p>\n<p><img loading=\"lazy\" decoding=\"async\" class=\"wp-image-22167 aligncenter\" src=\"https:\/\/havamall.com\/wp-content\/uploads\/2021\/09\/m\u00ec-\u00fd-1-298x300.png\" alt=\"\" width=\"650\" height=\"655\" \/><\/p>","protected":false},"excerpt":{"rendered":"<p>TH\u00d4NG TIN TH\u01af\u01a0NG HI\u1ec6U Le Gourmet l\u00e0 nh\u00e3n hi\u1ec7u thu\u1ed9c\u00a0C\u00f4ng Ty TNHH San Miguel Pure Foods (VN), \u0111\u00e2y l\u00e0 c\u00f4ng<\/p>","protected":false},"featured_media":22176,"comment_status":"open","ping_status":"closed","template":"","meta":[],"product_brand":[],"product_cat":[36,275],"product_tag":[],"class_list":{"0":"post-22160","1":"product","2":"type-product","3":"status-publish","4":"has-post-thumbnail","6":"product_cat-thuc-pham-tieu-dung","7":"product_cat-thuc-pham-dong-lanh","8":"pa_brand-le-gourmet","10":"first","11":"outofstock","12":"sale","13":"shipping-taxable","14":"purchasable","15":"product-type-simple"},"_links":{"self":[{"href":"https:\/\/havamall.com\/en\/wp-json\/wp\/v2\/product\/22160","targetHints":{"allow":["GET"]}}],"collection":[{"href":"https:\/\/havamall.com\/en\/wp-json\/wp\/v2\/product"}],"about":[{"href":"https:\/\/havamall.com\/en\/wp-json\/wp\/v2\/types\/product"}],"replies":[{"embeddable":true,"href":"https:\/\/havamall.com\/en\/wp-json\/wp\/v2\/comments?post=22160"}],"version-history":[{"count":0,"href":"https:\/\/havamall.com\/en\/wp-json\/wp\/v2\/product\/22160\/revisions"}],"wp:featuredmedia":[{"embeddable":true,"href":"https:\/\/havamall.com\/en\/wp-json\/wp\/v2\/media\/22176"}],"wp:attachment":[{"href":"https:\/\/havamall.com\/en\/wp-json\/wp\/v2\/media?parent=22160"}],"wp:term":[{"taxonomy":"product_brand","embeddable":true,"href":"https:\/\/havamall.com\/en\/wp-json\/wp\/v2\/product_brand?post=22160"},{"taxonomy":"product_cat","embeddable":true,"href":"https:\/\/havamall.com\/en\/wp-json\/wp\/v2\/product_cat?post=22160"},{"taxonomy":"product_tag","embeddable":true,"href":"https:\/\/havamall.com\/en\/wp-json\/wp\/v2\/product_tag?post=22160"}],"curies":[{"name":"wp","href":"https:\/\/api.w.org\/{rel}","templated":true}]}}