{"id":22194,"date":"2021-09-20T14:31:53","date_gmt":"2021-09-20T07:31:53","guid":{"rendered":"https:\/\/havamall.com\/?post_type=product&#038;p=22194"},"modified":"2022-05-23T17:35:25","modified_gmt":"2022-05-23T10:35:25","slug":"tom-lan-bot-tempuara-200g-purefoods-shrimp-tempura","status":"publish","type":"product","link":"https:\/\/havamall.com\/en\/shop\/tom-lan-bot-tempuara-200g-purefoods-shrimp-tempura\/","title":{"rendered":"T\u00f4m L\u0103n B\u1ed9t Tempuara 200g &#8211; Purefoods Shrimp Tempura"},"content":{"rendered":"<h3><strong>TH\u00d4NG TIN S\u1ea2N PH\u1ea8M<\/strong><\/h3>\n<table>\n<tbody>\n<tr>\n<td>Th\u01b0\u01a1ng hi\u1ec7u<\/td>\n<td>Purefoods<\/td>\n<\/tr>\n<tr>\n<td>H\u1ea1n s\u1eed d\u1ee5ng<\/td>\n<td>12 th\u00e1ng k\u1ec3 t\u1eeb ng\u00e0y s\u1ea3n xu\u1ea5t<\/td>\n<\/tr>\n<tr>\n<td>Th\u00e0nh ph\u1ea7n<\/td>\n<td>T\u00f4m, b\u1ed9t chi\u00ean gi\u00f2n, ch\u1ea5t \u1ed5n \u0111\u1ecbnh, tr\u1ee9ng g\u00e0, d\u1ea7u \u0103n, \u0111\u01b0\u1eddng,&#8230;<\/td>\n<\/tr>\n<tr>\n<td>C\u00e1ch d\u00f9ng<\/td>\n<td>R\u00e3 \u0111\u00f4ng t\u1ef1 nhi\u00ean kho\u1ea3ng 5 ph\u00fat. Chi\u00ean ng\u1eadp trong d\u1ea7u \u1edf nhi\u1ec7t \u0111\u1ed9 170 &#8211; 175 \u0111\u1ed9 C trong kho\u1ea3ng 2 &#8211; 3 ph\u00fat \u0111\u1ebfn khi s\u1ea3n ph\u1ea9m c\u00f3 m\u00e0u v\u00e0ng \u0111\u1ec1u. \u0102n k\u00e8m v\u1edbi c\u00e1c d\u1ea1ng n\u01b0\u1edbc ch\u1ea5m t\u00f9y th\u00edch (t\u01b0\u01a1ng \u1edbt, mayonnaise,&#8230;)<\/td>\n<\/tr>\n<tr>\n<td>B\u1ea3o qu\u1ea3n<\/td>\n<td>B\u1ea3o qu\u1ea3n \u0111\u00f4ng \u1edf nhi\u1ec7t \u0111\u1ed9 -18 \u0111\u1ebfn -12 \u0111\u1ed9 C. N\u1ebfu \u0111\u00e3 c\u1eaft, ph\u1ea7n c\u00f2n l\u1ea1i b\u1ea3o qu\u1ea3n trong ng\u0103n \u0111\u00f4ng.<\/td>\n<\/tr>\n<tr>\n<td>Kh\u1ed1i l\u01b0\u1ee3ng t\u1ecbnh<\/td>\n<td>200g<\/td>\n<\/tr>\n<\/tbody>\n<\/table>\n<p>Tempura l\u00e0 m\u00f3n chi\u00ean n\u1ed5i ti\u1ebfng \u1edf Nh\u1eadt B\u1ea3n.\u00a0Tho\u1ea1t nh\u00ecn, tempura gi\u1ed1ng nh\u01b0 m\u1ed9t chi\u1ebfc b\u00e1nh t\u1ea9m b\u1ed9t chi\u00ean b\u00ecnh th\u01b0\u1eddng c\u1ee7a Vi\u1ec7t Nam, nh\u01b0ng th\u1ef1c ch\u1ea5t c\u00e1ch ch\u1ebf bi\u1ebfn v\u00e0 h\u01b0\u01a1ng v\u1ecb to\u00e0n to\u00e0n kh\u00e1c bi\u1ec7t, tempura \u0103n k\u00e8m v\u1edbi n\u01b0\u1edbc x\u1ed1t \u0111\u1ed9c \u0111\u00e1o mang h\u01b0\u01a1ng v\u1ecb \u0111\u1eb7c tr\u01b0ng c\u1ee7a x\u1ee9 s\u1edf m\u1eb7t tr\u1eddi m\u1ecdc. T\u00f4m Tempura l\u00e0 s\u1ef1 k\u1ebft h\u1ee3p h\u00e0i h\u00f2a gi\u1eefa t\u00f4m tr\u1ed9n v\u1edbi b\u1ed9t m\u00ec, n\u01b0\u1edbc v\u00e0 tr\u1ee9ng, r\u1ed3i nh\u00fang trong h\u1ed7n h\u1ee3p bao b\u00ean ngo\u00e0i v\u00e0 chi\u00ean gi\u00f2n b\u1eb1ng d\u1ea7u th\u1ef1c v\u1eadt.<\/p>\n<p><img fetchpriority=\"high\" decoding=\"async\" class=\"wp-image-22196 aligncenter\" src=\"https:\/\/havamall.com\/wp-content\/uploads\/2021\/09\/t\u00f4m-l\u0103n-b\u1ed9t-3-1-300x161.png\" alt=\"\" width=\"574\" height=\"308\" \/><\/p>\n<p>T\u00f4m t\u1ea9m b\u1ed9t Tempura\u00a0Purefoods c\u00f3 ngu\u1ed3n nguy\u00ean li\u1ec7u \u0111\u01b0\u1ee3c ch\u1ecdn l\u1ecdc k\u0129 c\u00e0ng, \u0111\u1ea3m b\u1ea3o mang \u0111\u1ebfn tay ng\u01b0\u1eddi ti\u00eau d\u00f9ng s\u1ea3n ph\u1ea9m ch\u1ea5t l\u01b0\u1ee3ng cao, cung c\u1ea5p \u0111\u1ea7y \u0111\u1ee7 dinh d\u01b0\u1ee1ng cho b\u1eefa \u0103n trong gia \u0111\u00ecnh. S\u1ea3n ph\u1ea9m\u00a0T\u00f4m t\u1ea9m b\u1ed9t Tempura Purefoods kh\u00f4ng ch\u1ec9 cung c\u1ea5p \u0111\u1ea7y \u0111\u1ee7 ch\u1ea5t dinh d\u01b0\u1ee1ng cho b\u1eefa \u0103n m\u00e0 c\u00f2n c\u00f3 h\u01b0\u01a1ng v\u1ecb th\u01a1m ngon, h\u1ea5p d\u1eabn, k\u00edch th\u00edch v\u1ecb gi\u00e1c. S\u1ea3n ph\u1ea9m kh\u00f4ng s\u1eed d\u1ee5ng ph\u1ee5 gia, ch\u1ea5t t\u1ea1o m\u00e0u, ch\u1ea5t b\u1ea3o qu\u1ea3n \u0111\u1ed9c h\u1ea1i, ph\u00f9 h\u1ee3p v\u1edbi m\u1ecdi b\u1eefa \u0103n trong gia \u0111\u00ecnh.<\/p>\n<p><img decoding=\"async\" class=\"wp-image-22197 aligncenter\" src=\"https:\/\/havamall.com\/wp-content\/uploads\/2021\/09\/t\u00f4m-l\u0103n-b\u1ed9t-2-300x300.png\" alt=\"\" width=\"569\" height=\"569\" \/><\/p>\n<p>L\u00e0 m\u1ed9t trong nh\u1eefng lo\u1ea1i\u00a0th\u1ef1c ph\u1ea9m l\u00e0m s\u1eb5n\u00a0cao c\u1ea5p, l\u1ea1 mi\u1ec7ng, T\u00f4m t\u1ea9m b\u1ed9t Tempura\u00a0Purefoods 200g\u00a0mang \u0111\u1ebfn nh\u1eefng con t\u00f4m t\u01b0\u01a1i ngon \u0111\u01b0\u1ee3c bao ph\u1ee7 b\u1edfi l\u1edbp b\u1ed9t chi\u00ean x\u00f9 gi\u00f2n r\u1ee5m, l\u00e0 m\u00f3n \u0103n h\u1ea5p d\u1eabn, h\u01b0\u01a1ng v\u1ecb th\u01a1m ngon v\u1eeba mi\u1ec7ng.<\/p>\n<p><img decoding=\"async\" class=\"wp-image-22198 aligncenter\" src=\"https:\/\/havamall.com\/wp-content\/uploads\/2021\/09\/t\u00f4m-l\u0103n-b\u1ed9t-7-300x200.png\" alt=\"\" width=\"581\" height=\"388\" \/><\/p>\n<p>T\u00f4m chi\u00ean gi\u00f2n l\u00e0 m\u1ed9t m\u00f3n \u0103n b\u1eaft mi\u1ec7ng th\u00edch h\u1ee3p \u0111\u1ec3 chi\u00eau \u0111\u00e3i c\u1ea3 nh\u00e0 b\u1ea1n m\u00e0 l\u1ea1i v\u00f4 c\u00f9ng \u0111\u01a1n gi\u1ea3n khi l\u00e0m. S\u1ea3n ph\u1ea9m\u00a0t\u00f4m t\u1ea9m b\u1ed9t chi\u00ean gi\u00f2n Tempura khay 200g\u00a0\u0111\u1ebfn t\u1eeb th\u01b0\u01a1ng hi\u1ec7u\u00a0th\u1ef1c ph\u1ea9m ch\u1ebf bi\u1ebfn s\u1eb5n\u00a0Vi\u1ec7t Sin\u00a0gi\u00fap b\u1ea1n d\u1ec5 d\u00e0ng h\u01a1n trong vi\u1ec7c n\u1ea5u n\u01b0\u1edbng.<\/p>\n<p><img loading=\"lazy\" decoding=\"async\" class=\"wp-image-22199 aligncenter\" src=\"https:\/\/havamall.com\/wp-content\/uploads\/2021\/09\/t\u00f4m-l\u0103n-b\u1ed9t-1-300x225.png\" alt=\"\" width=\"579\" height=\"435\" \/><\/p>\n<h3><strong>H\u01b0\u1edbng d\u1eabn s\u01b0\u0309 du\u0323ng:\u00a0<\/strong><\/h3>\n<p>&#8211; D\u00f9ng n\u1ed3i chi\u00ean kh\u00f4ng d\u1ea7u: cho t\u1ea7m 7 con t\u00f4m v\u00e0o n\u1ed3i chi\u00ean, v\u1edbi nhi\u1ec7t \u0111\u1ed9 200<sup>o<\/sup>C trong 10 ph\u00fat.<\/p>\n<p>&#8211; Chi\u00ean c\u00f3 d\u1ea7u: cho t\u00f4m v\u00e0o ch\u1ea3o d\u1ea7u s\u00f4i l\u0103n t\u0103n, chi\u00ean t\u1ea7m 1 ph\u00fat v\u1edbi\u00a0nhi\u1ec7t \u0111\u1ed9 \u1edf m\u1ee9c nh\u1ecf.<\/p>\n<p>S\u1ea3n ph\u1ea9m hi\u1ec7n \u0111\u00e3 c\u00f3 m\u1eb7t t\u1ea1i Havamall.<\/p>\n<p><img loading=\"lazy\" decoding=\"async\" class=\"wp-image-22200 aligncenter\" src=\"https:\/\/havamall.com\/wp-content\/uploads\/2021\/09\/t\u00f4m-l\u0103n-b\u1ed9t-8-300x200.png\" alt=\"\" width=\"585\" height=\"391\" \/><\/p>","protected":false},"excerpt":{"rendered":"<p>TH\u00d4NG TIN S\u1ea2N PH\u1ea8M Th\u01b0\u01a1ng hi\u1ec7u Purefoods H\u1ea1n s\u1eed d\u1ee5ng 12 th\u00e1ng k\u1ec3 t\u1eeb ng\u00e0y s\u1ea3n xu\u1ea5t Th\u00e0nh ph\u1ea7n T\u00f4m,<\/p>","protected":false},"featured_media":22201,"comment_status":"open","ping_status":"closed","template":"","meta":[],"product_brand":[],"product_cat":[36,275],"product_tag":[],"class_list":{"0":"post-22194","1":"product","2":"type-product","3":"status-publish","4":"has-post-thumbnail","6":"product_cat-thuc-pham-tieu-dung","7":"product_cat-thuc-pham-dong-lanh","8":"pa_brand-le-gourmet","10":"first","11":"outofstock","12":"sale","13":"shipping-taxable","14":"purchasable","15":"product-type-simple"},"_links":{"self":[{"href":"https:\/\/havamall.com\/en\/wp-json\/wp\/v2\/product\/22194","targetHints":{"allow":["GET"]}}],"collection":[{"href":"https:\/\/havamall.com\/en\/wp-json\/wp\/v2\/product"}],"about":[{"href":"https:\/\/havamall.com\/en\/wp-json\/wp\/v2\/types\/product"}],"replies":[{"embeddable":true,"href":"https:\/\/havamall.com\/en\/wp-json\/wp\/v2\/comments?post=22194"}],"version-history":[{"count":0,"href":"https:\/\/havamall.com\/en\/wp-json\/wp\/v2\/product\/22194\/revisions"}],"wp:featuredmedia":[{"embeddable":true,"href":"https:\/\/havamall.com\/en\/wp-json\/wp\/v2\/media\/22201"}],"wp:attachment":[{"href":"https:\/\/havamall.com\/en\/wp-json\/wp\/v2\/media?parent=22194"}],"wp:term":[{"taxonomy":"product_brand","embeddable":true,"href":"https:\/\/havamall.com\/en\/wp-json\/wp\/v2\/product_brand?post=22194"},{"taxonomy":"product_cat","embeddable":true,"href":"https:\/\/havamall.com\/en\/wp-json\/wp\/v2\/product_cat?post=22194"},{"taxonomy":"product_tag","embeddable":true,"href":"https:\/\/havamall.com\/en\/wp-json\/wp\/v2\/product_tag?post=22194"}],"curies":[{"name":"wp","href":"https:\/\/api.w.org\/{rel}","templated":true}]}}