{"id":22367,"date":"2021-09-28T15:00:50","date_gmt":"2021-09-28T08:00:50","guid":{"rendered":"https:\/\/havamall.com\/?post_type=product&#038;p=22367"},"modified":"2024-11-05T15:33:44","modified_gmt":"2024-11-05T08:33:44","slug":"bot-mi-huu-co-da-dung-probios-1kg","status":"publish","type":"product","link":"https:\/\/havamall.com\/en\/shop\/bot-mi-huu-co-da-dung-probios-1kg\/","title":{"rendered":"B\u1ed9t M\u00cc H\u1eefu C\u01a1 \u0110a D\u1ee5ng Probios 1kg"},"content":{"rendered":"<h3><strong>TH\u00d4NG TIN S\u1ea2N PH\u1ea8M<\/strong><\/h3>\n<table>\n<tbody>\n<tr>\n<td>Th\u01b0\u01a1ng hi\u1ec7u<\/td>\n<td>ProBios<\/td>\n<\/tr>\n<tr>\n<td>Xu\u1ea5t x\u1ee9<\/td>\n<td>\u00dd<\/td>\n<\/tr>\n<tr>\n<td>Th\u00e0nh ph\u1ea7n<\/td>\n<td>100% b\u1ed9t m\u00ec \u0111a d\u1ee5ng h\u1eefu c\u01a1<\/td>\n<\/tr>\n<tr>\n<td>H\u1ea1n s\u1eed d\u1ee5ng<\/td>\n<td>18 th\u00e1ng k\u1ec3 t\u1eeb ng\u00e0y s\u1ea3n xu\u1ea5t.<\/td>\n<\/tr>\n<tr>\n<td>B\u1ea3o qu\u1ea3n<\/td>\n<td>\u0110\u1ec3 n\u01a1i kh\u00f4 r\u00e1o, tho\u00e1ng m\u00e1t, tr\u00e1nh \u00e1nh n\u1eafng tr\u1ef1c ti\u1ebfp<\/td>\n<\/tr>\n<tr>\n<td>Kh\u1ed1i l\u01b0\u1ee3ng<\/td>\n<td>1kg<\/td>\n<\/tr>\n<\/tbody>\n<\/table>\n<p>ProBios \u0111\u01b0\u1ee3c th\u00e0nh l\u1eadp t\u1eeb n\u0103m 1978 t\u1ea1i Florence \u2013 \u00dd. ProBios. B\u1eb1ng vi\u1ec7c s\u1ea3n xu\u1ea5t th\u1ef1c ph\u1ea9m h\u1eefu c\u01a1, ProBios \u0111\u00e3 l\u1ef1a ch\u1ecdn c\u1ea9n th\u1eadn c\u00e1c ph\u01b0\u01a1ng ph\u00e1p tr\u1ed3ng tr\u1ecdt c\u1ee7a nguy\u00ean li\u1ec7u th\u00f4 t\u00f4n tr\u1ecdng con ng\u01b0\u1eddi v\u00e0 thi\u00ean nhi\u00ean, kh\u00f4ng ch\u1ea5p nh\u1eadn s\u1eed d\u1ee5ng thu\u1ed1c di\u1ec7t c\u1ecf, thu\u1ed1c di\u1ec7t k\u00fd sinh tr\u00f9ng, ph\u00e2n b\u00f3n h\u00f3a h\u1ecdc v\u00e0 t\u1ed5ng h\u1ee3p v\u00e0 c\u00e1c sinh v\u1eadt bi\u1ebfn \u0111\u1ed5i gen g\u00e2y \u00f4 nhi\u1ec5m tr\u00e1i \u0111\u1ea5t, n\u01b0\u1edbc v\u00e0 kh\u00f4ng kh\u00ed c\u1ee7a ch\u00fang ta.<\/p>\n<p>Probios, c\u00f4ng ty h\u00e0ng \u0111\u1ea7u c\u1ee7a \u00dd trong l\u0129nh v\u1ef1c ph\u00e2n ph\u1ed1i th\u1ef1c ph\u1ea9m h\u1eefu c\u01a1, v\u1edbi kinh nghi\u1ec7m 40 n\u0103m, cung c\u1ea5p m\u1ed9t lo\u1ea1t c\u00e1c s\u1ea3n ph\u1ea9m \u0111\u1ed9c quy\u1ec1n, k\u1ebft h\u1ee3p vi\u1ec7c nghi\u00ean c\u1ee9u v\u00e0 l\u1ef1a ch\u1ecdn c\u00e1c nguy\u00ean li\u1ec7u h\u1eefu c\u01a1 \u0111\u1ec3 t\u1ea1o ra c\u00e1c c\u00f4ng th\u1ee9c n\u1ea5u \u0103n c\u00e2n b\u1eb1ng, nh\u1eb1m mang \u0111\u1ebfn cho ng\u01b0\u1eddi ti\u00eau d\u00f9ng nh\u1eefng s\u1ea3n ph\u1ea9m l\u00e0nh m\u1ea1nh v\u00e0 ngon nh\u1ea5t.<\/p>\n<p><img fetchpriority=\"high\" decoding=\"async\" class=\"aligncenter\" src=\"https:\/\/havamall.com\/wp-content\/uploads\/2021\/04\/picture4.png\" alt=\"Tr\u00e0 l\u1ee3i s\u1eefa Weleda 40g | BeOrganic\" width=\"678\" height=\"382\" \/><\/p>\n<p>B\u1ed9t m\u00ec \u0111a d\u1ee5ng Probios \u0111\u01b0\u1ee3c l\u00e0m t\u1eeb l\u00faa m\u00ec canh t\u00e1c h\u1eefu c\u01a1 t\u1ea1i \u00dd, v\u1edbi \u0111i\u1ec1u ki\u1ec7n kh\u00ed h\u1eadu v\u00e0 \u0111\u1ea5t \u0111ai ph\u00f9 h\u1ee3p \u0111\u1ec3 t\u1ea1o ra s\u1ea3n ph\u1ea9m ch\u1ea5t l\u01b0\u1ee3ng t\u1ed1t nh\u1ea5t. S\u1ea3n ph\u1ea9m \u0111\u01b0\u1ee3c \u0111\u00f3ng g\u00f3i trong bao b\u00ec k\u00edn, gi\u1eef cho h\u01b0\u01a1ng v\u1ecb th\u01a1m ngon \u0111\u01b0\u1ee3c b\u1ea3o to\u00e0n theo th\u1eddi gian.<\/p>\n<p><img decoding=\"async\" class=\"wp-image-20198 aligncenter\" src=\"https:\/\/havamall.com\/wp-content\/uploads\/2021\/05\/123849766_970804940094571_6137516497250143083_n-300x200.jpg\" alt=\"\" width=\"673\" height=\"449\" \/><\/p>\n<p>B\u1ed9t m\u00ec \u0111a d\u1ee5ng h\u1eefu c\u01a1 c\u00f3 h\u00e0m l\u01b0\u1ee3ng ch\u1ea5t x\u01a1 d\u1ed3i d\u00e0o v\u00e0 cung c\u1ea5p protein c\u00f9ng c\u00e1c kho\u00e1ng ch\u1ea5t c\u1ea7n thi\u1ebft bao g\u1ed3m ph\u1ed1t pho, magie, k\u1ebdm v\u00e0 s\u1eaft.<\/p>\n<p>S\u1ea3n ph\u1ea9m l\u00e0 s\u1ef1 l\u1ef1a ch\u1ecdn ho\u00e0n h\u1ea3o cho c\u00e1c lo\u1ea1i b\u00e1nh m\u00ec, bao g\u1ed3m sandwich, b\u00e1nh cu\u1ed9n th\u00f4, pancake, cookie, b\u00e1nh cake, muffins, pizza v\u00e0 nhi\u1ec1u lo\u1ea1i b\u00e1nh kh\u00e1c.<\/p>\n<p><img decoding=\"async\" class=\"wp-image-19765 aligncenter\" src=\"https:\/\/havamall.com\/wp-content\/uploads\/2021\/05\/XSCC-300x200.jpg\" alt=\"\" width=\"664\" height=\"442\" \/><\/p>\n<p>\u1ee8ng d\u1ee5ng l\u1edbn nh\u1ea5t c\u1ee7a b\u1ed9t m\u00ec \u0111a d\u1ee5ng ch\u00ednh l\u00e0 l\u00e0m c\u00e1c lo\u1ea1i b\u00e1nh kh\u00f4ng c\u1ea7u k\u1ef3, kh\u00f4ng qu\u00e1 kh\u00f3 v\u00e0 kh\u00f4ng y\u00eau c\u1ea7u qu\u00e1 cao v\u1ec1 \u0111\u1ed9 kh\u1eaft khe trong h\u01b0\u01a1ng v\u1ecb c\u0169ng nh\u01b0 th\u00e0nh ph\u1ea9m.<\/p>\n<p>C\u00e1ch s\u1eed d\u1ee5ng: D\u00f9ng \u0111\u1ec3 l\u00e0m c\u00e1c lo\u1ea1i b\u00e1nh m\u00ec, bao g\u1ed3m sandwich, b\u00e1nh cu\u1ed9n th\u00f4, pancake, cookie, b\u00e1nh cake, muffins, pizza v\u00e0 nhi\u1ec1u lo\u1ea1i b\u00e1nh kh\u00e1c.<\/p>\n<p><img loading=\"lazy\" decoding=\"async\" class=\"aligncenter\" src=\"https:\/\/havamall.com\/wp-content\/uploads\/2021\/05\/Various_grains.jpg\" alt=\"C\u00e2y l\u01b0\u01a1ng th\u1ef1c - Wikiwand\" width=\"657\" height=\"444\" \/><\/p>\n<p>B\u1ed9t m\u00ec h\u1eefu c\u01a1 Probios \u0111\u01b0\u1ee3c l\u00e0m t\u1eeb l\u00faa m\u00ec canh t\u00e1c t\u1ea1i \u00dd, v\u1edbi \u0111i\u1ec1u ki\u1ec7n kh\u00ed h\u1eadu v\u00e0 \u0111\u1ea5t \u0111ai ph\u00f9 h\u1ee3p \u0111\u1ec3 t\u1ea1o ra s\u1ea3n ph\u1ea9m ch\u1ea5t l\u01b0\u1ee3ng t\u1ed1t nh\u1ea5t. S\u1ea3n ph\u1ea9m \u0111\u01b0\u1ee3c \u0111\u00f3ng g\u00f3i trong bao b\u00ec k\u00edn, gi\u1eef cho h\u01b0\u01a1ng v\u1ecb th\u01a1m ngon \u0111\u01b0\u1ee3c b\u1ea3o to\u00e0n theo th\u1eddi gian.<\/p>\n<p>B\u1ed9t m\u00ec \u0111a d\u1ee5ng h\u1eefu c\u01a1 c\u00f3 h\u00e0m l\u01b0\u1ee3ng ch\u1ea5t x\u01a1 d\u1ed3i d\u00e0o v\u00e0 cung c\u1ea5p protein c\u00f9ng c\u00e1c kho\u00e1ng ch\u1ea5t c\u1ea7n thi\u1ebft bao g\u1ed3m ph\u1ed1t pho, magie, k\u1ebdm v\u00e0 s\u1eaft.<\/p>\n<p><img loading=\"lazy\" decoding=\"async\" class=\"aligncenter\" src=\"https:\/\/havamall.com\/wp-content\/uploads\/2021\/04\/cach-lam-banh-mi-sandwich-an-sang-25.jpg\" alt=\"G\u1ee3i \u00fd 20 c\u00e1ch ch\u1ebf bi\u1ebfn b\u00e1nh m\u00ec sandwich \u0103n s\u00e1ng ngon cho b\u00e9 - META.vn\" width=\"656\" height=\"431\" \/><\/p>\n<p>\u1ee8ng d\u1ee5ng l\u1edbn nh\u1ea5t c\u1ee7a b\u1ed9t m\u00ec \u0111a d\u1ee5ng ch\u00ednh l\u00e0 l\u00e0m c\u00e1c lo\u1ea1i b\u00e1nh kh\u00f4ng c\u1ea7u k\u1ef3, kh\u00f4ng qu\u00e1 kh\u00f3 v\u00e0 kh\u00f4ng y\u00eau c\u1ea7u qu\u00e1 cao v\u1ec1 \u0111\u1ed9 kh\u1eaft khe trong h\u01b0\u01a1ng v\u1ecb c\u0169ng nh\u01b0 th\u00e0nh ph\u1ea9m.<\/p>\n<p><img loading=\"lazy\" decoding=\"async\" class=\"aligncenter\" src=\"https:\/\/havamall.com\/wp-content\/uploads\/2024\/10\/c41da4d1944a07c51a9e10b03a2c7a7f.jpg\" alt=\"Shopee Vi\u1ec7t Nam | Mua v\u00e0 B\u00e1n Tr\u00ean \u1ee8ng D\u1ee5ng Di \u0110\u1ed9ng Ho\u1eb7c Website\" width=\"658\" height=\"658\" \/><\/p>\n<h4><strong>C\u00e1ch s\u1eed d\u1ee5ng:\u00a0<\/strong><\/h4>\n<p>&#8211; D\u00f9ng \u0111\u1ec3 l\u00e0m c\u00e1c lo\u1ea1i b\u00e1nh m\u00ec, bao g\u1ed3m sandwich, b\u00e1nh cu\u1ed9n th\u00f4, pancake, cookie, b\u00e1nh cake, muffins, pizza v\u00e0 nhi\u1ec1u lo\u1ea1i b\u00e1nh kh\u00e1c.<\/p>\n<p>S\u1ea3n ph\u1ea9m hi\u1ec7n \u0111\u00e3 c\u00f3 m\u1eb7t t\u1ea1i Havamall.<\/p>","protected":false},"excerpt":{"rendered":"<p>TH\u00d4NG TIN S\u1ea2N PH\u1ea8M Th\u01b0\u01a1ng hi\u1ec7u ProBios Xu\u1ea5t x\u1ee9 \u00dd Th\u00e0nh ph\u1ea7n 100% b\u1ed9t m\u00ec \u0111a d\u1ee5ng h\u1eefu c\u01a1 H\u1ea1n<\/p>","protected":false},"featured_media":22383,"comment_status":"open","ping_status":"closed","template":"","meta":[],"product_brand":[],"product_cat":[255,36,256],"product_tag":[],"class_list":{"0":"post-22367","1":"product","2":"type-product","3":"status-publish","4":"has-post-thumbnail","6":"product_cat-nguyen-lieu-lam-banh","7":"product_cat-thuc-pham-tieu-dung","8":"product_cat-thuc-pham-huu-co","9":"pa_brand-probios","11":"first","12":"outofstock","13":"sale","14":"shipping-taxable","15":"purchasable","16":"product-type-simple"},"_links":{"self":[{"href":"https:\/\/havamall.com\/en\/wp-json\/wp\/v2\/product\/22367","targetHints":{"allow":["GET"]}}],"collection":[{"href":"https:\/\/havamall.com\/en\/wp-json\/wp\/v2\/product"}],"about":[{"href":"https:\/\/havamall.com\/en\/wp-json\/wp\/v2\/types\/product"}],"replies":[{"embeddable":true,"href":"https:\/\/havamall.com\/en\/wp-json\/wp\/v2\/comments?post=22367"}],"version-history":[{"count":0,"href":"https:\/\/havamall.com\/en\/wp-json\/wp\/v2\/product\/22367\/revisions"}],"wp:featuredmedia":[{"embeddable":true,"href":"https:\/\/havamall.com\/en\/wp-json\/wp\/v2\/media\/22383"}],"wp:attachment":[{"href":"https:\/\/havamall.com\/en\/wp-json\/wp\/v2\/media?parent=22367"}],"wp:term":[{"taxonomy":"product_brand","embeddable":true,"href":"https:\/\/havamall.com\/en\/wp-json\/wp\/v2\/product_brand?post=22367"},{"taxonomy":"product_cat","embeddable":true,"href":"https:\/\/havamall.com\/en\/wp-json\/wp\/v2\/product_cat?post=22367"},{"taxonomy":"product_tag","embeddable":true,"href":"https:\/\/havamall.com\/en\/wp-json\/wp\/v2\/product_tag?post=22367"}],"curies":[{"name":"wp","href":"https:\/\/api.w.org\/{rel}","templated":true}]}}