{"id":22451,"date":"2021-09-29T15:10:50","date_gmt":"2021-09-29T08:10:50","guid":{"rendered":"https:\/\/havamall.com\/?post_type=product&#038;p=22451"},"modified":"2022-02-25T15:01:53","modified_gmt":"2022-02-25T08:01:53","slug":"giam-tao-huu-co-probios-500ml-organic-apple-cider-vinegar","status":"publish","type":"product","link":"https:\/\/havamall.com\/en\/shop\/giam-tao-huu-co-probios-500ml-organic-apple-cider-vinegar\/","title":{"rendered":"Gi\u1ea5m T\u00e1o H\u1eefu C\u01a1 Probios 500ml &#8211; Organic Apple Cider Vinegar"},"content":{"rendered":"<p>Gi\u1ea5m t\u00e1o h\u1eefu c\u01a1 Probios 500ml \u0111\u01b0\u1ee3c l\u00e0m b\u1eb1ng c\u00e1ch l\u00ean men \u0111\u01b0\u1eddng t\u1eeb t\u00e1o. \u0110i\u1ec1u n\u00e0y bi\u1ebfn ch\u00fang th\u00e0nh axit axetic, l\u00e0 m\u1ed9t th\u00e0nh ph\u1ea7n ho\u1ea1t \u0111\u1ed9ng ch\u00ednh trong gi\u1ea5m v\u00e0 cung c\u1ea5p nhi\u1ec1u l\u1ee3i \u00edch s\u1ee9c kho\u1ebb t\u1eeb \u0111\u00f3.<\/p>\n<p>Ch\u1ea5t ch\u00ednh trong gi\u1ea5m &#8211; axit axetic &#8211; c\u00f3 th\u1ec3 ti\u00eau di\u1ec7t vi khu\u1ea9n c\u00f3 h\u1ea1i ho\u1eb7c ng\u0103n ch\u00fang sinh s\u00f4i. Do \u0111\u00f3 ngo\u00e0i c\u00e1c \u1ee9ng d\u1ee5ng trong n\u1ea5u n\u01b0\u1edbng, gi\u1ea5m t\u00e1o c\u00f2n l\u00e0 ch\u1ea5t kh\u1eed tr\u00f9ng v\u00e0 l\u00e0 ch\u1ea5t b\u1ea3o qu\u1ea3n t\u1ef1 nhi\u00ean.<\/p>\n<p><img fetchpriority=\"high\" decoding=\"async\" class=\"wp-image-22452 aligncenter\" src=\"https:\/\/havamall.com\/wp-content\/uploads\/2021\/09\/gi\u1ea5m-t\u00e1o-1-300x254.png\" alt=\"\" width=\"660\" height=\"559\" \/><br \/>\nGi\u1ea5m t\u00e1o c\u00f3 th\u1ec3 c\u1ea3i thi\u1ec7n \u0111\u1ed9 nh\u1ea1y insulin t\u1eeb 19\u201334% trong b\u1eefa \u0103n v\u00e0 l\u00e0m gi\u1ea3m l\u01b0\u1ee3ng \u0111\u01b0\u1eddng trong m\u00e1u t\u1edbi 31,4%.<\/p>\n<p>Gi\u1ea5m t\u00e1o c\u00f3 th\u1ec3 g\u00f3p ph\u1ea7n gi\u1ea3m c\u00e2n b\u1eb1ng c\u00e1ch th\u00fac \u0111\u1ea9y c\u1ea3m gi\u00e1c no, gi\u1ea3m l\u01b0\u1ee3ng \u0111\u01b0\u1eddng trong m\u00e1u v\u00e0 gi\u1ea3m m\u1ee9c insulin, l\u00e0m t\u0103ng c\u1ea3m gi\u00e1c no v\u00e0 gi\u00fap b\u1ea1n \u0103n \u00edt calo h\u01a1n, \u0111i\u1ec1u n\u00e0y c\u00f3 th\u1ec3 d\u1eabn \u0111\u1ebfn gi\u1ea3m c\u00e2n.<\/p>\n<p><img decoding=\"async\" class=\"wp-image-22455 aligncenter\" src=\"https:\/\/havamall.com\/wp-content\/uploads\/2021\/09\/gi\u1ea5m-t\u00e1o-7-300x200.png\" alt=\"\" width=\"659\" height=\"440\" \/><\/p>\n<p>M\u1ed9t s\u1ed1 nghi\u00ean c\u1ee9u tr\u00ean \u0111\u1ed9ng v\u1eadt \u0111\u00e3 ch\u1ec9 ra r\u1eb1ng gi\u1ea5m t\u00e1o c\u00f3 th\u1ec3 l\u00e0m gi\u1ea3m ch\u1ea5t b\u00e9o trung t\u00ednh trong m\u00e1u, cholesterol v\u00e0 huy\u1ebft \u00e1p.<\/p>\n<p>S\u1eed d\u1ee5ng\u00a0gi\u1ea5m t\u00e1o h\u1eefu c\u01a1 Probios 500ml c\u00f3 th\u1ec3 gi\u00fap c\u00e2n b\u1eb1ng l\u1ea1i \u0111\u1ed9 pH t\u1ef1 nhi\u00ean c\u1ee7a da, c\u1ea3i thi\u1ec7n h\u00e0ng r\u00e0o b\u1ea3o v\u1ec7 da.<\/p>\n<p><img decoding=\"async\" class=\"wp-image-22453 aligncenter\" src=\"https:\/\/havamall.com\/wp-content\/uploads\/2021\/09\/gi\u1ea5m-t\u00e1o-2-300x200.png\" alt=\"\" width=\"656\" height=\"437\" \/><\/p>\n<div class=\"o9v6fnle cxmmr5t8 oygrvhab hcukyx3x c1et5uql ii04i59q\">\n<p dir=\"auto\">Tr\u00ean th\u1ef1c t\u1ebf, ng\u01b0\u1eddi ta d\u00f9ng gi\u1ea5m t\u00e1o theo nhi\u1ec1u c\u00e1ch h\u01a1n b\u1ea1n t\u01b0\u1edfng, trong \u0111\u00f3 c\u00f3 vi\u1ec7c gi\u1ea3i \u0111\u1ed9c t\u1ed1 c\u01a1 th\u1ec3. \u00dd t\u01b0\u1edfng d\u00f9ng gi\u1ea5m t\u00e1o \u0111\u1ec3 detox b\u1eaft ngu\u1ed3n t\u1eeb c\u00e1c vi khu\u1ea9n t\u1ed1t cho \u0111\u01b0\u1eddng ru\u1ed9t, vitamin, kho\u00e1ng ch\u1ea5t v\u00e0 enzym c\u00f3 trong gi\u1ea5m t\u00e1o t\u1ef1 nhi\u00ean.<\/p>\n<p dir=\"auto\">Vi\u1ec7c s\u1eed d\u1ee5ng gi\u1ea5m t\u00e1o \u0111\u1ec3 gi\u1ea3i \u0111\u1ed9c, \u0103n ki\u00eang \u0111\u00e3 c\u00f3 t\u1eeb h\u00e0ng ng\u00e0n n\u0103m tr\u01b0\u1edbc, th\u1eadm ch\u00ed c\u00f2n c\u00f3 tuy\u00ean b\u1ed1 cha \u0111\u1ebb c\u1ee7a y h\u1ecdc \u2013 Hippocrates &#8211; \u0111\u00e3 ph\u00e1t huy c\u00e1c ph\u1ea9m ch\u1ea5t s\u1ee9c kh\u1ecfe c\u1ee7a n\u00f3 t\u1eeb n\u0103m 400 TCN.<\/p>\n<p dir=\"auto\"><img loading=\"lazy\" decoding=\"async\" class=\"wp-image-22456 aligncenter\" src=\"https:\/\/havamall.com\/wp-content\/uploads\/2021\/09\/gi\u1ea5m-t\u00e1o-6-277x300.png\" alt=\"\" width=\"658\" height=\"713\" \/><\/p>\n<h3><strong>Nh\u1eefng c\u00f4ng d\u1ee5ng th\u1ea7n k\u1ef3 c\u1ee7a gi\u1ea5m t\u00e1o:<\/strong><\/h3>\n<\/div>\n<div class=\"o9v6fnle cxmmr5t8 oygrvhab hcukyx3x c1et5uql ii04i59q\">\n<p dir=\"auto\">&#8211; Cung c\u1ea5p cho c\u01a1 th\u1ec3 m\u1ed9t li\u1ec1u l\u01b0\u1ee3ng enzym t\u1ed1t<\/p>\n<p dir=\"auto\">&#8211; T\u0103ng l\u01b0\u1ee3ng kali<\/p>\n<p dir=\"auto\">&#8211; H\u1ed7 tr\u1ee3 h\u1ec7 th\u1ed1ng mi\u1ec5n d\u1ecbch kh\u1ecfe m\u1ea1nh<\/p>\n<p dir=\"auto\">&#8211; Gi\u00fap ki\u1ec3m so\u00e1t c\u00e2n n\u1eb7ng<\/p>\n<p dir=\"auto\">&#8211; Th\u00fac \u0111\u1ea9y c\u00e2n b\u1eb1ng \u0111\u1ed9 pH trong c\u01a1 th\u1ec3<\/p>\n<p dir=\"auto\">&#8211; H\u1ed7 tr\u1ee3 ti\u00eau h\u00f3a kh\u1ecfe m\u1ea1nh<\/p>\n<p dir=\"auto\">&#8211; B\u1ed5 sung vi khu\u1ea9n t\u1ed1t cho \u0111\u01b0\u1eddng ru\u1ed9t v\u00e0 ch\u1ee9c n\u0103ng mi\u1ec5n d\u1ecbch<\/p>\n<p dir=\"auto\">&#8211; Gi\u00fap lo\u1ea1i b\u1ecf &#8220;ch\u1ea5t th\u1ea3i&#8221; kh\u1ecfi c\u01a1 th\u1ec3<\/p>\n<p dir=\"auto\">&#8211; L\u00e0m d\u1ecbu da v\u00e0 gi\u00fap da kh\u1ecfe m\u1ea1nh<\/p>\n<p dir=\"auto\">&#8211; Ch\u1eefa l\u00e0nh m\u1ee5n tr\u1ee9ng c\u00e1 khi s\u1eed d\u1ee5ng b\u00ean ngo\u00e0i<\/p>\n<p dir=\"auto\"><img loading=\"lazy\" decoding=\"async\" class=\"wp-image-22457 aligncenter\" src=\"https:\/\/havamall.com\/wp-content\/uploads\/2021\/09\/gi\u1ea5m-t\u00e1o-3-300x225.png\" alt=\"\" width=\"657\" height=\"493\" \/><\/p>\n<\/div>\n<div class=\"o9v6fnle cxmmr5t8 oygrvhab hcukyx3x c1et5uql ii04i59q\">\n<h3><strong>C\u00f4ng th\u1ee9c c\u01a1 b\u1ea3n c\u1ee7a th\u1ee9c u\u1ed1ng detox b\u1eb1ng gi\u1ea5m t\u00e1o g\u1ed3m c\u00f3:<\/strong><\/h3>\n<p dir=\"auto\">\u2022 1 \u0111\u1ebfn 2 mu\u1ed7ng canh gi\u1ea5m t\u00e1o t\u1ef1 nhi\u00ean<\/p>\n<p dir=\"auto\">\u2022 Kho\u1ea3ng 250ml n\u01b0\u1edbc tinh khi\u1ebft ho\u1eb7c n\u01b0\u1edbc c\u1ea5t<\/p>\n<p dir=\"auto\">\u2022 1 \u0111\u1ebfn 2 mu\u1ed7ng canh ch\u1ea5t t\u1ea1o ng\u1ecdt (m\u1eadt ong h\u1eefu c\u01a1, xi-r\u00f4 c\u00e2y phong\u2026)<\/p>\n<p dir=\"auto\">S\u1ea3n ph\u1ea9m hi\u1ec7n \u0111\u00e3 c\u00f3 m\u1eb7t t\u1ea1i Havamall.<\/p>\n<\/div>","protected":false},"excerpt":{"rendered":"<p>Gi\u1ea5m t\u00e1o h\u1eefu c\u01a1 Probios 500ml \u0111\u01b0\u1ee3c l\u00e0m b\u1eb1ng c\u00e1ch l\u00ean men \u0111\u01b0\u1eddng t\u1eeb t\u00e1o. \u0110i\u1ec1u n\u00e0y bi\u1ebfn ch\u00fang th\u00e0nh<\/p>","protected":false},"featured_media":22459,"comment_status":"open","ping_status":"closed","template":"","meta":[],"product_brand":[],"product_cat":[36,256],"product_tag":[],"class_list":{"0":"post-22451","1":"product","2":"type-product","3":"status-publish","4":"has-post-thumbnail","6":"product_cat-thuc-pham-tieu-dung","7":"product_cat-thuc-pham-huu-co","8":"pa_brand-probios","10":"first","11":"outofstock","12":"sale","13":"shipping-taxable","14":"purchasable","15":"product-type-simple"},"_links":{"self":[{"href":"https:\/\/havamall.com\/en\/wp-json\/wp\/v2\/product\/22451","targetHints":{"allow":["GET"]}}],"collection":[{"href":"https:\/\/havamall.com\/en\/wp-json\/wp\/v2\/product"}],"about":[{"href":"https:\/\/havamall.com\/en\/wp-json\/wp\/v2\/types\/product"}],"replies":[{"embeddable":true,"href":"https:\/\/havamall.com\/en\/wp-json\/wp\/v2\/comments?post=22451"}],"version-history":[{"count":0,"href":"https:\/\/havamall.com\/en\/wp-json\/wp\/v2\/product\/22451\/revisions"}],"wp:featuredmedia":[{"embeddable":true,"href":"https:\/\/havamall.com\/en\/wp-json\/wp\/v2\/media\/22459"}],"wp:attachment":[{"href":"https:\/\/havamall.com\/en\/wp-json\/wp\/v2\/media?parent=22451"}],"wp:term":[{"taxonomy":"product_brand","embeddable":true,"href":"https:\/\/havamall.com\/en\/wp-json\/wp\/v2\/product_brand?post=22451"},{"taxonomy":"product_cat","embeddable":true,"href":"https:\/\/havamall.com\/en\/wp-json\/wp\/v2\/product_cat?post=22451"},{"taxonomy":"product_tag","embeddable":true,"href":"https:\/\/havamall.com\/en\/wp-json\/wp\/v2\/product_tag?post=22451"}],"curies":[{"name":"wp","href":"https:\/\/api.w.org\/{rel}","templated":true}]}}