{"id":22515,"date":"2021-09-30T14:42:23","date_gmt":"2021-09-30T07:42:23","guid":{"rendered":"https:\/\/havamall.com\/?post_type=product&#038;p=22515"},"modified":"2023-05-22T16:34:30","modified_gmt":"2023-05-22T09:34:30","slug":"mang-boc-thuc-pham-pvc-tu-phan-huy-sinh-hoc-las-palms","status":"publish","type":"product","link":"https:\/\/havamall.com\/en\/shop\/mang-boc-thuc-pham-pvc-tu-phan-huy-sinh-hoc-las-palms\/","title":{"rendered":"M\u00e0ng B\u1ecdc Th\u1ef1c Ph\u1ea9m PVC T\u1ef1 Ph\u00e2n H\u1ee7y Sinh H\u1ecdc 100m x 30cm Las Palms"},"content":{"rendered":"<p>Las Palms l\u00e0 th\u01b0\u01a1ng hi\u1ec7u m\u00e0ng b\u1ecdc n\u1ed5i ti\u1ebfng kh\u1eafp m\u1ecdi n\u01a1i tr\u00ean th\u1ebf gi\u1edbi, \u0111\u01b0\u1ee3c d\u00f9ng trong c\u00e1c nh\u00e0 h\u00e0ng kh\u00e1ch s\u1ea1n cao c\u1ea5p. S\u1ea3n ph\u1ea9m \u0111\u01b0\u1ee3c s\u1ea3n xu\u1ea5t theo ti\u00eau chu\u1ea9n qu\u1ed1c t\u1ebf mang l\u1ea1i an to\u00e0n s\u1ee9c kh\u1ecfe cho ng\u01b0\u1eddi ti\u00eau d\u00f9ng. M\u00e0ng b\u1ecdc th\u1ef1c ph\u1ea9m Las Palm d\u1ebbo v\u00e0 dai h\u01a1n so v\u1edbi c\u00e1c lo\u1ea1i m\u00e0ng b\u1ecdc kh\u00e1c c\u00f9ng ng\u00e0nh.<\/p>\n<p><img fetchpriority=\"high\" decoding=\"async\" class=\"wp-image-22516 aligncenter\" src=\"https:\/\/havamall.com\/wp-content\/uploads\/2021\/09\/m\u00e0ng-b\u1ecdc-300x153.png\" alt=\"\" width=\"637\" height=\"325\" \/><\/p>\n<p dir=\"auto\">M\u00e0ng b\u1ecdc th\u1ef1c ph\u1ea9m PVC t\u1ef1 ph\u00e2n h\u1ee7y sinh h\u1ecdc Las Plams \u0111\u01b0\u1ee3c s\u1ea3n xu\u1ea5t theo c\u00f4ng ngh\u1ec7 hi\u1ec7n \u0111\u1ea1i c\u1ee7a Nh\u1eadt B\u1ea3n. B\u1ea3o qu\u1ea3n th\u1ef1c ph\u1ea9m t\u01b0\u01a1i ngon, tr\u00e1nh nhi\u1ec3m vi khu\u1ea9n, an to\u00e0n v\u1ec7 sinh. Ch\u1ecbu nhi\u1ec7t \u0111\u1ed9 \u2013 60\u00b0C \u0111\u1ebfn 130\u00b0C.<\/p>\n<p dir=\"auto\">S\u1ea3n ph\u1ea9m \u0111\u01b0\u1ee3c l\u00e0m t\u1eeb ch\u1ea5t li\u1ec7u PVC an to\u00e0n, kh\u00f4ng \u0111\u1ed9c h\u1ea1i, c\u00f3 t\u00ednh \u0111\u00e0n h\u1ed3i t\u1ed1t gi\u00fap b\u1ea1n b\u1ecdc \u0111\u1ed3 \u0103n ti\u1ec7n d\u1ee5ng, d\u1ec5 d\u00e0ng v\u00e0 \u0111\u1eb9p m\u1eaft. \u0110\u1eb7c bi\u1ec7t, m\u00e0ng b\u1ecdc \u0111\u01b0\u1ee3c thi\u1ebft k\u1ebf \u1edf d\u1ea1ng cu\u1ed9n gi\u00fap b\u1ea1n b\u1ecdc \u0111\u1ed3 \u0103n m\u1ed9t c\u00e1ch d\u1ec5 d\u00e0ng v\u00e0 chuy\u00ean nghi\u1ec7p nh\u1ea5t.<\/p>\n<p dir=\"auto\"><img decoding=\"async\" class=\"wp-image-22517 aligncenter\" src=\"https:\/\/havamall.com\/wp-content\/uploads\/2021\/09\/m\u00e0n-b\u1ecdc-1-300x225.png\" alt=\"\" width=\"633\" height=\"475\" \/><\/p>\n<p dir=\"auto\">Th\u1ef1c ph\u1ea9m c\u1ee7a b\u1ea1n s\u1ebd tuy\u1ec7t \u0111\u1ed1i v\u00f4 tr\u00f9ng khi n\u1eb1m d\u01b0\u1edbi l\u1edbp m\u00e0ng b\u1ecdc n\u00e0y. V\u1edbi s\u1ea3n ph\u1ea9m m\u00e0ng b\u1ecdc th\u1ef1c ph\u1ea9m n\u00e0y, b\u1ea1n r\u1ea5t d\u1ec5 d\u00e0ng b\u1ecdc th\u1ef1c ph\u1ea9m m\u1ed9t c\u00e1ch g\u1ecdn g\u00e0ng v\u00e0 c\u00f3 t\u00ednh th\u1ea9m m\u1ef9. Nh\u1eefng \u0111\u1ed3 \u0103n s\u1ebd gi\u1eef nguy\u00ean h\u00ecnh d\u00e1ng, t\u01b0\u01a1i s\u1eafc d\u01b0\u1edbi l\u1edbp m\u00e0ng b\u1ecdc \u0111\u00fang nh\u01b0 b\u1ea1n b\u00e0y tr\u00ed tr\u00ean \u0111\u0129a, b\u00e1t c\u1ee7a m\u00ecnh.<\/p>\n<p>V\u1edbi kh\u1ea3 n\u0103ng gi\u1eef t\u01b0\u01a1i th\u1ef1c ph\u1ea9m, ch\u1ed1ng b\u00e1m h\u01a1i n\u01b0\u1edbc v\u00e0 ch\u1ecbu l\u1ea1nh t\u1ed1t, s\u1ea3n ph\u1ea9m l\u00e0 c\u00f4ng c\u1ee5 h\u1eefu \u00edch \u0111\u1ec3 b\u1ea1n b\u1ea3o qu\u1ea3n th\u1ef1c ph\u1ea9m v\u1edbi ch\u1ea5t l\u01b0\u1ee3ng t\u1ed1t nh\u1ea5t.\u00a0S\u1ea3n ph\u1ea9m \u0111\u01b0\u1ee3c c\u1ea5p ch\u1ee9ng nh\u1eadn ti\u00eau chu\u1ea9n ch\u1ea5t l\u01b0\u1ee3ng an to\u00e0n v\u1ec7 sinh th\u1ef1c ph\u1ea9m.<\/p>\n<p><img decoding=\"async\" class=\"wp-image-22518 aligncenter\" src=\"https:\/\/havamall.com\/wp-content\/uploads\/2021\/09\/m\u00e0ng-b\u1ecdc-3-300x217.png\" alt=\"\" width=\"634\" height=\"459\" \/><\/p>\n<h3><strong>\u0110\u1eb7c \u0111i\u1ec3m n\u1ed5i b\u1eadt:<\/strong><\/h3>\n<p>&#8211; M\u00e0ng nh\u1ef1a PVC \u0111\u01b0\u1ee3c l\u00e0m t\u1eeb polymer c\u00f3 t\u00ean l\u00e0 Polyvinyl chloride. Khi s\u1eed d\u1ee5ng ch\u1ea5t li\u1ec7u n\u00e0y \u0111\u1ec3 l\u00e0m bao b\u00ec th\u1ef1c ph\u1ea9m, nh\u00e0 s\u1ea3n xu\u1ea5t th\u01b0\u1eddng ph\u1ea3i d\u00f9ng \u0111\u1ebfn ph\u1ee5 gia \u0111\u1ec3 t\u0103ng th\u00eam t\u00ednh n\u0103ng m\u1ec1m d\u1ebbo c\u1ee7a m\u00e0ng. M\u1ed9t s\u1ed1 ch\u1ea5t t\u1ea1o d\u1ebbo \u0111\u01b0\u1ee3c c\u00f4ng nh\u1eadn l\u00e0 an to\u00e0n v\u00e0 cho ph\u00e9p s\u1eed d\u1ee5ng.<\/p>\n<p>&#8211; M\u00e0ng PVC c\u00f3 m\u00e0u tr\u1eafng ng\u00e0\/ho\u1eb7c v\u00e0ng nh\u1ea1t v\u00e0 \u00edt dai khi k\u00e9o d\u00e3n; s\u1edd c\u00f3 c\u1ea3m gi\u00e1c d\u00ednh tay, kh\u00f3 t\u00e1ch c\u00e1c l\u1edbp m\u00e0ng b\u1ecdc khi ch\u00fang ti\u1ebfp x\u00fac tr\u1ef1c ti\u1ebfp v\u1edbi nhau; kh\u00f3 ch\u00e1y, ch\u1ec9 ch\u00e1y khi \u0111\u1ed1t tr\u1ef1c ti\u1ebfp b\u1eb1ng l\u1eeda v\u00e0 c\u00f3 m\u00f9i h\u1eafc.<\/p>\n<p>S\u1ea3n ph\u1ea9m hi\u1ec7n \u0111\u00e3 c\u00f3 m\u1eb7t t\u1ea1i havamall.<\/p>","protected":false},"excerpt":{"rendered":"<p>Las Palms l\u00e0 th\u01b0\u01a1ng hi\u1ec7u m\u00e0ng b\u1ecdc n\u1ed5i ti\u1ebfng kh\u1eafp m\u1ecdi n\u01a1i tr\u00ean th\u1ebf gi\u1edbi, \u0111\u01b0\u1ee3c d\u00f9ng trong c\u00e1c nh\u00e0<\/p>","protected":false},"featured_media":22519,"comment_status":"open","ping_status":"closed","template":"","meta":[],"product_brand":[],"product_cat":[393,35],"product_tag":[],"class_list":{"0":"post-22515","1":"product","2":"type-product","3":"status-publish","4":"has-post-thumbnail","6":"product_cat-bep-phong-an","7":"product_cat-nha-cua-doi-song","8":"pa_brand-kokusai","10":"first","11":"outofstock","12":"sale","13":"shipping-taxable","14":"purchasable","15":"product-type-simple"},"_links":{"self":[{"href":"https:\/\/havamall.com\/en\/wp-json\/wp\/v2\/product\/22515","targetHints":{"allow":["GET"]}}],"collection":[{"href":"https:\/\/havamall.com\/en\/wp-json\/wp\/v2\/product"}],"about":[{"href":"https:\/\/havamall.com\/en\/wp-json\/wp\/v2\/types\/product"}],"replies":[{"embeddable":true,"href":"https:\/\/havamall.com\/en\/wp-json\/wp\/v2\/comments?post=22515"}],"version-history":[{"count":0,"href":"https:\/\/havamall.com\/en\/wp-json\/wp\/v2\/product\/22515\/revisions"}],"wp:featuredmedia":[{"embeddable":true,"href":"https:\/\/havamall.com\/en\/wp-json\/wp\/v2\/media\/22519"}],"wp:attachment":[{"href":"https:\/\/havamall.com\/en\/wp-json\/wp\/v2\/media?parent=22515"}],"wp:term":[{"taxonomy":"product_brand","embeddable":true,"href":"https:\/\/havamall.com\/en\/wp-json\/wp\/v2\/product_brand?post=22515"},{"taxonomy":"product_cat","embeddable":true,"href":"https:\/\/havamall.com\/en\/wp-json\/wp\/v2\/product_cat?post=22515"},{"taxonomy":"product_tag","embeddable":true,"href":"https:\/\/havamall.com\/en\/wp-json\/wp\/v2\/product_tag?post=22515"}],"curies":[{"name":"wp","href":"https:\/\/api.w.org\/{rel}","templated":true}]}}