{"id":22520,"date":"2021-09-30T15:22:32","date_gmt":"2021-09-30T08:22:32","guid":{"rendered":"https:\/\/havamall.com\/?post_type=product&#038;p=22520"},"modified":"2022-01-10T13:40:27","modified_gmt":"2022-01-10T06:40:27","slug":"giay-chong-dinh-kokusai-30cmx10m-parchment-paper","status":"publish","type":"product","link":"https:\/\/havamall.com\/en\/shop\/giay-chong-dinh-kokusai-30cmx10m-parchment-paper\/","title":{"rendered":"Gi\u1ea5y Ch\u1ed1ng D\u00ednh Kokusai 30cmx10m &#8211; Parchment Paper"},"content":{"rendered":"<p>Kokusai l\u00e0 m\u1ed9t c\u00e1i t\u00ean \u0111\u01b0\u1ee3c bi\u1ebft \u0111\u1ebfn v\u1edbi nh\u1eefng s\u1ea3n ph\u1ea9m g\u1ea7n g\u0169i v\u1edbi m\u1ecdi nhu c\u1ea7u ng\u01b0\u1eddi d\u00f9ng. \u0110\u00f3 l\u00e0 nh\u1eefng \u0111\u00f4i \u0111\u0169a tre \u0111\u01b0\u1ee3c s\u1ea3n xu\u1ea5t theo ti\u00eau chu\u1ea9n Nh\u1eadt B\u1ea3n, l\u00e0 nh\u1eefng chi\u1ebfc \u1ed1ng h\u00fat gi\u1ea5y th\u00e2n thi\u1ec7n v\u1edbi m\u00f4i tr\u01b0\u1eddng &#8211; an to\u00e0n cho s\u1ee9c kh\u1ecfe&#8230;\u00a0M\u1ed9t trong nh\u1eefng \u0111i\u1ec3m n\u1ed5i tr\u1ed9i c\u1ee7a c\u00e1c s\u1ea3n ph\u1ea9m thu\u1ed9c th\u01b0\u01a1ng hi\u1ec7u Kokusai \u0111\u00f3 ch\u00ednh l\u00e0 s\u1eed d\u1ee5ng v\u1eadt li\u1ec7u t\u1eeb thi\u00ean nhi\u00ean: tre, gi\u1ea5y. \u0110i\u1ec1u n\u00e0y ch\u1ee9ng t\u1ecf Kokusai c\u1ef1c k\u00ec quan t\u00e2m \u0111\u1ebfn s\u1ee9c kh\u1ecfe c\u1ee7a ng\u01b0\u1eddi ti\u00eau d\u00f9ng.<\/p>\n<p>Gi\u1ea5y ch\u1ed1ng d\u00ednh Kokusai th\u01b0\u1eddng \u0111\u01b0\u1ee3c s\u1eed d\u1ee5ng r\u1ea5t nhi\u1ec1u trong nh\u00e0 b\u1ebfp, kh\u00f4ng ch\u1ec9 l\u00e0m b\u00e1nh m\u00e0 c\u00f2n trong n\u1ea5u \u0103n. Ngo\u00e0i c\u00f4ng d\u1ee5ng ch\u1ed1ng d\u00ednh, lo\u1ea1i gi\u1ea5y n\u00e0y \u0111\u01b0\u1ee3c s\u1eed d\u1ee5ng \u0111\u1ec3 b\u1ea3o qu\u1ea3n th\u1ef1c ph\u1ea9m \u0111\u01b0\u1ee3c t\u01b0\u01a1i ngon h\u01a1n.<\/p>\n<p><img fetchpriority=\"high\" decoding=\"async\" class=\"wp-image-22521 aligncenter\" src=\"https:\/\/havamall.com\/wp-content\/uploads\/2021\/09\/gi\u1ea5y-ch\u1ed1ng-d\u00ednh-2-300x297.png\" alt=\"\" width=\"548\" height=\"543\" \/><\/p>\n<p>\u0110\u1ed1i v\u1edbi c\u00e1c lo\u1ea1i b\u00e1nh n\u01b0\u1edbng d\u00f9ng \u0111\u1ebfn khu\u00f4n v\u00e0 c\u1ea7n ch\u1ed1ng d\u00ednh, ng\u01b0\u1eddi ta th\u01b0\u1eddng c\u1eaft gi\u1ea5y ch\u1ed1ng d\u00ednh \u0111\u1ec3 b\u1ecdc quanh th\u00e0nh khu\u00f4n b\u00e1nh ho\u1eb7c l\u00f3t d\u01b0\u1edbi \u0111\u00e1y khu\u00f4n. Ngo\u00e0i ra, m\u1ed9t s\u1ed1 lo\u1ea1i b\u00e1nh l\u1ea1nh nh\u01b0 b\u00e1nh mousse, cheese cake, tiramisu n\u1ebfu khu\u00f4n b\u00e1nh kh\u00f4ng \u0111\u01b0\u1ee3c ch\u1ed1ng d\u00ednh b\u1ea1n c\u0169ng c\u1ea7n l\u00f3t m\u1ed9t l\u1edbp gi\u1ea5y ch\u1ed1ng d\u00ednh \u00a0xung quanh th\u00e0nh khu\u00f4n.<\/p>\n<p><img decoding=\"async\" class=\"wp-image-22522 aligncenter\" src=\"https:\/\/havamall.com\/wp-content\/uploads\/2021\/09\/ccccc-300x200.png\" alt=\"\" width=\"549\" height=\"366\" \/><\/p>\n<p>gi\u1ea5y ch\u1ed1ng d\u00ednh Kokusai c\u00f2n \u0111\u01b0\u1ee3c s\u1eed d\u1ee5ng v\u1edbi c\u00e1c lo\u1ea1i b\u00e1nh n\u01b0\u1edbng kh\u00f4ng d\u00f9ng t\u1edbi khu\u00f4n, gi\u1ea5y ch\u1ed1ng d\u00ednh \u00a0\u0111\u01b0\u1ee3c s\u1eed d\u1ee5ng \u0111\u1ec3 l\u00f3t tr\u00ean b\u1ec1 m\u1eb7t khay, tr\u00e1nh cho b\u00e1nh ti\u1ebfp x\u00fac tr\u1ef1c ti\u1ebfp v\u1edbi khay v\u1eeba \u0111\u1ec3 ch\u1ed1ng d\u00ednh, v\u1eeba gi\u00fap b\u00e1nh kh\u00f4ng b\u1ecb ch\u00e1y m\u1eb7t d\u01b0\u1edbi.<\/p>\n<p><img decoding=\"async\" class=\"wp-image-22523 aligncenter\" src=\"https:\/\/havamall.com\/wp-content\/uploads\/2021\/09\/gi\u1ea5y-ch\u1ed1ng-d\u00ednh-300x185.png\" alt=\"\" width=\"551\" height=\"340\" \/><\/p>\n<h3><strong>C\u00f4ng d\u1ee5ng:<\/strong><\/h3>\n<p>C\u00f3 t\u00e1c d\u1ee5ng ch\u1ed1ng d\u00ednh tuy\u1ec7t v\u1eddi khi n\u1ea5u \u0103n, l\u00e0m b\u00e1nh.<\/p>\n<p>Gi\u00fap b\u1ea1n v\u1ec7 sinh \u0111\u1ed3 d\u00f9ng b\u1ebfp d\u1ec5 d\u00e0ng v\u00e0 nhanh ch\u00f3ng sau khi s\u1eed d\u1ee5ng.<\/p>\n<p>D\u00f9ng \u0111\u1ec3 g\u00f3i, chi\u00ean, n\u1ea5u, h\u1ea5p th\u1ee9c \u0103n kh\u00f4ng b\u1ecb th\u1ea5m d\u1ea7u m\u1ee1 ra ngo\u00e0i.<\/p>\n<p>\u0110\u00f3ng g\u00f3i v\u00e0 c\u1ea5t gi\u1eef th\u1ef1c ph\u1ea9m trong t\u1ee7 l\u1ea1nh m\u1ed9t c\u00e1ch t\u01b0\u01a1i ngon h\u01a1n.<\/p>\n<h3><strong>\u0110\u1eb7c \u0111i\u1ec3m n\u1ed5i tr\u1ed9i:<\/strong><\/h3>\n<p>Ch\u00fang c\u00f3 th\u1ec3 ch\u1ecbu \u0111\u01b0\u1ee3c nhi\u1ec7t \u0111\u1ed9 cao trong l\u00f2 vi s\u00f3ng, l\u00f2 n\u01b0\u1edbng (Gi\u1ea5y s\u00e1p, gi\u1ea5y n\u1ebfn th\u00ec kh\u00f4ng).<\/p>\n<p>S\u1ea3n ph\u1ea9m hi\u1ec7n \u0111\u00e3 c\u00f3 m\u1eb7t t\u1ea1i Havamall.<\/p>","protected":false},"excerpt":{"rendered":"<p>Kokusai l\u00e0 m\u1ed9t c\u00e1i t\u00ean \u0111\u01b0\u1ee3c bi\u1ebft \u0111\u1ebfn v\u1edbi nh\u1eefng s\u1ea3n ph\u1ea9m g\u1ea7n g\u0169i v\u1edbi m\u1ecdi nhu c\u1ea7u ng\u01b0\u1eddi d\u00f9ng.<\/p>","protected":false},"featured_media":22524,"comment_status":"open","ping_status":"closed","template":"","meta":[],"product_brand":[],"product_cat":[393,35],"product_tag":[],"class_list":{"0":"post-22520","1":"product","2":"type-product","3":"status-publish","4":"has-post-thumbnail","6":"product_cat-bep-phong-an","7":"product_cat-nha-cua-doi-song","8":"pa_brand-kokusai","10":"first","11":"outofstock","12":"sale","13":"shipping-taxable","14":"purchasable","15":"product-type-simple"},"_links":{"self":[{"href":"https:\/\/havamall.com\/en\/wp-json\/wp\/v2\/product\/22520","targetHints":{"allow":["GET"]}}],"collection":[{"href":"https:\/\/havamall.com\/en\/wp-json\/wp\/v2\/product"}],"about":[{"href":"https:\/\/havamall.com\/en\/wp-json\/wp\/v2\/types\/product"}],"replies":[{"embeddable":true,"href":"https:\/\/havamall.com\/en\/wp-json\/wp\/v2\/comments?post=22520"}],"version-history":[{"count":0,"href":"https:\/\/havamall.com\/en\/wp-json\/wp\/v2\/product\/22520\/revisions"}],"wp:featuredmedia":[{"embeddable":true,"href":"https:\/\/havamall.com\/en\/wp-json\/wp\/v2\/media\/22524"}],"wp:attachment":[{"href":"https:\/\/havamall.com\/en\/wp-json\/wp\/v2\/media?parent=22520"}],"wp:term":[{"taxonomy":"product_brand","embeddable":true,"href":"https:\/\/havamall.com\/en\/wp-json\/wp\/v2\/product_brand?post=22520"},{"taxonomy":"product_cat","embeddable":true,"href":"https:\/\/havamall.com\/en\/wp-json\/wp\/v2\/product_cat?post=22520"},{"taxonomy":"product_tag","embeddable":true,"href":"https:\/\/havamall.com\/en\/wp-json\/wp\/v2\/product_tag?post=22520"}],"curies":[{"name":"wp","href":"https:\/\/api.w.org\/{rel}","templated":true}]}}