{"id":22528,"date":"2021-09-30T16:08:17","date_gmt":"2021-09-30T09:08:17","guid":{"rendered":"https:\/\/havamall.com\/?post_type=product&#038;p=22528"},"modified":"2026-03-18T12:57:34","modified_gmt":"2026-03-18T05:57:34","slug":"tui-bao-quan-thuc-pham-kokusai-zipper-bag","status":"publish","type":"product","link":"https:\/\/havamall.com\/en\/shop\/tui-bao-quan-thuc-pham-kokusai-zipper-bag\/","title":{"rendered":"T\u00fai B\u1ea3o Qu\u1ea3n Th\u1ef1c Ph\u1ea9m Kokusai &#8211; Zipper Bag"},"content":{"rendered":"<p>Kokusai l\u00e0 m\u1ed9t c\u00e1i t\u00ean \u0111\u01b0\u1ee3c bi\u1ebft \u0111\u1ebfn v\u1edbi nh\u1eefng s\u1ea3n ph\u1ea9m g\u1ea7n g\u0169i v\u1edbi m\u1ecdi nhu c\u1ea7u ng\u01b0\u1eddi d\u00f9ng. \u0110\u00f3 l\u00e0 nh\u1eefng \u0111\u00f4i \u0111\u0169a tre \u0111\u01b0\u1ee3c s\u1ea3n xu\u1ea5t theo ti\u00eau chu\u1ea9n Nh\u1eadt B\u1ea3n, l\u00e0 nh\u1eefng chi\u1ebfc \u1ed1ng h\u00fat gi\u1ea5y th\u00e2n thi\u1ec7n v\u1edbi m\u00f4i tr\u01b0\u1eddng \u2013 an to\u00e0n cho s\u1ee9c kh\u1ecfe\u2026\u00a0M\u1ed9t trong nh\u1eefng \u0111i\u1ec3m n\u1ed5i tr\u1ed9i c\u1ee7a c\u00e1c s\u1ea3n ph\u1ea9m thu\u1ed9c th\u01b0\u01a1ng hi\u1ec7u Kokusai \u0111\u00f3 ch\u00ednh l\u00e0 s\u1eed d\u1ee5ng v\u1eadt li\u1ec7u t\u1eeb thi\u00ean nhi\u00ean: tre, gi\u1ea5y. \u0110i\u1ec1u n\u00e0y ch\u1ee9ng t\u1ecf Kokusai c\u1ef1c k\u00ec quan t\u00e2m \u0111\u1ebfn s\u1ee9c kh\u1ecfe c\u1ee7a ng\u01b0\u1eddi ti\u00eau d\u00f9ng.<\/p>\n<p>\u0110\u01b0\u1ee3c l\u00e0m ho\u00e0n to\u00e0n t\u1eeb nh\u1ef1a PE n\u00ean\u00a0t\u00fai zip Kokusai\u00a0an to\u00e0n v\u1edbi s\u1ee9c kho\u1ebb.\u00a0T\u00fai zipper b\u1ea3o qu\u1ea3n th\u1ef1c ph\u1ea9m PE Kokusai 26.5 x 31cm\u00a0c\u00f3 kh\u00f3a nh\u1ef1a,\u00a0gi\u00fap ch\u1ee9a \u0111\u1ef1ng v\u00e0 b\u1ea3o qu\u1ea3n rau c\u1ee7, th\u1ef1c ph\u1ea9m \u0111\u01b0\u1ee3c t\u01b0\u01a1i l\u00e2u h\u01a1n, c\u00f3 kho\u00e1 ti\u1ec7n l\u1ee3i, ch\u1ed1ng kh\u00f4ng kh\u00ed hay \u0111\u1ed5 n\u01b0\u1edbc ra ngo\u00e0i.<\/p>\n<p><img fetchpriority=\"high\" decoding=\"async\" class=\"wp-image-22529 aligncenter\" src=\"https:\/\/havamall.com\/wp-content\/uploads\/2021\/09\/t\u00fai-300x141.png\" alt=\"\" width=\"598\" height=\"281\" \/><\/p>\n<p>T\u00fai zipper b\u1ea3o qu\u1ea3n th\u1ef1c ph\u1ea9m PE Kokusai\u00a0giu\u0301p ba\u0323n gi\u01b0\u0303 th\u01b0\u0301c \u0103n \u0111\u01b0\u01a1\u0323c l\u00e2u h\u01a1n.\u00a0T\u00fai \u0111\u01b0\u1ee3c s\u1ea3n xu\u1ea5t v\u1edbi ch\u1ea5t l\u01b0\u1ee3ng cao, \u0111\u1ed9 d\u1ebbo ph\u00f9 h\u1ee3p, \u0111\u01b0\u1eddng h\u00e0n t\u1ed1t. C\u00f3 kh\u1ea3 n\u0103ng gi\u1eef m\u00f9i, kh\u00e1ng oxi ho\u00e1 h\u01a1i n\u01b0\u1edbc t\u1ed1t.<\/p>\n<p>T\u00fai zipper b\u1ea3o qu\u1ea3n th\u1ef1c ph\u1ea9m PE Kokusai s\u1ebd n\u00e2ng cao t\u00ednh th\u1ea9m m\u1ef9 v\u00e0 b\u1ea3o qu\u1ea3n s\u1ea3n ph\u1ea9m c\u1ee7a b\u1ea1n t\u1ed1t nh\u1ea5t.<\/p>\n<p><img decoding=\"async\" class=\"wp-image-22530 aligncenter\" src=\"https:\/\/havamall.com\/wp-content\/uploads\/2021\/09\/t\u00fai-ziper-300x267.png\" alt=\"\" width=\"601\" height=\"535\" \/><\/p>\n<h3><strong>C\u00f4ng d\u1ee5ng c\u1ee7a s\u1ea3n ph\u1ea9m:<\/strong><\/h3>\n<p>&#8211; Ch\u1ea5t li\u1ec7u an to\u00e0n cho s\u1ee9c kh\u1ecfe con ng\u01b0\u1eddi n\u00ean c\u00f3 th\u1ec3 \u0111\u1ef1ng t\u1ea5t c\u1ea3 nh\u1eefng th\u1ef1c ph\u1ea9m m\u00e0 b\u1ea1n c\u00f3 nhu c\u1ea7u b\u1ea3o qu\u1ea3n.<\/p>\n<p>&#8211; K\u00edn h\u01a1i v\u00e0 kh\u00f4ng kh\u00ed n\u00ean th\u1ef1c ph\u1ea9m b\u00ean trong ho\u00e0n to\u00e0n \u0111\u01b0\u1ee3c c\u00e1ch ly v\u1edbi v\u00ean ngo\u00e0i nh\u01b0: b\u1ee5i b\u1ea9n, kh\u00f4ng kh\u00ed,&#8230;<\/p>\n<p>&#8211; D\u00f9ng \u0111\u1ec3 b\u1ea3o qu\u1ea3n th\u1ee9c \u0103n trong t\u1ee7 l\u1ea1nh, gi\u00fap h\u1ea1n ch\u1ebf bay m\u00f9i<\/p>\n<p>&#8211; C\u00f3 th\u1ec3 thay th\u1ebf t\u00fai nil\u00f4ng \u0111\u1ea3m b\u1ea3o an to\u00e0n v\u1ec7 sinh th\u1ef1c ph\u1ea9m<\/p>\n<p><img decoding=\"async\" class=\"aligncenter\" src=\"https:\/\/havamall.com\/wp-content\/uploads\/2021\/09\/sous-vide-nomiku-8071-013.jpg\" alt=\"Why Ziploc bags are perfectly safe for sous vide cooking - CNET\" width=\"600\" height=\"338\" \/><\/p>","protected":false},"excerpt":{"rendered":"<p>Kokusai l\u00e0 m\u1ed9t c\u00e1i t\u00ean \u0111\u01b0\u1ee3c bi\u1ebft \u0111\u1ebfn v\u1edbi nh\u1eefng s\u1ea3n ph\u1ea9m g\u1ea7n g\u0169i v\u1edbi m\u1ecdi nhu c\u1ea7u ng\u01b0\u1eddi d\u00f9ng.<\/p>","protected":false},"featured_media":22531,"comment_status":"open","ping_status":"closed","template":"","meta":[],"product_brand":[],"product_cat":[393,130,35],"product_tag":[],"class_list":{"0":"post-22528","1":"product","2":"type-product","3":"status-publish","4":"has-post-thumbnail","6":"product_cat-bep-phong-an","7":"product_cat-khuyen-mai","8":"product_cat-nha-cua-doi-song","9":"pa_brand-kokusai","11":"first","12":"instock","13":"sale","14":"shipping-taxable","15":"purchasable","16":"product-type-simple"},"_links":{"self":[{"href":"https:\/\/havamall.com\/en\/wp-json\/wp\/v2\/product\/22528","targetHints":{"allow":["GET"]}}],"collection":[{"href":"https:\/\/havamall.com\/en\/wp-json\/wp\/v2\/product"}],"about":[{"href":"https:\/\/havamall.com\/en\/wp-json\/wp\/v2\/types\/product"}],"replies":[{"embeddable":true,"href":"https:\/\/havamall.com\/en\/wp-json\/wp\/v2\/comments?post=22528"}],"version-history":[{"count":0,"href":"https:\/\/havamall.com\/en\/wp-json\/wp\/v2\/product\/22528\/revisions"}],"wp:featuredmedia":[{"embeddable":true,"href":"https:\/\/havamall.com\/en\/wp-json\/wp\/v2\/media\/22531"}],"wp:attachment":[{"href":"https:\/\/havamall.com\/en\/wp-json\/wp\/v2\/media?parent=22528"}],"wp:term":[{"taxonomy":"product_brand","embeddable":true,"href":"https:\/\/havamall.com\/en\/wp-json\/wp\/v2\/product_brand?post=22528"},{"taxonomy":"product_cat","embeddable":true,"href":"https:\/\/havamall.com\/en\/wp-json\/wp\/v2\/product_cat?post=22528"},{"taxonomy":"product_tag","embeddable":true,"href":"https:\/\/havamall.com\/en\/wp-json\/wp\/v2\/product_tag?post=22528"}],"curies":[{"name":"wp","href":"https:\/\/api.w.org\/{rel}","templated":true}]}}