{"id":22560,"date":"2021-10-01T17:29:13","date_gmt":"2021-10-01T10:29:13","guid":{"rendered":"https:\/\/havamall.com\/?post_type=product&#038;p=22560"},"modified":"2021-12-13T17:20:36","modified_gmt":"2021-12-13T10:20:36","slug":"22560","status":"publish","type":"product","link":"https:\/\/havamall.com\/en\/shop\/22560\/","title":{"rendered":"Tr\u1ee9ng Mu\u1ed1i Havafood &#8211; Salted Eggs"},"content":{"rendered":"<p>C\u00f3 ngu\u1ed3n g\u1ed1c t\u1eeb Trung Hoa nh\u01b0ng ng\u00e0y nay, tr\u1ee9ng mu\u1ed1i l\u00e0 m\u00f3n \u0103n quen thu\u1ed9c c\u1ee7a ng\u01b0\u1eddi Vi\u1ec7t Nam c\u0169ng nh\u01b0 nhi\u1ec1u qu\u1ed1c gia tr\u00ean th\u1ebf gi\u1edbi.<\/p>\n<p>L\u00f2ng \u0111\u1ecf tr\u1ee9ng mu\u1ed1i t\u1eeb l\u00e2u \u0111\u00e3 l\u00e0 nguy\u00ean li\u1ec7u kh\u00f4ng th\u1ec3 thi\u1ebfu trong nhi\u1ec1u m\u00f3n \u0103n.\u00a0L\u00f2ng \u0111\u1ecf tr\u1ee9ng mu\u1ed1i\u00a0t\u1eeb l\u00e2u \u0111\u00e3 tr\u1edf th\u00e0nh \u0111i\u1ec3m nh\u1ea5n kh\u00f4ng th\u1ec3 thi\u1ebfu cho nhi\u1ec1u m\u00f3n \u0103n ngon mang \u0111\u1eadm b\u1ea3n s\u1eafc d\u00e2n t\u1ed9c. V\u1edbi v\u1ecb m\u1eb7n v\u1eeba \u0103n v\u00e0 \u0111\u1ed9 b\u00f9i \u0111\u1eb7c tr\u01b0ng, c\u00f9ng m\u00e0u v\u00e0ng m\u1eb7n m\u00e0 thu\u1ea7n t\u00fay \u0111\u00e3 gi\u00fap l\u00f2ng \u0111\u1ecf tr\u1ee9ng mu\u1ed1i chinh ph\u1ee5c \u0111\u01b0\u1ee3c kh\u1ea9u v\u1ecb c\u1ee7a nhi\u1ec1u th\u1ef1c kh\u00e1ch kh\u00f3 t\u00ednh.<\/p>\n<p><img fetchpriority=\"high\" decoding=\"async\" class=\"wp-image-22577 aligncenter\" src=\"https:\/\/havamall.com\/wp-content\/uploads\/2021\/10\/Salt-Cured-Egg-Yolks-12_result-1-277x300.jpg\" alt=\"\" width=\"718\" height=\"777\" \/><\/p>\n<p>L\u00f2ng \u0111\u1ecf tr\u1ee9ng v\u1ecbt mu\u1ed1i ch\u1ee9a nhi\u1ec1u protein, c\u00e1c ngu\u1ed3n vitamin A, D&#8230; v\u00e0 c\u00e1c ch\u1ea5t dinh d\u01b0\u1ee1ng kh\u00e1c t\u1ed1t cho s\u1ee9c kh\u1ecfe c\u1ea3 gia \u0111\u00ecnh. Tr\u1ee9ng \u0111\u01b0\u1ee3c ch\u1ecdn l\u1ecdc t\u1eeb ngu\u1ed3n nguy\u00ean li\u1ec7u s\u1ea1ch, v\u00e0 qua qu\u00e1 tr\u00ecnh ki\u1ec3m d\u1ecbch, \u0111\u1ea3m b\u1ea3o an to\u00e0n cho s\u1ee9c kh\u1ecfe c\u1ee7a ng\u01b0\u1eddi s\u1eed d\u1ee5ng.<\/p>\n<p><img decoding=\"async\" class=\"wp-image-22562 aligncenter\" src=\"https:\/\/havamall.com\/wp-content\/uploads\/2021\/10\/tr\u1ee9ng-mu\u1ed1i-2-300x200.png\" alt=\"\" width=\"715\" height=\"476\" \/><\/p>\n<p>L\u00f2ng \u0111\u1ecf tr\u1ee9ng mu\u1ed1i l\u00e0 m\u1ed9t b\u01b0\u1edbc ph\u00e1t tri\u1ec3n c\u1ee7a s\u1ea3n ph\u1ea9m truy\u1ec1n th\u1ed1ng sau khi tr\u1ee9ng \u0111\u1ee7 30 ng\u00e0y mu\u1ed1i \u0111em ra \u0111\u1eadp l\u1ea5y l\u00f2ng \u0111\u1ecf tr\u1ee9ng \u0111em r\u1eeda s\u1ea1ch s\u1ea5y kh\u00f4 ph\u00e2n lo\u1ea1i k\u00edch c\u1edf t\u1eeb 7gram \u0111\u1ebfn 15gram\u2026 sau \u0111\u00f3 v\u00e0o b\u1ecdc (10 ho\u1eb7c 50 tr\u1ee9ng\/b\u1ecdc), \u00e9p h\u00fat ch\u00e2n kh\u00f4ng n\u00ean kh\u00f4ng d\u00f9ng t\u1edbi c\u00e1c ch\u1ea5t b\u1ea3o qu\u1ea3n v\u00ec v\u1eady \u0111\u1ea3m b\u1ea3o s\u1ee9c kh\u1ecfe ng\u01b0\u1eddi d\u00f9ng.<\/p>\n<p><img decoding=\"async\" class=\"wp-image-22563 aligncenter\" src=\"https:\/\/havamall.com\/wp-content\/uploads\/2021\/10\/tr\u1ee9ng-mu\u1ed1i-4-300x297.png\" alt=\"\" width=\"713\" height=\"706\" \/><\/p>\n<p>S\u1ea3n ph\u1ea9m l\u00e0 ph\u01b0\u01a1ng \u00e1n nhanh ch\u00f3ng gi\u00fap b\u1ea1n t\u1ea1o ra c\u00e1c m\u00f3n \u0103n c\u00f3 v\u1ecb th\u01a1m m\u1eb7n \u0111\u1eb7c tr\u01b0ng c\u1ee7a tr\u1ee9ng. S\u1ea3n ph\u1ea9m \u0111\u00e3 \u0111\u01b0\u1ee3c mu\u1ed1i s\u1eb5n, ti\u1ebft ki\u1ec7m t\u1ed1i \u0111a th\u1eddi gian ch\u1ebf bi\u1ebfn c\u1ee7a b\u1ea1n.<\/p>\n<p><img loading=\"lazy\" decoding=\"async\" class=\"wp-image-22616 aligncenter\" src=\"https:\/\/havamall.com\/wp-content\/uploads\/2021\/10\/tr\u1ee9ng-mu\u1ed1i-1-300x172.png\" alt=\"\" width=\"720\" height=\"413\" \/><\/p>\n<h3><strong>\u0110\u1eb7c \u0111i\u1ec3m n\u1ed5i b\u1eadt c\u1ee7a s\u1ea3n ph\u1ea9m:<\/strong><\/h3>\n<p>&#8211; S\u1ea3n ph\u1ea9m ch\u1ea5t l\u01b0\u1ee3ng t\u1eeb b\u00ean trong l\u1eabn b\u00ean ngo\u00e0i.<\/p>\n<p>&#8211; H\u01b0\u01a1ng v\u1ecb th\u01a1m ngon v\u00e0 c\u00f3 gi\u00e1 tr\u1ecb dinh d\u01b0\u1ee1ng cao.<\/p>\n<p>&#8211; Nguy\u00ean li\u1ec7u \u0111\u01b0\u1ee3c tuy\u1ec3n ch\u1ecdn th\u1ee7 c\u00f4ng \u0111\u1ec3 \u0111\u1ea3m b\u1ea3o ch\u1ea5t l\u01b0\u1ee3ng \u0111\u1ed3ng nh\u1ea5t.<\/p>\n<p>&#8211; \u0110a d\u1ea1ng k\u00edch c\u1ee1 v\u00e0 kh\u1ed1i l\u01b0\u1ee3ng \u0111\u00f3ng g\u00f3i.<\/p>\n<p>&#8211; Quy tr\u00ecnh s\u1ea3n xu\u1ea5t kh\u00e9p k\u00edn, \u0111\u1ea1t ti\u00ean chu\u1ea9n qu\u1ed1c t\u1ebf.<\/p>\n<p><img loading=\"lazy\" decoding=\"async\" class=\"wp-image-22576 aligncenter\" src=\"https:\/\/havamall.com\/wp-content\/uploads\/2021\/10\/tr\u1ee9ng-mu\u1ed1i-6-300x169.png\" alt=\"\" width=\"718\" height=\"404\" \/><\/p>\n<h3><strong>H\u01b0\u1edbng d\u1eabn s\u1eed d\u1ee5ng:<\/strong><\/h3>\n<p>&#8211; Tr\u1ee9ng mu\u1ed1i c\u00f3 th\u1ec3 d\u00f9ng \u0111\u1ec3 l\u00e0m nh\u00e2n b\u00e1nh trung thu, nh\u00e2n b\u00e1nh p\u00eda, b\u00e1nh b\u00f4ng lan,\u00a0b\u00e1nh bao\u2026<\/p>\n<p>&#8211; Ch\u1ebf bi\u1ebfn c\u00e1c m\u00f3n \u0103n kh\u00e1c nh\u01b0: c\u01a1m chi\u00ean, t\u00f4m rang tr\u1ee9ng mu\u1ed1i, ch\u1ea3 tr\u1ee9ng mu\u1ed1i, \u0111\u1eadu ph\u1ee5 chi\u00ean tr\u1ee9ng mu\u1ed1i\u2026<\/p>\n<p>&#8211; L\u00e0m n\u01b0\u1edbc s\u1ed1t ch\u1ea5m,&#8230;<\/p>\n<p>S\u1ea3n ph\u1ea9m \u0111\u00e3 c\u00f3 m\u1eb7t t\u1ea1i Havamall.<\/p>\n<p><img loading=\"lazy\" decoding=\"async\" class=\"wp-image-22566 aligncenter\" src=\"https:\/\/havamall.com\/wp-content\/uploads\/2021\/10\/tr\u1ee9ng-mu\u1ed1i-5-300x169.png\" alt=\"\" width=\"727\" height=\"410\" \/><\/p>","protected":false},"excerpt":{"rendered":"<p>C\u00f3 ngu\u1ed3n g\u1ed1c t\u1eeb Trung Hoa nh\u01b0ng ng\u00e0y nay, tr\u1ee9ng mu\u1ed1i l\u00e0 m\u00f3n \u0103n quen thu\u1ed9c c\u1ee7a ng\u01b0\u1eddi Vi\u1ec7t Nam<\/p>","protected":false},"featured_media":22567,"comment_status":"open","ping_status":"closed","template":"","meta":[],"product_brand":[],"product_cat":[36],"product_tag":[],"class_list":{"0":"post-22560","1":"product","2":"type-product","3":"status-publish","4":"has-post-thumbnail","6":"product_cat-thuc-pham-tieu-dung","8":"first","9":"instock","10":"shipping-taxable","11":"purchasable","12":"product-type-variable"},"_links":{"self":[{"href":"https:\/\/havamall.com\/en\/wp-json\/wp\/v2\/product\/22560","targetHints":{"allow":["GET"]}}],"collection":[{"href":"https:\/\/havamall.com\/en\/wp-json\/wp\/v2\/product"}],"about":[{"href":"https:\/\/havamall.com\/en\/wp-json\/wp\/v2\/types\/product"}],"replies":[{"embeddable":true,"href":"https:\/\/havamall.com\/en\/wp-json\/wp\/v2\/comments?post=22560"}],"version-history":[{"count":0,"href":"https:\/\/havamall.com\/en\/wp-json\/wp\/v2\/product\/22560\/revisions"}],"wp:featuredmedia":[{"embeddable":true,"href":"https:\/\/havamall.com\/en\/wp-json\/wp\/v2\/media\/22567"}],"wp:attachment":[{"href":"https:\/\/havamall.com\/en\/wp-json\/wp\/v2\/media?parent=22560"}],"wp:term":[{"taxonomy":"product_brand","embeddable":true,"href":"https:\/\/havamall.com\/en\/wp-json\/wp\/v2\/product_brand?post=22560"},{"taxonomy":"product_cat","embeddable":true,"href":"https:\/\/havamall.com\/en\/wp-json\/wp\/v2\/product_cat?post=22560"},{"taxonomy":"product_tag","embeddable":true,"href":"https:\/\/havamall.com\/en\/wp-json\/wp\/v2\/product_tag?post=22560"}],"curies":[{"name":"wp","href":"https:\/\/api.w.org\/{rel}","templated":true}]}}