{"id":22655,"date":"2021-10-07T14:59:59","date_gmt":"2021-10-07T07:59:59","guid":{"rendered":"https:\/\/havamall.com\/?post_type=product&#038;p=22655"},"modified":"2022-11-02T11:17:22","modified_gmt":"2022-11-02T04:17:22","slug":"bot-lam-kem-huong-vani-la-sicilia-1-5kg-soft-vanila-ice-cream","status":"publish","type":"product","link":"https:\/\/havamall.com\/en\/shop\/bot-lam-kem-huong-vani-la-sicilia-1-5kg-soft-vanila-ice-cream\/","title":{"rendered":"B\u1ed9t L\u00e0m Kem H\u01b0\u01a1ng Vani La Sicilia 1.5kg &#8211; Soft Vanila Ice Cream"},"content":{"rendered":"<p>B\u1ed9t l\u00e0m kem vani La Sicilia\u00a0\u0111ang ng\u00e0y c\u00e0ng tr\u1edf n\u00ean quen thu\u1ed9c v\u1edbi nh\u1eefng c\u0103n b\u1ebfp c\u1ee7a c\u00e1c b\u00e0 n\u1ed9i tr\u1ee3 hay c\u00e1c nh\u00e0 h\u00e0ng, kh\u00e1ch s\u1ea1n. S\u1ea3n ph\u1ea9m b\u1ed9t l\u00e0m kem ngon, ch\u1ea5t l\u01b0\u1ee3ng \u0111\u1ebfn t\u1eeb \u00dd n\u00e0y c\u00f3 th\u1ec3 \u0111\u00e1p \u1ee9ng \u0111\u01b0\u1ee3c m\u1ecdi y\u00eau c\u1ea7u cho c\u00e1c m\u00f3n kem b\u1ea1n mong mu\u1ed1n. N\u1ebfu b\u1ea1n ch\u01b0a t\u1eebng s\u1eed d\u1ee5ng\u00a0b\u1ed9t l\u00e0m kem vani La Sicilia, h\u00e3y c\u00f9ng kh\u00e1m ph\u00e1 xem lo\u1ea1i b\u1ed9t kem n\u00e0y c\u00f3 th\u1ec3 mang l\u1ea1i nh\u1eefng b\u1ea5t ng\u1edd g\u00ec.<\/p>\n<p>B\u1ed9t l\u00e0m kem h\u01b0\u01a1ng vani \u0111\u01b0\u1ee3c s\u1ea3n xu\u1ea5t t\u1ea1i \u00dd v\u1edbi ch\u1ea5t l\u01b0\u1ee3ng h\u1ea3o h\u1ea1ng t\u1eeb b\u1ed9t l\u00e0m kem k\u1ebft h\u1ee3p c\u00f9ng s\u1ef1 s\u00e1ng t\u1ea1o c\u1ee7a b\u1ea1n g\u00e1i kh\u00e9o tay, nh\u1eefng m\u00f3n kem c\u1ee9ng s\u1ebd h\u1ea5p d\u1eabn h\u01a1n bao gi\u1edd h\u1ebft.<\/p>\n<p><img fetchpriority=\"high\" decoding=\"async\" class=\"wp-image-22657 aligncenter\" src=\"https:\/\/havamall.com\/wp-content\/uploads\/2021\/10\/kem-vani-1-300x200.png\" alt=\"\" width=\"739\" height=\"492\" \/><\/p>\n<p>La Sicilia l\u00e0 \u0111\u01a1n v\u1ecb cung c\u1ea5p c\u00e1c s\u1ea3n ph\u1ea9m b\u1ed9t l\u00e0m kem vani d\u00f9ng l\u00e0m nguy\u00ean li\u1ec7u trong c\u00e1c l\u0129nh v\u1ef1c ch\u1ebf bi\u1ebfn th\u1ef1c ph\u1ea9m nh\u01b0 kem, s\u1eefa chua,\u2026 ho\u1eb7c b\u1ea1n c\u00f3 th\u1ec3 d\u00f9ng c\u00e1c s\u1ea3n ph\u1ea9m b\u1ed9t l\u00e0m kem nguy\u00ean ch\u1ea5t n\u00e0y \u0111\u1ec3 ch\u1ebf bi\u1ebfn th\u00e0nh c\u00e1c s\u1ea3n ph\u1ea9m d\u01b0\u1ee1ng da v\u00f4 c\u00f9ng tuy\u1ec7t v\u1eddi v\u00e0 d\u00e0nh cho ph\u00e1i \u0111\u1eb9p.<\/p>\n<p><img decoding=\"async\" class=\"wp-image-22659 aligncenter\" src=\"https:\/\/havamall.com\/wp-content\/uploads\/2021\/10\/kem-261x300.png\" alt=\"\" width=\"742\" height=\"853\" \/><\/p>\n<p>L\u00fd do nh\u1eefng m\u00f3n kem \u0111\u01b0\u1ee3c th\u1ef1c hi\u1ec7n t\u1ea1i nh\u00e0 lu\u00f4n h\u1ea5p d\u1eabn h\u01a1n c\u00e1c lo\u1ea1i kem \u0111\u01b0\u1ee3c s\u1ea3n xu\u1ea5t c\u00f4ng nghi\u1ec7p t\u1ea1i nh\u1eefng c\u1eeda h\u00e0ng ti\u1ec7n l\u1ee3i ch\u00ednh l\u00e0 h\u01b0\u01a1ng v\u1ecb \u0111a d\u1ea1ng. B\u1ed9t l\u00e0m kem gi\u00fap b\u00e0 n\u1ed9i tr\u1ee3 ho\u1eb7c c\u00e1c nh\u00e0 h\u00e0ng kh\u00f4ng ph\u1ea3i m\u1ea5t c\u00f4ng cho nh\u1eefng c\u00f4ng \u0111o\u1ea1n th\u1ee7 c\u00f4ng v\u00e0 k\u1ebft h\u1ee3p \u0111\u01b0\u1ee3c v\u1edbi nhi\u1ec1u h\u01b0\u01a1ng v\u1ecb b\u1ea1n y\u00eau th\u00edch.<\/p>\n<p><img decoding=\"async\" class=\"wp-image-22658 aligncenter\" src=\"https:\/\/havamall.com\/wp-content\/uploads\/2021\/10\/kem-vani-2-300x167.png\" alt=\"\" width=\"745\" height=\"414\" \/><\/p>\n<p>T\u1eeb kem t\u01b0\u01a1i cho \u0111\u1ebfn kem c\u1ee9ng, nh\u1eefng s\u1ef1 k\u1ebft h\u1ee3p v\u1eeba quen thu\u1ed9c l\u1ea1i v\u1eeba m\u1edbi l\u1ea1 nh\u01b0 xo\u00e0i, b\u1ea1c h\u00e0, cherry, d\u00e2u t\u00e2y,\u2026 s\u1ebd khi\u1ebfn b\u1ea5t c\u1ee9 v\u1ecb kh\u00e1ch n\u00e0o c\u0169ng c\u1ea3m th\u1ea5y h\u00e0i l\u00f2ng. \u0110\u00f3 ch\u00ednh l\u00e0 m\u1ed9t trong nh\u1eefng l\u00fd do kh\u00f4ng th\u1ec3 b\u1ecf qua s\u1ee9c h\u1ea5p d\u1eabn c\u1ee7a\u00a0b\u1ed9t l\u00e0m kem vani La Sicilia.<\/p>\n<p><img loading=\"lazy\" decoding=\"async\" class=\"aligncenter\" src=\"https:\/\/havamall.com\/wp-content\/uploads\/2021\/10\/D64A6A85-3934-4C3C-8DD4-7D54A4CA5A4F.jpg\" alt=\"Vanilla ice cream - Cookidoo\u00ae \u2013 das offizielle Thermomix\u00ae-Rezept-Portal\" width=\"749\" height=\"624\" \/><\/p>\n<p>S\u1eed d\u1ee5ng\u00a0b\u1ed9t l\u00e0m kem vani La Sicilia\u00a0c\u00f3 s\u1eb5n ch\u1ea5t l\u01b0\u1ee3ng n\u00e0y, kh\u00f4ng ch\u1ec9 ti\u1ebft ki\u1ec7m \u0111\u01b0\u1ee3c th\u1eddi gian ch\u1ebf bi\u1ebfn m\u00e0 c\u00f2n ti\u1ebft ki\u1ec7m \u0111\u01b0\u1ee3c chi ph\u00ed cao, \u0111i\u1ec1u \u0111\u00f3 s\u1ebd mang l\u1ea1i l\u1ee3i nhu\u1eadn cho b\u1ea1n. \u0110\u1eb7c bi\u1ec7t, nguy\u00ean li\u1ec7u t\u1ed1t s\u1ebd gi\u00fap b\u1ea1n ch\u1ebf bi\u1ebfn nh\u1eefng m\u00f3n kem, s\u1eefa chua th\u1eadt ngon, kh\u00e1ch h\u00e0ng c\u1ee7a b\u1ea1n s\u1ebd c\u1ef1c k\u1ef3 th\u00edch th\u00fa.<\/p>\n<p><img loading=\"lazy\" decoding=\"async\" class=\"aligncenter\" src=\"https:\/\/havamall.com\/wp-content\/uploads\/2021\/10\/condensed-milk-soft-serve-164721-1.jpg\" alt=\"Condensed milk soft serve ice-cream recipe\" width=\"743\" height=\"495\" \/><\/p>\n<h3><strong>C\u00f4ng d\u1ee5ng c\u1ee7a s\u1ea3n ph\u1ea9m:<\/strong><\/h3>\n<p>&gt; L\u00e0m kem t\u01b0\u01a1i: s\u1ea3n ph\u1ea9m\u00a0b\u1ed9t l\u00e0m kem vani La Sicilia\u00a0c\u1ee7a \u00dd \u0111\u01b0\u1ee3c s\u1ea3n xu\u1ea5t theo d\u00e2y chuy\u1ec1n c\u00f4ng ngh\u1ec7 hi\u1ec7n \u0111\u1ea1i kh\u00e9p k\u00edn mang \u0111\u1ebfn s\u1ef1 y\u00ean t\u00e2m cho ng\u01b0\u1eddi d\u00f9ng khi s\u1eed d\u1ee5ng. B\u1ea1n c\u00f3 th\u1ec3 ho\u00e0n to\u00e0n y\u00ean t\u00e2m t\u1eeb th\u00e0nh ph\u1ea7n dinh d\u01b0\u1ee1ng cho \u0111\u1ebfn nh\u1eefng h\u01b0\u01a1ng v\u1ecb tuy\u1ec7t ngon t\u1eeb s\u1ea3n ph\u1ea9m.<\/p>\n<p>&gt; L\u00e0m kem c\u1ee9ng:\u00a0b\u1ed9t l\u00e0m kem vani La Sicilia\u00a0l\u00e0 b\u00ed quy\u1ebft gi\u00fap b\u1ea1n c\u00f3 th\u1ec3 d\u1ec5 d\u00e0ng c\u00f3 \u0111\u01b0\u1ee3c m\u00f3n kem nh\u01b0 ti\u00eau chu\u1ea9n nh\u00e0 h\u00e0ng ngay t\u1ea1i nh\u00e0 m\u00e0 kh\u00f4ng c\u1ea7n m\u1ea5t qu\u00e1 nhi\u1ec1u c\u00f4ng s\u1ee9c. B\u00ean c\u1ea1nh nh\u1eefng m\u00f3n kem t\u01b0\u01a1i m\u1ec1m m\u1ecbn, m\u00e1t l\u00e0nh th\u00ec kem c\u1ee9ng c\u0169ng n\u1eb1m trong danh s\u00e1ch nh\u1eefng m\u00f3n \u0103n \u0111\u01b0\u1ee3c ng\u01b0\u1eddi \u201ch\u1ea3o ng\u1ecdt\u201d \u0111\u1eb7c bi\u1ec7t y\u00eau th\u00edch.<\/p>\n<p>S\u1ea3n ph\u1ea9m hi\u1ec7n \u0111\u00e3 c\u00f3 m\u1eb7t t\u1ea1i Havamall.<\/p>\n<p><img loading=\"lazy\" decoding=\"async\" class=\"aligncenter\" src=\"https:\/\/imagesvc.meredithcorp.io\/v3\/mm\/image?url=https%3A%2F%2Fstatic.onecms.io%2Fwp-content%2Fuploads%2Fsites%2F19%2F2011%2F11%2F17%2Feagle-brand-vanilla-ice-cream-768x768-1.jpg&amp;q=85\" alt=\"Vanilla Ice Cream Recipe Recipe | MyRecipes\" width=\"746\" height=\"746\" \/><\/p>","protected":false},"excerpt":{"rendered":"<p>B\u1ed9t l\u00e0m kem vani La Sicilia\u00a0\u0111ang ng\u00e0y c\u00e0ng tr\u1edf n\u00ean quen thu\u1ed9c v\u1edbi nh\u1eefng c\u0103n b\u1ebfp c\u1ee7a c\u00e1c b\u00e0 n\u1ed9i<\/p>","protected":false},"featured_media":23437,"comment_status":"open","ping_status":"closed","template":"","meta":[],"product_brand":[],"product_cat":[36,134],"product_tag":[],"class_list":{"0":"post-22655","1":"product","2":"type-product","3":"status-publish","4":"has-post-thumbnail","6":"product_cat-thuc-pham-tieu-dung","7":"product_cat-thucpham-saykho","8":"pa_brand-lasicilia","10":"first","11":"outofstock","12":"sale","13":"shipping-taxable","14":"purchasable","15":"product-type-simple"},"_links":{"self":[{"href":"https:\/\/havamall.com\/en\/wp-json\/wp\/v2\/product\/22655","targetHints":{"allow":["GET"]}}],"collection":[{"href":"https:\/\/havamall.com\/en\/wp-json\/wp\/v2\/product"}],"about":[{"href":"https:\/\/havamall.com\/en\/wp-json\/wp\/v2\/types\/product"}],"replies":[{"embeddable":true,"href":"https:\/\/havamall.com\/en\/wp-json\/wp\/v2\/comments?post=22655"}],"version-history":[{"count":0,"href":"https:\/\/havamall.com\/en\/wp-json\/wp\/v2\/product\/22655\/revisions"}],"wp:featuredmedia":[{"embeddable":true,"href":"https:\/\/havamall.com\/en\/wp-json\/wp\/v2\/media\/23437"}],"wp:attachment":[{"href":"https:\/\/havamall.com\/en\/wp-json\/wp\/v2\/media?parent=22655"}],"wp:term":[{"taxonomy":"product_brand","embeddable":true,"href":"https:\/\/havamall.com\/en\/wp-json\/wp\/v2\/product_brand?post=22655"},{"taxonomy":"product_cat","embeddable":true,"href":"https:\/\/havamall.com\/en\/wp-json\/wp\/v2\/product_cat?post=22655"},{"taxonomy":"product_tag","embeddable":true,"href":"https:\/\/havamall.com\/en\/wp-json\/wp\/v2\/product_tag?post=22655"}],"curies":[{"name":"wp","href":"https:\/\/api.w.org\/{rel}","templated":true}]}}