{"id":22748,"date":"2021-10-20T11:59:16","date_gmt":"2021-10-20T04:59:16","guid":{"rendered":"https:\/\/havamall.com\/?post_type=product&#038;p=22748"},"modified":"2024-12-11T15:38:55","modified_gmt":"2024-12-11T08:38:55","slug":"bang-ve-sinh-ban-ngay-10-mieng-28cm-neosis-cotton-days-large","status":"publish","type":"product","link":"https:\/\/havamall.com\/en\/shop\/bang-ve-sinh-ban-ngay-10-mieng-28cm-neosis-cotton-days-large\/","title":{"rendered":"B\u0103ng V\u1ec7 Sinh Ban Ng\u00e0y 10 Mi\u1ebfng 28cm &#8211; Neosis Cotton Days Large"},"content":{"rendered":"<div class=\"\">\n<h3><strong>TH\u00d4NG TIN S\u1ea2N PH\u1ea8M<\/strong><\/h3>\n<table>\n<tbody>\n<tr>\n<td>Th\u01b0\u01a1ng hi\u1ec7u<\/td>\n<td>Neosis<\/td>\n<\/tr>\n<tr>\n<td>Xu\u1ea5t x\u1ee9<\/td>\n<td>H\u00e0n Qu\u1ed1c<\/td>\n<\/tr>\n<tr>\n<td>Th\u00e0nh ph\u1ea7n<\/td>\n<td>V\u1ea3i kh\u00f4ng d\u1ec7t nguy\u00ean ch\u1ea5t cotton, m\u00e0ng nh\u1ef1a t\u1ed5ng h\u1ee3p ch\u1ed1ng th\u1ea5m n\u01b0\u1edbc,&#8230;<\/td>\n<\/tr>\n<tr>\n<td>H\u1ea1n s\u1eed d\u1ee5ng<\/td>\n<td>36 th\u00e1ng k\u1ec3 t\u1eeb ng\u00e0y s\u1ea3n xu\u1ea5t.<\/td>\n<\/tr>\n<tr>\n<td>B\u1ea3o qu\u1ea3n<\/td>\n<td>B\u1ea3o qu\u1ea3n n\u01a1i kh\u00f4 r\u00e1o, tho\u00e1ng m\u00e1t<\/td>\n<\/tr>\n<tr>\n<td>Quy c\u00e1ch \u0111\u00f3ng g\u00f3i<\/td>\n<td>10 mi\u1ebfng 28cm<\/td>\n<\/tr>\n<\/tbody>\n<\/table>\n<p>Neosis l\u00e0 m\u1ed9t trong nh\u1eefng th\u01b0\u01a1ng hi\u1ec7u theo \u0111u\u1ed5i v\u1ebb \u0111\u1eb9p v\u00e0 gi\u00e1 tr\u1ecb c\u1ee7a ph\u1ee5 n\u1eef hi\u1ec7n \u0111\u1ea1i c\u0169ng nh\u01b0 \u0111\u1ea3m b\u1ea3o r\u1eb1ng t\u1ea5t c\u1ea3 ph\u1ee5 n\u1eef \u0111\u1ec1u t\u1eadn h\u01b0\u1edfng cu\u1ed9c s\u1ed1ng an to\u00e0n v\u00e0 s\u1ea1ch s\u1ebd h\u01a1n.<\/p>\n<p><img fetchpriority=\"high\" decoding=\"async\" class=\"wp-image-22750 aligncenter\" src=\"https:\/\/havamall.com\/wp-content\/uploads\/2021\/10\/revi-204x300.png\" alt=\"\" width=\"769\" height=\"1131\" \/><\/p>\n<p>B\u0103ng v\u1ec7 sinh h\u00e0ng ng\u00e0y Neosis Cotton Days m\u1eb7t b\u00f4ng 100% cotton tinh khi\u1ebft an to\u00e0n, m\u1ec1m v\u00e0 si\u00eau th\u1ea5m. S\u1ea3n ph\u1ea9m b\u0103ng v\u1ec7 sinh hot ch\u00ednh h\u00e3ng H\u00e0n Qu\u1ed1c \u0111\u00e3 \u0111\u1ebfn Vi\u1ec7t Nam.<\/p>\n<p>B\u0103ng v\u1ec7 sinh ban ng\u00e0y Neosis c\u00f3 c\u00e1nh si\u00eau th\u1ea5m, v\u1edbi chi\u1ec1u d\u00e0i 28cm gi\u00fap cho ch\u1ecb em ph\u1ee5 n\u1eef lu\u00f4n th\u1ea5y tho\u1ea3i m\u00e1i trong nh\u1eefng ng\u00e0y chu k\u1ef3 di\u1ec5n ra. B\u1ea3o v\u1ec7 v\u00f9ng k\u00edn cho ch\u1ecb em ph\u1ee5 n\u1eef tr\u00e1nh nhi\u1ec5m khu\u1ea9n v\u00e0o nh\u1eefng ng\u00e0y \u0111\u00e8n \u0111\u1ecf.<\/p>\n<p><img decoding=\"async\" class=\"wp-image-22751 aligncenter\" src=\"https:\/\/havamall.com\/wp-content\/uploads\/2021\/10\/868235c-300x300.png\" alt=\"\" width=\"771\" height=\"771\" \/><\/p>\n<p>Ch\u1eafc ch\u1eafn \u0111\u00e2y s\u1ebd l\u00e0 s\u1ef1 l\u1ef1a ch\u1ecdn an to\u00e0n v\u00e0 \u0111\u00e1ng tin c\u1eady cho ch\u1ecb em ph\u1ee5 n\u1eef, d\u1eb9p b\u1ecf c\u00e1c m\u1ed1i lo v\u1ec1 vi\u1ec7c s\u1eed d\u1ee5ng ph\u1ea3i c\u00e1c lo\u1ea1i b\u0103ng v\u1ec7 sinh c\u00f3 ch\u1ee9a th\u00e0nh ph\u1ea7n c\u00e1c ch\u1ea5t \u0111\u1ed9c h\u1ea1i b\u00ean ngo\u00e0i th\u1ecb tr\u01b0\u1eddng.<\/p>\n<div class=\"o9v6fnle cxmmr5t8 oygrvhab hcukyx3x c1et5uql ii04i59q\">\n<p dir=\"auto\">Cotton l\u00e0 nguy\u00ean li\u1ec7u c\u00f3 kh\u1ea3 n\u0103ng th\u1ea5m h\u00fat ch\u1ea5t l\u1ecfng g\u1ea5p 20 l\u1ea7n tr\u1ecdng l\u01b0\u1ee3ng c\u1ee7a ch\u00ednh n\u00f3. Ch\u00ednh v\u00ec v\u1eady, kh\u00f4ng c\u1ea7n ph\u1ea3i b\u1ed5 sung c\u00e1c th\u00e0nh ph\u1ea7n ho\u00e1 h\u1ecdc c\u00f3 \u0111\u1eb7c t\u00ednh si\u00eau th\u1ea5m, cotton h\u1eefu c\u01a1 v\u1eabn mang \u0111\u1ebfn hi\u1ec7u qu\u1ea3 th\u1ea5m h\u00fat tuy\u1ec7t v\u1eddi.<\/p>\n<p dir=\"auto\"><img decoding=\"async\" class=\"wp-image-22739 aligncenter\" src=\"https:\/\/havamall.com\/wp-content\/uploads\/2021\/10\/06-300x265.png\" alt=\"\" width=\"757\" height=\"669\" \/><\/p>\n<p dir=\"auto\">L\u00e0 ch\u1ea5t li\u1ec7u m\u1ec1m l\u1ea1i, \u0111\u01b0\u1ee3c t\u1eadp h\u1ee3p c\u1ee7a c\u00e1c vi h\u1ea1t tho\u00e1ng kh\u00ed, l\u1ea1i kh\u00f4ng c\u00f3 nh\u1eefng th\u00e0nh ph\u1ea7n kh\u00f4ng l\u00e0nh m\u1ea1nh cho da, cotton h\u1eefu c\u01a1 d\u1ecbu nh\u1eb9 cho da \u0111\u1ed3ng th\u1eddi gi\u00fap da v\u1eabn \u0111\u01b0\u1ee3c h\u00edt th\u1edf, kh\u00f4ng g\u00e2y b\u00ed nh\u01b0ng v\u1eabn \u0111\u01b0\u1ee3c kh\u00f4 r\u00e1o c\u1ea3 ng\u00e0y.<\/p>\n<p dir=\"auto\"><img loading=\"lazy\" decoding=\"async\" class=\"wp-image-22740 aligncenter\" src=\"https:\/\/havamall.com\/wp-content\/uploads\/2021\/10\/bvs-1-300x300.png\" alt=\"\" width=\"761\" height=\"761\" \/><\/p>\n<\/div>\n<h3><strong>\u0110\u1eb7c \u0111i\u1ec3m n\u1ed5i b\u1eadt c\u1ee7a s\u1ea3n ph\u1ea9m:<\/strong><\/h3>\n<p class=\"_1mf _1mj\">&gt; B\u1ec1 m\u1eb7t ch\u1ee9a nhi\u1ec1u l\u1ed7 th\u1ea5m h\u00fat gi\u00fap th\u1ea5m h\u00fat nhanh v\u00e0 kh\u00f4ng b\u1ecb lan sang c\u00e1c v\u00f9ng kh\u00e1c.<\/p>\n<\/div>\n<p class=\"_1mf _1mj\">&gt; B\u1ec1 m\u1eb7t \u0111\u01b0\u1ee3c l\u00e0m t\u1eeb s\u1ee3i t\u01a1 t\u1ef1 nhi\u00ean, k\u1ebft c\u1ea5u m\u1ecfng r\u1ea5t m\u1ec1m m\u1ecbn v\u00e0 \u00eam \u00e1i khi s\u1eed d\u1ee5ng.<\/p>\n<p class=\"_1mf _1mj\">&gt; C\u00f3 thi\u1ebft k\u1ebf r\u00e3nh ch\u1ed1ng tr\u00e0n v\u00e0 tr\u00e0o ng\u01b0\u1ee3c d\u00e2y ra ngo\u00e0i<\/p>\n<p class=\"_1mf _1mj\">&gt; Ch\u1ea5t li\u1ec7u \u0111\u01b0\u1ee3c l\u00e0m t\u1eeb 100% cotton tinh khi\u1ebft \u0111\u00e3 ti\u1ec7t tr\u00f9ng. Kh\u00f4ng ch\u1ee9a ch\u1ea5t formaldehyde, kh\u00f4ng ch\u1ee9a ch\u1ea5t hu\u1ef3nh quang, kh\u00f4ng ch\u1ee9a ch\u1ee9a ch\u1ea5t t\u1ea9y r\u1eeda axit.<\/p>\n<div class=\"\">\n<p class=\"_1mf _1mj\">&gt; S\u1ea3n ph\u1ea9m an to\u00e0n cho l\u00e0n da, ko g\u00e2y k\u00edch \u1ee9ng da khi s\u1eed d\u1ee5ng. L\u00e0 s\u1ea3n ph\u1ea9m b\u0103ng v\u1ec7 sinh an to\u00e0n ngay c\u1ea3 v\u1edbi l\u00e0n da nh\u1ea1y c\u1ea3m.<\/p>\n<p>S\u1ea3n ph\u1ea9m hi\u1ec7n \u0111\u00e3 c\u00f3 m\u1eb7t t\u1ea1i Havamall.<\/p>\n<\/div>","protected":false},"excerpt":{"rendered":"<p>TH\u00d4NG TIN S\u1ea2N PH\u1ea8M Th\u01b0\u01a1ng hi\u1ec7u Neosis Xu\u1ea5t x\u1ee9 H\u00e0n Qu\u1ed1c Th\u00e0nh ph\u1ea7n V\u1ea3i kh\u00f4ng d\u1ec7t nguy\u00ean ch\u1ea5t cotton, m\u00e0ng<\/p>","protected":false},"featured_media":22752,"comment_status":"open","ping_status":"closed","template":"","meta":[],"product_brand":[],"product_cat":[35,396],"product_tag":[],"class_list":{"0":"post-22748","1":"product","2":"type-product","3":"status-publish","4":"has-post-thumbnail","6":"product_cat-nha-cua-doi-song","7":"product_cat-suc-khoe-lam-dep","9":"first","10":"outofstock","11":"sale","12":"shipping-taxable","13":"purchasable","14":"product-type-simple"},"_links":{"self":[{"href":"https:\/\/havamall.com\/en\/wp-json\/wp\/v2\/product\/22748","targetHints":{"allow":["GET"]}}],"collection":[{"href":"https:\/\/havamall.com\/en\/wp-json\/wp\/v2\/product"}],"about":[{"href":"https:\/\/havamall.com\/en\/wp-json\/wp\/v2\/types\/product"}],"replies":[{"embeddable":true,"href":"https:\/\/havamall.com\/en\/wp-json\/wp\/v2\/comments?post=22748"}],"version-history":[{"count":0,"href":"https:\/\/havamall.com\/en\/wp-json\/wp\/v2\/product\/22748\/revisions"}],"wp:featuredmedia":[{"embeddable":true,"href":"https:\/\/havamall.com\/en\/wp-json\/wp\/v2\/media\/22752"}],"wp:attachment":[{"href":"https:\/\/havamall.com\/en\/wp-json\/wp\/v2\/media?parent=22748"}],"wp:term":[{"taxonomy":"product_brand","embeddable":true,"href":"https:\/\/havamall.com\/en\/wp-json\/wp\/v2\/product_brand?post=22748"},{"taxonomy":"product_cat","embeddable":true,"href":"https:\/\/havamall.com\/en\/wp-json\/wp\/v2\/product_cat?post=22748"},{"taxonomy":"product_tag","embeddable":true,"href":"https:\/\/havamall.com\/en\/wp-json\/wp\/v2\/product_tag?post=22748"}],"curies":[{"name":"wp","href":"https:\/\/api.w.org\/{rel}","templated":true}]}}