{"id":22758,"date":"2021-10-20T15:25:35","date_gmt":"2021-10-20T08:25:35","guid":{"rendered":"https:\/\/havamall.com\/?post_type=product&#038;p=22758"},"modified":"2022-10-04T17:10:25","modified_gmt":"2022-10-04T10:10:25","slug":"banh-snack-vi-socola-wonderrookie-tiovivo-6g-wonderrookie-yumyum-protein-choco-ball","status":"publish","type":"product","link":"https:\/\/havamall.com\/en\/shop\/banh-snack-vi-socola-wonderrookie-tiovivo-6g-wonderrookie-yumyum-protein-choco-ball\/","title":{"rendered":"B\u00e1nh Snack V\u1ecb Socola WonderRookie Tiovivo 15g &#8211; WonderRookie Yumyum Protein Choco Ball"},"content":{"rendered":"<h3><strong>TH\u00d4NG TIN S\u1ea2N PH\u1ea8M<\/strong><\/h3>\n<table>\n<tbody>\n<tr>\n<td>Th\u01b0\u01a1ng hi\u1ec7u<\/td>\n<td>Tiovivo<\/td>\n<\/tr>\n<tr>\n<td>Xu\u1ea5t x\u1ee9<\/td>\n<td>H\u00e0n Qu\u1ed1c<\/td>\n<\/tr>\n<tr>\n<td>Th\u00e0nh ph\u1ea7n<\/td>\n<td>Socola protein kh\u00f4ng \u0111\u01b0\u1eddng, b\u01a1 cacao, \u0111\u1ea1m s\u1eefa ph\u00e2n l\u1eadp, lecithin, h\u01b0\u01a1ng li\u1ec7u t\u1ef1 nhi\u00ean (h\u01b0\u01a1ng vani), Milk Protein Crisp,&#8230;<\/td>\n<\/tr>\n<tr>\n<td>H\u1ea1n s\u1eed d\u1ee5ng<\/td>\n<td>24 th\u00e1ng k\u1ec3 t\u1eeb ng\u00e0y s\u1ea3n xu\u1ea5t.<\/td>\n<\/tr>\n<tr>\n<td>B\u1ea3o qu\u1ea3n<\/td>\n<td>\u0110\u1ec3 n\u01a1i kh\u00f4 r\u00e1o, tho\u00e1ng m\u00e1t, tr\u00e1nh \u00e1nh n\u1eafng tr\u1ef1c ti\u1ebfp<\/td>\n<\/tr>\n<tr>\n<td>Kh\u1ed1i l\u01b0\u1ee3ng<\/td>\n<td>15g<\/td>\n<\/tr>\n<\/tbody>\n<\/table>\n<p>B\u00e1nh vi\u00ean bi s\u00f4c\u00f4la \u0111en Tiovivo ch\u1ee9a nhi\u1ec1u d\u01b0\u1ee1ng ch\u1ea5t c\u1ea7n thi\u1ebft v\u00e0 l\u00e0 m\u1ed9t lo\u1ea1i snack d\u00f9ng nguy\u00ean li\u1ec7u ho\u00e0n to\u00e0n t\u1eeb ngu\u1ed3n g\u1ed1c th\u1ef1c v\u1eadt \u0111\u1ec3 gi\u00fap b\u1ea1n s\u1ea1c l\u1ea1i n\u0103ng l\u01b0\u1ee3ng th\u1eadt nhanh trong b\u1ea5t k\u1ef3 th\u1eddi \u0111i\u1ec3m n\u00e0o trong ng\u00e0y.<\/p>\n<p><img fetchpriority=\"high\" decoding=\"async\" class=\"wp-image-22759 aligncenter\" src=\"https:\/\/havamall.com\/wp-content\/uploads\/2021\/10\/170652920_138706864925826_6211568333078575925_n-300x300.jpg\" alt=\"\" width=\"780\" height=\"780\" \/><\/p>\n<p>V\u1edbi nhi\u1ec1u socola\u00a0protein kh\u00f4ng \u0111\u01b0\u1eddng, vi\u00ean n\u0103ng l\u01b0\u1ee3ng l\u00e0 l\u1ef1a ch\u1ecdn ho\u00e0n h\u1ea3o cho b\u1eefa nh\u1eb9 tr\u01b0\u1edbc v\u00e0 sau khi t\u1eadp th\u1ec3 thao. H\u01a1n n\u1eefa, do c\u00f3 h\u00e0m l\u01b0\u1ee3ng ch\u1ea5t x\u01a1 v\u00e0 ch\u1ea5t b\u00e9o l\u00e0nh m\u1ea1nh cao, vi\u00ean snack socola s\u1ebd gi\u00fap b\u1ea1n c\u1ea3m gi\u00e1c no v\u00e0 tr\u00e0n \u0111\u1ea7y n\u0103ng l\u01b0\u1ee3ng. \u0110\u00e2y c\u0169ng l\u00e0 lo\u1ea1i snack tuy\u1ec7t v\u1eddi cho nh\u1eefng chuy\u1ebfn \u0111i ch\u01a1i ho\u1eb7c \u0111\u1ec3 d\u00e0nh s\u1eb5n trong t\u00fai cho b\u1ea5t c\u1ee9 l\u00fac n\u00e0o b\u1ea1n c\u1ea7n \u0111\u01b0\u1ee3c b\u1ed5 sung n\u0103ng l\u01b0\u1ee3ng&#8230;<\/p>\n<p id=\"tw-target-text\" class=\"tw-data-text tw-text-large XcVN5d tw-ta\" dir=\"ltr\"><span class=\"Y2IQFc\" lang=\"vi\">S\u1ea3n ph\u1ea9m s\u1eed d\u1ee5ng nguy\u00ean li\u1ec7u kh\u00f4ng bi\u1ebfn \u0111\u1ed5i gen, \u0111\u01b0\u1ee3c s\u1ea3n xu\u1ea5t t\u1ea1i c\u00e1c c\u01a1 s\u1edf s\u1ea3n xu\u1ea5t \u0111\u01b0\u1ee3c ch\u1ee9ng nh\u1eadn HACCP.<\/span><\/p>\n<p dir=\"ltr\"><img decoding=\"async\" class=\"wp-image-22760 aligncenter\" src=\"https:\/\/havamall.com\/wp-content\/uploads\/2021\/10\/socola-2-300x200.png\" alt=\"\" width=\"781\" height=\"520\" \/><\/p>\n<p dir=\"ltr\">B\u00e1nh vi\u00ean bi s\u00f4c\u00f4la \u0111en Tiovivo ch\u00ednh l\u00e0 m\u00f3n b\u00e1nh \u0103n h\u1ea5p d\u1eabn. B\u00e1nh gi\u00f2n tan, ng\u1ecdt b\u00f9i b\u00f9i v\u1edbi l\u1edbp s\u00f4c\u00f4la th\u01a1m ngon s\u1ebd l\u00e0m h\u00e0i l\u00f2ng c\u1ea3 nh\u1eefng th\u1ef1c kh\u00e1ch kh\u00f3 t\u00ednh nh\u1ea5t.<\/p>\n<p>T\u1eebng vi\u00ean snack v\u1ecb socola tr\u00f2n tr\u00f2n xinh xinh \u0111\u01b0\u1ee3c ph\u1ee7 b\u1edfi l\u1edbp socola s\u1eefa m\u1ec1m m\u1ecbn, ngon n\u1ee9c. B\u1ea1n s\u1ebd c\u1ea3m nh\u1eadn \u0111\u01b0\u1ee3c v\u1ecb ng\u1ecdt b\u00e9o c\u1ee7a socola, \u0111\u00e2y s\u1ebd l\u00e0 m\u1ed9t tr\u1ea3i nghi\u1ec7m r\u1ea5t \u0111\u00e1ng \u0111\u1ec3 th\u1eed. N\u00f3 ch\u1eafc ch\u1eafn l\u00e0 h\u01b0\u01a1ng v\u1ecb m\u00e0 c\u1ea3 ng\u01b0\u1eddi l\u1edbn v\u00e0 tr\u1ebb em \u0111\u1ec1u th\u00edch.<\/p>\n<p><img decoding=\"async\" class=\"wp-image-22761 aligncenter\" src=\"https:\/\/havamall.com\/wp-content\/uploads\/2021\/10\/socola-300x300.png\" alt=\"\" width=\"787\" height=\"786\" \/><\/p>\n<p>Snack socola v\u1edbi m\u1ed9t s\u1ed1 th\u00e0nh ph\u1ea7n dinh d\u01b0\u1ee1ng s\u1ebd gi\u00fap c\u01a1 th\u1ec3 b\u1ea1n tr\u00e0n \u0111\u1ea7y n\u0103ng l\u01b0\u1ee3ng, tinh th\u1ea7n vui v\u1ebb, tho\u1ea3i m\u00e1i, gi\u1ea3m c\u0103ng th\u1eb3ng, m\u1ec7t m\u1ecfi, \u0111\u1ed3ng th\u1eddi c\u00f2n gi\u00fap b\u1ea3o v\u1ec7 tim m\u1ea1ch kh\u1ecfe m\u1ea1nh.<\/p>\n<p><img loading=\"lazy\" decoding=\"async\" class=\"wp-image-22762 aligncenter\" src=\"https:\/\/havamall.com\/wp-content\/uploads\/2021\/10\/socola-4-300x300.png\" alt=\"\" width=\"791\" height=\"791\" \/><\/p>\n<h3><strong>\u0110\u1eb7c \u0111i\u1ec3m n\u1ed5i b\u1eadt c\u1ee7a s\u1ea3n ph\u1ea9m:<\/strong><\/h3>\n<p>&gt; Vi\u00ean\u00a0socola\u00a0tr\u00f2n tr\u00f2n \u00fa \u00fa v\u1edbi l\u1edbp ngo\u00e0i m\u00e0u n\u00e2u b\u00f3ng b\u1ea9y \u0111\u1eb9p m\u1eaft<\/p>\n<p>&gt; Vi\u00ean b\u00e1nh gi\u00f2n r\u1ee5m, r\u1ed3i tan ch\u1ea3y lan t\u1ecfa trong mi\u1ec7ng \u0103n c\u1ef1c th\u00edch, m\u00e0 kh\u00f4ng ng\u1ea5y.<\/p>\n<p>&gt; B\u00e1nh kh\u00f4ng qu\u00e1 ng\u1ecdt, kh\u00f4ng qu\u00e1 b\u00e9o, tr\u1ebb em hay ng\u01b0\u1eddi l\u1edbn \u0111\u1ec1u d\u1ec5 nghi\u1ec1n.<\/p>\n<p>&gt; \u0110\u1ea1t ch\u1ea5t l\u01b0\u1ee3ng qu\u1ed1c t\u1ebf t\u1eeb nguy\u00ean li\u1ec7u \u0111\u1ebfn quy tr\u00ecnh s\u1ea3n xu\u1ea5t. B\u00e1nh vi\u00ean socola ngon v\u00ec \u0111\u01b0\u1ee3c t\u1ea1o n\u00ean t\u1eeb th\u00e0nh ph\u1ea7n cao c\u1ea5p, ch\u1ea5t l\u01b0\u1ee3ng, an to\u00e0n cho s\u1ee9c kh\u1ecfe.<\/p>\n<p>&gt; \u0110\u01b0\u1ee3c \u0111\u00f3ng g\u00f3i nh\u1ecf g\u1ecdn d\u1ec5 d\u00e0ng mang theo b\u1ea5t k\u1ef3 \u0111\u00e2u<\/p>\n<p><img loading=\"lazy\" decoding=\"async\" class=\"wp-image-22765 aligncenter\" src=\"https:\/\/havamall.com\/wp-content\/uploads\/2021\/10\/banana-2-1-300x280.png\" alt=\"\" width=\"786\" height=\"734\" \/><\/p>\n<p>S\u1ea3n ph\u1ea9m hi\u1ec7n \u0111\u00e3 c\u00f3 m\u0103th t\u1ea1i Havamall.<\/p>","protected":false},"excerpt":{"rendered":"<p>TH\u00d4NG TIN S\u1ea2N PH\u1ea8M Th\u01b0\u01a1ng hi\u1ec7u Tiovivo Xu\u1ea5t x\u1ee9 H\u00e0n Qu\u1ed1c Th\u00e0nh ph\u1ea7n Socola protein kh\u00f4ng \u0111\u01b0\u1eddng, b\u01a1 cacao, \u0111\u1ea1m<\/p>","protected":false},"featured_media":22764,"comment_status":"open","ping_status":"closed","template":"","meta":[],"product_brand":[],"product_cat":[133,36],"product_tag":[],"class_list":{"0":"post-22758","1":"product","2":"type-product","3":"status-publish","4":"has-post-thumbnail","6":"product_cat-banh-keo-chocolate","7":"product_cat-thuc-pham-tieu-dung","9":"first","10":"outofstock","11":"sale","12":"shipping-taxable","13":"purchasable","14":"product-type-simple"},"_links":{"self":[{"href":"https:\/\/havamall.com\/en\/wp-json\/wp\/v2\/product\/22758","targetHints":{"allow":["GET"]}}],"collection":[{"href":"https:\/\/havamall.com\/en\/wp-json\/wp\/v2\/product"}],"about":[{"href":"https:\/\/havamall.com\/en\/wp-json\/wp\/v2\/types\/product"}],"replies":[{"embeddable":true,"href":"https:\/\/havamall.com\/en\/wp-json\/wp\/v2\/comments?post=22758"}],"version-history":[{"count":0,"href":"https:\/\/havamall.com\/en\/wp-json\/wp\/v2\/product\/22758\/revisions"}],"wp:featuredmedia":[{"embeddable":true,"href":"https:\/\/havamall.com\/en\/wp-json\/wp\/v2\/media\/22764"}],"wp:attachment":[{"href":"https:\/\/havamall.com\/en\/wp-json\/wp\/v2\/media?parent=22758"}],"wp:term":[{"taxonomy":"product_brand","embeddable":true,"href":"https:\/\/havamall.com\/en\/wp-json\/wp\/v2\/product_brand?post=22758"},{"taxonomy":"product_cat","embeddable":true,"href":"https:\/\/havamall.com\/en\/wp-json\/wp\/v2\/product_cat?post=22758"},{"taxonomy":"product_tag","embeddable":true,"href":"https:\/\/havamall.com\/en\/wp-json\/wp\/v2\/product_tag?post=22758"}],"curies":[{"name":"wp","href":"https:\/\/api.w.org\/{rel}","templated":true}]}}