{"id":22847,"date":"2021-10-23T10:46:31","date_gmt":"2021-10-23T03:46:31","guid":{"rendered":"https:\/\/havamall.com\/?post_type=product&#038;p=22847"},"modified":"2021-10-23T10:46:31","modified_gmt":"2021-10-23T03:46:31","slug":"ong-hut-giay-hinh-bi-do-12-cai-uncle-bills-paper-party-straws","status":"publish","type":"product","link":"https:\/\/havamall.com\/en\/shop\/ong-hut-giay-hinh-bi-do-12-cai-uncle-bills-paper-party-straws\/","title":{"rendered":"\u1ed0ng H\u00fat Gi\u1ea5y H\u00ecnh B\u00ed \u0110\u1ecf 12 C\u00e1i Uncle Bills &#8211; Paper Party Straws"},"content":{"rendered":"<h3 class=\"o9v6fnle cxmmr5t8 oygrvhab hcukyx3x c1et5uql ii04i59q\"><strong>\u00a0TH\u00d4NG TIN S\u1ea2N PH\u1ea8M<\/strong><\/h3>\n<div class=\"o9v6fnle cxmmr5t8 oygrvhab hcukyx3x c1et5uql ii04i59q\">\n<table>\n<tbody>\n<tr>\n<td>Th\u01b0\u01a1ng hi\u1ec7u<\/td>\n<td>Uncle Bills<\/td>\n<\/tr>\n<tr>\n<td>Xu\u1ea5t x\u1ee9<\/td>\n<td>Trung Qu\u1ed1c<\/td>\n<\/tr>\n<tr>\n<td>Nguy\u00ean li\u1ec7u<\/td>\n<td>Gi\u1ea5y<\/td>\n<\/tr>\n<tr>\n<td>C\u00f4ng d\u1ee5ng<\/td>\n<td>D\u1ee5ng c\u1ee5 gia d\u1ee5ng d\u00f9ng cho nh\u1eefng bu\u1ed5i ti\u1ec7c t\u00f9ng,&#8230;<\/td>\n<\/tr>\n<tr>\n<td>B\u1ea3o qu\u1ea3n<\/td>\n<td>\u0110\u1ec3 n\u01a1i kh\u00f4 r\u00e1o, tho\u00e1ng m\u00e1t, tr\u00e1nh va \u0111\u1eadp m\u1ea1nh<\/td>\n<\/tr>\n<tr>\n<td>S\u1ed1 l\u01b0\u1ee3ng<\/td>\n<td>12 c\u00e1i<\/td>\n<\/tr>\n<\/tbody>\n<\/table>\n<\/div>\n<p>Uncle Bills (UBL) cung c\u1ea5p h\u01a1n 1800 s\u1ea3n ph\u1ea9m ti\u00eau d\u00f9ng ti\u1ec7n \u00edch, t\u1ea5t c\u1ea3 \u0111\u1ec1u h\u1ea5p d\u1eabn, ti\u1ec7n l\u1ee3i v\u00e0 gi\u00e1 tr\u1ecb n\u1ed5i b\u1eadt x\u1ee9ng v\u1edbi s\u1ed1 ti\u1ec1n b\u1ecf ra. S\u1ea3n ph\u1ea9m bao g\u1ed3m nhi\u1ec1u lo\u1ea1i, t\u1eeb \u0111\u1ed3 d\u00f9ng nh\u00e0 b\u1ebfp, ch\u0103m s\u00f3c c\u00e1 nh\u00e2n, v\u1ec7 sinh v\u00e0 l\u01b0u tr\u1eef, d\u1ee5ng c\u1ee5 DIY (t\u1ef1 l\u00e0m), ngo\u00e0i tr\u1eddi, v\u0103n ph\u00f2ng ph\u1ea9m v\u00e0 \u0111\u1ed3 d\u00f9ng cho tr\u1ebb em.<\/p>\n<p>S\u1ea3n ph\u1ea9m c\u1ee7a UBL do Uncle Bills Australia ph\u00e1t tri\u1ec3n, gi\u00e1m s\u00e1t v\u00e0 ki\u1ec3m tra ch\u1ea5t l\u01b0\u1ee3ng. S\u1ea3n ph\u1ea9m \u0111\u00e3 \u0111\u01b0\u1ee3c b\u00e1n t\u1ea1i h\u01a1n 10,000 c\u1eeda h\u00e0ng tr\u00ean h\u01a1n 50 qu\u1ed1c gia, bao g\u1ed3m Ch\u00e2u \u00c2u, Ch\u00e2u \u00dac, Ch\u00e2u \u00c1 v\u00e0 Ch\u00e2u Phi.<\/p>\n<p><img fetchpriority=\"high\" decoding=\"async\" class=\"wp-image-22848 aligncenter\" src=\"https:\/\/havamall.com\/wp-content\/uploads\/2021\/10\/slideshow_1_e98ccbc98868456ea0156ce5a24830b7-300x103.jpg\" alt=\"\" width=\"902\" height=\"310\" \/><\/p>\n<p>B\u00ean c\u1ea1nh nh\u1eefng m\u00f3n \u0111\u1ed3 trang tr\u00ed \u0111\u1ed9c \u0111\u00e1o, l\u1ec5 h\u1ed9i Halloween s\u1ebd kh\u00f4ng th\u1ec3 tr\u1ecdn v\u1eb9n n\u1ebfu thi\u1ebfu \u0111i trang ph\u1ee5c v\u00e0 ph\u1ee5 ki\u1ec7n h\u00f3a trang Halloween M\u00f9a Halloween n\u00e0y, b\u1ea1n c\u00f3 th\u1ec3 t\u00ecm th\u1ea5y \u0111\u1ee7 lo\u1ea1i trang ph\u1ee5c, ph\u1ee5 ki\u1ec7n Halloween v\u1edbi nhi\u1ec1u phong c\u00e1ch kh\u00e1c nhau Uncle Bills nay \u0111\u00e3 c\u00f3 m\u1eb7t t\u1ea1i Havamall.<\/p>\n<p><img decoding=\"async\" class=\"wp-image-22851 aligncenter\" src=\"https:\/\/havamall.com\/wp-content\/uploads\/2021\/10\/\u1ed0NG-H\u00daT-3-300x300.jpg\" alt=\"\" width=\"900\" height=\"900\" \/><\/p>\n<p>\u1ed0ng H\u00fat Gi\u1ea5y B\u00ed Ng\u00f4 th\u00edch h\u1ee3p \u0111\u1ec3 s\u1eed d\u1ee5ng trong b\u1eefa ti\u1ec7c Halloween hay ti\u1ec7c sinh nh\u1eadt. S\u1ea3n ph\u1ea9m gi\u00fap t\u1ea1o b\u1ea7u kh\u00f4ng kh\u00ed r\u00f9ng r\u1ee3n, ma qu\u00e1i. \u1ed0ng H\u00fat Gi\u1ea5y B\u00ed Ng\u00f4 d\u00f9ng m\u1ed9t l\u1ea7n, t\u1ef1 ph\u00e2n h\u1ee7y, v\u1eeba th\u00e2n thi\u1ec7n v\u1edbi m\u00f4i tr\u01b0\u1eddng v\u1eeba an to\u00e0n cho s\u1ee9c kh\u1ecfe c\u1ee7a ng\u01b0\u1eddi ti\u00eau d\u00f9ng.<\/p>\n<p><b>C\u00f4ng D\u1ee5ng:\u00a0<\/b><\/p>\n<p>\u2013 H\u00fat n\u01b0\u1edbc, sinh t\u1ed1, n\u01b0\u1edbc tr\u00e1i c\u00e2y, th\u1ee9c u\u1ed1ng, cafe, kem, tr\u00e0, tr\u00e0 s\u1eefa, sinh t\u1ed1\u2026<\/p>\n<p>\u2013 D\u00f9ng trong c\u00e1c bu\u1ed5i ti\u1ec7c trong nh\u00e0, ngo\u00e0i tr\u1eddi, \u0111\u1eb7c bi\u1ec7t l\u00e0 nh\u1eefng d\u1ecbp l\u1ec5 h\u1ed9i Halloween, g\u00f3p ph\u1ea7n vui nh\u1ed9n cho bu\u1ed5i ti\u1ec7c\u2026<\/p>\n<p>S\u1ea3n ph\u1ea9m hi\u1ec7n \u0111\u00e3 c\u00f3 m\u1eb7t t\u1ea1i Havamall.<\/p>\n<p><img decoding=\"async\" class=\"alignnone  wp-image-22852 aligncenter\" src=\"https:\/\/havamall.com\/wp-content\/uploads\/2021\/10\/\u1ed0NG-H\u00daT-4-300x300.jpg\" alt=\"\" width=\"900\" height=\"900\" \/><\/p>","protected":false},"excerpt":{"rendered":"<p>\u00a0TH\u00d4NG TIN S\u1ea2N PH\u1ea8M Th\u01b0\u01a1ng hi\u1ec7u Uncle Bills Xu\u1ea5t x\u1ee9 Trung Qu\u1ed1c Nguy\u00ean li\u1ec7u Gi\u1ea5y C\u00f4ng d\u1ee5ng D\u1ee5ng c\u1ee5 gia<\/p>","protected":false},"featured_media":22854,"comment_status":"open","ping_status":"closed","template":"","meta":[],"product_brand":[],"product_cat":[428,35,394],"product_tag":[],"class_list":{"0":"post-22847","1":"product","2":"type-product","3":"status-publish","4":"has-post-thumbnail","6":"product_cat-halloween","7":"product_cat-nha-cua-doi-song","8":"product_cat-trang-tri-nha-cua","9":"pa_brand-uncle-bills","11":"first","12":"instock","13":"sale","14":"shipping-taxable","15":"purchasable","16":"product-type-simple"},"_links":{"self":[{"href":"https:\/\/havamall.com\/en\/wp-json\/wp\/v2\/product\/22847","targetHints":{"allow":["GET"]}}],"collection":[{"href":"https:\/\/havamall.com\/en\/wp-json\/wp\/v2\/product"}],"about":[{"href":"https:\/\/havamall.com\/en\/wp-json\/wp\/v2\/types\/product"}],"replies":[{"embeddable":true,"href":"https:\/\/havamall.com\/en\/wp-json\/wp\/v2\/comments?post=22847"}],"version-history":[{"count":0,"href":"https:\/\/havamall.com\/en\/wp-json\/wp\/v2\/product\/22847\/revisions"}],"wp:featuredmedia":[{"embeddable":true,"href":"https:\/\/havamall.com\/en\/wp-json\/wp\/v2\/media\/22854"}],"wp:attachment":[{"href":"https:\/\/havamall.com\/en\/wp-json\/wp\/v2\/media?parent=22847"}],"wp:term":[{"taxonomy":"product_brand","embeddable":true,"href":"https:\/\/havamall.com\/en\/wp-json\/wp\/v2\/product_brand?post=22847"},{"taxonomy":"product_cat","embeddable":true,"href":"https:\/\/havamall.com\/en\/wp-json\/wp\/v2\/product_cat?post=22847"},{"taxonomy":"product_tag","embeddable":true,"href":"https:\/\/havamall.com\/en\/wp-json\/wp\/v2\/product_tag?post=22847"}],"curies":[{"name":"wp","href":"https:\/\/api.w.org\/{rel}","templated":true}]}}