{"id":22857,"date":"2021-10-23T11:18:18","date_gmt":"2021-10-23T04:18:18","guid":{"rendered":"https:\/\/havamall.com\/?post_type=product&#038;p=22857"},"modified":"2024-05-08T15:47:42","modified_gmt":"2024-05-08T08:47:42","slug":"ly-nhua-mini-nhieu-mau-16-cai-uncle-bills-disposable-shot-cups","status":"publish","type":"product","link":"https:\/\/havamall.com\/en\/shop\/ly-nhua-mini-nhieu-mau-16-cai-uncle-bills-disposable-shot-cups\/","title":{"rendered":"Ly Nh\u1ef1a Mini Nhi\u1ec1u M\u00e0u 16 C\u00e1i Uncle Bills &#8211; Disposable Shot Cups"},"content":{"rendered":"<h3 class=\"o9v6fnle cxmmr5t8 oygrvhab hcukyx3x c1et5uql ii04i59q\"><strong>\u00a0TH\u00d4NG TIN S\u1ea2N PH\u1ea8M<\/strong><\/h3>\n<div class=\"o9v6fnle cxmmr5t8 oygrvhab hcukyx3x c1et5uql ii04i59q\">\n<table>\n<tbody>\n<tr>\n<td>Th\u01b0\u01a1ng hi\u1ec7u<\/td>\n<td>Uncle Bills<\/td>\n<\/tr>\n<tr>\n<td>K\u00edch th\u01b0\u1edbc<\/td>\n<td>4.5 x 5cm<\/td>\n<\/tr>\n<tr>\n<td>Th\u00e0nh ph\u1ea7n<\/td>\n<td>Nh\u1ef1a PS<\/td>\n<\/tr>\n<tr>\n<td>C\u00f4ng d\u1ee5ng<\/td>\n<td>\u0110\u1ed3 d\u00f9ng cho bu\u1ed5i ti\u1ec7c<\/td>\n<\/tr>\n<tr>\n<td>B\u1ea3o qu\u1ea3n<\/td>\n<td>\u0110\u1ec3 n\u01a1i kh\u00f4 r\u00e1o, tho\u00e1ng m\u00e1t, tr\u00e1nh \u00e1nh n\u1eafng tr\u1ef1c ti\u1ebfp v\u00e0 va \u0111\u1eadp m\u1ea1nh<\/td>\n<\/tr>\n<tr>\n<td>Dung t\u00edch<\/td>\n<td>60ml<\/td>\n<\/tr>\n<\/tbody>\n<\/table>\n<\/div>\n<p>Uncle Bills (UBL) &#8211; V\u1edbi h\u01a1n 4000 s\u1ea3n ph\u1ea9m gia d\u1ee5ng ti\u1ec7n \u00edch cho t\u1ed5 \u1ea5m hi\u1ec7n \u0111\u1ea1i. S\u1ea3n ph\u1ea9m c\u1ee7a UBL do Uncle Bills HongKong v\u00e0 Uncle Bills Australia ph\u00e1t tri\u1ec3n, gi\u00e1m s\u00e1t v\u00e0 ki\u1ec3m tra ch\u1ea5t l\u01b0\u1ee3ng. S\u1ea3n ph\u1ea9m \u0111\u00e3 \u0111\u01b0\u1ee3c b\u00e1n t\u1ea1i h\u01a1n 10,000 c\u1eeda h\u00e0ng tr\u00ean h\u01a1n 50 qu\u1ed1c gia, bao g\u1ed3m Ch\u00e2u \u00c2u, Ch\u00e2u \u00dac, Ch\u00e2u \u00c1 v\u00e0 Ch\u00e2u Phi.<\/p>\n<p>S\u1ea3n ph\u1ea9m UBL: G\u1ed3m nhi\u1ec1u nh\u00f3m t\u1eeb \u0111\u1ed3 nh\u00e0 b\u1ebfp, v\u1ec7 sinh nh\u00e0 c\u1eeda, ch\u0103m s\u00f3c c\u00e1 nh\u00e2n, DIY, ngo\u00e0i tr\u1eddi, v\u0103n ph\u00f2ng ph\u1ea9m \u0111\u1ebfn \u0111\u1ed3 d\u00f9ng cho tr\u1ebb em. T\u1ea5t c\u1ea3 \u0111\u1ec1u h\u1eefu \u00edch, gi\u00e1 tr\u1ecb n\u1ed5i b\u1eadt x\u1ee9ng v\u1edbi gi\u00e1 ti\u1ec1n.<\/p>\n<p>Ngo\u00e0i ra Uncle Bills c\u00f2n li\u00ean t\u1ee5c c\u1eadp nh\u1eadt h\u01a1n 50 s\u1ea3n ph\u1ea9m m\u1edbi m\u1ed7i th\u00e1ng v\u00e0 c\u00f3 ri\u00eang danh m\u1ee5c h\u00e0ng ph\u1ee5c v\u1ee5 ri\u00eang cho c\u00e1c m\u00f9a l\u1ec5, theo ch\u1ee7 \u0111\u1ec1 nh\u01b0: Gi\u00e1ng Sinh, Halloween, n\u1ed9i th\u1ea5t,\u2026V\u00e0 nay nh\u1eefng s\u1ea3n ph\u1ea9m \u0111\u00e3 c\u00f3 m\u1eb7t t\u1ea1i nh\u00e0 Havamall.<\/p>\n<p>&nbsp;<\/p>\n<p><img fetchpriority=\"high\" decoding=\"async\" class=\"wp-image-22860 aligncenter\" src=\"https:\/\/havamall.com\/wp-content\/uploads\/2021\/10\/halloween_ubl_3c9df586afaa4187b224a31c334625f0-300x103.jpg\" alt=\"\" width=\"900\" height=\"309\" \/><\/p>\n<p>B\u00ean c\u1ea1nh nh\u1eefng m\u00f3n \u0111\u1ed3 trang tr\u00ed \u0111\u1ed9c \u0111\u00e1o, l\u1ec5 h\u1ed9i Halloween s\u1ebd kh\u00f4ng th\u1ec3 tr\u1ecdn v\u1eb9n n\u1ebfu thi\u1ebfu \u0111i trang ph\u1ee5c v\u00e0 ph\u1ee5 ki\u1ec7n h\u00f3a trang Halloween M\u00f9a Halloween n\u00e0y, b\u1ea1n c\u00f3 th\u1ec3 t\u00ecm th\u1ea5y \u0111\u1ee7 lo\u1ea1i trang ph\u1ee5c, ph\u1ee5 ki\u1ec7n Halloween v\u1edbi nhi\u1ec1u phong c\u00e1ch kh\u00e1c nhau c\u1ee7a Uncle Bills nay \u0111\u00e3 c\u00f3 m\u1eb7t t\u1ea1i Havamall.<\/p>\n<p><img decoding=\"async\" class=\"wp-image-22835 aligncenter\" src=\"https:\/\/havamall.com\/wp-content\/uploads\/2021\/10\/c\u00e0i-3-300x300.png\" alt=\"\" width=\"900\" height=\"900\" \/><\/p>\n<p>Ly nh\u1ef1a mini nhi\u1ec1u m\u00e0u Uncle Bills c\u00f3 m\u00e0u\u00a0s\u00e1ng t\u1ef1 nhi\u00ean, trong su\u1ed1t, mang l\u1ea1i c\u1ea3m gi\u00e1c s\u1ea1ch s\u1ebd, kh\u00f4 tho\u00e1ng \u0111\u01b0\u1ee3c d\u00f9ng \u0111\u1ec3 ch\u1ee9a th\u1ee9c u\u1ed1ng s\u1eed d\u1ee5ng trong c\u00e1c bu\u1ed5i ti\u1ec7c, c\u00e1c bu\u1ed5i h\u1ed9i th\u1ea3o, c\u00f4ng ty, tr\u01b0\u1eddng h\u1ecdc,\u2026 Nh\u1ef1a d\u1ec5 s\u1eed d\u1ee5ng, an to\u00e0n cho s\u1ee9c kh\u1ecfe.<\/p>\n<p>M\u1ed7 g\u00f3i s\u1ea3n ph\u1ea9m g\u1ed3m 4 m\u00e0u s\u1eafc: h\u1ed3ng, cam, xanh l\u00e1, xanh d\u01b0\u01a1ng.<\/p>\n<p><img decoding=\"async\" class=\"wp-image-22861 aligncenter\" src=\"https:\/\/havamall.com\/wp-content\/uploads\/2021\/10\/LY-1-300x300.jpg\" alt=\"\" width=\"800\" height=\"800\" \/><\/p>","protected":false},"excerpt":{"rendered":"<p>\u00a0TH\u00d4NG TIN S\u1ea2N PH\u1ea8M Th\u01b0\u01a1ng hi\u1ec7u Uncle Bills K\u00edch th\u01b0\u1edbc 4.5 x 5cm Th\u00e0nh ph\u1ea7n Nh\u1ef1a PS C\u00f4ng d\u1ee5ng \u0110\u1ed3<\/p>","protected":false},"featured_media":22862,"comment_status":"open","ping_status":"closed","template":"","meta":[],"product_brand":[],"product_cat":[428,35,394],"product_tag":[],"class_list":{"0":"post-22857","1":"product","2":"type-product","3":"status-publish","4":"has-post-thumbnail","6":"product_cat-halloween","7":"product_cat-nha-cua-doi-song","8":"product_cat-trang-tri-nha-cua","9":"pa_brand-uncle-bills","11":"first","12":"instock","13":"sale","14":"shipping-taxable","15":"purchasable","16":"product-type-simple"},"_links":{"self":[{"href":"https:\/\/havamall.com\/en\/wp-json\/wp\/v2\/product\/22857","targetHints":{"allow":["GET"]}}],"collection":[{"href":"https:\/\/havamall.com\/en\/wp-json\/wp\/v2\/product"}],"about":[{"href":"https:\/\/havamall.com\/en\/wp-json\/wp\/v2\/types\/product"}],"replies":[{"embeddable":true,"href":"https:\/\/havamall.com\/en\/wp-json\/wp\/v2\/comments?post=22857"}],"version-history":[{"count":0,"href":"https:\/\/havamall.com\/en\/wp-json\/wp\/v2\/product\/22857\/revisions"}],"wp:featuredmedia":[{"embeddable":true,"href":"https:\/\/havamall.com\/en\/wp-json\/wp\/v2\/media\/22862"}],"wp:attachment":[{"href":"https:\/\/havamall.com\/en\/wp-json\/wp\/v2\/media?parent=22857"}],"wp:term":[{"taxonomy":"product_brand","embeddable":true,"href":"https:\/\/havamall.com\/en\/wp-json\/wp\/v2\/product_brand?post=22857"},{"taxonomy":"product_cat","embeddable":true,"href":"https:\/\/havamall.com\/en\/wp-json\/wp\/v2\/product_cat?post=22857"},{"taxonomy":"product_tag","embeddable":true,"href":"https:\/\/havamall.com\/en\/wp-json\/wp\/v2\/product_tag?post=22857"}],"curies":[{"name":"wp","href":"https:\/\/api.w.org\/{rel}","templated":true}]}}