{"id":22858,"date":"2021-10-23T11:25:57","date_gmt":"2021-10-23T04:25:57","guid":{"rendered":"https:\/\/havamall.com\/?post_type=product&#038;p=22858"},"modified":"2021-10-23T11:25:57","modified_gmt":"2021-10-23T04:25:57","slug":"bo-do-doi-hoa-trang-halloween-3-mon-cho-be-uncle-bills","status":"publish","type":"product","link":"https:\/\/havamall.com\/en\/shop\/bo-do-doi-hoa-trang-halloween-3-mon-cho-be-uncle-bills\/","title":{"rendered":"B\u1ed9 \u0110\u1ed3 D\u01a1i H\u00f3a Trang Halloween 3 M\u00f3n Cho B\u00e9 Uncle Bills"},"content":{"rendered":"<h3 class=\"o9v6fnle cxmmr5t8 oygrvhab hcukyx3x c1et5uql ii04i59q\"><strong>\u00a0TH\u00d4NG TIN S\u1ea2N PH\u1ea8M<\/strong><\/h3>\n<div class=\"o9v6fnle cxmmr5t8 oygrvhab hcukyx3x c1et5uql ii04i59q\">\n<table>\n<tbody>\n<tr>\n<td>Th\u01b0\u01a1ng hi\u1ec7u<\/td>\n<td>Uncle Bills<\/td>\n<\/tr>\n<tr>\n<td>Xu\u1ea5t x\u1ee9<\/td>\n<td>Trung Qu\u1ed1c<\/td>\n<\/tr>\n<tr>\n<td>Th\u00e0nh ph\u1ea7n<\/td>\n<td>Polyester<\/td>\n<\/tr>\n<tr>\n<td>C\u00f4ng d\u1ee5ng<\/td>\n<td>Ph\u1ee5 ki\u1ec7n h\u00f3a trang<\/td>\n<\/tr>\n<tr>\n<td>B\u1ea3o qu\u1ea3n<\/td>\n<td>\u0110\u1ec3 n\u01a1i kh\u00f4 r\u00e1o, tho\u00e1ng m\u00e1t, tr\u00e1nh \u00e1nh n\u1eafng tr\u1ef1c ti\u1ebfp<\/td>\n<\/tr>\n<tr>\n<td>\u0110\u1ecbnh l\u01b0\u1ee3ng<\/td>\n<td>1 b\u1ed9<\/td>\n<\/tr>\n<\/tbody>\n<\/table>\n<\/div>\n<p>Uncle Bills (UBL) cung c\u1ea5p h\u01a1n 1800 s\u1ea3n ph\u1ea9m ti\u00eau d\u00f9ng ti\u1ec7n \u00edch, t\u1ea5t c\u1ea3 \u0111\u1ec1u h\u1ea5p d\u1eabn, ti\u1ec7n l\u1ee3i v\u00e0 gi\u00e1 tr\u1ecb n\u1ed5i b\u1eadt x\u1ee9ng v\u1edbi s\u1ed1 ti\u1ec1n b\u1ecf ra. S\u1ea3n ph\u1ea9m bao g\u1ed3m nhi\u1ec1u lo\u1ea1i, t\u1eeb \u0111\u1ed3 d\u00f9ng nh\u00e0 b\u1ebfp, ch\u0103m s\u00f3c c\u00e1 nh\u00e2n, v\u1ec7 sinh v\u00e0 l\u01b0u tr\u1eef, d\u1ee5ng c\u1ee5 DIY (t\u1ef1 l\u00e0m), ngo\u00e0i tr\u1eddi, v\u0103n ph\u00f2ng ph\u1ea9m v\u00e0 \u0111\u1ed3 d\u00f9ng cho tr\u1ebb em.<\/p>\n<p>S\u1ea3n ph\u1ea9m c\u1ee7a UBL do Uncle Bills Australia ph\u00e1t tri\u1ec3n, gi\u00e1m s\u00e1t v\u00e0 ki\u1ec3m tra ch\u1ea5t l\u01b0\u1ee3ng. S\u1ea3n ph\u1ea9m \u0111\u00e3 \u0111\u01b0\u1ee3c b\u00e1n t\u1ea1i h\u01a1n 10,000 c\u1eeda h\u00e0ng tr\u00ean h\u01a1n 50 qu\u1ed1c gia, bao g\u1ed3m Ch\u00e2u \u00c2u, Ch\u00e2u \u00dac, Ch\u00e2u \u00c1 v\u00e0 Ch\u00e2u Phi.<\/p>\n<p><img fetchpriority=\"high\" decoding=\"async\" class=\"wp-image-22834 aligncenter\" src=\"https:\/\/havamall.com\/wp-content\/uploads\/2021\/10\/halloween_-300x103.png\" alt=\"\" width=\"804\" height=\"276\" \/><\/p>\n<p>B\u00ean c\u1ea1nh nh\u1eefng m\u00f3n \u0111\u1ed3 trang tr\u00ed \u0111\u1ed9c \u0111\u00e1o, l\u1ec5 h\u1ed9i Halloween s\u1ebd kh\u00f4ng th\u1ec3 tr\u1ecdn v\u1eb9n n\u1ebfu thi\u1ebfu \u0111i trang ph\u1ee5c v\u00e0 ph\u1ee5 ki\u1ec7n h\u00f3a trang Halloween M\u00f9a Halloween n\u00e0y, b\u1ea1n c\u00f3 th\u1ec3 t\u00ecm th\u1ea5y \u0111\u1ee7 lo\u1ea1i trang ph\u1ee5c, ph\u1ee5 ki\u1ec7n Halloween v\u1edbi nhi\u1ec1u phong c\u00e1ch kh\u00e1c nhau \u1edf Uncle Bills.<\/p>\n<p><img decoding=\"async\" class=\"wp-image-22850 aligncenter\" src=\"https:\/\/havamall.com\/wp-content\/uploads\/2021\/10\/c\u00e0i-3-1-300x300.png\" alt=\"\" width=\"803\" height=\"803\" \/><\/p>\n<p id=\"tw-target-text\" class=\"tw-data-text tw-text-large XcVN5d tw-ta\" dir=\"ltr\">Ch\u1ea5t li\u1ec7u Thun m\u1ec1m co gi\u00e3n v\u00e0 ren l\u01b0\u1edbi nh\u1ecf. Ki\u1ec3u v\u00e1y c\u1ed9c tay v\u00e0 ch\u00e2n v\u00e1y ng\u1eafn x\u00f2e r\u1ed9ng. L\u1edbp l\u00f3t b\u00ean trong m\u1ec1m m\u1ecfng tho\u00e1ng m\u00e1t. Ph\u1ea7n th\u00e2n tr\u01b0\u1edbc \u0111\u01b0\u1ee3c thi\u1ebft k\u1ebf nh\u00fan t\u1ea7ng th\u00eam \u0111i\u1ec7u cho chi\u1ebfc v\u00e1y. M\u00e0u t\u00edm k\u1ebft h\u1ee3p \u0111en t\u1ea1o s\u1ef1 huy\u1ec1n b\u00ed nh\u01b0ng \u0111\u00e1ng y\u00eau. Chi\u1ebfc v\u00e1y l\u00e0m cho b\u00e9 v\u1eeba c\u00e1 t\u00ednh v\u1eeba h\u1ea5p d\u1eabn trong \u0111\u00eam h\u1ed9i Halloween<\/p>\n<p dir=\"ltr\"><img decoding=\"async\" class=\"wp-image-22864 aligncenter\" src=\"https:\/\/havamall.com\/wp-content\/uploads\/2021\/10\/\u0111\u1ed3-d\u01a1i-300x180.png\" alt=\"\" width=\"644\" height=\"387\" \/><\/p>\n<p dir=\"ltr\">Trang ph\u1ee5c Halloween trong suy ngh\u0129 nhi\u1ec1u ng\u01b0\u1eddi v\u1ed1n l\u00e0 trang ph\u1ee5c ma qu\u00e1i, r\u00f9ng r\u1ee3n, ch\u1eb3ng c\u00f3 g\u00ec h\u1ea5p d\u1eabn. Th\u1ebf nh\u01b0ng, th\u1ef1c t\u1ebf,\u00a0 m\u1ed7i khi v\u00e0o m\u00f9a Halloween, \u0111\u01b0\u1ee3c di\u1ec7n tr\u00ean ng\u01b0\u1eddi nh\u1eefng trang ph\u1ee5c ph\u00f9 th\u1ee7y, qu\u1ea7n \u00e1o si\u00eau nh\u00e2n, qu\u1ea7n \u00e1o y\u00eau qu\u00e1i, qu\u1ea7n \u00e1o b\u00ed ng\u00f4 hay qu\u1ea7n \u00e1o h\u00ecnh x\u01b0\u01a1ng ng\u01b0\u1eddi &#8230;tr\u1ebb con \u0111\u1ec1u \u0111\u1eb7c bi\u1ec7t th\u00edch th\u00fa. \u00a0 Ngo\u00e0i ra, nh\u01b0ng b\u1ed9 qu\u1ea7n \u00e1o c\u00f4ng ch\u00faa hay qu\u1ea7n \u00e1o ho\u00e0ng t\u1eed, trang ph\u1ee5c c\u01b0\u1edbp bi\u1ec3n, qu\u1ea7n \u00e1o h\u1ea3i t\u1eb7c c\u0169ng t\u1ea1o n\u00ean s\u1ef1 h\u1ea5p d\u1eabn m\u1edbi l\u1ea1 \u0111\u1ed1i v\u1edbi b\u00e9.<\/p>\n<p dir=\"ltr\"><img loading=\"lazy\" decoding=\"async\" class=\"aligncenter\" src=\"https:\/\/havamall.com\/wp-content\/uploads\/2021\/10\/haloween-party-ideas-feature.jpg\" alt='Kid and Budget-Friendly Halloween Party Ideas | Let&#039;s Roam' width=\"810\" height=\"541\" \/><\/p>\n<h3><strong>\u0110\u1eb7c \u0111i\u1ec3m n\u1ed5i b\u1eadt c\u1ee7a s\u1ea3n ph\u1ea9m:<\/strong><\/h3>\n<p>&gt; M\u00e0u t\u00edm\/h\u1ed3ng k\u1ebft h\u1ee3p \u0111en t\u1ea1o s\u1ef1 huy\u1ec1n b\u00ed nh\u01b0ng \u0111\u00e1ng y\u00eau<\/p>\n<p>&gt; Chi\u1ebfc v\u00e1y l\u00e0m cho b\u00e9 v\u1eeba c\u00e1 t\u00ednh v\u1eeba h\u1ea5p d\u1eabn trong \u0111\u00eam h\u1ed9i Halloween.<\/p>\n<p>&gt; Ch\u1ea5t thun m\u1ec1m co gi\u00e3n t\u1ed1t, l\u1edbp l\u00f3t b\u00ean trong m\u1ec1m m\u1ecfng tho\u00e1ng m\u00e1t. Eo \u0111\u01b0\u1ee3c thi\u1ebft k\u1ebft chun co gi\u00e3n t\u1ed1t.Ch\u00e2n v\u00e1y x\u00f2e r\u1ed9ng \u0111\u00e1ng y\u00eau.<\/p>\n<p>S\u1ea3n ph\u1ea9m hi\u1ec7n \u0111\u00e3 c\u00f3 m\u1eb7t t\u1ea1i Havamall.<\/p>","protected":false},"excerpt":{"rendered":"<p>\u00a0TH\u00d4NG TIN S\u1ea2N PH\u1ea8M Th\u01b0\u01a1ng hi\u1ec7u Uncle Bills Xu\u1ea5t x\u1ee9 Trung Qu\u1ed1c Th\u00e0nh ph\u1ea7n Polyester C\u00f4ng d\u1ee5ng Ph\u1ee5 ki\u1ec7n h\u00f3a<\/p>","protected":false},"featured_media":22865,"comment_status":"open","ping_status":"closed","template":"","meta":[],"product_brand":[],"product_cat":[428,35,394],"product_tag":[],"class_list":{"0":"post-22858","1":"product","2":"type-product","3":"status-publish","4":"has-post-thumbnail","6":"product_cat-halloween","7":"product_cat-nha-cua-doi-song","8":"product_cat-trang-tri-nha-cua","10":"first","11":"instock","12":"shipping-taxable","13":"purchasable","14":"product-type-variable"},"_links":{"self":[{"href":"https:\/\/havamall.com\/en\/wp-json\/wp\/v2\/product\/22858","targetHints":{"allow":["GET"]}}],"collection":[{"href":"https:\/\/havamall.com\/en\/wp-json\/wp\/v2\/product"}],"about":[{"href":"https:\/\/havamall.com\/en\/wp-json\/wp\/v2\/types\/product"}],"replies":[{"embeddable":true,"href":"https:\/\/havamall.com\/en\/wp-json\/wp\/v2\/comments?post=22858"}],"version-history":[{"count":0,"href":"https:\/\/havamall.com\/en\/wp-json\/wp\/v2\/product\/22858\/revisions"}],"wp:featuredmedia":[{"embeddable":true,"href":"https:\/\/havamall.com\/en\/wp-json\/wp\/v2\/media\/22865"}],"wp:attachment":[{"href":"https:\/\/havamall.com\/en\/wp-json\/wp\/v2\/media?parent=22858"}],"wp:term":[{"taxonomy":"product_brand","embeddable":true,"href":"https:\/\/havamall.com\/en\/wp-json\/wp\/v2\/product_brand?post=22858"},{"taxonomy":"product_cat","embeddable":true,"href":"https:\/\/havamall.com\/en\/wp-json\/wp\/v2\/product_cat?post=22858"},{"taxonomy":"product_tag","embeddable":true,"href":"https:\/\/havamall.com\/en\/wp-json\/wp\/v2\/product_tag?post=22858"}],"curies":[{"name":"wp","href":"https:\/\/api.w.org\/{rel}","templated":true}]}}