{"id":22868,"date":"2021-10-23T11:39:31","date_gmt":"2021-10-23T04:39:31","guid":{"rendered":"https:\/\/havamall.com\/?post_type=product&#038;p=22868"},"modified":"2025-12-03T04:13:28","modified_gmt":"2025-12-02T21:13:28","slug":"hinh-dan-trang-tri-mat-lap-lanh-nhieu-mau-uncle-bills-face-art-decor","status":"publish","type":"product","link":"https:\/\/havamall.com\/en\/shop\/hinh-dan-trang-tri-mat-lap-lanh-nhieu-mau-uncle-bills-face-art-decor\/","title":{"rendered":"H\u00ecnh D\u00e1n Trang Tr\u00ed M\u1eb7t L\u1ea5p L\u00e1nh Nhi\u1ec1u M\u00e0u Uncle Bills &#8211; Face Art Decor"},"content":{"rendered":"<h3 class=\"o9v6fnle cxmmr5t8 oygrvhab hcukyx3x c1et5uql ii04i59q\"><strong>\u00a0TH\u00d4NG TIN S\u1ea2N PH\u1ea8M<\/strong><\/h3>\n<div class=\"o9v6fnle cxmmr5t8 oygrvhab hcukyx3x c1et5uql ii04i59q\">\n<table>\n<tbody>\n<tr>\n<td>Th\u01b0\u01a1ng hi\u1ec7u<\/td>\n<td>Uncle Bills<\/td>\n<\/tr>\n<tr>\n<td>Xu\u1ea5t x\u1ee9<\/td>\n<td>Trung Qu\u1ed1c<\/td>\n<\/tr>\n<tr>\n<td>Th\u00e0nh ph\u1ea7n<\/td>\n<td>M\u1ef1c, keo l\u1ea5p l\u00e1nh<\/td>\n<\/tr>\n<tr>\n<td>C\u00f4ng d\u1ee5ng<\/td>\n<td>\u0110\u1ed3 d\u00f9ng trang tr\u00ed cho nh\u1eefng bu\u1ed5i ti\u1ec7c Halloween,&#8230;<\/td>\n<\/tr>\n<tr>\n<td>B\u1ea3o qu\u1ea3n<\/td>\n<td>\u0110\u1ec3 n\u01a1i kh\u00f4 r\u00e1o, tho\u00e1ng m\u00e1t.<\/td>\n<\/tr>\n<tr>\n<td>\u0110\u1ecbnh l\u01b0\u1ee3ng<\/td>\n<td>1 c\u00e1i<\/td>\n<\/tr>\n<\/tbody>\n<\/table>\n<\/div>\n<p>Uncle Bills (UBL) \u2013 V\u1edbi h\u01a1n 4000 s\u1ea3n ph\u1ea9m gia d\u1ee5ng ti\u1ec7n \u00edch cho t\u1ed5 \u1ea5m hi\u1ec7n \u0111\u1ea1i. S\u1ea3n ph\u1ea9m c\u1ee7a UBL do Uncle Bills HongKong v\u00e0 Uncle Bills Australia ph\u00e1t tri\u1ec3n, gi\u00e1m s\u00e1t v\u00e0 ki\u1ec3m tra ch\u1ea5t l\u01b0\u1ee3ng. S\u1ea3n ph\u1ea9m \u0111\u00e3 \u0111\u01b0\u1ee3c b\u00e1n t\u1ea1i h\u01a1n 10,000 c\u1eeda h\u00e0ng tr\u00ean h\u01a1n 50 qu\u1ed1c gia, bao g\u1ed3m Ch\u00e2u \u00c2u, Ch\u00e2u \u00dac, Ch\u00e2u \u00c1 v\u00e0 Ch\u00e2u Phi.<\/p>\n<p>S\u1ea3n ph\u1ea9m UBL: G\u1ed3m nhi\u1ec1u nh\u00f3m t\u1eeb \u0111\u1ed3 nh\u00e0 b\u1ebfp, v\u1ec7 sinh nh\u00e0 c\u1eeda, ch\u0103m s\u00f3c c\u00e1 nh\u00e2n, DIY, ngo\u00e0i tr\u1eddi, v\u0103n ph\u00f2ng ph\u1ea9m \u0111\u1ebfn \u0111\u1ed3 d\u00f9ng cho tr\u1ebb em. T\u1ea5t c\u1ea3 \u0111\u1ec1u h\u1eefu \u00edch, gi\u00e1 tr\u1ecb n\u1ed5i b\u1eadt x\u1ee9ng v\u1edbi gi\u00e1 ti\u1ec1n.<\/p>\n<p>Ngo\u00e0i ra Uncle Bills c\u00f2n li\u00ean t\u1ee5c c\u1eadp nh\u1eadt h\u01a1n 50 s\u1ea3n ph\u1ea9m m\u1edbi m\u1ed7i th\u00e1ng v\u00e0 c\u00f3 ri\u00eang danh m\u1ee5c h\u00e0ng ph\u1ee5c v\u1ee5 ri\u00eang cho c\u00e1c m\u00f9a l\u1ec5, theo ch\u1ee7 \u0111\u1ec1 nh\u01b0: Gi\u00e1ng Sinh, Halloween, n\u1ed9i th\u1ea5t,\u2026V\u00e0 nay nh\u1eefng s\u1ea3n ph\u1ea9m \u0111\u00e3 c\u00f3 m\u1eb7t t\u1ea1i nh\u00e0 Havamall.<\/p>\n<p><img fetchpriority=\"high\" decoding=\"async\" class=\"wp-image-22870 aligncenter\" src=\"https:\/\/havamall.com\/wp-content\/uploads\/2021\/10\/d60a2eece6effc3d665fd5bd0d955c9d-300x300.jpg\" alt=\"\" width=\"900\" height=\"900\" \/><\/p>\n<p>B\u00ean c\u1ea1nh nh\u1eefng m\u00f3n \u0111\u1ed3 trang tr\u00ed \u0111\u1ed9c \u0111\u00e1o, l\u1ec5 h\u1ed9i Halloween s\u1ebd kh\u00f4ng th\u1ec3 tr\u1ecdn v\u1eb9n n\u1ebfu thi\u1ebfu \u0111i trang ph\u1ee5c v\u00e0 ph\u1ee5 ki\u1ec7n h\u00f3a trang Halloween M\u00f9a Halloween n\u00e0y, b\u1ea1n c\u00f3 th\u1ec3 t\u00ecm th\u1ea5y \u0111\u1ee7 lo\u1ea1i trang ph\u1ee5c, ph\u1ee5 ki\u1ec7n Halloween v\u1edbi nhi\u1ec1u phong c\u00e1ch kh\u00e1c nhau \u1edf Uncle Bills.<\/p>\n<p><img decoding=\"async\" class=\"alignnone wp-image-22835 aligncenter\" src=\"https:\/\/havamall.com\/wp-content\/uploads\/2021\/10\/c\u00e0i-3-300x300.png\" alt=\"\" width=\"900\" height=\"900\" \/><\/p>\n<p>H\u00ecnh d\u00e1n trang tr\u00ed m\u1eb7t Uncle Bills d\u00f9ng \u0111\u1ec3 h\u00f3a trang trong nh\u1eefng bu\u1ed5i ti\u1ec7c Halloween. S\u1ea3n ph\u1ea9m ph\u00f9 h\u1ee3p cho m\u1ecdi v\u00f9ng da m\u1eb7t, th\u00edch h\u1ee3p cho vi\u1ec7c h\u00f3a trang, d\u1ec5 d\u00e0ng t\u1ea9y r\u1eeda b\u1eb1ng n\u01b0\u1edbc ho\u1eb7c s\u1eefa r\u1eeda m\u1eb7t, an to\u00e0n v\u1edbi m\u1ecdi lo\u1ea1i da.<\/p>\n<p><img decoding=\"async\" class=\"alignnone wp-image-22892 aligncenter\" src=\"https:\/\/havamall.com\/wp-content\/uploads\/2021\/10\/D\u00c1N-M\u1eb6T-4-300x200.jpg\" alt=\"\" width=\"839\" height=\"559\" \/><\/p>\n<h4><strong>\u0110\u1eb6C \u0110I\u1ec2M S\u1ea2N PH\u1ea8M<\/strong><\/h4>\n<p>&#8211; M\u00e0u V\u1ebd Trang Tr\u00ed M\u1eb7t L\u1ea5p L\u00e1nh Nhi\u1ec1u M\u00e0u Halloween Uncle Bills th\u00edch h\u1ee3p cho vi\u1ec7c h\u00f3a trang t\u1ea1o nhi\u1ec1u ngo\u1ea1i h\u00ecnh kh\u00e1c nhau, t\u1ea1o h\u00ecnh theo ch\u1ee7 \u0111\u1ec1 vui nh\u1ed9n, halloween, carnival,&#8230;<\/p>\n<p>&#8211; M\u00e0u v\u1ebd ph\u00f9 h\u1ee3p cho m\u1ecdi v\u00f9ng da m\u1eb7t, \u0111\u1eb7c bi\u1ec7t d\u1ec5 d\u00e0ng t\u1ea9y r\u1eeda b\u1eb1ng n\u01b0\u1edbc ho\u1eb7c s\u1eefa r\u1eeda m\u1eb7t.<\/p>\n<p>&#8211; An to\u00e0n v\u1edbi m\u1ecdi lo\u1ea1i da.<\/p>\n<p><img loading=\"lazy\" decoding=\"async\" class=\"alignnone wp-image-22895 aligncenter\" src=\"https:\/\/havamall.com\/wp-content\/uploads\/2021\/10\/D\u00c1N-M\u1eb6T-5-300x300.jpg\" alt=\"\" width=\"835\" height=\"835\" \/><\/p>","protected":false},"excerpt":{"rendered":"<p>\u00a0TH\u00d4NG TIN S\u1ea2N PH\u1ea8M Th\u01b0\u01a1ng hi\u1ec7u Uncle Bills Xu\u1ea5t x\u1ee9 Trung Qu\u1ed1c Th\u00e0nh ph\u1ea7n M\u1ef1c, keo l\u1ea5p l\u00e1nh C\u00f4ng d\u1ee5ng<\/p>","protected":false},"featured_media":22877,"comment_status":"open","ping_status":"closed","template":"","meta":[],"product_brand":[],"product_cat":[428],"product_tag":[],"class_list":{"0":"post-22868","1":"product","2":"type-product","3":"status-publish","4":"has-post-thumbnail","6":"product_cat-halloween","7":"pa_brand-uncle-bills","9":"first","10":"instock","11":"sale","12":"shipping-taxable","13":"purchasable","14":"product-type-simple"},"_links":{"self":[{"href":"https:\/\/havamall.com\/en\/wp-json\/wp\/v2\/product\/22868","targetHints":{"allow":["GET"]}}],"collection":[{"href":"https:\/\/havamall.com\/en\/wp-json\/wp\/v2\/product"}],"about":[{"href":"https:\/\/havamall.com\/en\/wp-json\/wp\/v2\/types\/product"}],"replies":[{"embeddable":true,"href":"https:\/\/havamall.com\/en\/wp-json\/wp\/v2\/comments?post=22868"}],"version-history":[{"count":0,"href":"https:\/\/havamall.com\/en\/wp-json\/wp\/v2\/product\/22868\/revisions"}],"wp:featuredmedia":[{"embeddable":true,"href":"https:\/\/havamall.com\/en\/wp-json\/wp\/v2\/media\/22877"}],"wp:attachment":[{"href":"https:\/\/havamall.com\/en\/wp-json\/wp\/v2\/media?parent=22868"}],"wp:term":[{"taxonomy":"product_brand","embeddable":true,"href":"https:\/\/havamall.com\/en\/wp-json\/wp\/v2\/product_brand?post=22868"},{"taxonomy":"product_cat","embeddable":true,"href":"https:\/\/havamall.com\/en\/wp-json\/wp\/v2\/product_cat?post=22868"},{"taxonomy":"product_tag","embeddable":true,"href":"https:\/\/havamall.com\/en\/wp-json\/wp\/v2\/product_tag?post=22868"}],"curies":[{"name":"wp","href":"https:\/\/api.w.org\/{rel}","templated":true}]}}