{"id":22871,"date":"2021-10-23T11:54:55","date_gmt":"2021-10-23T04:54:55","guid":{"rendered":"https:\/\/havamall.com\/?post_type=product&#038;p=22871"},"modified":"2021-10-23T11:55:17","modified_gmt":"2021-10-23T04:55:17","slug":"bo-20-con-nhen-den-trang-tri-halloween-uncle-bills","status":"publish","type":"product","link":"https:\/\/havamall.com\/en\/shop\/bo-20-con-nhen-den-trang-tri-halloween-uncle-bills\/","title":{"rendered":"B\u1ed9 20 Con Nh\u1ec7n \u0110en Trang Tr\u00ed Halloween Uncle Bills"},"content":{"rendered":"<h3 class=\"o9v6fnle cxmmr5t8 oygrvhab hcukyx3x c1et5uql ii04i59q\"><strong>\u00a0TH\u00d4NG TIN S\u1ea2N PH\u1ea8M<\/strong><\/h3>\n<div class=\"o9v6fnle cxmmr5t8 oygrvhab hcukyx3x c1et5uql ii04i59q\">\n<table>\n<tbody>\n<tr>\n<td>Th\u01b0\u01a1ng hi\u1ec7u<\/td>\n<td>Uncle Bills<\/td>\n<\/tr>\n<tr>\n<td>Xu\u1ea5t x\u1ee9<\/td>\n<td>Trung Qu\u1ed1c<\/td>\n<\/tr>\n<tr>\n<td>Th\u00e0nh ph\u1ea7n<\/td>\n<td>PVC<\/td>\n<\/tr>\n<tr>\n<td>C\u00f4ng d\u1ee5ng<\/td>\n<td>Ph\u1ee5 ki\u1ec7n h\u00f3a trang<\/td>\n<\/tr>\n<tr>\n<td>B\u1ea3o qu\u1ea3n<\/td>\n<td>\u0110\u1ec3 n\u01a1i kh\u00f4 r\u00e1o, tho\u00e1ng m\u00e1t, tr\u00e1nh \u00e1nh n\u1eafng tr\u1ef1c ti\u1ebfp<\/td>\n<\/tr>\n<tr>\n<td>\u0110\u1ecbnh l\u01b0\u1ee3ng<\/td>\n<td>20 con<\/td>\n<\/tr>\n<\/tbody>\n<\/table>\n<\/div>\n<p>Uncle Bills (UBL) cung c\u1ea5p h\u01a1n 1800 s\u1ea3n ph\u1ea9m ti\u00eau d\u00f9ng ti\u1ec7n \u00edch, t\u1ea5t c\u1ea3 \u0111\u1ec1u h\u1ea5p d\u1eabn, ti\u1ec7n l\u1ee3i v\u00e0 gi\u00e1 tr\u1ecb n\u1ed5i b\u1eadt x\u1ee9ng v\u1edbi s\u1ed1 ti\u1ec1n b\u1ecf ra. S\u1ea3n ph\u1ea9m bao g\u1ed3m nhi\u1ec1u lo\u1ea1i, t\u1eeb \u0111\u1ed3 d\u00f9ng nh\u00e0 b\u1ebfp, ch\u0103m s\u00f3c c\u00e1 nh\u00e2n, v\u1ec7 sinh v\u00e0 l\u01b0u tr\u1eef, d\u1ee5ng c\u1ee5 DIY (t\u1ef1 l\u00e0m), ngo\u00e0i tr\u1eddi, v\u0103n ph\u00f2ng ph\u1ea9m v\u00e0 \u0111\u1ed3 d\u00f9ng cho tr\u1ebb em.<\/p>\n<p>S\u1ea3n ph\u1ea9m c\u1ee7a UBL do Uncle Bills Australia ph\u00e1t tri\u1ec3n, gi\u00e1m s\u00e1t v\u00e0 ki\u1ec3m tra ch\u1ea5t l\u01b0\u1ee3ng. S\u1ea3n ph\u1ea9m \u0111\u00e3 \u0111\u01b0\u1ee3c b\u00e1n t\u1ea1i h\u01a1n 10,000 c\u1eeda h\u00e0ng tr\u00ean h\u01a1n 50 qu\u1ed1c gia, bao g\u1ed3m Ch\u00e2u \u00c2u, Ch\u00e2u \u00dac, Ch\u00e2u \u00c1 v\u00e0 Ch\u00e2u Phi.<\/p>\n<p><img fetchpriority=\"high\" decoding=\"async\" class=\"wp-image-22834 aligncenter\" src=\"https:\/\/havamall.com\/wp-content\/uploads\/2021\/10\/halloween_-300x103.png\" alt=\"\" width=\"804\" height=\"276\" \/><\/p>\n<p>B\u00ean c\u1ea1nh nh\u1eefng m\u00f3n \u0111\u1ed3 trang tr\u00ed \u0111\u1ed9c \u0111\u00e1o, l\u1ec5 h\u1ed9i Halloween s\u1ebd kh\u00f4ng th\u1ec3 tr\u1ecdn v\u1eb9n n\u1ebfu thi\u1ebfu \u0111i trang ph\u1ee5c v\u00e0 ph\u1ee5 ki\u1ec7n h\u00f3a trang Halloween M\u00f9a Halloween n\u00e0y, b\u1ea1n c\u00f3 th\u1ec3 t\u00ecm th\u1ea5y \u0111\u1ee7 lo\u1ea1i trang ph\u1ee5c, ph\u1ee5 ki\u1ec7n Halloween v\u1edbi nhi\u1ec1u phong c\u00e1ch kh\u00e1c nhau \u1edf Uncle Bills.<\/p>\n<p><img decoding=\"async\" class=\"wp-image-22878 aligncenter\" src=\"https:\/\/havamall.com\/wp-content\/uploads\/2021\/10\/11111-300x300.png\" alt=\"\" width=\"811\" height=\"811\" \/><\/p>\n<p>Nh\u1ec7n \u0111en Uncle Bills \u0111\u01b0\u1ee3c l\u00e0m b\u1eb1ng v\u1eadt li\u1ec7u nh\u1ef1a ch\u1ea5t l\u01b0\u1ee3ng, b\u1ec1n v\u00e0 gi\u1ed1ng nh\u01b0 th\u1eadt.<\/p>\n<p>S\u1ea3n ph\u1ea9m l\u00e0 s\u1ef1 l\u1ef1a ch\u1ecdn tuy\u1ec7t v\u1eddi v\u00e0 ho\u00e0n h\u1ea3o cho \u0111\u1ed3 trang tr\u00ed ti\u1ec7c Halloween, Tr\u00f2 \u0111\u00f9a vui nh\u1ed9n v\u00e0 c\u00e1c v\u1edf k\u1ecbch tr\u00ean s\u00e2n kh\u1ea5u. Nh\u1eefng Con nh\u1ec7n nh\u1ecf m\u00e0u \u0111en n\u00e0y r\u1ea5t ph\u00f9 h\u1ee3p cho Halloween, b\u1eefa ti\u1ec7c tuy\u1ec7t v\u1eddi, Tr\u00f2 \u0111\u00f9a. K\u00edch th\u00edch kh\u1ee7ng khi\u1ebfp, th\u00fa v\u1ecb v\u00e0 h\u1ee9ng th\u00fa.<\/p>\n<p><img decoding=\"async\" class=\"wp-image-22879 aligncenter\" src=\"https:\/\/havamall.com\/wp-content\/uploads\/2021\/10\/nh\u1ec7n-1-300x300.png\" alt=\"\" width=\"814\" height=\"814\" \/><\/p>\n<h3><strong>\u0110\u1eb7c \u0111i\u1ec3m n\u1ed5i b\u1eadt:<\/strong><\/h3>\n<p id=\"tw-target-text\" class=\"tw-data-text tw-text-large XcVN5d tw-ta\" dir=\"ltr\"><span class=\"Y2IQFc\" lang=\"vi\">&gt; \u1ee8ng d\u1ee5ng r\u1ed9ng r\u00e3i<\/span><\/p>\n<p class=\"tw-data-text tw-text-large XcVN5d tw-ta\" dir=\"ltr\"><span class=\"Y2IQFc\" lang=\"vi\">&gt; C\u00f3 th\u1ec3 t\u00e1i s\u1eed d\u1ee5ng, v\u00ec v\u1eady b\u1ea1n c\u00f3 th\u1ec3 trang tr\u00ed ch\u00fang trong c\u00e1c d\u1ecbp ti\u1ec7c Halloween kh\u00e1c nhau<\/span><\/p>\n<p class=\"tw-data-text tw-text-large XcVN5d tw-ta\" dir=\"ltr\"><span class=\"Y2IQFc\" lang=\"vi\">&gt; C\u00f3 th\u1ec3 d\u00e1n ho\u1eb7c treo ch\u00fang t\u1eeb tr\u1ea7n nh\u00e0, c\u1eeda ra v\u00e0o, c\u1eeda s\u1ed5 ho\u1eb7c tr\u00ean b\u00e0n ti\u1ec7c \u0111\u1ec3 th\u00eam kh\u00f4ng kh\u00ed l\u1ec5 h\u1ed9i<\/span><\/p>\n<p dir=\"ltr\">S\u1ea3n ph\u1ea9m hi\u1ec7n \u0111\u00e3 c\u00f3 m\u1eb7t t\u1ea1i Havamall.<\/p>\n<p dir=\"ltr\"><img loading=\"lazy\" decoding=\"async\" class=\"wp-image-22880 aligncenter\" src=\"https:\/\/havamall.com\/wp-content\/uploads\/2021\/10\/nh\u1ec7n2-300x199.png\" alt=\"\" width=\"827\" height=\"549\" \/><\/p>","protected":false},"excerpt":{"rendered":"<p>\u00a0TH\u00d4NG TIN S\u1ea2N PH\u1ea8M Th\u01b0\u01a1ng hi\u1ec7u Uncle Bills Xu\u1ea5t x\u1ee9 Trung Qu\u1ed1c Th\u00e0nh ph\u1ea7n PVC C\u00f4ng d\u1ee5ng Ph\u1ee5 ki\u1ec7n h\u00f3a<\/p>","protected":false},"featured_media":22881,"comment_status":"open","ping_status":"closed","template":"","meta":[],"product_brand":[],"product_cat":[428,35,394],"product_tag":[],"class_list":{"0":"post-22871","1":"product","2":"type-product","3":"status-publish","4":"has-post-thumbnail","6":"product_cat-halloween","7":"product_cat-nha-cua-doi-song","8":"product_cat-trang-tri-nha-cua","10":"first","11":"instock","12":"sale","13":"shipping-taxable","14":"purchasable","15":"product-type-simple"},"_links":{"self":[{"href":"https:\/\/havamall.com\/en\/wp-json\/wp\/v2\/product\/22871","targetHints":{"allow":["GET"]}}],"collection":[{"href":"https:\/\/havamall.com\/en\/wp-json\/wp\/v2\/product"}],"about":[{"href":"https:\/\/havamall.com\/en\/wp-json\/wp\/v2\/types\/product"}],"replies":[{"embeddable":true,"href":"https:\/\/havamall.com\/en\/wp-json\/wp\/v2\/comments?post=22871"}],"version-history":[{"count":0,"href":"https:\/\/havamall.com\/en\/wp-json\/wp\/v2\/product\/22871\/revisions"}],"wp:featuredmedia":[{"embeddable":true,"href":"https:\/\/havamall.com\/en\/wp-json\/wp\/v2\/media\/22881"}],"wp:attachment":[{"href":"https:\/\/havamall.com\/en\/wp-json\/wp\/v2\/media?parent=22871"}],"wp:term":[{"taxonomy":"product_brand","embeddable":true,"href":"https:\/\/havamall.com\/en\/wp-json\/wp\/v2\/product_brand?post=22871"},{"taxonomy":"product_cat","embeddable":true,"href":"https:\/\/havamall.com\/en\/wp-json\/wp\/v2\/product_cat?post=22871"},{"taxonomy":"product_tag","embeddable":true,"href":"https:\/\/havamall.com\/en\/wp-json\/wp\/v2\/product_tag?post=22871"}],"curies":[{"name":"wp","href":"https:\/\/api.w.org\/{rel}","templated":true}]}}