{"id":22929,"date":"2021-10-25T13:55:11","date_gmt":"2021-10-25T06:55:11","guid":{"rendered":"https:\/\/havamall.com\/?post_type=product&#038;p=22929"},"modified":"2021-10-26T14:52:39","modified_gmt":"2021-10-26T07:52:39","slug":"bong-bong-halloween-12-cai-uncle-bills-balloons-halloween","status":"publish","type":"product","link":"https:\/\/havamall.com\/en\/shop\/bong-bong-halloween-12-cai-uncle-bills-balloons-halloween\/","title":{"rendered":"Bong B\u00f3ng Halloween 12 C\u00e1i Uncle Bills &#8211; Balloons Halloween"},"content":{"rendered":"<h3 class=\"o9v6fnle cxmmr5t8 oygrvhab hcukyx3x c1et5uql ii04i59q\"><strong>\u00a0TH\u00d4NG TIN S\u1ea2N PH\u1ea8M<\/strong><\/h3>\n<div class=\"o9v6fnle cxmmr5t8 oygrvhab hcukyx3x c1et5uql ii04i59q\">\n<table>\n<tbody>\n<tr>\n<td>Th\u01b0\u01a1ng hi\u1ec7u<\/td>\n<td>Uncle Bills<\/td>\n<\/tr>\n<tr>\n<td>Xu\u1ea5t x\u1ee9<\/td>\n<td>Trung Qu\u1ed1c<\/td>\n<\/tr>\n<tr>\n<td>Nguy\u00ean li\u1ec7u<\/td>\n<td>\u0110\u1ed3ng, nh\u1ef1a pp<\/td>\n<\/tr>\n<tr>\n<td>C\u00f4ng d\u1ee5ng<\/td>\n<td>D\u1ee5ng c\u1ee5 gia d\u1ee5ng d\u00f9ng trang tr\u00ed cho nh\u1eefng bu\u1ed5i ti\u1ec7c Halloween<\/td>\n<\/tr>\n<tr>\n<td>B\u1ea3o qu\u1ea3n<\/td>\n<td>\u0110\u1ec3 n\u01a1i kh\u00f4 r\u00e1o, tho\u00e1ng m\u00e1t. \u0110\u1ec3 xa t\u1ea7m tay tr\u1ebb em.<\/td>\n<\/tr>\n<tr>\n<td>S\u1ed1 l\u01b0\u1ee3ng<\/td>\n<td>12 c\u00e1i\/b\u1ed9<\/td>\n<\/tr>\n<\/tbody>\n<\/table>\n<\/div>\n<p>Uncle Bills (UBL) cung c\u1ea5p h\u01a1n 1800 s\u1ea3n ph\u1ea9m ti\u00eau d\u00f9ng ti\u1ec7n \u00edch, t\u1ea5t c\u1ea3 \u0111\u1ec1u h\u1ea5p d\u1eabn, ti\u1ec7n l\u1ee3i v\u00e0 gi\u00e1 tr\u1ecb n\u1ed5i b\u1eadt x\u1ee9ng v\u1edbi s\u1ed1 ti\u1ec1n b\u1ecf ra. S\u1ea3n ph\u1ea9m bao g\u1ed3m nhi\u1ec1u lo\u1ea1i, t\u1eeb \u0111\u1ed3 d\u00f9ng nh\u00e0 b\u1ebfp, ch\u0103m s\u00f3c c\u00e1 nh\u00e2n, v\u1ec7 sinh v\u00e0 l\u01b0u tr\u1eef, d\u1ee5ng c\u1ee5 DIY (t\u1ef1 l\u00e0m), ngo\u00e0i tr\u1eddi, v\u0103n ph\u00f2ng ph\u1ea9m v\u00e0 \u0111\u1ed3 d\u00f9ng cho tr\u1ebb em.<\/p>\n<p>S\u1ea3n ph\u1ea9m c\u1ee7a UBL do Uncle Bills Australia ph\u00e1t tri\u1ec3n, gi\u00e1m s\u00e1t v\u00e0 ki\u1ec3m tra ch\u1ea5t l\u01b0\u1ee3ng. S\u1ea3n ph\u1ea9m \u0111\u00e3 \u0111\u01b0\u1ee3c b\u00e1n t\u1ea1i h\u01a1n 10,000 c\u1eeda h\u00e0ng tr\u00ean h\u01a1n 50 qu\u1ed1c gia, bao g\u1ed3m Ch\u00e2u \u00c2u, Ch\u00e2u \u00dac, Ch\u00e2u \u00c1 v\u00e0 Ch\u00e2u Phi.<\/p>\n<p><img fetchpriority=\"high\" decoding=\"async\" class=\"wp-image-22848 aligncenter\" src=\"https:\/\/havamall.com\/wp-content\/uploads\/2021\/10\/slideshow_1_e98ccbc98868456ea0156ce5a24830b7-300x103.jpg\" alt=\"\" width=\"902\" height=\"310\" \/><\/p>\n<p>B\u00ean c\u1ea1nh nh\u1eefng m\u00f3n \u0111\u1ed3 trang tr\u00ed \u0111\u1ed9c \u0111\u00e1o, l\u1ec5 h\u1ed9i Halloween s\u1ebd kh\u00f4ng th\u1ec3 tr\u1ecdn v\u1eb9n n\u1ebfu thi\u1ebfu \u0111i trang ph\u1ee5c v\u00e0 ph\u1ee5 ki\u1ec7n h\u00f3a trang Halloween M\u00f9a Halloween n\u00e0y, b\u1ea1n c\u00f3 th\u1ec3 t\u00ecm th\u1ea5y \u0111\u1ee7 lo\u1ea1i trang ph\u1ee5c, ph\u1ee5 ki\u1ec7n Halloween v\u1edbi nhi\u1ec1u phong c\u00e1ch kh\u00e1c nhau Uncle Bills nay \u0111\u00e3 c\u00f3 m\u1eb7t t\u1ea1i Havamall.<\/p>\n<p><img decoding=\"async\" class=\"wp-image-22921 aligncenter\" src=\"https:\/\/havamall.com\/wp-content\/uploads\/2021\/10\/SSS-300x300.jpg\" alt=\"\" width=\"900\" height=\"900\" \/><\/p>\n<p>&nbsp;<\/p>\n<p>\u0110\u1ec3 c\u00f3 m\u1ed9t b\u1eefa ti\u1ec7c Halloween ho\u00e0n h\u1ea3o v\u00e0 \u00fd ngh\u0129a, ngo\u00e0i vi\u1ec7c c\u00f3 b\u00e1nh k\u1eb9o, n\u1ebfn, \u0111\u1ed3 \u0103n ngon th\u00ec vi\u1ec7c trang tr\u00ed cho kh\u00f4ng gian b\u1eefa ti\u1ec7c b\u1eb1ng bong b\u00f3ng l\u00e0 \u0111i\u1ec1u kh\u00f4ng th\u1ec3 thi\u1ebfu. G\u00f3i bong b\u00f3ng m\u1eebng sinh nh\u1eadt 25 c\u00e1i c\u1ee7a Uncle Bills c\u00f3 nhi\u1ec1u m\u00e0u s\u1eafc b\u1eaft m\u1eaft, vui nh\u1ed9n, in h\u00ecnh ch\u00fac m\u1eebng sinh nh\u1eadt ng\u1ed9 ngh\u0129nh s\u1ebd gi\u00fap cho kh\u00f4ng gian b\u1eefa ti\u1ec7c Halloween c\u1ee7a b\u1ea1n th\u1eadt ho\u00e0n h\u1ea3o. Ch\u1ea5t li\u1ec7u cao su an to\u00e0n Bong b\u00f3ng \u0111\u01b0\u1ee3c l\u00e0m t\u1eeb ch\u1ea5t li\u1ec7u cao su an to\u00e0n, kh\u00f4ng ch\u1ee9a ch\u1ea5t \u0111\u1ed9c h\u1ea1i.<\/p>\n<p><img decoding=\"async\" class=\"wp-image-22939 aligncenter\" src=\"https:\/\/havamall.com\/wp-content\/uploads\/2021\/10\/ADGFSDFG-300x141.jpg\" alt=\"\" width=\"900\" height=\"423\" \/><\/p>\n<p>Bong b\u00f3ng c\u00f3 \u0111\u1ed9 \u0111\u00e0n h\u1ed3i cao, b\u01a1m \u0111\u01b0\u1ee3c nhi\u1ec1u h\u01a1i, kh\u00f3 b\u1ecb b\u1ec3. M\u00e0u s\u1eafc, h\u1ecda ti\u1ebft sinh \u0111\u1ed9ng G\u00f3i c\u00f3 12 c\u00e1i bong b\u00f3ng nhi\u1ec1u m\u00e0u s\u1eafc t\u01b0\u01a1i t\u1eafn kh\u00e1c nhau, in h\u1ecda ti\u1ebft theo ch\u1ee7 \u0111\u1ec1 Halloween. Cho kh\u00f4ng gian ti\u1ec7c th\u00eam ph\u1ea7n sinh \u0111\u1ed9ng. Ch\u1ea5t li\u1ec7u cao su an to\u00e0n, dai. M\u00e0u s\u1eafc h\u1ecda ti\u1ebft bong b\u00f3ng t\u01b0\u01a1i t\u1eafn, tr\u1ebb trung v\u1edbi h\u00ecnh d\u00e1ng ph\u00f9 h\u1ee3p v\u1edbi ti\u1ec7c Halloween nh\u01b0 b\u00ed ng\u00f4,&#8230;<\/p>\n<p><img loading=\"lazy\" decoding=\"async\" class=\"wp-image-22940 aligncenter\" src=\"https:\/\/havamall.com\/wp-content\/uploads\/2021\/10\/BONG-B\u00d3NG-2-300x300.jpg\" alt=\"\" width=\"805\" height=\"805\" \/><\/p>\n<h3><strong>\u0110\u1eb6C \u0110I\u1ec2M S\u1ea2N PH\u1ea8M<\/strong><\/h3>\n<div>\n<p>&#8211; M\u00e0u s\u1eafc: M\u00e0u \u0111en v\u00e0 cam<\/p>\n<p>&#8211; S\u1ed1 l\u01b0\u1ee3ng: 12 c\u00e1i<\/p>\n<p>&#8211; Ch\u1ea5t li\u1ec7u: Cao su an to\u00e0n<\/p>\n<p>&#8211; C\u00e1ch s\u1eed d\u1ee5ng \u0111\u01a1n gi\u1ea3n<\/p>\n<p><img loading=\"lazy\" decoding=\"async\" class=\"wp-image-22941 aligncenter\" src=\"https:\/\/havamall.com\/wp-content\/uploads\/2021\/10\/BONG-B\u00d3NG-0-300x300.jpg\" alt=\"\" width=\"848\" height=\"848\" \/><\/p>\n<\/div>","protected":false},"excerpt":{"rendered":"<p>\u00a0TH\u00d4NG TIN S\u1ea2N PH\u1ea8M Th\u01b0\u01a1ng hi\u1ec7u Uncle Bills Xu\u1ea5t x\u1ee9 Trung Qu\u1ed1c Nguy\u00ean li\u1ec7u \u0110\u1ed3ng, nh\u1ef1a pp C\u00f4ng d\u1ee5ng D\u1ee5ng<\/p>","protected":false},"featured_media":22942,"comment_status":"open","ping_status":"closed","template":"","meta":[],"product_brand":[],"product_cat":[428,394],"product_tag":[],"class_list":{"0":"post-22929","1":"product","2":"type-product","3":"status-publish","4":"has-post-thumbnail","6":"product_cat-halloween","7":"product_cat-trang-tri-nha-cua","8":"pa_brand-uncle-bills","10":"first","11":"instock","12":"sale","13":"shipping-taxable","14":"purchasable","15":"product-type-simple"},"_links":{"self":[{"href":"https:\/\/havamall.com\/en\/wp-json\/wp\/v2\/product\/22929","targetHints":{"allow":["GET"]}}],"collection":[{"href":"https:\/\/havamall.com\/en\/wp-json\/wp\/v2\/product"}],"about":[{"href":"https:\/\/havamall.com\/en\/wp-json\/wp\/v2\/types\/product"}],"replies":[{"embeddable":true,"href":"https:\/\/havamall.com\/en\/wp-json\/wp\/v2\/comments?post=22929"}],"version-history":[{"count":0,"href":"https:\/\/havamall.com\/en\/wp-json\/wp\/v2\/product\/22929\/revisions"}],"wp:featuredmedia":[{"embeddable":true,"href":"https:\/\/havamall.com\/en\/wp-json\/wp\/v2\/media\/22942"}],"wp:attachment":[{"href":"https:\/\/havamall.com\/en\/wp-json\/wp\/v2\/media?parent=22929"}],"wp:term":[{"taxonomy":"product_brand","embeddable":true,"href":"https:\/\/havamall.com\/en\/wp-json\/wp\/v2\/product_brand?post=22929"},{"taxonomy":"product_cat","embeddable":true,"href":"https:\/\/havamall.com\/en\/wp-json\/wp\/v2\/product_cat?post=22929"},{"taxonomy":"product_tag","embeddable":true,"href":"https:\/\/havamall.com\/en\/wp-json\/wp\/v2\/product_tag?post=22929"}],"curies":[{"name":"wp","href":"https:\/\/api.w.org\/{rel}","templated":true}]}}