{"id":22952,"date":"2021-10-25T17:07:48","date_gmt":"2021-10-25T10:07:48","guid":{"rendered":"https:\/\/havamall.com\/?post_type=product&#038;p=22952"},"modified":"2021-10-25T17:07:48","modified_gmt":"2021-10-25T10:07:48","slug":"ong-hut-giay-mau-xanh-20-cai-uncle-bills-paper-straws","status":"publish","type":"product","link":"https:\/\/havamall.com\/en\/shop\/ong-hut-giay-mau-xanh-20-cai-uncle-bills-paper-straws\/","title":{"rendered":"\u1ed0ng H\u00fat Gi\u1ea5y M\u00e0u Xanh 20 C\u00e1i Uncle Bills &#8211; Paper Straws"},"content":{"rendered":"<h3 class=\"o9v6fnle cxmmr5t8 oygrvhab hcukyx3x c1et5uql ii04i59q\"><strong>\u00a0TH\u00d4NG TIN S\u1ea2N PH\u1ea8M<\/strong><\/h3>\n<div class=\"o9v6fnle cxmmr5t8 oygrvhab hcukyx3x c1et5uql ii04i59q\">\n<table>\n<tbody>\n<tr>\n<td>Th\u01b0\u01a1ng hi\u1ec7u<\/td>\n<td>Uncle Bills<\/td>\n<\/tr>\n<tr>\n<td>Xu\u1ea5t x\u1ee9<\/td>\n<td>Trung Qu\u1ed1c<\/td>\n<\/tr>\n<tr>\n<td>Nguy\u00ean li\u1ec7u<\/td>\n<td>Gi\u1ea5y<\/td>\n<\/tr>\n<tr>\n<td>C\u00f4ng d\u1ee5ng<\/td>\n<td>D\u1ee5ng c\u1ee5 gia d\u1ee5ng d\u00f9ng cho nh\u1eefng bu\u1ed5i ti\u1ec7c t\u00f9ng,\u2026<\/td>\n<\/tr>\n<tr>\n<td>B\u1ea3o qu\u1ea3n<\/td>\n<td>\u0110\u1ec3 n\u01a1i kh\u00f4 r\u00e1o, tho\u00e1ng m\u00e1t, tr\u00e1nh va \u0111\u1eadp m\u1ea1nh<\/td>\n<\/tr>\n<tr>\n<td>S\u1ed1 l\u01b0\u1ee3ng<\/td>\n<td>20 c\u00e1i<\/td>\n<\/tr>\n<\/tbody>\n<\/table>\n<\/div>\n<p>Uncle Bills (UBL) cung c\u1ea5p h\u01a1n 1800 s\u1ea3n ph\u1ea9m ti\u00eau d\u00f9ng ti\u1ec7n \u00edch, t\u1ea5t c\u1ea3 \u0111\u1ec1u h\u1ea5p d\u1eabn, ti\u1ec7n l\u1ee3i v\u00e0 gi\u00e1 tr\u1ecb n\u1ed5i b\u1eadt x\u1ee9ng v\u1edbi s\u1ed1 ti\u1ec1n b\u1ecf ra. S\u1ea3n ph\u1ea9m bao g\u1ed3m nhi\u1ec1u lo\u1ea1i, t\u1eeb \u0111\u1ed3 d\u00f9ng nh\u00e0 b\u1ebfp, ch\u0103m s\u00f3c c\u00e1 nh\u00e2n, v\u1ec7 sinh v\u00e0 l\u01b0u tr\u1eef, d\u1ee5ng c\u1ee5 DIY (t\u1ef1 l\u00e0m), ngo\u00e0i tr\u1eddi, v\u0103n ph\u00f2ng ph\u1ea9m v\u00e0 \u0111\u1ed3 d\u00f9ng cho tr\u1ebb em.<\/p>\n<p>S\u1ea3n ph\u1ea9m c\u1ee7a UBL do Uncle Bills Australia ph\u00e1t tri\u1ec3n, gi\u00e1m s\u00e1t v\u00e0 ki\u1ec3m tra ch\u1ea5t l\u01b0\u1ee3ng. S\u1ea3n ph\u1ea9m \u0111\u00e3 \u0111\u01b0\u1ee3c b\u00e1n t\u1ea1i h\u01a1n 10,000 c\u1eeda h\u00e0ng tr\u00ean h\u01a1n 50 qu\u1ed1c gia, bao g\u1ed3m Ch\u00e2u \u00c2u, Ch\u00e2u \u00dac, Ch\u00e2u \u00c1 v\u00e0 Ch\u00e2u Phi.<\/p>\n<p><img fetchpriority=\"high\" decoding=\"async\" class=\"wp-image-22848 aligncenter\" src=\"https:\/\/havamall.com\/wp-content\/uploads\/2021\/10\/slideshow_1_e98ccbc98868456ea0156ce5a24830b7-300x103.jpg\" alt=\"\" width=\"902\" height=\"310\" \/><\/p>\n<p>B\u00ean c\u1ea1nh nh\u1eefng m\u00f3n \u0111\u1ed3 trang tr\u00ed \u0111\u1ed9c \u0111\u00e1o, l\u1ec5 h\u1ed9i Halloween s\u1ebd kh\u00f4ng th\u1ec3 tr\u1ecdn v\u1eb9n n\u1ebfu thi\u1ebfu \u0111i trang ph\u1ee5c v\u00e0 ph\u1ee5 ki\u1ec7n h\u00f3a trang Halloween M\u00f9a Halloween n\u00e0y, b\u1ea1n c\u00f3 th\u1ec3 t\u00ecm th\u1ea5y \u0111\u1ee7 lo\u1ea1i trang ph\u1ee5c, ph\u1ee5 ki\u1ec7n Halloween v\u1edbi nhi\u1ec1u phong c\u00e1ch kh\u00e1c nhau Uncle Bills nay \u0111\u00e3 c\u00f3 m\u1eb7t t\u1ea1i Havamall.<\/p>\n<p><img decoding=\"async\" class=\"wp-image-22835 aligncenter\" src=\"https:\/\/havamall.com\/wp-content\/uploads\/2021\/10\/c\u00e0i-3-300x300.png\" alt=\"\" width=\"900\" height=\"900\" \/><\/p>\n<p>&nbsp;<\/p>\n<p>Hi\u1ec7n nay, \u0111\u1ed3 nh\u1ef1a \u0111ang \u0111\u01b0\u1ee3c tuy\u00ean truy\u1ec1n h\u1ea1n ch\u1ebf d\u00f9ng v\u00e0 m\u1ed9t s\u1ed1 n\u01b0\u1edbc \u0111\u00e3 c\u1ea5m ho\u1eb7c \u0111\u00e1nh thu\u1ebf \u0111\u1ed1i v\u1edbi \u0111\u1ed3 nh\u1ef1a d\u00f9ng m\u1ed9t l\u1ea7n. V\u00ec v\u1eady, ly gi\u1ea5y, t\u00f4 gi\u1ea5y, ch\u00e9n gi\u1ea5y, \u1ed1ng h\u00fat gi\u1ea5y\u2026 \u0111ang l\u00e0 s\u1ea3n ph\u1ea9m thay th\u1ebf t\u1ed1i \u01b0u.<img decoding=\"async\" class=\"alignnone  wp-image-22963 aligncenter\" src=\"https:\/\/havamall.com\/wp-content\/uploads\/2021\/10\/MINT-9-300x300.jpg\" alt=\"\" width=\"901\" height=\"901\" \/><\/p>\n<p>&nbsp;<\/p>\n<p>\u1ed0ng H\u00fat Gi\u1ea5y Uncle Bills th\u00edch h\u1ee3p \u0111\u1ec3 s\u1eed d\u1ee5ng trong b\u1eefa ti\u1ec7c hay ti\u1ec7c sinh nh\u1eadt. S\u1ea3n ph\u1ea9m gi\u00fap t\u1ea1o b\u1ea7u kh\u00f4ng kh\u00ed vui t\u01b0\u01a1i v\u1edbi m\u00e0u s\u1eafc d\u1ec5 th\u01b0\u01a1ng nh\u00e3 nh\u1eb7n. \u1ed0ng H\u00fat Gi\u1ea5y d\u00f9ng m\u1ed9t l\u1ea7n, t\u1ef1 ph\u00e2n h\u1ee7y, v\u1eeba th\u00e2n thi\u1ec7n v\u1edbi m\u00f4i tr\u01b0\u1eddng v\u1eeba an to\u00e0n cho s\u1ee9c kh\u1ecfe c\u1ee7a ng\u01b0\u1eddi ti\u00eau d\u00f9ng.<\/p>\n<p><img loading=\"lazy\" decoding=\"async\" class=\"wp-image-22965 aligncenter\" src=\"https:\/\/havamall.com\/wp-content\/uploads\/2021\/10\/MINT-4-300x300.jpg\" alt=\"\" width=\"900\" height=\"900\" \/><\/p>\n<h3><b>\u01afU \u0110I\u1ec2M S\u1ea2N PH\u1ea8M<\/b><\/h3>\n<p>&#8211; \u1ed0ng h\u00fat gi\u1ea5y si\u00eau b\u1ec1n kh\u00f4ng tan trong n\u01b0\u1edbc. \u0110\u1ea3m b\u1ea3o kh\u00f4ng b\u1ecb \u00fang, tan trong n\u01b0\u1edbc khi s\u1eed d\u1ee5ng.<\/p>\n<p>&#8211; \u1ed0ng h\u00fat gi\u1ea5y d\u00f9ng trong ti\u1ec7c UBL, \u0111\u01b0\u1ee3c l\u00e0m t\u1eeb b\u1ed9t g\u1ed7 t\u1ef1 nhi\u00ean, an to\u00e0n khi s\u1eed d\u1ee5ng.<\/p>\n<p>&#8211; M\u1ed7i \u1ed1ng h\u00fat c\u00f3 chi\u1ec1u d\u00e0i 19.5cm, \u0111\u01b0\u1eddng kinh 5mm, m\u1ed9t g\u00f3i g\u1ed3m 20 c\u00e1i \u1ed1ng h\u00fat.<\/p>\n<p>\u2013 H\u00fat n\u01b0\u1edbc, sinh t\u1ed1, n\u01b0\u1edbc tr\u00e1i c\u00e2y, th\u1ee9c u\u1ed1ng, cafe, kem, tr\u00e0, tr\u00e0 s\u1eefa, sinh t\u1ed1\u2026<\/p>\n<p>\u2013 D\u00f9ng trong c\u00e1c bu\u1ed5i ti\u1ec7c trong nh\u00e0, ngo\u00e0i tr\u1eddi,&#8230;<\/p>\n<p>&#8211;\u00a0M\u1ed9t l\u1ee3i \u00edch kh\u00f4ng th\u1ec3 kh\u00f4ng n\u00f3i \u0111\u1ebfn l\u00e0 \u1ed1ng h\u00fat gi\u1ea5y d\u00f9ng 1 l\u1ea7n c\u00f3 th\u1ec3 \u0111em t\u00e1i ch\u1ebf. V\u1eeba ti\u1ebft ki\u1ec7m chi ph\u00ed, v\u1eeba gi\u1ea3m thi\u1ec3u g\u00e1nh n\u1eb7ng r\u00e1c th\u1ea3i cho m\u00f4i tr\u01b0\u1eddng.<\/p>\n<p><img loading=\"lazy\" decoding=\"async\" class=\"wp-image-22966 aligncenter\" src=\"https:\/\/havamall.com\/wp-content\/uploads\/2021\/10\/MINT-8-300x300.jpg\" alt=\"\" width=\"820\" height=\"820\" \/><\/p>\n<p>&nbsp;<\/p>","protected":false},"excerpt":{"rendered":"<p>\u00a0TH\u00d4NG TIN S\u1ea2N PH\u1ea8M Th\u01b0\u01a1ng hi\u1ec7u Uncle Bills Xu\u1ea5t x\u1ee9 Trung Qu\u1ed1c Nguy\u00ean li\u1ec7u Gi\u1ea5y C\u00f4ng d\u1ee5ng D\u1ee5ng c\u1ee5 gia<\/p>","protected":false},"featured_media":22967,"comment_status":"open","ping_status":"closed","template":"","meta":[],"product_brand":[],"product_cat":[35],"product_tag":[],"class_list":{"0":"post-22952","1":"product","2":"type-product","3":"status-publish","4":"has-post-thumbnail","6":"product_cat-nha-cua-doi-song","7":"pa_brand-uncle-bills","9":"first","10":"instock","11":"sale","12":"shipping-taxable","13":"purchasable","14":"product-type-simple"},"_links":{"self":[{"href":"https:\/\/havamall.com\/en\/wp-json\/wp\/v2\/product\/22952","targetHints":{"allow":["GET"]}}],"collection":[{"href":"https:\/\/havamall.com\/en\/wp-json\/wp\/v2\/product"}],"about":[{"href":"https:\/\/havamall.com\/en\/wp-json\/wp\/v2\/types\/product"}],"replies":[{"embeddable":true,"href":"https:\/\/havamall.com\/en\/wp-json\/wp\/v2\/comments?post=22952"}],"version-history":[{"count":0,"href":"https:\/\/havamall.com\/en\/wp-json\/wp\/v2\/product\/22952\/revisions"}],"wp:featuredmedia":[{"embeddable":true,"href":"https:\/\/havamall.com\/en\/wp-json\/wp\/v2\/media\/22967"}],"wp:attachment":[{"href":"https:\/\/havamall.com\/en\/wp-json\/wp\/v2\/media?parent=22952"}],"wp:term":[{"taxonomy":"product_brand","embeddable":true,"href":"https:\/\/havamall.com\/en\/wp-json\/wp\/v2\/product_brand?post=22952"},{"taxonomy":"product_cat","embeddable":true,"href":"https:\/\/havamall.com\/en\/wp-json\/wp\/v2\/product_cat?post=22952"},{"taxonomy":"product_tag","embeddable":true,"href":"https:\/\/havamall.com\/en\/wp-json\/wp\/v2\/product_tag?post=22952"}],"curies":[{"name":"wp","href":"https:\/\/api.w.org\/{rel}","templated":true}]}}