{"id":22958,"date":"2021-10-25T17:03:17","date_gmt":"2021-10-25T10:03:17","guid":{"rendered":"https:\/\/havamall.com\/?post_type=product&#038;p=22958"},"modified":"2021-10-25T17:04:36","modified_gmt":"2021-10-25T10:04:36","slug":"mat-na-hinh-bi-do-cho-be-uncle-bills-pumkin-eye-mask","status":"publish","type":"product","link":"https:\/\/havamall.com\/en\/shop\/mat-na-hinh-bi-do-cho-be-uncle-bills-pumkin-eye-mask\/","title":{"rendered":"M\u1eb7t N\u1ea1 H\u00ecnh B\u00ed \u0110\u1ecf Cho B\u00e9 Uncle Bills &#8211; Pumkin Eye Mask"},"content":{"rendered":"<h3 class=\"o9v6fnle cxmmr5t8 oygrvhab hcukyx3x c1et5uql ii04i59q\"><strong>TH\u00d4NG TIN S\u1ea2N PH\u1ea8M<\/strong><\/h3>\n<div class=\"o9v6fnle cxmmr5t8 oygrvhab hcukyx3x c1et5uql ii04i59q\">\n<table>\n<tbody>\n<tr>\n<td>Th\u01b0\u01a1ng hi\u1ec7u<\/td>\n<td>Uncle Bills<\/td>\n<\/tr>\n<tr>\n<td>Xu\u1ea5t x\u1ee9<\/td>\n<td>Trung Qu\u1ed1c<\/td>\n<\/tr>\n<tr>\n<td>Th\u00e0nh ph\u1ea7n<\/td>\n<td>Felt, Sequin<\/td>\n<\/tr>\n<tr>\n<td>C\u00f4ng d\u1ee5ng<\/td>\n<td>Trang ph\u1ee5c v\u00e0 ph\u1ee5 ki\u1ec7n h\u00f3a trang<\/td>\n<\/tr>\n<tr>\n<td>B\u1ea3o qu\u1ea3n<\/td>\n<td>\u0110\u1ec3 n\u01a1i kh\u00f4 r\u00e1o, tho\u00e1ng m\u00e1t.<\/td>\n<\/tr>\n<tr>\n<td>\u0110\u1ecbnh l\u01b0\u1ee3ng<\/td>\n<td>C\u00e1i<\/td>\n<\/tr>\n<\/tbody>\n<\/table>\n<\/div>\n<p>Uncle Bills (UBL) \u2013 V\u1edbi h\u01a1n 4000 s\u1ea3n ph\u1ea9m gia d\u1ee5ng ti\u1ec7n \u00edch cho t\u1ed5 \u1ea5m hi\u1ec7n \u0111\u1ea1i. S\u1ea3n ph\u1ea9m c\u1ee7a UBL do Uncle Bills HongKong v\u00e0 Uncle Bills Australia ph\u00e1t tri\u1ec3n, gi\u00e1m s\u00e1t v\u00e0 ki\u1ec3m tra ch\u1ea5t l\u01b0\u1ee3ng. S\u1ea3n ph\u1ea9m \u0111\u00e3 \u0111\u01b0\u1ee3c b\u00e1n t\u1ea1i h\u01a1n 10,000 c\u1eeda h\u00e0ng tr\u00ean h\u01a1n 50 qu\u1ed1c gia, bao g\u1ed3m Ch\u00e2u \u00c2u, Ch\u00e2u \u00dac, Ch\u00e2u \u00c1 v\u00e0 Ch\u00e2u Phi.<\/p>\n<p>Ngo\u00e0i ra Uncle Bills c\u00f2n li\u00ean t\u1ee5c c\u1eadp nh\u1eadt h\u01a1n 50 s\u1ea3n ph\u1ea9m m\u1edbi m\u1ed7i th\u00e1ng v\u00e0 c\u00f3 ri\u00eang danh m\u1ee5c h\u00e0ng ph\u1ee5c v\u1ee5 ri\u00eang cho c\u00e1c m\u00f9a l\u1ec5, theo ch\u1ee7 \u0111\u1ec1 nh\u01b0: Gi\u00e1ng Sinh, Halloween, n\u1ed9i th\u1ea5t,\u2026V\u00e0 nay nh\u1eefng s\u1ea3n ph\u1ea9m \u0111\u00e3 c\u00f3 m\u1eb7t t\u1ea1i nh\u00e0 Havamall.<\/p>\n<p><img fetchpriority=\"high\" decoding=\"async\" class=\" wp-image-22960 aligncenter\" src=\"https:\/\/havamall.com\/wp-content\/uploads\/2021\/10\/m-1-300x107.png\" alt=\"\" width=\"693\" height=\"247\" \/><\/p>\n<p>M\u1eb7t n\u1ea1 b\u00ed \u0111\u1ecf m\u00e0u cam cho b\u00e9 Uncle Bills\u00a0tuy pha n\u00e9t r\u00f9ng r\u1ee3n nh\u01b0ng kh\u00f4ng h\u1ec1 khi\u1ebfn b\u00e9 s\u1ee3 h\u00e3i. \u0110\u1eb7c bi\u1ec7t, khi tr\u1ef1c\u00a0ti\u1ebfp ti\u1ebfp x\u00fac v\u1edbi trang ph\u1ee5c, nhi\u1ec1u b\u00e9 \u0111\u00e3\u00a0kh\u00f4ng c\u00f2n s\u1ee3 h\u00e3i khi \u0111i ra ngo\u00e0i ban \u0111\u00eam, b\u1edfi \u0111\u1ed1i v\u1edbi b\u00e9, \u201ccon ma\u201d, \u201ccon y\u00eau qu\u00e1i\u201d, \u201ccon qu\u1ef7\u201d \u2026 l\u00e0 nh\u1eefng th\u1ee9 kh\u00f4ng h\u1ec1 \u0111\u00e1ng s\u1ee3 n\u1eefa.<\/p>\n<p>M\u1eb7t n\u1ea1 b\u00ed \u0111\u1ecf m\u00e0u cam cho b\u00e9 Uncle Bills \u0111\u1ed9c \u0111\u00e1o, l\u1ea1 m\u1eaft khi\u1ebfn b\u00e9 \u0111\u01b0\u1ee3c h\u00f3a trang v\u00e0o 1 th\u00e2n ph\u1eadn m\u1edbi, c\u00f3 1 di\u1ec7n m\u1ea1o m\u1edbi m\u00e0 b\u00ecnh th\u01b0\u1eddng b\u00e9 kh\u00f4ng c\u00f3 c\u01a1 h\u1ed9i ti\u1ebfp x\u00fac. T\u01b0\u01a1ng t\u1ef1 nh\u01b0 Noel, Halloween c\u00f3 trang ph\u1ee5c \u0111\u1eb7c th\u00f9, s\u1eed d\u1ee5ng trong kh\u00f4ng gian \u0111\u1eb7c th\u00f9 n\u00ean t\u1ea1o ra nh\u1eefng kh\u00e1m ph\u00e1 m\u1edbi m\u1ebb cho b\u00e9.<\/p>\n<p><img decoding=\"async\" class=\"aligncenter\" src=\"https:\/\/havamall.com\/wp-content\/uploads\/2021\/10\/a00d450008332e0b7f09636292097a49a5a28c96_original.jpeg\" alt='Buy [RUN] Creative Halloween Scary Face Mask Cartoon Children Eye Mask  Printable at affordable prices \u2014 free shipping, real reviews with photos \u2014  Joom' width=\"649\" height=\"648\" \/><\/p>\n<p>M\u1eb7t n\u1ea1 b\u00ed \u0111\u1ecf cho b\u00e9 Uncle Bills s\u1ebd l\u00e0 m\u1ed9t b\u1ed5 sung tuy\u1ec7t v\u1eddi cho b\u1ed9 trang ph\u1ee5c d\u1ef1 ti\u1ec7c, h\u00f3a trang, di\u1ec5n k\u1ecbch&#8230; Thi\u1ebft k\u1ebf \u0111\u1ed9c \u0111\u00e1o v\u1edbi m\u00e0u \u0111\u1ed9c \u0111\u00e1o , d\u1ec5 d\u00e0ng k\u1ebft h\u1ee3p v\u1edbi b\u1ea5t c\u1ee9 trang ph\u1ee5c n\u00e0o &#8230; Ch\u1ea5t li\u1ec7u m\u1ec1m tho\u1ea3i m\u00e1i, t\u1ea1o \u0111i\u1ec3m nh\u1ea5n cho b\u1ed9 trang ph\u1ee5c c\u1ee7a b\u1ea1n, gi\u00fap b\u1ea1n n\u1ed5i b\u1eadc trong c\u00e1c bu\u1ed5i ti\u1ec7c t\u00f9ng h\u00f3a trang. L\u00e0 l\u1ef1a ch\u1ecdn th\u00fa v\u1ecb cho m\u00f3n qu\u00e0 \u0111\u1ed9c \u0111\u00e1o m\u00e0 b\u1ea1n d\u00e0nh t\u1eb7ng cho b\u1ea1n b\u00e8 v\u00e0 ng\u01b0\u1eddi th\u00e2n.<\/p>\n<p>Th\u00edch h\u1ee3p d\u1ef1 ti\u1ec7c, h\u00f3a trang, di\u1ec5n k\u1ecbch d\u1ec5 d\u00e0ng k\u1ebft h\u1ee3p v\u1edbi b\u1ea5t c\u1ee9 trang ph\u1ee5c n\u00e0o T\u1ea1o \u0111i\u1ec3m nh\u1ea5n cho b\u1ed9 trang ph\u1ee5c c\u1ee7a b\u1ea1n L\u00e0 m\u00f3n qu\u00e0 \u0111\u1ed9c \u0111\u00e1o t\u1eb7ng cho b\u1ea1n b\u00e8 v\u00e0 ng\u01b0\u1eddi th\u00e2n.<\/p>\n<p><img decoding=\"async\" class=\" wp-image-22962 aligncenter\" src=\"https:\/\/havamall.com\/wp-content\/uploads\/2021\/10\/12-300x300.png\" alt=\"\" width=\"710\" height=\"710\" \/><\/p>\n<h3><strong>\u0110\u1eb7c \u0111i\u1ec3m n\u1ed5i b\u1eadt:<\/strong><\/h3>\n<p>&gt; D\u1ec5 d\u00e0ng k\u1ebft h\u1ee3p v\u1edbi b\u1ea5t c\u1ee9 trang ph\u1ee5c n\u00e0o<\/p>\n<p>&gt; T\u1ea1o \u0111i\u1ec3m nh\u1ea5n cho b\u1ed9 trang ph\u1ee5c c\u1ee7a b\u1ea1n, gi\u00fap b\u1ea1n n\u1ed5i b\u1eadt trong c\u00e1c bu\u1ed5i ti\u1ec7c t\u00f9ng h\u00f3a trang.<\/p>\n<p>&gt; L\u00e0 l\u1ef1a ch\u1ecdn th\u00fa v\u1ecb cho m\u00f3n qu\u00e0 \u0111\u1ed9c \u0111\u00e1o m\u00e0 b\u1ea1n d\u00e0nh t\u1eb7ng cho b\u1ea1n b\u00e8 v\u00e0 ng\u01b0\u1eddi th\u00e2n.<\/p>\n<p>S\u1ea3n ph\u1ea9m hi\u1ec7n \u0111\u00e3 c\u00f3 m\u1eb7t t\u1ea1i Havamall.<\/p>\n","protected":false},"excerpt":{"rendered":"<p>TH\u00d4NG TIN S\u1ea2N PH\u1ea8M Th\u01b0\u01a1ng hi\u1ec7u Uncle Bills Xu\u1ea5t x\u1ee9 Trung Qu\u1ed1c Th\u00e0nh ph\u1ea7n Felt, Sequin C\u00f4ng d\u1ee5ng Trang ph\u1ee5c<\/p>","protected":false},"featured_media":22959,"comment_status":"open","ping_status":"closed","template":"","meta":[],"product_brand":[],"product_cat":[428,35,394],"product_tag":[],"class_list":{"0":"post-22958","1":"product","2":"type-product","3":"status-publish","4":"has-post-thumbnail","6":"product_cat-halloween","7":"product_cat-nha-cua-doi-song","8":"product_cat-trang-tri-nha-cua","9":"pa_brand-uncle-bills","11":"first","12":"instock","13":"sale","14":"shipping-taxable","15":"purchasable","16":"product-type-simple"},"_links":{"self":[{"href":"https:\/\/havamall.com\/en\/wp-json\/wp\/v2\/product\/22958","targetHints":{"allow":["GET"]}}],"collection":[{"href":"https:\/\/havamall.com\/en\/wp-json\/wp\/v2\/product"}],"about":[{"href":"https:\/\/havamall.com\/en\/wp-json\/wp\/v2\/types\/product"}],"replies":[{"embeddable":true,"href":"https:\/\/havamall.com\/en\/wp-json\/wp\/v2\/comments?post=22958"}],"version-history":[{"count":0,"href":"https:\/\/havamall.com\/en\/wp-json\/wp\/v2\/product\/22958\/revisions"}],"wp:featuredmedia":[{"embeddable":true,"href":"https:\/\/havamall.com\/en\/wp-json\/wp\/v2\/media\/22959"}],"wp:attachment":[{"href":"https:\/\/havamall.com\/en\/wp-json\/wp\/v2\/media?parent=22958"}],"wp:term":[{"taxonomy":"product_brand","embeddable":true,"href":"https:\/\/havamall.com\/en\/wp-json\/wp\/v2\/product_brand?post=22958"},{"taxonomy":"product_cat","embeddable":true,"href":"https:\/\/havamall.com\/en\/wp-json\/wp\/v2\/product_cat?post=22958"},{"taxonomy":"product_tag","embeddable":true,"href":"https:\/\/havamall.com\/en\/wp-json\/wp\/v2\/product_tag?post=22958"}],"curies":[{"name":"wp","href":"https:\/\/api.w.org\/{rel}","templated":true}]}}