{"id":22969,"date":"2021-10-26T09:08:41","date_gmt":"2021-10-26T02:08:41","guid":{"rendered":"https:\/\/havamall.com\/?post_type=product&#038;p=22969"},"modified":"2021-10-26T09:09:18","modified_gmt":"2021-10-26T02:09:18","slug":"nhan-dan-cua-so-lap-lanh-uncle-bills-glitter-window-clings","status":"publish","type":"product","link":"https:\/\/havamall.com\/en\/shop\/nhan-dan-cua-so-lap-lanh-uncle-bills-glitter-window-clings\/","title":{"rendered":"Nh\u00e3n D\u00e1n C\u1eeda S\u1ed5 L\u1ea5p L\u00e1nh Uncle bills &#8211; Glitter Window Clings"},"content":{"rendered":"<h3 class=\"o9v6fnle cxmmr5t8 oygrvhab hcukyx3x c1et5uql ii04i59q\"><strong>TH\u00d4NG TIN S\u1ea2N PH\u1ea8M<\/strong><\/h3>\n<div class=\"o9v6fnle cxmmr5t8 oygrvhab hcukyx3x c1et5uql ii04i59q\">\n<table>\n<tbody>\n<tr>\n<td>Th\u01b0\u01a1ng hi\u1ec7u<\/td>\n<td>Uncle Bills<\/td>\n<\/tr>\n<tr>\n<td>Xu\u1ea5t x\u1ee9<\/td>\n<td>Trung Qu\u1ed1c<\/td>\n<\/tr>\n<tr>\n<td>Th\u00e0nh ph\u1ea7n<\/td>\n<td>Plastic<\/td>\n<\/tr>\n<tr>\n<td>C\u00f4ng d\u1ee5ng<\/td>\n<td>Ph\u1ee5 ki\u1ec7n trang tr\u00ed<\/td>\n<\/tr>\n<tr>\n<td>B\u1ea3o qu\u1ea3n<\/td>\n<td>\u0110\u1ec3 n\u01a1i kh\u00f4 r\u00e1o, tho\u00e1ng m\u00e1t.<\/td>\n<\/tr>\n<tr>\n<td>\u0110\u1ecbnh l\u01b0\u1ee3ng<\/td>\n<td>Mi\u1ebfng<\/td>\n<\/tr>\n<\/tbody>\n<\/table>\n<\/div>\n<p>Uncle Bills (UBL) \u2013 V\u1edbi h\u01a1n 4000 s\u1ea3n ph\u1ea9m gia d\u1ee5ng ti\u1ec7n \u00edch cho t\u1ed5 \u1ea5m hi\u1ec7n \u0111\u1ea1i. S\u1ea3n ph\u1ea9m c\u1ee7a UBL do Uncle Bills HongKong v\u00e0 Uncle Bills Australia ph\u00e1t tri\u1ec3n, gi\u00e1m s\u00e1t v\u00e0 ki\u1ec3m tra ch\u1ea5t l\u01b0\u1ee3ng. S\u1ea3n ph\u1ea9m \u0111\u00e3 \u0111\u01b0\u1ee3c b\u00e1n t\u1ea1i h\u01a1n 10,000 c\u1eeda h\u00e0ng tr\u00ean h\u01a1n 50 qu\u1ed1c gia, bao g\u1ed3m Ch\u00e2u \u00c2u, Ch\u00e2u \u00dac, Ch\u00e2u \u00c1 v\u00e0 Ch\u00e2u Phi.<\/p>\n<p>Ngo\u00e0i ra Uncle Bills c\u00f2n li\u00ean t\u1ee5c c\u1eadp nh\u1eadt h\u01a1n 50 s\u1ea3n ph\u1ea9m m\u1edbi m\u1ed7i th\u00e1ng v\u00e0 c\u00f3 ri\u00eang danh m\u1ee5c h\u00e0ng ph\u1ee5c v\u1ee5 ri\u00eang cho c\u00e1c m\u00f9a l\u1ec5, theo ch\u1ee7 \u0111\u1ec1 nh\u01b0: Gi\u00e1ng Sinh, Halloween, n\u1ed9i th\u1ea5t,\u2026V\u00e0 nay nh\u1eefng s\u1ea3n ph\u1ea9m \u0111\u00e3 c\u00f3 m\u1eb7t t\u1ea1i nh\u00e0 Havamall.<\/p>\n<p><img fetchpriority=\"high\" decoding=\"async\" class=\"wp-image-22971 aligncenter\" src=\"https:\/\/havamall.com\/wp-content\/uploads\/2021\/10\/m-2-300x107.png\" alt=\"\" width=\"760\" height=\"271\" \/><\/p>\n<p>4 lo\u1ea1i mi\u1ebfng d\u00e1n c\u1eeda s\u1ed5 Uncle Billls kh\u00f4ng ch\u1ec9 mang l\u1ea1i s\u1ef1 \u0111\u1ed9c \u0111\u00e1o v\u00e0 b\u1eaft m\u1eaft, m\u00e0 c\u00f2n l\u00e0m cho kh\u00f4ng gian th\u00eam s\u1ed1ng \u0111\u1ed9ng nh\u1edd m\u00e0u s\u1eafc t\u01b0\u01a1i s\u00e1ng., t\u00f4 th\u00eam c\u00e1 t\u00ednh c\u1ee7a b\u1ea1n, c\u0169ng nh\u01b0 kh\u00f4ng gian sinh \u0111\u1ed9ng c\u1ee7a bu\u1ed5i party Halloween.<\/p>\n<p><img decoding=\"async\" class=\"wp-image-22972 aligncenter\" src=\"https:\/\/havamall.com\/wp-content\/uploads\/2021\/10\/712ozaSK-300x300.png\" alt=\"\" width=\"761\" height=\"761\" \/><\/p>\n<p>Nh\u00e3n d\u00e1n c\u1eeda s\u1ed5 Uncle Bills s\u1ebd g\u00f3p ph\u1ea7n l\u00e0m cho bu\u1ed5i ti\u1ec7c Halloween c\u1ee7a b\u1ea1n th\u00eam ph\u1ea7n sinh \u0111\u1ed9ng. Ch\u1ea5t li\u1ec7u an to\u00e0n cho s\u1ee9c kho\u1ebb, thi\u1ebft k\u1ebf l\u1ea1 m\u1eaft c\u00f9ng v\u1edbi l\u1edbp keo d\u00e1n t\u1ed1t, ph\u00f9 h\u1ee3p l\u00e0m \u0111\u1ed3 trang tr\u00ed th\u1ee7 c\u00f4ng ho\u1eb7c b\u1ea1n c\u0169ng c\u00f3 th\u1ec3 t\u1ef1 trang tr\u00ed th\u00e0nh nh\u1eefng m\u00f3n qu\u00e0 nh\u1ecf d\u00e0nh t\u1eb7ng cho ng\u01b0\u1eddi th\u00e2n, b\u1ea1n b\u00e8.<\/p>\n<p><img decoding=\"async\" class=\"wp-image-22973 aligncenter\" src=\"https:\/\/havamall.com\/wp-content\/uploads\/2021\/10\/81r8L4pz--300x300.png\" alt=\"\" width=\"775\" height=\"774\" \/><\/p>\n<p>Nh\u00e3n d\u00e1n c\u1eeda s\u1ed5 Uncle Bills l\u00e0 gi\u1ea3i ph\u00e1p t\u1ed1i \u01b0u cho nh\u1eefng t\u1ea5m c\u1eeda k\u00ednh tr\u1ed1ng tr\u1ea3i tr\u01b0\u1edbc Shop ho\u1eb7c nh\u1eefng m\u1ea3ng t\u01b0\u1eddng trong nh\u00e0. Ch\u1ec9 c\u1ea7n l\u1ed9t v\u00e0 d\u00e1n theo h\u00ecnh m\u1eabu, b\u1ea1n \u0111\u00e3 d\u1ec5 d\u00e0ng mang c\u1ea3 kh\u00f4ng kh\u00ed l\u1ec5 h\u1ed9i ma qu\u1ef7 \u1ea5n t\u01b0\u1ee3ng v\u00e0o nh\u00e0 m\u00ecnh.<\/p>\n<p>S\u1ea3n ph\u1ea9m hi\u1ec7n \u0111\u00e3 c\u00f3 m\u1eb7t t\u1ea1i Havamall.<\/p>","protected":false},"excerpt":{"rendered":"<p>TH\u00d4NG TIN S\u1ea2N PH\u1ea8M Th\u01b0\u01a1ng hi\u1ec7u Uncle Bills Xu\u1ea5t x\u1ee9 Trung Qu\u1ed1c Th\u00e0nh ph\u1ea7n Plastic C\u00f4ng d\u1ee5ng Ph\u1ee5 ki\u1ec7n trang<\/p>","protected":false},"featured_media":22974,"comment_status":"open","ping_status":"closed","template":"","meta":[],"product_brand":[],"product_cat":[428,35,394],"product_tag":[],"class_list":{"0":"post-22969","1":"product","2":"type-product","3":"status-publish","4":"has-post-thumbnail","6":"product_cat-halloween","7":"product_cat-nha-cua-doi-song","8":"product_cat-trang-tri-nha-cua","9":"pa_brand-uncle-bills","11":"first","12":"instock","13":"sale","14":"shipping-taxable","15":"purchasable","16":"product-type-simple"},"_links":{"self":[{"href":"https:\/\/havamall.com\/en\/wp-json\/wp\/v2\/product\/22969","targetHints":{"allow":["GET"]}}],"collection":[{"href":"https:\/\/havamall.com\/en\/wp-json\/wp\/v2\/product"}],"about":[{"href":"https:\/\/havamall.com\/en\/wp-json\/wp\/v2\/types\/product"}],"replies":[{"embeddable":true,"href":"https:\/\/havamall.com\/en\/wp-json\/wp\/v2\/comments?post=22969"}],"version-history":[{"count":0,"href":"https:\/\/havamall.com\/en\/wp-json\/wp\/v2\/product\/22969\/revisions"}],"wp:featuredmedia":[{"embeddable":true,"href":"https:\/\/havamall.com\/en\/wp-json\/wp\/v2\/media\/22974"}],"wp:attachment":[{"href":"https:\/\/havamall.com\/en\/wp-json\/wp\/v2\/media?parent=22969"}],"wp:term":[{"taxonomy":"product_brand","embeddable":true,"href":"https:\/\/havamall.com\/en\/wp-json\/wp\/v2\/product_brand?post=22969"},{"taxonomy":"product_cat","embeddable":true,"href":"https:\/\/havamall.com\/en\/wp-json\/wp\/v2\/product_cat?post=22969"},{"taxonomy":"product_tag","embeddable":true,"href":"https:\/\/havamall.com\/en\/wp-json\/wp\/v2\/product_tag?post=22969"}],"curies":[{"name":"wp","href":"https:\/\/api.w.org\/{rel}","templated":true}]}}