{"id":22977,"date":"2021-10-26T10:57:24","date_gmt":"2021-10-26T03:57:24","guid":{"rendered":"https:\/\/havamall.com\/?post_type=product&#038;p=22977"},"modified":"2021-10-26T10:57:24","modified_gmt":"2021-10-26T03:57:24","slug":"moc-treo-chu-s-13-cai-uncle-bills-s-shape-chrome-hooks","status":"publish","type":"product","link":"https:\/\/havamall.com\/en\/shop\/moc-treo-chu-s-13-cai-uncle-bills-s-shape-chrome-hooks\/","title":{"rendered":"M\u00f3c Treo Ch\u1eef S 13 C\u00e1i Uncle Bills &#8211; S-Shape Chrome Hooks"},"content":{"rendered":"<h3 class=\"o9v6fnle cxmmr5t8 oygrvhab hcukyx3x c1et5uql ii04i59q\"><strong>TH\u00d4NG TIN S\u1ea2N PH\u1ea8M<\/strong><\/h3>\n<div class=\"o9v6fnle cxmmr5t8 oygrvhab hcukyx3x c1et5uql ii04i59q\">\n<table>\n<tbody>\n<tr>\n<td>Th\u01b0\u01a1ng hi\u1ec7u<\/td>\n<td>Uncle Bills<\/td>\n<\/tr>\n<tr>\n<td>Xu\u1ea5t x\u1ee9<\/td>\n<td>Trung Qu\u1ed1c<\/td>\n<\/tr>\n<tr>\n<td>Nguy\u00ean li\u1ec7u<\/td>\n<td>Kim lo\u1ea1i m\u1ea1 crom<\/td>\n<\/tr>\n<tr>\n<td>C\u00f4ng d\u1ee5ng<\/td>\n<td>D\u1ee5ng c\u1ee5 gia d\u1ee5ng d\u00f9ng cho nh\u1eefng bu\u1ed5i ti\u1ec7c t\u00f9ng,\u2026<\/td>\n<\/tr>\n<tr>\n<td>M\u00e3 h\u00e0ng<\/td>\n<td>HY0113<\/td>\n<\/tr>\n<tr>\n<td>S\u1ed1 l\u01b0\u1ee3ng<\/td>\n<td>13 c\u00e1i\/b\u1ed9<\/td>\n<\/tr>\n<\/tbody>\n<\/table>\n<\/div>\n<p>Uncle Bills (UBL) cung c\u1ea5p h\u01a1n 1800 s\u1ea3n ph\u1ea9m ti\u00eau d\u00f9ng ti\u1ec7n \u00edch, t\u1ea5t c\u1ea3 \u0111\u1ec1u h\u1ea5p d\u1eabn, ti\u1ec7n l\u1ee3i v\u00e0 gi\u00e1 tr\u1ecb n\u1ed5i b\u1eadt x\u1ee9ng v\u1edbi s\u1ed1 ti\u1ec1n b\u1ecf ra. S\u1ea3n ph\u1ea9m bao g\u1ed3m nhi\u1ec1u lo\u1ea1i, t\u1eeb \u0111\u1ed3 d\u00f9ng nh\u00e0 b\u1ebfp, ch\u0103m s\u00f3c c\u00e1 nh\u00e2n, v\u1ec7 sinh v\u00e0 l\u01b0u tr\u1eef, d\u1ee5ng c\u1ee5 DIY (t\u1ef1 l\u00e0m), ngo\u00e0i tr\u1eddi, v\u0103n ph\u00f2ng ph\u1ea9m v\u00e0 \u0111\u1ed3 d\u00f9ng cho tr\u1ebb em.<\/p>\n<p>S\u1ea3n ph\u1ea9m c\u1ee7a UBL do Uncle Bills Australia ph\u00e1t tri\u1ec3n, gi\u00e1m s\u00e1t v\u00e0 ki\u1ec3m tra ch\u1ea5t l\u01b0\u1ee3ng. S\u1ea3n ph\u1ea9m \u0111\u00e3 \u0111\u01b0\u1ee3c b\u00e1n t\u1ea1i h\u01a1n 10,000 c\u1eeda h\u00e0ng tr\u00ean h\u01a1n 50 qu\u1ed1c gia, bao g\u1ed3m Ch\u00e2u \u00c2u, Ch\u00e2u \u00dac, Ch\u00e2u \u00c1 v\u00e0 Ch\u00e2u Phi.<\/p>\n<p><img fetchpriority=\"high\" decoding=\"async\" class=\"wp-image-22890 aligncenter\" src=\"https:\/\/havamall.com\/wp-content\/uploads\/2021\/10\/m\u00e0u-m\u1eb7t-300x168.png\" alt=\"\" width=\"708\" height=\"396\" \/><\/p>\n<p>M\u00f3c treo h\u00ecnh ch\u1eef S Uncle Bills \u0111\u01b0\u1ee3c l\u00e0m b\u1eb1ng 100% inox kh\u00f4ng g\u1ec9 b\u1ec1n b\u1ec9 v\u00e0 ch\u1eafc ch\u1eafn c\u00f3 kh\u1ea3 n\u0103ng chi\u1ee5 l\u1ef1c l\u00ean t\u1edbi 20kg th\u00e2n m\u00f3c ch\u1eafc ch\u1eafn n\u1ebfu ng s\u1eed d\u1ee5ng c\u00f3 nhu c\u1ea7u treo nhi\u1ec1u \u0111\u1ed3 th\u00ec b\u1ebb th\u00e2n m\u00f3c ra 1 t\u00fd c\u00f3 th\u1ec3 treo r\u1ea5t nhi\u1ec1u \u0111\u1ed3.<\/p>\n<p>C\u00f3 kh\u1ea3 n\u0103ng chi\u1ee5 l\u1ef1c l\u00ean t\u1edbi 20kg Th\u00e2n m\u00f3c ch\u1eafc ch\u1eafn , n\u1ebfu ng s\u1eed d\u1ee5ng c\u00f3 nhu c\u1ea7u treo nhi\u1ec1u \u0111\u1ed3 th\u00ec b\u1ebb th\u00e2n m\u00f3c ra 1 t\u00fd c\u00f3 th\u1ec3 treo r\u1ea5t nhi\u1ec1u \u0111\u00f2 S\u1eed d\u1ee5ng d\u1ec5 d\u00e0ng , hi\u1ec7u qu\u1ea3 , gi\u00e1 c\u1ea3 ph\u1ea3i ch\u0103ng.<\/p>\n<p><img decoding=\"async\" class=\"wp-image-22980 aligncenter\" src=\"https:\/\/havamall.com\/wp-content\/uploads\/2021\/10\/520ff3f5226-300x300.png\" alt=\"\" width=\"709\" height=\"709\" \/><\/p>\n<p>M\u00f3c treo h\u00ecnh ch\u1eef S Uncle Bills v\u1edbi thi\u1ebft k\u1ebf h\u00ecnh cong ch\u1eafc ch\u1eafn, c\u1ee9ng c\u00e1p, d\u1ec5 d\u00e0ng m\u00f3c v\u00e0o c\u00e1nh c\u1eeda ,gi\u00e1 k\u1ec7, c\u00f3 th\u1ec3 di chuy\u1ec3n \u0111\u01b0\u1ee3c b\u1ea5t k\u00ec n\u01a1i n\u00e0o b\u1ea1n mu\u1ed1n. B\u00e2y gi\u1edd b\u1ea1n kh\u00f4ng c\u1ea7n ph\u1ea3i \u0111\u00f3ng \u0111inh t\u01b0\u1eddng hay lo c\u0103n nh\u00e0 b\u1ebfp ch\u1eadt ch\u1ed9i kh\u00f4ng c\u00f3 ch\u1ed7 treo \u0111\u1ed3, v\u1edbi m\u00f3c treo c\u1eeda inox h\u00ecnh ch\u1eef S th\u00f4ng minh b\u1ea1n c\u00f3 th\u1ec3 d\u1ec5 d\u00e0ng m\u00f3c v\u00e0o b\u1ea5t k\u1ef3 lo\u1ea1i c\u00e1nh c\u1eeda n\u00e0o.\u0111\u01b0\u1ee3c s\u1eed d\u1ee5ng \u0111\u1ec3 \u0111\u1ef1ng c\u00e1c v\u1eadt d\u1ee5ng, s\u1ea3n ph\u1ea9m tr\u01b0ng b\u00e0y trong c\u00e1c c\u1ee7a h\u00e0ng, shop, ho\u1eb7c c\u00e1c v\u1eadt d\u1ee5ng c\u00e1 nh\u00e2n trong nh\u00e0.<\/p>\n<p><img decoding=\"async\" class=\"wp-image-22981 aligncenter\" src=\"https:\/\/havamall.com\/wp-content\/uploads\/2021\/10\/5-thiet-ke-gia-treo-xoong-noi-tien-ich-cho-phong-bep-luon-gon-gang-1604430868-3-300x267.png\" alt=\"\" width=\"703\" height=\"626\" \/><\/p>\n<p>M\u00f3c treo ch\u1eef S ti\u1ec7n d\u1ee5ng \u0111\u1ec3 treo c\u00e1c lo\u1ea1i kh\u0103n, \u0111\u1ed3 d\u00f9ng nh\u00e0 b\u1ebfp&#8230;\u0110\u01b0\u1ee3c l\u00e0m to\u00e0n b\u1ed9 b\u1eb1ng inox cao c\u1ea5p d\u00e0y v\u00f4 c\u00f9ng ch\u1eafc ch\u1eafn, kh\u00f4ng r\u1ec9 s\u00e9t, gi\u00fap ko l\u00e0m h\u1ecfng hay r\u00e1ch qu\u1ea7n \u00e1o c\u1ee7a b\u1ea1n, ti\u1ebft ki\u1ec7m kh\u00f4ng gian v\u00e0 treo \u0111\u01b0\u1ee3c nhi\u1ec1u \u0111\u1ed3 h\u01a1n.<\/p>\n<p><img loading=\"lazy\" decoding=\"async\" class=\"wp-image-22982 aligncenter\" src=\"https:\/\/havamall.com\/wp-content\/uploads\/2021\/10\/bcv-300x300.png\" alt=\"\" width=\"704\" height=\"704\" \/><\/p>\n<h3><strong>\u0110\u1eb7c \u0111i\u1ec3m n\u1ed5i b\u1eadt c\u1ee7a s\u1ea3n ph\u1ea9m:<\/strong><\/h3>\n<p><span style=\"font-size: 11pt\">&#8211; B\u1ed9 13 c\u00e1i &#8211; 3 k\u00edch c\u1ee1<\/span><\/p>\n<p><span style=\"font-size: 11pt\">&#8211; M\u00f3c \u0111\u01b0\u1ee3c l\u00e0m t\u1eeb th\u00e9p kh\u00f4ng g\u1ec9 c\u1ee9ng c\u00e1p &#8211; Ch\u1eafc ch\u1eafn.<\/span><\/p>\n<p><span style=\"font-size: 11pt\">&#8211; Gi\u00fap treo nh\u1eefng \u0111\u1ed3 v\u1eadt d\u1ee5ng c\u1ee5 trong nh\u00e0 t\u1eafm, ph\u00f2ng b\u1ebfp, ngo\u00e0i tr\u1eddi v\u00e0 treo ch\u1eadu c\u00e2y c\u1ea3nh ng\u0103n n\u1eafp v\u00e0 \u0111\u1eb9p m\u1eaft.<\/span><\/p>\n<p><span style=\"font-size: 11pt\">&#8211; Gi\u00fap ti\u1ebft ki\u1ec7m kh\u00f4ng gian cho ng\u00f4i nh\u00e0 c\u1ee7a b\u1ea1n.<\/span><\/p>\n<p>S\u1ea3n ph\u1ea9m hi\u1ec7n \u0111\u00e3 c\u00f3 m\u1eb7t t\u1ea1i Havamall.<\/p>\n<p><img loading=\"lazy\" decoding=\"async\" class=\"wp-image-22983 aligncenter\" src=\"https:\/\/havamall.com\/wp-content\/uploads\/2021\/10\/vcdf-300x300.png\" alt=\"\" width=\"720\" height=\"720\" \/><\/p>","protected":false},"excerpt":{"rendered":"<p>TH\u00d4NG TIN S\u1ea2N PH\u1ea8M Th\u01b0\u01a1ng hi\u1ec7u Uncle Bills Xu\u1ea5t x\u1ee9 Trung Qu\u1ed1c Nguy\u00ean li\u1ec7u Kim lo\u1ea1i m\u1ea1 crom C\u00f4ng d\u1ee5ng<\/p>","protected":false},"featured_media":22984,"comment_status":"open","ping_status":"closed","template":"","meta":[],"product_brand":[],"product_cat":[393,35],"product_tag":[],"class_list":{"0":"post-22977","1":"product","2":"type-product","3":"status-publish","4":"has-post-thumbnail","6":"product_cat-bep-phong-an","7":"product_cat-nha-cua-doi-song","8":"pa_brand-uncle-bills","10":"first","11":"instock","12":"sale","13":"shipping-taxable","14":"purchasable","15":"product-type-simple"},"_links":{"self":[{"href":"https:\/\/havamall.com\/en\/wp-json\/wp\/v2\/product\/22977","targetHints":{"allow":["GET"]}}],"collection":[{"href":"https:\/\/havamall.com\/en\/wp-json\/wp\/v2\/product"}],"about":[{"href":"https:\/\/havamall.com\/en\/wp-json\/wp\/v2\/types\/product"}],"replies":[{"embeddable":true,"href":"https:\/\/havamall.com\/en\/wp-json\/wp\/v2\/comments?post=22977"}],"version-history":[{"count":0,"href":"https:\/\/havamall.com\/en\/wp-json\/wp\/v2\/product\/22977\/revisions"}],"wp:featuredmedia":[{"embeddable":true,"href":"https:\/\/havamall.com\/en\/wp-json\/wp\/v2\/media\/22984"}],"wp:attachment":[{"href":"https:\/\/havamall.com\/en\/wp-json\/wp\/v2\/media?parent=22977"}],"wp:term":[{"taxonomy":"product_brand","embeddable":true,"href":"https:\/\/havamall.com\/en\/wp-json\/wp\/v2\/product_brand?post=22977"},{"taxonomy":"product_cat","embeddable":true,"href":"https:\/\/havamall.com\/en\/wp-json\/wp\/v2\/product_cat?post=22977"},{"taxonomy":"product_tag","embeddable":true,"href":"https:\/\/havamall.com\/en\/wp-json\/wp\/v2\/product_tag?post=22977"}],"curies":[{"name":"wp","href":"https:\/\/api.w.org\/{rel}","templated":true}]}}