{"id":22985,"date":"2021-10-26T11:59:56","date_gmt":"2021-10-26T04:59:56","guid":{"rendered":"https:\/\/havamall.com\/?post_type=product&#038;p=22985"},"modified":"2021-10-26T11:59:56","modified_gmt":"2021-10-26T04:59:56","slug":"dung-cu-do-nhiet-do-treo-tuong-uncle-bills-wall-thermometer","status":"publish","type":"product","link":"https:\/\/havamall.com\/en\/shop\/dung-cu-do-nhiet-do-treo-tuong-uncle-bills-wall-thermometer\/","title":{"rendered":"D\u1ee5ng C\u1ee5 \u0110o Nhi\u1ec7t \u0110\u1ed9 Treo T\u01b0\u1eddng Uncle Bills &#8211; Wall Thermometer"},"content":{"rendered":"<h3 class=\"o9v6fnle cxmmr5t8 oygrvhab hcukyx3x c1et5uql ii04i59q\"><strong>TH\u00d4NG TIN S\u1ea2N PH\u1ea8M<\/strong><\/h3>\n<div class=\"o9v6fnle cxmmr5t8 oygrvhab hcukyx3x c1et5uql ii04i59q\">\n<p><strong>M\u00f4 t\u1ea3 s\u1ea3n ph\u1ea9m:<\/strong><\/p>\n<p>&#8211; Nhi\u1ec7t k\u1ebf ho\u1ea1t \u0111\u1ed9ng tr\u00ean c\u01a1 s\u1edf d\u00e3n nhi\u1ec7t c\u1ee7a th\u1ee7y ng\u00e2n<br \/>\n&#8211; Hi\u1ec3n th\u1ecb nhi\u1ec7t \u0111\u1ed9 b\u1eb1ng \u0111\u1ed9 C v\u00e0 \u0111\u1ed9 F<br \/>\n&#8211; \u0110\u01b0\u1eddng hi\u1ec3n th\u1ecb m\u00e0u \u0111\u1ecf r\u00f5, d\u1ec5 nh\u00ecn<\/p>\n<p><strong>K\u00edch th\u01b0\u1edbc:<\/strong><\/p>\n<p>&#8211; Chi\u1ec1u r\u1ed9ng: 6,5 cm<\/p>\n<p>&#8211; Chi\u1ec1u d\u00e0i: 41cm<\/p>\n<p><strong>D\u1ea3i \u0111o:<\/p>\n<p><\/strong>&#8211; Nhi\u1ec7t \u0111\u1ed9: -30 &#8211; 50oC (Hi\u1ec3n th\u1ecb \u0111\u1ed9 F song song)<\/p>\n<p><strong>T\u00ednh n\u0103ng:<\/strong><\/p>\n<p>&#8211; Th\u00edch h\u1ee3p \u0111o nhi\u1ec7t \u0111\u1ed9 trong nh\u00e0, ngo\u00e0i s\u00e2n, v\u0103n ph\u00f2ng, kho x\u01b0\u1edfng, chu\u1ed3ng tr\u1ea1i,\u2026<\/p>\n<p><img fetchpriority=\"high\" decoding=\"async\" class=\"wp-image-22986 aligncenter\" src=\"https:\/\/havamall.com\/wp-content\/uploads\/2021\/10\/NHI\u1ec6T-K\u1ebe-3-300x200.jpg\" alt=\"\" width=\"900\" height=\"600\" \/><\/p>\n<h3><strong>TH\u00d4NG TIN TH\u01af\u01a0NG HI\u1ec6U<\/strong><\/h3>\n<\/div>\n<p>Uncle Bills (UBL) cung c\u1ea5p h\u01a1n 1800 s\u1ea3n ph\u1ea9m ti\u00eau d\u00f9ng phi th\u01b0\u0323c ph\u00e2\u0309m h\u00e2\u0301p d\u00e2\u0303n, ti\u00ea\u0323n i\u0301ch, gia\u0301 ph\u1ea3i ch\u0103ng. S\u1ea3n ph\u1ea9m bao g\u1ed3m nhi\u1ec1u lo\u1ea1i ha\u0300ng ho\u0301a kh\u00e1c nhau, t\u1eeb \u0111\u1ed3 du\u0300ng nh\u00e0 b\u1ebfp, ch\u0103m s\u00f3c c\u00e1 nh\u00e2n, l\u00e0m s\u1ea1ch nha\u0300 c\u01b0\u0309a, \u0111\u00f4\u0300 l\u01b0u tr\u1eef, ca\u0301c loa\u0323i du\u0323ng cu\u0323, v\u00e2\u0323t du\u0323ng ngo\u00e0i tr\u1eddi v\u00e0 ca\u0309 cho tr\u1ebb em.\u00a0 UBL Lu\u00f4n lu\u00f4n c\u00e2\u0323p nh\u00e2\u0323t ca\u0301c sa\u0309n ph\u00e2\u0309m m\u01a1\u0301i.<\/p>\n<p>S\u1ea3n ph\u1ea9m UBL \u0111\u01b0\u1ee3c s\u1ea3n xu\u1ea5t theo ti\u00eau chu\u1ea9n ch\u1ea5t l\u01b0\u1ee3ng nghi\u00eam ng\u1eb7t c\u1ee7a UBL Hongkong v\u00e0 b\u00e1n t\u1ea1i h\u01a1n 50 qu\u1ed1c gia v\u01a1\u0301i h\u01a1n 10.000 c\u1eeda h\u00e0ng, bao g\u1ed3m ch\u00e2u \u00c2u, \u00dac, Ch\u00e2u \u00c1, Ch\u00e2u Phi. S\u1ee9 m\u1ec7nh c\u1ee7a UBL l\u00e0 cung c\u1ea5p nh\u1eefng s\u1ea3n ph\u1ea9m ti\u1ec7n \u00edch v\u00e0 h\u1ea5p d\u1eabn cho ng\u00f4i nh\u00e0 hi\u1ec7n \u0111\u1ea1i c\u1ee7a ng\u01b0\u1eddi Vi\u1ec7t Nam.<\/p>\n<p><img decoding=\"async\" class=\"alignnone  wp-image-22991 aligncenter\" src=\"https:\/\/havamall.com\/wp-content\/uploads\/2021\/10\/7a4565aab9e3171165a8eafb557b0da0-300x150.jpg\" alt=\"\" width=\"900\" height=\"450\" \/><\/p>\n<p>M\u00f4i tr\u01b0\u1eddng kh\u00f4ng kh\u00ed xung quanh ch\u00fang ta c\u00f3 t\u00e1c \u0111\u1ed9ng r\u1ea5t\u00a0 l\u1edbn tr\u1ef1c ti\u1ebfp \u0111\u1ebfn con ng\u01b0\u1eddi v\u00e0 c\u00e1c ho\u1ea1t \u0111\u1ed9ng kh\u00e1c c\u1ee7a ch\u00fang ta. Khi cu\u1ed9c s\u1ed1ng con ng\u01b0\u1eddi \u0111\u00e3 \u0111\u01b0\u1ee3c n\u00e2ng cao th\u00ec nhu c\u1ea7u v\u1ec1\u00a0 vi\u1ec7c t\u1ea1o ra m\u00f4i tr\u01b0\u1eddng nh\u00e2n t\u1ea1o th\u00edch h\u1ee3p ph\u1ee5c v\u1ee5 cu\u1ed9c s\u1ed1ng v\u00e0 m\u1ecdi ho\u1ea1t\u00a0 \u0111\u1ed9ng c\u1ee7a con ng\u01b0\u1eddi tr\u1edf n\u00ean v\u00f4 c\u00f9ng c\u1ea5p thi\u1ebft. M\u00f4i tr\u01b0\u1eddng kh\u00f4ng kh\u00ed t\u00e1c \u0111\u1ed9ng l\u00ean con ng\u01b0\u1eddi v\u00e0 c\u00e1c qu\u00e1 tr\u00ecnh s\u1ea3n xu\u1ea5t th\u00f4ng qua nhi\u1ec1u nh\u00e2n t\u1ed1, trong\u00a0 \u0111\u00f3 c\u00e1c nh\u00e2n t\u1ed1 Nhi\u1ec7t \u0111\u1ed9 kh\u00f4ng kh\u00ed v\u00e0 \u0110\u1ed9 \u1ea9m kh\u00f4ng kh\u00ed l\u00e0 \u1ea3nh h\u01b0\u1edfng nhi\u1ec1u nh\u1ea5t \u0111\u1ebfn con ng\u01b0\u1eddi. Do v\u1eady c\u00e1c D\u1ee5ng C\u1ee5 \u0110o Nhi\u1ec7t \u0110\u1ed9 ra \u0111\u1eddi \u0111\u1ec3 theo d\u00f5i nhi\u1ec7t \u0111\u1ed9 v\u00e0 \u0111\u1ed9 \u1ea9m m\u00f4i tr\u01b0\u1eddng trong nh\u00e0, v\u0103n ph\u00f2ng, kho h\u00e0ng, x\u01b0\u1edfng s\u1ea3n xu\u1ea5t. ki\u00eam v\u1eadt trang tr\u00ed nh\u00e0 c\u1eeda sinh \u0111\u1ed9ng.<\/p>\n<p>Nhi\u1ec7t k\u1ebf treo t\u01b0\u1eddng Uncle Bills l\u00e0 thi\u1ebft b\u1ecb d\u00f9ng \u0111\u1ec3 \u0111o nhi\u1ec7t \u0111\u1ed9, \u0111\u1ed9 \u1ea9m c\u1ee7a kh\u00f4ng kh\u00ed, m\u00f4i tr\u01b0\u1eddng xung quanh. S\u1ea3n ph\u1ea9m kh\u00f4ng th\u1ec3 thi\u1ebfu trong m\u1ed7i gia \u0111\u00ecnh c\u0169ng nh\u01b0 c\u00e1c ph\u00f2ng l\u01b0u tr\u1eef, b\u1ea3o qu\u1ea3n thi\u1ebft b\u1ecb, th\u1ef1c ph\u1ea9m&#8230; Tr\u00ean s\u1ea3n ph\u1ea9m c\u00f3 c\u1ea3 \u0111\u01a1n v\u1ecb \u0111o \u0111\u1ed9 C v\u00e0 \u0111\u1ed9 F gi\u00fap b\u1ea1n d\u1ec5 d\u00e0ng nh\u1eadn bi\u1ebft nhi\u1ec7t \u0111\u1ed9.<\/p>\n<p><img decoding=\"async\" class=\"wp-image-22992 aligncenter\" src=\"https:\/\/havamall.com\/wp-content\/uploads\/2021\/10\/NHI\u1ec6T-K\u1ebe-1-1-300x300.png\" alt=\"\" width=\"900\" height=\"900\" \/><\/p>\n<h3><strong>C\u00d4NG D\u1ee4NG S\u1ea2N PH\u1ea8M<\/strong><\/h3>\n<p>Nhi\u1ec7t k\u1ebf treo t\u01b0\u1eddng li\u00ean t\u1ee5c c\u1eadp nh\u1eadt nh\u1eefng thay \u0111\u1ed5i c\u1ee7a nhi\u1ec7t \u0111\u1ed9 m\u1ed9t c\u00e1ch ch\u00ednh x\u00e1c. Nh\u1edd nh\u1eefng t\u00ednh n\u0103ng hi\u1ec7n \u0111\u1ea1i, th\u00f4ng minh n\u00e0y m\u00e0 thi\u1ebft b\u1ecb \u0111ang \u0111\u01b0\u1ee3c s\u1eed d\u1ee5ng \u1edf nhi\u1ec1u l\u0129nh v\u1ef1c kh\u00e1c nhau. C\u1ee5 th\u1ec3 nh\u01b0:<\/p>\n<p>&#8211;<strong> Trong gia \u0111\u00ecnh:<\/strong>\u00a0Vi\u1ec7t Nam l\u00e0 n\u01b0\u1edbc c\u00f3 kh\u00ed h\u1eadu nhi\u1ec7t \u0111\u1edbi \u1ea9m gi\u00f3 m\u00f9a n\u00ean th\u1eddi ti\u1ebft di\u1ec5n bi\u1ebfn th\u1ea5t th\u01b0\u1eddng. Ch\u00ednh v\u00ec th\u1ebf vi\u1ec7c ki\u1ec3m so\u00e1t nhi\u1ec7t \u0111\u1ed9 v\u00e0 \u0111\u1ed9 \u1ea9m trong ph\u00f2ng lu\u00f4n l\u00e0 v\u1ea5n \u0111\u1ec1 c\u1ea7n \u0111\u01b0\u1ee3c quan t\u00e2m h\u00e0ng \u0111\u1ea7u. B\u1edfi n\u00f3 \u1ea3nh h\u01b0\u1edfng tr\u1ef1c ti\u1ebfp \u0111\u1ebfn s\u1ee9c kh\u1ecfe c\u1ee7a ch\u00fang ta, \u0111\u1eb7c bi\u1ec7t c\u00e1c gia \u0111\u00ecnh c\u00f3 ng\u01b0\u1eddi gi\u00e0 v\u00e0 tr\u1ebb nh\u1ecf, gi\u00fap b\u00e9 tr\u00e1nh \u0111\u01b0\u1ee3c c\u00e1c b\u1ec7nh v\u1ec1 \u0111\u01b0\u1eddng h\u00f4 h\u1ea5p.<\/p>\n<p>&#8211; <strong>Trong v\u0103n ph\u00f2ng:<\/strong>\u00a0Trong c\u00e1c v\u0103n ph\u00f2ng, c\u00f4ng ty, ng\u01b0\u1eddi ta c\u0169ng s\u1eed d\u1ee5ng nhi\u1ec7t k\u1ebf treo t\u01b0\u1eddng \u0111\u1ec3 ki\u1ec3m so\u00e1t nhi\u1ec7t \u0111\u1ed9 v\u00e0 \u0111\u1ed9 \u1ea9m t\u1ed1t h\u01a1n.<\/p>\n<p>&#8211; <strong>Trong b\u1ea3o qu\u1ea3n th\u1ef1c ph\u1ea9m:<\/strong>\u00a0Ngo\u00e0i ra, nhi\u1ec7t k\u1ebf treo t\u01b0\u1eddng c\u00f2n \u0111\u00f3ng vai tr\u00f2 quan tr\u1ecdng trong c\u00f4ng t\u00e1c s\u1ea3n xu\u1ea5t v\u00e0 b\u1ea3o qu\u1ea3n th\u1ef1c ph\u1ea9m. Nhi\u1ec7t \u0111\u1ed9 l\u00e0 y\u1ebfu t\u1ed1 quan tr\u1ecdng quy\u1ebft \u0111\u1ecbnh th\u1eddi gian b\u1ea3o qu\u1ea3n ng\u1eafn hay d\u00e0i v\u00e0 ch\u1ea5t l\u01b0\u1ee3ng c\u1ee7a th\u1ef1c ph\u1ea9m.<\/p>\n<p><img loading=\"lazy\" decoding=\"async\" class=\"alignnone  wp-image-22990 aligncenter\" src=\"https:\/\/havamall.com\/wp-content\/uploads\/2021\/10\/NHI\u1ec6T-K\u1ebe-2-300x300.jpg\" alt=\"\" width=\"900\" height=\"900\" \/><\/p>\n<h3><strong>\u01afU \u0110I\u1ec2M S\u1ea2N PH\u1ea8M<\/strong><\/h3>\n<p>&#8211; Tr\u1ecdng l\u01b0\u1ee3ng nh\u1eb9 n\u00ean c\u00f3 t\u00ednh linh ho\u1ea1t cao, gi\u00fap c\u1ea7m m\u00e1y d\u1ec5 d\u00e0ng v\u00e0 t\u1ea1o thu\u1eadn l\u1ee3i cho vi\u1ec7c di chuy\u1ec3n m\u00e1y \u0111\u1ebfn nh\u1eefng v\u1ecb tr\u00ed c\u1ea7n \u0111o nhi\u1ec7t \u0111\u1ed9 v\u00e0 \u0111\u1ed9 \u1ea9m.<\/p>\n<p>&#8211; H\u1ed7 tr\u1ee3 chuy\u1ec3n \u0111\u1ed5i \u0111\u01a1n v\u1ecb gi\u1eefa oC v\u00e0 oF, \u0111\u00e1p \u1ee9ng t\u1ed1i \u0111a nhu c\u1ea7u s\u1eed d\u1ee5ng c\u1ee7a ng\u01b0\u1eddi d\u00f9ng<\/p>\n<p>&#8211; C\u00f3 th\u1ec3 \u0111o \u0111\u1ed9 \u1ea9m MAX (cao nh\u1ea5t) \/ MIN (th\u1ea5p nh\u1ea5t).<\/p>\n<p>&#8211; Thi\u1ebft k\u1ebf d\u1ea1ng thanh \u0111\u1ee9ng; d\u1ec5 theo d\u00f5i s\u1ef1 hi\u1ec3n th\u1ecb c\u1ee7a nhi\u1ec7t \u0111\u1ed9.<\/p>\n<p>&#8211; \u0110\u1eb7c bi\u1ec7t thi\u1ebft b\u1ecb c\u00f3 l\u1ed7 b\u00ean tr\u00ean d\u1ec5 d\u00e0ng cho b\u1ea1n treo b\u1ea5t c\u1ee9 n\u01a1i n\u00e0o trong c\u0103n ph\u00f2ng c\u1ee7a b\u1ea1n.<\/p>","protected":false},"excerpt":{"rendered":"<p>TH\u00d4NG TIN S\u1ea2N PH\u1ea8M M\u00f4 t\u1ea3 s\u1ea3n ph\u1ea9m: &#8211; Nhi\u1ec7t k\u1ebf ho\u1ea1t \u0111\u1ed9ng tr\u00ean c\u01a1 s\u1edf d\u00e3n nhi\u1ec7t c\u1ee7a th\u1ee7y<\/p>","protected":false},"featured_media":22993,"comment_status":"open","ping_status":"closed","template":"","meta":[],"product_brand":[],"product_cat":[35],"product_tag":[],"class_list":{"0":"post-22985","1":"product","2":"type-product","3":"status-publish","4":"has-post-thumbnail","6":"product_cat-nha-cua-doi-song","7":"pa_brand-uncle-bills","9":"first","10":"instock","11":"sale","12":"shipping-taxable","13":"purchasable","14":"product-type-simple"},"_links":{"self":[{"href":"https:\/\/havamall.com\/en\/wp-json\/wp\/v2\/product\/22985","targetHints":{"allow":["GET"]}}],"collection":[{"href":"https:\/\/havamall.com\/en\/wp-json\/wp\/v2\/product"}],"about":[{"href":"https:\/\/havamall.com\/en\/wp-json\/wp\/v2\/types\/product"}],"replies":[{"embeddable":true,"href":"https:\/\/havamall.com\/en\/wp-json\/wp\/v2\/comments?post=22985"}],"version-history":[{"count":0,"href":"https:\/\/havamall.com\/en\/wp-json\/wp\/v2\/product\/22985\/revisions"}],"wp:featuredmedia":[{"embeddable":true,"href":"https:\/\/havamall.com\/en\/wp-json\/wp\/v2\/media\/22993"}],"wp:attachment":[{"href":"https:\/\/havamall.com\/en\/wp-json\/wp\/v2\/media?parent=22985"}],"wp:term":[{"taxonomy":"product_brand","embeddable":true,"href":"https:\/\/havamall.com\/en\/wp-json\/wp\/v2\/product_brand?post=22985"},{"taxonomy":"product_cat","embeddable":true,"href":"https:\/\/havamall.com\/en\/wp-json\/wp\/v2\/product_cat?post=22985"},{"taxonomy":"product_tag","embeddable":true,"href":"https:\/\/havamall.com\/en\/wp-json\/wp\/v2\/product_tag?post=22985"}],"curies":[{"name":"wp","href":"https:\/\/api.w.org\/{rel}","templated":true}]}}