{"id":23044,"date":"2021-10-27T17:20:30","date_gmt":"2021-10-27T10:20:30","guid":{"rendered":"https:\/\/havamall.com\/?post_type=product&#038;p=23044"},"modified":"2022-10-04T17:09:49","modified_gmt":"2022-10-04T10:09:49","slug":"nhan-dong-lon-queen-bell-565g-king-longan-in-syrup","status":"publish","type":"product","link":"https:\/\/havamall.com\/en\/shop\/nhan-dong-lon-queen-bell-565g-king-longan-in-syrup\/","title":{"rendered":"Nh\u00e3n \u0110\u00f3ng Lon Queen Bell 565g &#8211; King Longan In Syrup"},"content":{"rendered":"<h3><strong>TH\u00d4NG TIN S\u1ea2N PH\u1ea8M<\/strong><\/h3>\n<table>\n<tbody>\n<tr>\n<td>Th\u01b0\u01a1ng hi\u1ec7u<\/td>\n<td>Queen Bell<\/td>\n<\/tr>\n<tr>\n<td>Xu\u1ea5t x\u1ee9<\/td>\n<td>Th\u00e1i Lan<\/td>\n<\/tr>\n<tr>\n<td>Th\u00e0nh ph\u1ea7n<\/td>\n<td>Nh\u00e3n t\u01b0\u01a1i, n\u01b0\u1edbc, \u0111\u01b0\u1eddng<\/td>\n<\/tr>\n<tr>\n<td>H\u1ea1n s\u1eed d\u1ee5ng<\/td>\n<td>36 th\u00e1ng k\u1ec3 t\u1eeb ng\u00e0y s\u1ea3n xu\u1ea5t.<\/td>\n<\/tr>\n<tr>\n<td>B\u1ea3o qu\u1ea3n<\/td>\n<td>\u0110\u1ec3 n\u01a1i kh\u00f4 r\u00e1o, tho\u00e1ng m\u00e1t, tr\u00e1nh \u00e1nh n\u1eafng tr\u1ef1c ti\u1ebfp<\/td>\n<\/tr>\n<tr>\n<td>Kh\u1ed1i l\u01b0\u1ee3ng t\u1ecbnh<\/td>\n<td>565g<\/td>\n<\/tr>\n<\/tbody>\n<\/table>\n<p><span style=\"font-weight: 400\">Nh\u1eb1m mang l\u1ea1i s\u1ef1 ti\u1ec7n d\u1ee5ng cho ch\u1ecb em n\u1ed9i tr\u1ee3 b\u1eadn r\u1ed9n Queen Bell \u0111\u00e3 cho ra \u0111\u1eddi d\u00f2ng s\u1ea3n ph\u1ea9m Nh\u00e3n t\u01b0\u01a1i ng\u00e2m \u0111\u01b0\u1eddng lon 565g.\u00a0<\/span><span style=\"font-weight: 400\">S\u1ea3n ph\u1ea9m \u0111\u01b0\u1ee3c s\u1ea3n xu\u1ea5t tr\u00ean d\u00e2y chuy\u1ec1n hi\u1ec7n \u0111\u1ea1i c\u1ee7a Th\u00e1i Lan. S\u1ea3n ph\u1ea9m \u0111\u01b0\u1ee3c \u0111\u00f3ng h\u1ed9p b\u1eb1ng ch\u1ea5t li\u1ec7u thi\u1ebfc an to\u00e0n, ch\u1eafc ch\u1eafn v\u1edbi kh\u1ed1i l\u01b0\u1ee3ng 565g.<\/span><\/p>\n<p dir=\"ltr\">Nh\u00e3n \u0111\u00f3ng h\u1ed9p Queen Beel Th\u00e1i Lan \u0111\u01b0\u1ee3c s\u1ea3n xu\u1ea5t tr\u00ean d\u00e2y chuy\u1ec1n c\u00f4ng ngh\u1ec7 hi\u1ec7n \u0111\u1ea1i, \u0111\u1ea3m b\u1ea3o an to\u00e0n khi s\u1eed d\u1ee5ng. S\u1ea3n ph\u1ea9m \u0111\u01b0\u1ee3c \u0111\u00f3ng lon nh\u00f4m nh\u1ecf g\u1ecdn, \u0111em l\u1ea1i cho b\u1ea1n s\u1ef1 ti\u1ec7n l\u1ee3i trong vi\u1ec7c s\u1eed d\u1ee5ng c\u0169ng nh\u01b0 b\u1ea3o qu\u1ea3n hay mang theo nh\u1eefng chuy\u1ebfn du l\u1ecbch, d\u00e3 ngo\u1ea1i.<\/p>\n<p dir=\"ltr\"><img fetchpriority=\"high\" decoding=\"async\" class=\"aligncenter\" src=\"https:\/\/havamall.com\/wp-content\/uploads\/2021\/03\/logan-dish.jpg\" alt=\"Longan in Syrup 565g \u2013 CHIEN WAH TRADING CO. PTY. LTD.\" width=\"749\" height=\"703\" \/><\/p>\n<p dir=\"ltr\">S\u1ea3n ph\u1ea9m \u0111\u01b0\u1ee3c nh\u1eadp kh\u1ea9u t\u1eeb Th\u00e1i Lan. Th\u00e0nh ph\u1ea7n \u0111\u01b0\u1ee3c l\u00e0m t\u1eeb n\u01b0\u1edbc, tr\u00e1i nh\u00e3n t\u01b0\u01a1i, \u0111\u01b0\u1eddng\u2026kh\u00f4ng s\u1eed d\u1ee5ng ch\u1ea5t t\u1ea1o m\u00e0u, ch\u1ea5t b\u1ea3o qu\u1ea3n v\u00e0 ch\u1ea5t t\u1ea1o h\u01b0\u01a1ng \u0111\u1ed9c h\u1ea1i, mang t\u1edbi h\u01b0\u01a1ng v\u1ecb nh\u00e3n t\u1ef1 nhi\u00ean \u0111\u1eb7c tr\u01b0ng th\u01a1m ngon, h\u1ea5p d\u1eabn. Nh\u00e3n ng\u00e2m \u0111\u00f3ng h\u1ed9p kh\u00f4ng h\u1ec1 nh\u0169n, kh\u00e1 m\u1ec1m m\u00e0 dai ngon, m\u00e0u tr\u1eafng. \u0110\u1ed3ng th\u1eddi c\u00f3 v\u1ecb ng\u1ecdt ng\u1ecdt v\u1eeba ph\u1ea3i, c\u00f2n n\u01b0\u1edbc v\u1ea3i th\u00ec h\u01a1i s\u00e1nh l\u1ea1i th\u00edch h\u1ee3p d\u00f9ng trong pha ch\u1ebf r\u1ea5t tuy\u1ec7t h\u1ea3o. Nh\u00e3n c\u00f3 h\u01b0\u01a1ng v\u1ecb th\u01a1m ngon \u0111\u1eb7c tr\u01b0ng c\u1ee7a qu\u1ea3 nh\u00e3n, \u0111\u01b0\u1ee3c s\u1eed d\u1ee5ng trong \u1ea9m th\u1ef1c, t\u1ea1o n\u00ean nhi\u1ec1u m\u00f3n \u0103n, th\u1ee9c u\u1ed1ng.<\/p>\n<p dir=\"ltr\"><img decoding=\"async\" class=\"wp-image-23049 aligncenter\" src=\"https:\/\/havamall.com\/wp-content\/uploads\/2021\/10\/nh\u00e3n-2-280x300.png\" alt=\"\" width=\"754\" height=\"809\" \/><\/p>\n<p>Qu\u1ea3 Nh\u00e3n ch\u1ee9a l\u01b0\u1ee3ng Vitamin C phong ph\u00fa t\u01b0\u01a1ng \u0111\u01b0\u01a1ng v\u1edbi 80% nhu c\u1ea7u h\u00e0ng ng\u00e0y. Ch\u1ee9a c\u00e1c kho\u00e1ng ch\u1ea5t nh\u01b0 s\u1eaft, ph\u1ed1t pho, magi\u00ea v\u00e0 kali. Nh\u00e3n gi\u00e0u Vitamin A v\u00e0 c\u1ea7n thi\u1ebft trong vi\u1ec7c ch\u1ed1ng oxy h\u00f3a\u2026.<\/p>\n<p><span style=\"font-weight: 400\">Nh\u00e3n c\u00f3 v\u1ecb ng\u1ecdt, t\u00ednh b\u00ecnh, qu\u1ea3 m\u00e0u v\u00e0ng n\u00e2u, h\u1ea1t \u0111en nh\u00e1nh, l\u1edbp c\u01a1m d\u00e0y m\u00e0u tr\u1eafng bao b\u1ecdc h\u1ea1t. Theo nghi\u00ean c\u1ee9u khoa h\u1ecdc, qu\u1ea3 nh\u00e3n c\u00f3 ch\u1ee9a c\u00e1c vi ch\u1ea5t nh\u01b0 S\u1eaft, Magie, K\u1ebdm, Kali, Photpho, Protein, ch\u1ea5t b\u00e9o, \u0111\u01b0\u1eddng Sacaroza, Glucoza.\u00a0<\/span><\/p>\n<p><img decoding=\"async\" class=\"aligncenter\" src=\"https:\/\/havamall.com\/wp-content\/uploads\/2021\/03\/cong-dung-ruou-long-nhanh.jpg\" alt=\"3 C\u00e1ch ng\u00e2m r\u01b0\u1ee3u nh\u00e3n \u2013 ch\u1eefa m\u1ea5t ng\u1ee7, y\u1ebfu sinh l\u00fd\" width=\"743\" height=\"498\" \/><\/p>\n<h3><strong>C\u00f4ng d\u1ee5ng c\u1ee7a nh\u00e3n:<\/strong><\/h3>\n<p><span style=\"font-weight: 400\">&#8211; Nh\u00e3n c\u00f3 nhi\u1ec1u Vitamin A, C, axit h\u1eefu c\u01a1 v\u00e0 ch\u1ea5t x\u01a1 c\u00f3 t\u00e1c d\u1ee5ng r\u1ea5t t\u1ed1t cho s\u1ee9c kh\u1ecfe.\u00a0<\/span><\/p>\n<p><span style=\"font-weight: 400\">&#8211; H\u00e0m l\u01b0\u1ee3ng vitamin C trong nh\u00e3n d\u1ed3i d\u00e0o gi\u00fap n\u00e2ng cao s\u1ee9c \u0111\u1ec1 kh\u00e1ng cho c\u01a1 th\u1ec3, ng\u0103n ng\u1eeba cao huy\u1ebft \u00e1p v\u00e0 m\u1ed9t s\u1ed1 b\u1ec7nh v\u1ec1 tim m\u1ea1ch.<\/span><\/p>\n<p><span style=\"font-weight: 400\">&#8211; Nh\u00e3n ch\u1ee9a nhi\u1ec1u d\u01b0\u1ee1ng ch\u1ea5t, \u0111\u1eb7c bi\u1ec7t l\u00e0 \u0111\u1ed3ng v\u00e0 canxi trong nh\u00e3n gi\u00fap x\u01b0\u01a1ng kh\u01a1\u0301p ch\u0103\u0301c kho\u0309e, giu\u0301p x\u01b0\u01a1ng pha\u0301t tri\u00ea\u0309n, ng\u01b0\u0300a b\u00ea\u0323nh loa\u0303ng x\u01b0\u01a1ng.<\/span><\/p>\n<p><span style=\"font-weight: 400\">&#8211; Trong qu\u1ea3 nh\u00e3n ch\u1ee9a h\u00e0m l\u01b0\u1ee3ng l\u1edbn ch\u1ea5t s\u1eaft gi\u00fap ph\u00f2ng ng\u1eeba \u0111\u01b0\u1ee3c b\u1ec7nh thi\u1ebfu m\u00e1u.<\/span><\/p>\n<p><img loading=\"lazy\" decoding=\"async\" class=\"aligncenter\" src=\"https:\/\/havamall.com\/wp-content\/uploads\/2021\/03\/maxresdefault.jpg\" alt=\"Almond Longan Jelly (Almond longan tofu fa) - YouTube\" width=\"751\" height=\"423\" \/><\/p>\n<h3><strong>H\u01b0\u1edbng d\u1eabn s\u1eed d\u1ee5ng:<\/strong><\/h3>\n<p><span style=\"font-weight: 400\">&#8211; Nh\u00e3n Ng\u00e2m \u0110\u01b0\u1eddng Queen Bell v\u1edbi h\u01b0\u01a1ng v\u1ecb th\u01a1m ngon ri\u00eang, c\u00f3 th\u1ec3 d\u00f9ng v\u1edbi nhi\u1ec1u m\u1ee5c \u0111\u00edch s\u1eed d\u1ee5ng kh\u00e1c nhau.\u00a0<\/span><\/p>\n<p><span style=\"font-weight: 400\">&#8211; B\u1ea1n c\u00f3 th\u1ec3 d\u00f9ng s\u1ea3n ph\u1ea9m \u0111\u1ec3 pha ch\u1ebf n\u01b0\u1edbc u\u1ed1ng gi\u1ea3i kh\u00e1t<\/span><\/p>\n<p><span style=\"font-weight: 400\">&#8211; Ch\u1ebf bi\u1ebfn th\u00e0nh c\u00e1c m\u00f3n \u0103n<\/span><\/p>\n<p>&#8211;\u00a0<span style=\"font-weight: 400\">C\u00f3 th\u1ec3 \u0103n ngay, kh\u00f4ng c\u1ea7n qua x\u1eed l\u00fd nhi\u1ec7t.<\/span><\/p>\n<p><img loading=\"lazy\" decoding=\"async\" class=\"wp-image-23047 aligncenter\" src=\"https:\/\/havamall.com\/wp-content\/uploads\/2021\/10\/nh\u00e3n-1-300x300.png\" alt=\"\" width=\"749\" height=\"749\" \/><\/p>\n<h3><strong>H\u01b0\u1edbng d\u1eabn b\u1ea3o qu\u1ea3n:<\/strong><\/h3>\n<p>\u2013 B\u1ea3o qu\u1ea3n n\u01a1i kh\u00f4 r\u00e1o tho\u00e1ng m\u00e1t.<\/p>\n<p>\u2013 Sau khi m\u1edf n\u1eafp, s\u1ea3n ph\u1ea9m s\u1eed d\u1ee5ng kh\u00f4ng h\u1ebft b\u1ea1n n\u00ean b\u1ea3o qu\u1ea3n trong t\u1ee7 l\u1ea1nh v\u00e0 d\u00f9ng trong v\u00f2ng h\u1ebft 3 ng\u00e0y \u0111\u1ec3 gi\u1eef \u0111\u01b0\u1ee3c \u0111\u1ed9 ngon ban \u0111\u1ea7u.<\/p>\n<p>S\u1ea3n ph\u1ea9m hi\u1ec7n \u0111\u00e3 c\u00f3 m\u1eb7t t\u1ea1i Havamall.<\/p>","protected":false},"excerpt":{"rendered":"<p>TH\u00d4NG TIN S\u1ea2N PH\u1ea8M Th\u01b0\u01a1ng hi\u1ec7u Queen Bell Xu\u1ea5t x\u1ee9 Th\u00e1i Lan Th\u00e0nh ph\u1ea7n Nh\u00e3n t\u01b0\u01a1i, n\u01b0\u1edbc, \u0111\u01b0\u1eddng H\u1ea1n s\u1eed<\/p>","protected":false},"featured_media":23045,"comment_status":"open","ping_status":"closed","template":"","meta":[],"product_brand":[],"product_cat":[36,143],"product_tag":[],"class_list":{"0":"post-23044","1":"product","2":"type-product","3":"status-publish","4":"has-post-thumbnail","6":"product_cat-thuc-pham-tieu-dung","7":"product_cat-thuc-pham-dong-hop","9":"first","10":"outofstock","11":"sale","12":"shipping-taxable","13":"purchasable","14":"product-type-simple"},"_links":{"self":[{"href":"https:\/\/havamall.com\/en\/wp-json\/wp\/v2\/product\/23044","targetHints":{"allow":["GET"]}}],"collection":[{"href":"https:\/\/havamall.com\/en\/wp-json\/wp\/v2\/product"}],"about":[{"href":"https:\/\/havamall.com\/en\/wp-json\/wp\/v2\/types\/product"}],"replies":[{"embeddable":true,"href":"https:\/\/havamall.com\/en\/wp-json\/wp\/v2\/comments?post=23044"}],"version-history":[{"count":0,"href":"https:\/\/havamall.com\/en\/wp-json\/wp\/v2\/product\/23044\/revisions"}],"wp:featuredmedia":[{"embeddable":true,"href":"https:\/\/havamall.com\/en\/wp-json\/wp\/v2\/media\/23045"}],"wp:attachment":[{"href":"https:\/\/havamall.com\/en\/wp-json\/wp\/v2\/media?parent=23044"}],"wp:term":[{"taxonomy":"product_brand","embeddable":true,"href":"https:\/\/havamall.com\/en\/wp-json\/wp\/v2\/product_brand?post=23044"},{"taxonomy":"product_cat","embeddable":true,"href":"https:\/\/havamall.com\/en\/wp-json\/wp\/v2\/product_cat?post=23044"},{"taxonomy":"product_tag","embeddable":true,"href":"https:\/\/havamall.com\/en\/wp-json\/wp\/v2\/product_tag?post=23044"}],"curies":[{"name":"wp","href":"https:\/\/api.w.org\/{rel}","templated":true}]}}