{"id":23101,"date":"2021-10-29T14:20:27","date_gmt":"2021-10-29T07:20:27","guid":{"rendered":"https:\/\/havamall.com\/?post_type=product&#038;p=23101"},"modified":"2024-09-30T11:41:12","modified_gmt":"2024-09-30T04:41:12","slug":"thach-suong-sao-danh-cho-nguoi-an-kieng-black-gold-light-50g-afchem-grass-jelly","status":"publish","type":"product","link":"https:\/\/havamall.com\/en\/shop\/thach-suong-sao-danh-cho-nguoi-an-kieng-black-gold-light-50g-afchem-grass-jelly\/","title":{"rendered":"Th\u1ea1ch S\u01b0\u01a1ng S\u00e1o D\u00e0nh Cho Ng\u01b0\u1eddi \u0102n Ki\u00eang Black Gold Light 360g &#8211; Afchem Grass Jelly"},"content":{"rendered":"<p dir=\"auto\">C\u00e2y s\u01b0\u01a1ng s\u00e1o \u0111\u01b0\u1ee3c g\u1ecdi v\u1edbi c\u00e1i t\u00ean d\u00e2n d\u00e3 t\u1ea1i Vi\u1ec7t Nam l\u00e0 c\u00e2y th\u1ea1ch \u0111en. L\u00e1 c\u00e2y s\u01b0\u01a1ng s\u00e1o c\u00f3 v\u1ecb ng\u1ecdt v\u00e0 t\u00ednh m\u00e1t, c\u00f3 t\u00e1c d\u1ee5ng gi\u1ea3i nhi\u1ec7t, gi\u00fap h\u1ea1 huy\u1ebft \u00e1p, tr\u1ecb c\u1ea3m m\u1ea1o, \u0111au kh\u1edbp. M\u00f9a h\u00e8, s\u01b0\u01a1ng s\u00e1o \u0111\u1eb7c bi\u1ec7t \u0111\u01b0\u1ee3c nhi\u1ec1u ng\u01b0\u1eddi \u0103n \u0111\u1ec3 gi\u1ea3i nhi\u1ec7t.<\/p>\n<p dir=\"auto\">Trong d\u00e2n gian c\u00e2y s\u01b0\u01a1ng s\u00e1o \u0111\u01b0\u1ee3c coi l\u00e0 m\u1ed9t lo\u1ea1i th\u1ea3o m\u1ed9c qu\u00fd, \u0111\u01b0\u1ee3c s\u1eed d\u1ee5ng r\u1ed9ng r\u00e3i trong \u0111\u00f4ng y v\u1edbi nhi\u1ec1u c\u00f4ng d\u1ee5ng nh\u01b0: gi\u1ea3i nhi\u1ec7t, m\u00e1t gan, t\u0103ng c\u01b0\u1eddng s\u1ee9c kho\u1ebb h\u1ec7 ti\u00eau ho\u00e1, h\u1ed7 tr\u1ee3 \u0111i\u1ec1u tr\u1ecb vi\u00eam kh\u1edbp c\u1ea5p, huy\u1ebft \u00e1p cao v\u00e0 ti\u1ec3u \u0111\u01b0\u1eddng.<\/p>\n<p dir=\"auto\"><img fetchpriority=\"high\" decoding=\"async\" class=\"wp-image-26453 aligncenter\" src=\"https:\/\/havamall.com\/wp-content\/uploads\/2021\/10\/f-300x300.png\" alt=\"\" width=\"709\" height=\"709\" \/><\/p>\n<p dir=\"auto\">Grass Jelly Light l\u00e0 d\u00f2ng th\u1ef1c ph\u1ea9m b\u1ed5 sung d\u00e0nh cho ng\u01b0\u1eddi \u0103n ki\u00eang. V\u1edbi th\u00e0nh ph\u1ea7n \u0111\u01b0\u1eddng c\u1ecf ng\u1ecdt Stevia \u2013 Kh\u00f4ng n\u0103ng l\u01b0\u1ee3ng, b\u1ed5 sung ch\u1ea5t x\u01a1 dinh d\u01b0\u1ee1ng Fibersol-2 gi\u00fap h\u1ea1n ch\u1ebf h\u1ea5p thu ch\u1ea5t b\u00e9o t\u1eeb b\u1eefa \u0103n,\u2026 \u0110\u01b0\u1ee3c ch\u1ebf bi\u1ebfn t\u1eeb nh\u1eefng c\u00e2y s\u01b0\u01a1ng s\u00e1o ch\u1ea5t l\u01b0\u1ee3ng cao nh\u1ea5t thu\u1ed9c v\u00f9ng n\u00fai t\u1ec9nh Cao B\u1eb1ng.<\/p>\n<p dir=\"auto\">S\u1ea3n ph\u1ea9m \u0111\u01b0\u1ee3c s\u1ea3n xu\u1ea5t tr\u00ean d\u00e2y chuy\u1ec1n \u0111\u01b0\u1ee3c t\u1ed5 ch\u1ee9c SGS ch\u1ee9ng nh\u1eadn ISO 22000:2018 v\u00e0 HACCP. Mang trong m\u00ecnh h\u01b0\u01a1ng v\u1ecb t\u1ef1 nhi\u00ean, thanh m\u00e1t t\u1eeb th\u1ea3o m\u1ed9c, th\u00e0nh ph\u1ea7n dinh d\u01b0\u1ee1ng cao (ch\u1ea5t x\u01a1, pectin, 17 axit amin trong \u0111\u00f3 c\u00f3 7 axit amin thi\u1ebft y\u1ebfu,..) v\u00e0 \u0111\u1eb7c bi\u1ec7t kh\u00f4ng ch\u1ea5t b\u1ea3o qu\u1ea3n.<\/p>\n<p dir=\"auto\"><img decoding=\"async\" class=\"wp-image-23089 aligncenter\" src=\"https:\/\/havamall.com\/wp-content\/uploads\/2021\/10\/th\u1ea1ch-\u0111en-300x213.png\" alt=\"\" width=\"678\" height=\"481\" \/><\/p>\n<p dir=\"auto\">C\u00e1c s\u1ea3n ph\u1ea9m th\u1ea1ch s\u01b0\u01a1ng s\u00e1o c\u1ee7a AFChem \u0111\u01b0\u1ee3c s\u1ea3n xu\u1ea5t v\u1edbi 100% th\u00e0nh ph\u1ea7n t\u1eeb c\u00e2y s\u01b0\u01a1ng s\u00e1o t\u1ef1 nhi\u00ean kh\u00f4ng t\u1ed3n d\u01b0 thu\u1ed1c b\u1ea3o v\u1ec7 th\u1ef1c v\u1eadt nh\u1edd s\u1ef1 ki\u1ec3m so\u00e1t\u00a0ch\u1eb7t ch\u1ebd trong qu\u00e1 tr\u00ecnh nu\u00f4i tr\u1ed3ng. Lo\u1ea1i b\u1ecf ho\u00e0n to\u00e0n n\u1ea5m m\u1ed1c, n\u1ea5m men t\u1eeb khi l\u01b0u kho \u0111\u1ebfn tr\u01b0\u1edbc khi \u0111\u01b0a v\u00e0o s\u1ea3n xu\u1ea5t. \u0110\u1eb7c bi\u1ec7t v\u1edbi quy tr\u00ecnh ti\u1ec7t tr\u00f9ng\u00a0121<sup>0<\/sup>C\u00a0trong 60 ph\u00fat \u0111\u00e3 ti\u00eau di\u1ec7t ho\u00e0n to\u00e0n vi sinh v\u1eadt, gi\u00fap k\u00e9o d\u00e0i th\u1eddi gian s\u1eed d\u1ee5ng l\u00ean \u0111\u1ebfn 1 n\u0103m \u1edf nhi\u1ec7t \u0111\u1ed9 th\u01b0\u1eddng m\u00e0 kh\u00f4ng c\u1ea7n \u0111\u1ebfn b\u1ea5t k\u1ef3 lo\u1ea1i ch\u1ea5t b\u1ea3o qu\u1ea3n n\u00e0o.<\/p>\n<p dir=\"auto\"><img decoding=\"async\" class=\"aligncenter\" src=\"https:\/\/havamall.com\/wp-content\/uploads\/2021\/10\/cach-lam-tra-sua-thach-1.jpg\" alt=\"L\u01b0u tr\u1eef c\u00e1ch l\u00e0m tr\u00e0 s\u1eefa th\u1ea1ch - L\u1ee5c Lam\" width=\"699\" height=\"393\" \/><\/p>\n<p dir=\"auto\">Th\u1ea1ch s\u01b0\u01a1ng s\u00e1o Grass Jelly v\u1edbi th\u00e0nh ph\u1ea7n dinh d\u01b0\u1ee1ng cao, kh\u00f4ng ch\u1ea5t b\u1ea3o qu\u1ea3n, kh\u00f4ng chi\u1ebft xu\u1ea5t n\u1ea5m men, kh\u00f4ng t\u1ed3n d\u01b0 thu\u1ed1c b\u1ea3o v\u1ec7 th\u1ef1c v\u1eadt, kh\u00f4ng ch\u1ea5t g\u00e2y d\u1ecb \u1ee9ng\u2026S\u1ea3n ph\u1ea9m c\u00f3 th\u1ec3 \u0103n li\u1ec1n ho\u1eb7c d\u00f9ng c\u00f9ng s\u1eefa chua, n\u01b0\u1edbc c\u1ed1t d\u1eeba, m\u1eadt ong, ch\u00e8,\u2026r\u1ea5t ti\u1ec7n d\u1ee5ng v\u1edbi h\u01b0\u01a1ng v\u1ecb th\u01a1m ngon v\u00e0 \u0111\u1eb7c bi\u1ec7t an to\u00e0n cho s\u1ee9c kh\u1ecfe.<\/p>\n<p dir=\"auto\"><img loading=\"lazy\" decoding=\"async\" class=\"wp-image-23092 aligncenter\" src=\"https:\/\/havamall.com\/wp-content\/uploads\/2021\/10\/maxresdefault-14-300x172.png\" alt=\"\" width=\"691\" height=\"397\" \/><\/p>\n<h3><strong>H\u01b0\u1edbng d\u1eabn s\u1eed d\u1ee5ng:<\/strong><\/h3>\n<p dir=\"auto\">&#8211; Lon s\u01b0\u01a1ng s\u00e1o \u0103n li\u1ec1n, b\u1ea3o qu\u1ea3n ng\u0103n m\u00e1t t\u1ee7 l\u1ea1nh khi m\u1edf n\u1eafp<\/p>\n<p dir=\"auto\">&#8211; C\u00f3 th\u1ec3 k\u1ebft h\u1ee3p s\u01b0\u01a1ng s\u00e1o v\u1edbi: S\u0169a chua, s\u1eefa t\u01b0\u01a1i, c\u00e0 ph\u00ea, ch\u00e8, tr\u00e0 s\u1eefa,\u2026.<\/p>\n<p dir=\"auto\">&#8211;\u00a0Th\u1ea1ch s\u01b0\u01a1ng s\u00e1o \u0111\u00f3ng lon Black Gold Light l\u00e0 s\u1ef1 l\u1ef1a ch\u1ecdn h\u00e0ng \u0111\u1ea7u cho c\u00e1c b\u1eefa \u0103n nh\u1eb9, tr\u00e1ng mi\u1ec7ng v\u00e0 k\u1ebft h\u1ee3p \u0111a d\u1ea1ng v\u1edbi ch\u00e8, c\u00e0 ph\u00ea, c\u1ed1t d\u1eeba, tr\u00e0,\u2026<\/p>\n<p dir=\"auto\"><img loading=\"lazy\" decoding=\"async\" class=\"wp-image-26454 aligncenter\" src=\"https:\/\/havamall.com\/wp-content\/uploads\/2021\/10\/\u0111-300x195.png\" alt=\"\" width=\"686\" height=\"446\" \/><\/p>\n<h3><strong>\u0110\u1eb7c \u0111i\u1ec3m n\u1ed5i b\u1eadt c\u1ee7a s\u1ea3n ph\u1ea9m:<\/strong><\/h3>\n<p dir=\"auto\">\u2022 S\u1ea3n ph\u1ea9m ph\u00f9 h\u1ee3p cho ng\u01b0\u1eddi \u0103n ki\u00eang<\/p>\n<p dir=\"auto\">\u2022 V\u00f9ng nguy\u00ean li\u1ec7u kh\u00f4ng t\u1ed3n d\u01b0 ch\u1ea5t b\u1ea3o v\u1ec7 th\u1ef1c v\u1eadt<\/p>\n<p dir=\"auto\">\u2022 S\u1ea3n ph\u1ea9m qua d\u00e2y chuy\u1ec1n s\u1ea3n xu\u1ea5t \u0111\u1ea1t ti\u00eau chu\u1ea9n ch\u1ea5t l\u01b0\u1ee3ng qu\u1ed1c<\/p>\n<p dir=\"auto\">\u2022 B\u1ed5 sung dinh d\u01b0\u1ee1ng, vitamin, ch\u1ea5t x\u01a1 v\u00e0 gi\u00fap thanh nhi\u1ec7t<\/p>\n<p dir=\"auto\">\u2022 H\u01b0\u01a1ng v\u1ecb th\u1ea3o m\u1ed9c nh\u1eb9 nh\u00e0ng, d\u1ec5 \u0103n<\/p>\n<p dir=\"auto\">\u2022 S\u1ea3n xu\u1ea5t tr\u00ean d\u00e2y chuy\u1ec1n \u0111\u01b0\u1ee3c SGS ch\u1ee9ng nh\u1eadn ISO 22000:2018 v\u00e0 HACCP<\/p>\n<p dir=\"auto\">S\u1ea3n ph\u1ea9m hi\u1ec7n \u0111\u00e3 c\u00f3 m\u1eb7t t\u1ea1i Havamall.<\/p>","protected":false},"excerpt":{"rendered":"<p>C\u00e2y s\u01b0\u01a1ng s\u00e1o \u0111\u01b0\u1ee3c g\u1ecdi v\u1edbi c\u00e1i t\u00ean d\u00e2n d\u00e3 t\u1ea1i Vi\u1ec7t Nam l\u00e0 c\u00e2y th\u1ea1ch \u0111en. L\u00e1 c\u00e2y s\u01b0\u01a1ng<\/p>","protected":false},"featured_media":26455,"comment_status":"open","ping_status":"closed","template":"","meta":[],"product_brand":[],"product_cat":[36,143],"product_tag":[],"class_list":{"0":"post-23101","1":"product","2":"type-product","3":"status-publish","4":"has-post-thumbnail","6":"product_cat-thuc-pham-tieu-dung","7":"product_cat-thuc-pham-dong-hop","9":"first","10":"outofstock","11":"sale","12":"shipping-taxable","13":"purchasable","14":"product-type-simple"},"_links":{"self":[{"href":"https:\/\/havamall.com\/en\/wp-json\/wp\/v2\/product\/23101","targetHints":{"allow":["GET"]}}],"collection":[{"href":"https:\/\/havamall.com\/en\/wp-json\/wp\/v2\/product"}],"about":[{"href":"https:\/\/havamall.com\/en\/wp-json\/wp\/v2\/types\/product"}],"replies":[{"embeddable":true,"href":"https:\/\/havamall.com\/en\/wp-json\/wp\/v2\/comments?post=23101"}],"version-history":[{"count":0,"href":"https:\/\/havamall.com\/en\/wp-json\/wp\/v2\/product\/23101\/revisions"}],"wp:featuredmedia":[{"embeddable":true,"href":"https:\/\/havamall.com\/en\/wp-json\/wp\/v2\/media\/26455"}],"wp:attachment":[{"href":"https:\/\/havamall.com\/en\/wp-json\/wp\/v2\/media?parent=23101"}],"wp:term":[{"taxonomy":"product_brand","embeddable":true,"href":"https:\/\/havamall.com\/en\/wp-json\/wp\/v2\/product_brand?post=23101"},{"taxonomy":"product_cat","embeddable":true,"href":"https:\/\/havamall.com\/en\/wp-json\/wp\/v2\/product_cat?post=23101"},{"taxonomy":"product_tag","embeddable":true,"href":"https:\/\/havamall.com\/en\/wp-json\/wp\/v2\/product_tag?post=23101"}],"curies":[{"name":"wp","href":"https:\/\/api.w.org\/{rel}","templated":true}]}}