{"id":23131,"date":"2021-10-29T16:25:21","date_gmt":"2021-10-29T09:25:21","guid":{"rendered":"https:\/\/havamall.com\/?post_type=product&#038;p=23131"},"modified":"2022-10-04T17:09:13","modified_gmt":"2022-10-04T10:09:13","slug":"ca-phe-rang-xay-da-sar-alambe-roast-amp-ground-coffee","status":"publish","type":"product","link":"https:\/\/havamall.com\/en\/shop\/ca-phe-rang-xay-da-sar-alambe-roast-amp-ground-coffee\/","title":{"rendered":"C\u00e0 Ph\u00ea Rang Xay \u0110\u1ea1 Sar Alamb\u00e9 &#8211; Roast &amp; Ground Coffee"},"content":{"rendered":"<p>Th\u00e1ng 12 n\u0103m 2018 th\u01b0\u01a1ng hi\u1ec7u c\u00e0 ph\u00ea\u00a0ALAMB\u00c9 \u2013\u00a0FINEST VIETNAMESE COFFEE\u00a0\u0111\u01b0\u1ee3c ra \u0111\u1eddi. Th\u01b0\u01a1ng hi\u1ec7u\u00a0ALAMB\u00c9\u00a0th\u1ec3 hi\u1ec7n chuy\u00ean m\u00f4n v\u1ec1 c\u00e0 ph\u00ea c\u1ee7a \u00f4ng Alex Gruber, b\u00ed quy\u1ebft rang xay k\u1ef3 di\u1ec7u c\u1ee7a \u00f4ng Hi\u1ec7p Ph\u1ea1m v\u00e0 con m\u1eaft ngh\u1ec7 thu\u1eadt c\u1ee7a Bernadette Gruber. C\u00f4ng ty ch\u00ednh th\u1ee9c b\u1eaft \u0111\u1ea7u ho\u1ea1t \u0111\u1ed9ng t\u1ea1i nh\u00e0 m\u00e1y m\u1edbi \u1edf qu\u1eadn Th\u1ee7 \u0110\u1ee9c, th\u00e0nh ph\u1ed1 H\u1ed3 Ch\u00ed Minh v\u00e0o th\u00e1ng 7 n\u0103m 2019.<\/p>\n<p>ALAMB\u00c9\u00a0mong mu\u1ed1n mang \u0111\u1ebfn cho kh\u00e1ch h\u00e0ng nh\u1eefng ly c\u00e0 ph\u00ea Vi\u1ec7t Nam h\u1ea3o h\u1ea1ng nh\u1ea5t, c\u00f9ng v\u1edbi s\u1ef1 h\u1ee3p t\u00e1c l\u00e2u d\u00e0i c\u00f9ng c\u00e1c nh\u00e0 cung c\u1ea5p c\u1ee7a ch\u00fang t\u00f4i theo h\u01b0\u1edbng canh t\u00e1c c\u00f3 tr\u00e1ch nhi\u1ec7m, b\u1ec1n v\u1eefng v\u00e0 th\u00e2n thi\u1ec7n v\u1edbi m\u00f4i tr\u01b0\u1eddng.<\/p>\n<p><img fetchpriority=\"high\" decoding=\"async\" class=\"wp-image-23108 aligncenter\" src=\"https:\/\/havamall.com\/wp-content\/uploads\/2021\/10\/c\u00e0-ph\u00ea-xay-s\u00e0i-g\u00f2n-300x80.png\" alt=\"\" width=\"750\" height=\"200\" \/><\/p>\n<p>C\u00e0 ph\u00ea \u0111\u1eb7c s\u1ea3n \u0110\u1ea1 Sar &#8211; C\u00e0 ph\u00ea \u0111\u1eb7c s\u1ea3n Arabica Typica \u0111\u01b0\u1ee3c tr\u1ed3ng \u1edf m\u1ed9t l\u00e0ng d\u00e2n t\u1ed9c thi\u1ec3u s\u1ed1 t\u00ean l\u00e0 \u0110\u1ea1 Sar thu\u1ed9c th\u00e0nh ph\u1ed1 \u0110\u00e0 L\u1ea1t &#8211; l\u00e0 n\u01a1i c\u00f3 s\u1ef1 k\u1ebft h\u1ee3p l\u00fd t\u01b0\u1edfng gi\u1eefa kh\u00ed h\u1eadu \u00f4n h\u00f2a ho\u00e0n h\u1ea3o v\u00e0 \u0111\u1ea5t n\u00fai l\u1eeda c\u1ed5 gi\u00e0u kho\u00e1ng ch\u1ea5t. C\u00e0 ph\u00ea \u0110\u1ea1 Sar c\u1ee7a\u00a0ALAMB\u00c9 \u0111\u01b0\u1ee3c m\u1ec7nh danh l\u00e0 c\u00e0 ph\u00ea ho\u00e0ng gia b\u1edfi s\u1ef1 qu\u00fd hi\u1ebfm v\u00e0 h\u01b0\u01a1ng th\u01a1m \u0111\u1ed9c \u0111\u00e1o. H\u01b0\u01a1ng v\u1ecb c\u1ee7a Typica ch\u1eafc ch\u1eafn kh\u00e1c v\u1edbi c\u00e1c lo\u1ea1i th\u00f4ng th\u01b0\u1eddng b\u1edfi m\u00f9i h\u01b0\u01a1ng ng\u00e2y ng\u1ea5t v\u00e0 c\u1ef1c k\u1ef3 sang tr\u1ecdng. S\u1ea3n ph\u1ea9m ph\u00f9 h\u1ee3p cho kh\u00e1ch h\u00e0ng th\u00edch gu c\u00e0 ph\u00ea v\u1edbi phong c\u00e1ch pha \u0111\u1ed9c \u0111\u00e1o nh\u01b0 l\u00e0: Pour Over, French Press&#8230;<\/p>\n<p><img decoding=\"async\" class=\"wp-image-23137 aligncenter\" src=\"https:\/\/havamall.com\/wp-content\/uploads\/2021\/10\/17100392-300x300.png\" alt=\"\" width=\"753\" height=\"753\" \/><\/p>\n<p>ALAMB\u00c9 \u0110\u1ea1 Sar &#8211; C\u00e0 ph\u00ea \u0111\u1eb7c s\u1ea3n Arabica Typica d\u00e0nh cho bh\u1eefng ng\u01b0\u1eddi s\u00e0nh c\u00e0 ph\u00ea y\u00eau th\u00edch h\u1eadu v\u1ecb \u0111\u1ed9c \u0111\u00e1o c\u1ee7a t\u00e1ch c\u00e0 ph\u00ea ng\u1ecdt ng\u00e0o, \u00eam d\u1ecbu, c\u0103ng \u0111\u1ea7y axit v\u00e0 m\u1ed9t ch\u00fat h\u01b0\u01a1ng cam qu\u00fdt.<\/p>\n<p>M\u1ed9t t\u00e1ch c\u00e0 ph\u00ea th\u01a1m ng\u00e0o ng\u1ea1t, ph\u1ea3ng ph\u1ea5t l\u00e0 m\u00f3n qu\u00e0 t\u1ef1 th\u01b0\u1edfng tuy\u1ec7t v\u1eddi nh\u1ea5t cho nh\u1eefng ai m\u00ea \u0111\u1eafm tinh ch\u1ea5t nguy\u00ean b\u1ea3n nh\u1ea5t c\u1ee7a c\u00e0 ph\u00ea. T\u1eebng h\u1ea1t c\u00e0 ph\u00ea t\u1ea1i\u00a0ALAMB\u00c9 \u2013\u00a0Finest Vietnamese Coffee\u00a0\u0111\u1ec1u ph\u1ea3i v\u01b0\u1ee3t qua nh\u1eefng \u201cth\u1eed th\u00e1ch\u201d ch\u1eb7t ch\u1ebd v\u1ec1 ch\u1ea5t l\u01b0\u1ee3ng gieo tr\u1ed3ng, vun d\u01b0\u1ee1ng \u0111\u1ec3 ch\u1eaft l\u1ecdc ra nh\u1eefng gi\u1ecdt c\u00e0 ph\u00ea tinh ch\u1ea5t v\u00e0 nguy\u00ean b\u1ea3n nh\u1ea5t.<\/p>\n<p><img decoding=\"async\" class=\"wp-image-23140 aligncenter\" src=\"https:\/\/havamall.com\/wp-content\/uploads\/2021\/10\/187558573-300x300.png\" alt=\"\" width=\"752\" height=\"752\" \/><\/p>\n<p>C\u00e0 ph\u00ea rang xay \u0110\u1ea1 Sar ALAMB\u00c9 l\u00e0 t\u00e1i t\u1ea1o h\u01b0\u01a1ng v\u1ecb th\u1ef1c s\u1ef1 \u0111\u1ed9c \u0111\u00e1o c\u1ee7a c\u00e0 ph\u00ea theo phong c\u00e1ch Vi\u1ec7t Nam. S\u1ea3n ph\u1ea9m kh\u00f4ng b\u1ea5t k\u1ef3 ch\u1ea5t ph\u1ee5 gia n\u00e0o, \u0111\u1ec3 ch\u1ea5t l\u01b0\u1ee3ng c\u1ee7a c\u00e0 ph\u00ea \u0111\u01b0\u1ee3c th\u1ec3 hi\u1ec7n t\u1ed1t nh\u1ea5t. S\u1eed d\u1ee5ng phin c\u00e0 ph\u00ea, th\u00eam v\u00e0i vi\u00ean \u0111\u00e1 v\u00e0 m\u1ed9t ch\u00fat s\u1eefa \u0111\u1eb7c, ly c\u00e0 ph\u00ea ALAMB\u00c9 ch\u1eafc ch\u1eafn s\u1ebd m\u00ea ho\u1eb7c \u0111\u01b0\u1ee3c m\u1ecdi v\u1ecb gi\u00e1c.<\/p>\n<p><img loading=\"lazy\" decoding=\"async\" class=\"wp-image-23142 aligncenter\" src=\"https:\/\/havamall.com\/wp-content\/uploads\/2021\/10\/s\u00e0i-g\u00f2n-1-300x300.png\" alt=\"\" width=\"754\" height=\"755\" \/><\/p>\n<h3><strong>H\u01b0\u1edbng d\u1eabn pha ch\u1ebf:<\/strong><\/h3>\n<h5><strong><em>Pha c\u00e0 ph\u00ea Pour Over:<\/em><\/strong><\/h5>\n<p>&#8211; G\u1ea5p gi\u1ea5y l\u1ecdc v\u00e0 l\u00e0m \u1ea9m tr\u01b0\u1edbc b\u1eb1ng c\u00e1ch \u0111\u1ed5 m\u1ed9t l\u01b0\u1ee3ng n\u01b0\u1edbc n\u00f3ng kho\u1ea3ng 98\u00b0C xoay \u0111\u1ec1u tr\u00ean ph\u1ea7n gi\u1ea5y l\u1ecdc.<\/p>\n<p>&#8211; \u200bS\u1eed d\u1ee5ng 5 \u0111\u1ebfn 7 mu\u1ed7ng b\u1ed9t c\u00e0 ph\u00ea (kho\u1ea3ng 10 gram cho 100ml n\u01b0\u1edbc).\u200b<\/p>\n<p>&#8211; \u200b\u0110\u1ea7u ti\u00ean \u0111\u1ed5 m\u1ed9t \u00edt n\u01b0\u1edbc nh\u1eb1m cho b\u1ed9t c\u00e0 ph\u00ea \u0111\u01b0\u1ee3c ng\u1ea5m \u0111\u1ec1u.<\/p>\n<p>\u200b- Ch\u1edd cho c\u00e0 ph\u00ea n\u1edf, tho\u00e1t h\u1ebft kh\u00ed CO2, sau \u0111\u00f3 l\u1ea1i ti\u1ebfp t\u1ee5c ch\u1ebf n\u01b0\u1edbc th\u00eam v\u00e0o.<\/p>\n<p><img loading=\"lazy\" decoding=\"async\" class=\"wp-image-23141 aligncenter\" src=\"https:\/\/havamall.com\/wp-content\/uploads\/2021\/10\/\u0111\u1ea1-sar-300x300.png\" alt=\"\" width=\"753\" height=\"754\" \/><\/p>\n<h5><strong><em>Pha c\u00e0 ph\u00ea Cappuccino:<\/em><\/strong><\/h5>\n<p>&#8211; S\u1eed d\u1ee5ng 3 \u0111\u1ebfn 4 mu\u1ed7ng c\u00e0 ph\u00ea xay \u0111\u1ed5 \u0111\u1ea7y portafilter.<\/p>\n<p>&#8211; N\u00e9n c\u00e0 ph\u00ea b\u00ean trong portafilter v\u00e0 \u0111\u01b0a v\u00e0o m\u00e1y.<\/p>\n<p>&#8211; \u0110\u1ec3 n\u01b0\u1edbc n\u00f3ng trong m\u00e1y ch\u1ea3y qua. \u0110\u1ed1i v\u1edbi Espresso, c\u00e0 ph\u00ea s\u1ebd chi\u1ebft xu\u1ea5t theo th\u1eddi gian nh\u1ea5t \u0111\u1ecbnh. N\u1ebfu mu\u1ed1n c\u00f3 m\u1ed9t ly Lungo, b\u1ea1n h\u00e3y ch\u1edd th\u00eam m\u1ed9t ch\u00fat cho c\u00e0 ph\u00ea chi\u1ebft xu\u1ea5t nhi\u1ec1u h\u01a1n.<\/p>\n<p>&#8211; C\u00e2n b\u1eb1ng l\u01b0\u1ee3ng s\u1eefa v\u00e0 l\u1edbp foam v\u00e0o h\u1ed7n h\u1ee3p espresso.<\/p>\n<p>&#8211; Th\u00eam m\u1ed9t ch\u00fat b\u1ed9t cacao ho\u1eb7c b\u1ed9t qu\u1ebf tr\u00ean m\u1eb7t foam (n\u1ebfu th\u00edch).<\/p>\n<p><img loading=\"lazy\" decoding=\"async\" class=\"wp-image-23143 aligncenter\" src=\"https:\/\/havamall.com\/wp-content\/uploads\/2021\/10\/capuchino-1-1-300x300.png\" alt=\"\" width=\"770\" height=\"770\" \/><\/p>\n<h5><strong><em>Pha c\u00e0 ph\u00ea French Press:<\/em><\/strong><\/h5>\n<p>&#8211; Cho v\u00e0o b\u00ecnh 7 mu\u1ed7ng c\u00e0 ph\u00ea, \u0111\u1ed5 m\u1ed9t \u00edt n\u01b0\u1edbc \u0111\u1ec3 ng\u1ea5m c\u00e0 ph\u00ea.<\/p>\n<p>\u200b- S\u1eed d\u1ee5ng n\u01b0\u1edbc s\u00f4i v\u00e0 \u0111\u1ec3 ngu\u1ed9i kho\u1ea3ng 1 ph\u00fat sau \u0111\u00f3 ti\u1ebfp t\u1ee5c \u0111\u1ed5 n\u01b0\u1edbc v\u00e0o b\u00ecnh \u0111\u1ec3 c\u00f3 \u0111\u01b0\u1ee3c ly c\u00e0 ph\u00ea ki\u1ec3u Ph\u00e1p.<\/p>\n<p>&#8211; \u200b\u0110\u00f3ng n\u1eafp (v\u1edbi p\u00edt t\u00f4ng tr\u00ean m\u1eb7t n\u01b0\u1edbc) v\u00e0 \u0111\u1ee3i kho\u1ea3ng 4 ph\u00fat.<\/p>\n<p>&#8211; \u200bNh\u1eb9 nh\u00e0ng \u1ea5n \u0111\u1ec1u p\u00edt t\u00f4ng xu\u1ed1ng d\u01b0\u1edbi.<\/p>\n<p><img loading=\"lazy\" decoding=\"async\" class=\"wp-image-23126 aligncenter\" src=\"https:\/\/havamall.com\/wp-content\/uploads\/2021\/10\/GettyImages-300x200.png\" alt=\"\" width=\"754\" height=\"502\" \/><\/p>\n<h3><strong>Th\u00f4ng tin s\u1ea3n ph\u1ea9m:<\/strong><\/h3>\n<p>&gt; Th\u00e0nh ph\u1ea7n: 100% Arabica Var. Typica.<\/p>\n<p>&gt; H\u01b0\u01a1ng v\u1ecb: \u0110\u1eafng nh\u1eb9, chua thanh l\u00e0m g\u1ee3i nh\u1edb \u0111\u1ebfn h\u01b0\u01a1ng th\u01a1m c\u1ee7a hoa cam qu\u00fdt k\u00e8m\u00a0h\u1eadu v\u1ecb ng\u1ecdt.<\/p>","protected":false},"excerpt":{"rendered":"<p>Th\u00e1ng 12 n\u0103m 2018 th\u01b0\u01a1ng hi\u1ec7u c\u00e0 ph\u00ea\u00a0ALAMB\u00c9 \u2013\u00a0FINEST VIETNAMESE COFFEE\u00a0\u0111\u01b0\u1ee3c ra \u0111\u1eddi. Th\u01b0\u01a1ng hi\u1ec7u\u00a0ALAMB\u00c9\u00a0th\u1ec3 hi\u1ec7n chuy\u00ean m\u00f4n v\u1ec1 c\u00e0<\/p>","protected":false},"featured_media":23144,"comment_status":"open","ping_status":"closed","template":"","meta":[],"product_brand":[],"product_cat":[135,36],"product_tag":[],"class_list":{"0":"post-23131","1":"product","2":"type-product","3":"status-publish","4":"has-post-thumbnail","6":"product_cat-sua-do-uong","7":"product_cat-thuc-pham-tieu-dung","8":"pa_brand-alambe","10":"first","11":"outofstock","12":"sale","13":"shipping-taxable","14":"purchasable","15":"product-type-variable"},"_links":{"self":[{"href":"https:\/\/havamall.com\/en\/wp-json\/wp\/v2\/product\/23131","targetHints":{"allow":["GET"]}}],"collection":[{"href":"https:\/\/havamall.com\/en\/wp-json\/wp\/v2\/product"}],"about":[{"href":"https:\/\/havamall.com\/en\/wp-json\/wp\/v2\/types\/product"}],"replies":[{"embeddable":true,"href":"https:\/\/havamall.com\/en\/wp-json\/wp\/v2\/comments?post=23131"}],"version-history":[{"count":0,"href":"https:\/\/havamall.com\/en\/wp-json\/wp\/v2\/product\/23131\/revisions"}],"wp:featuredmedia":[{"embeddable":true,"href":"https:\/\/havamall.com\/en\/wp-json\/wp\/v2\/media\/23144"}],"wp:attachment":[{"href":"https:\/\/havamall.com\/en\/wp-json\/wp\/v2\/media?parent=23131"}],"wp:term":[{"taxonomy":"product_brand","embeddable":true,"href":"https:\/\/havamall.com\/en\/wp-json\/wp\/v2\/product_brand?post=23131"},{"taxonomy":"product_cat","embeddable":true,"href":"https:\/\/havamall.com\/en\/wp-json\/wp\/v2\/product_cat?post=23131"},{"taxonomy":"product_tag","embeddable":true,"href":"https:\/\/havamall.com\/en\/wp-json\/wp\/v2\/product_tag?post=23131"}],"curies":[{"name":"wp","href":"https:\/\/api.w.org\/{rel}","templated":true}]}}