{"id":23162,"date":"2021-10-29T17:22:04","date_gmt":"2021-10-29T10:22:04","guid":{"rendered":"https:\/\/havamall.com\/?post_type=product&#038;p=23162"},"modified":"2022-10-04T17:08:51","modified_gmt":"2022-10-04T10:08:51","slug":"ca-phe-rang-xay-da-lat-alambe-roast-amp-ground-coffee","status":"publish","type":"product","link":"https:\/\/havamall.com\/en\/shop\/ca-phe-rang-xay-da-lat-alambe-roast-amp-ground-coffee\/","title":{"rendered":"C\u00e0 Ph\u00ea Rang Xay \u0110\u00e0 L\u1ea1t Alamb\u00e9 \u2013 Roast &amp; Ground Coffee"},"content":{"rendered":"<p>Th\u00e1ng 12 n\u0103m 2018 th\u01b0\u01a1ng hi\u1ec7u c\u00e0 ph\u00ea\u00a0ALAMB\u00c9 \u2013\u00a0FINEST VIETNAMESE COFFEE\u00a0\u0111\u01b0\u1ee3c ra \u0111\u1eddi. Th\u01b0\u01a1ng hi\u1ec7u\u00a0ALAMB\u00c9\u00a0th\u1ec3 hi\u1ec7n chuy\u00ean m\u00f4n v\u1ec1 c\u00e0 ph\u00ea c\u1ee7a \u00f4ng Alex Gruber, b\u00ed quy\u1ebft rang xay k\u1ef3 di\u1ec7u c\u1ee7a \u00f4ng Hi\u1ec7p Ph\u1ea1m v\u00e0 con m\u1eaft ngh\u1ec7 thu\u1eadt c\u1ee7a Bernadette Gruber. C\u00f4ng ty ch\u00ednh th\u1ee9c b\u1eaft \u0111\u1ea7u ho\u1ea1t \u0111\u1ed9ng t\u1ea1i nh\u00e0 m\u00e1y m\u1edbi \u1edf qu\u1eadn Th\u1ee7 \u0110\u1ee9c, th\u00e0nh ph\u1ed1 H\u1ed3 Ch\u00ed Minh v\u00e0o th\u00e1ng 7 n\u0103m 2019.<\/p>\n<p>ALAMB\u00c9\u00a0mong mu\u1ed1n mang \u0111\u1ebfn cho kh\u00e1ch h\u00e0ng nh\u1eefng ly c\u00e0 ph\u00ea Vi\u1ec7t Nam h\u1ea3o h\u1ea1ng nh\u1ea5t, c\u00f9ng v\u1edbi s\u1ef1 h\u1ee3p t\u00e1c l\u00e2u d\u00e0i c\u00f9ng c\u00e1c nh\u00e0 cung c\u1ea5p c\u1ee7a ch\u00fang t\u00f4i theo h\u01b0\u1edbng canh t\u00e1c c\u00f3 tr\u00e1ch nhi\u1ec7m, b\u1ec1n v\u1eefng v\u00e0 th\u00e2n thi\u1ec7n v\u1edbi m\u00f4i tr\u01b0\u1eddng.<\/p>\n<p><img fetchpriority=\"high\" decoding=\"async\" class=\"wp-image-23108 aligncenter\" src=\"https:\/\/havamall.com\/wp-content\/uploads\/2021\/10\/c\u00e0-ph\u00ea-xay-s\u00e0i-g\u00f2n-300x80.png\" alt=\"\" width=\"754\" height=\"201\" \/><\/p>\n<p>C\u00e0 ph\u00ea rang xay \u0110\u00e0 L\u1ea1t ALAMB\u00c9 \u0111\u01b0\u1ee3c l\u00e0m t\u1eeb h\u1ea1t c\u00e0 ph\u00ea Arabica Var. Bourbon thu\u1ed9c lo\u1ea1i c\u00e0 ph\u00ea qu\u00fd hi\u1ebfm v\u00e0 ng\u00e0y nay n\u00f3 g\u1ea7n nh\u01b0 bi\u1ebfn m\u1ea5t kh\u1ecfi Vi\u1ec7t Nam. Nh\u1edd n\u1ed7 l\u1ef1c kh\u00f4ng ng\u1eebng h\u01a1n 15 n\u0103m gi\u1eefa ng\u01b0\u1eddi n\u00f4ng d\u00e2n, nh\u00e0 ch\u1ebf bi\u1ebfn v\u00e0 ch\u00ednh nh\u00e0 s\u00e1ng l\u1eadp c\u1ee7a\u00a0ALAMB\u00c9, hi\u1ec7n nay \u0111\u00e3 c\u00f3 m\u1ed9t s\u1ed1 trang tr\u1ea1i ch\u1ecdn l\u1ecdc v\u1eabn tr\u1ed3ng lo\u1ea1i c\u00e0 ph\u00ea \u0111\u1eb7c s\u1ea3n n\u00e0y quanh th\u00e0nh ph\u1ed1 \u0110\u00e0 L\u1ea1t.<\/p>\n<p><img decoding=\"async\" class=\"wp-image-23163 aligncenter\" src=\"https:\/\/havamall.com\/wp-content\/uploads\/2021\/10\/228810982-300x300.png\" alt=\"\" width=\"755\" height=\"755\" \/><\/p>\n<p>C\u00e0 ph\u00ea \u0110\u00e0 L\u1ea1t c\u1ee7a\u00a0ALAMB\u00c9\u00a0\u0111\u01b0\u1ee3c rang v\u1edbi t\u00ecnh y\u00eau th\u01b0\u01a1ng b\u1edfi nh\u1eefng ngh\u1ec7 nh\u00e2n &#8211; ng\u01b0\u1eddi \u0111\u00e3 th\u1ec3 hi\u1ec7n m\u1ed9t c\u00e1ch r\u00f5 n\u00e9t h\u01b0\u01a1ng th\u01a1m vi di\u1ec7u &amp; tinh t\u1ebf c\u1ee7a n\u00f3. H\u00e3y th\u01b0\u1edfng th\u1ee9c s\u1ef1 phong ph\u00fa trong h\u01b0\u01a1ng v\u1ecb ph\u1ee9c h\u1ee3p v\u1edbi m\u00f9i c\u1ee7a hoa cam. \u0110\u1ed9 axit c\u00e2n b\u1eb1ng \u0111\u1ed9c \u0111\u00e1o \u0111\u01b0\u1ee3c h\u1ed7 tr\u1ee3 b\u1edfi body m\u1ec1m m\u1ea1i &#8211; m\u1ed9t vi\u00ean ng\u1ecdc th\u1ef1c s\u1ef1! S\u1ea3n ph\u1ea9m ph\u00f9 h\u1ee3p cho kh\u00e1ch h\u00e0ng th\u00edch gu c\u00e0 ph\u00ea v\u1edbi phong c\u00e1ch pha \u0111\u1ed9c \u0111\u00e1o l\u00e0 Pour Over, ho\u1eb7c ch\u1ec9 \u0111\u01a1n gi\u1ea3n l\u00e0 French Press.<\/p>\n<p><img decoding=\"async\" class=\"wp-image-23164 aligncenter\" src=\"https:\/\/havamall.com\/wp-content\/uploads\/2021\/10\/16953827-300x300.png\" alt=\"\" width=\"754\" height=\"754\" \/><\/p>\n<p>Gi\u1ed1ng Arabica Bourbon l\u1ea7n \u0111\u1ea7u ti\u00ean \u0111\u01b0\u1ee3c s\u1ea3n xu\u1ea5t \u1edf \u00cele de la R\u00e9union, c\u00f2n \u0111\u01b0\u1ee3c g\u1ecdi l\u00e0 \u00cele Bourbonand, sau \u0111\u00f3 \u0111\u01b0\u1ee3c \u0111\u01b0a v\u1ec1 v\u00f9ng cao nguy\u00ean L\u00e2m \u0110\u1ed3ng c\u00e1ch \u0111\u00e2y kho\u1ea3ng 100 n\u0103m v\u00e0 tr\u1ed3ng trong c\u00e1c khu v\u01b0\u1eddn c\u1ee7a th\u00e0nh ph\u1ed1 \u0110\u00e0 L\u1ea1t. Kh\u00e1m ph\u00e1 lo\u1ea1i c\u00e0 ph\u00ea \u0111\u1eb7c s\u1ea3n\u00a0ALAMB\u00c9 \u0110\u00e0 L\u1ea1t c\u00f3 v\u1ecb m\u1ec1m m\u01b0\u1ee3t nh\u01b0 nhung, th\u00eam nhi\u1ec1u lo\u1ea1i h\u01b0\u01a1ng li\u1ec7u cam qu\u00fdt hay hoa cam ph\u1ea3ng ph\u1ea5t, t\u1ea5t c\u1ea3 \u0111\u01b0\u1ee3c k\u1ebft h\u1ee3p th\u00e0nh m\u1ed9t c\u1ea5u tr\u00fac axit ph\u1ee9c h\u1ee3p tinh t\u1ebf. C\u00e0 ph\u00ea Arabica Bourbon c\u00f3 body m\u1ea1nh v\u1edbi m\u1ed9t n\u1ed1t h\u01b0\u01a1ng ng\u1ecdt ng\u00e0o nh\u00e0n nh\u1eb9, gi\u1ed1ng nh\u01b0 m\u1eadn ch\u00edn.<\/p>\n<p><img loading=\"lazy\" decoding=\"async\" class=\"wp-image-23165 aligncenter\" src=\"https:\/\/havamall.com\/wp-content\/uploads\/2021\/10\/s\u00e0i-g\u00f2n-4-300x300.png\" alt=\"\" width=\"760\" height=\"761\" \/><\/p>\n<h3><strong>H\u01b0\u1edbng d\u1eabn pha ch\u1ebf:<\/strong><\/h3>\n<h5><strong><em>Pha c\u00e0 ph\u00ea Pour Over:<\/em><\/strong><\/h5>\n<p>&#8211; G\u1ea5p gi\u1ea5y l\u1ecdc v\u00e0 l\u00e0m \u1ea9m tr\u01b0\u1edbc b\u1eb1ng c\u00e1ch \u0111\u1ed5 m\u1ed9t l\u01b0\u1ee3ng n\u01b0\u1edbc n\u00f3ng kho\u1ea3ng 98\u00b0C xoay \u0111\u1ec1u tr\u00ean ph\u1ea7n gi\u1ea5y l\u1ecdc.<\/p>\n<p>&#8211; \u200bS\u1eed d\u1ee5ng 5 \u0111\u1ebfn 7 mu\u1ed7ng b\u1ed9t c\u00e0 ph\u00ea (kho\u1ea3ng 10 gram cho 100ml n\u01b0\u1edbc).\u200b<\/p>\n<p>&#8211; \u200b\u0110\u1ea7u ti\u00ean \u0111\u1ed5 m\u1ed9t \u00edt n\u01b0\u1edbc nh\u1eb1m cho b\u1ed9t c\u00e0 ph\u00ea \u0111\u01b0\u1ee3c ng\u1ea5m \u0111\u1ec1u.<\/p>\n<p>\u200b- Ch\u1edd cho c\u00e0 ph\u00ea n\u1edf, tho\u00e1t h\u1ebft kh\u00ed CO2, sau \u0111\u00f3 l\u1ea1i ti\u1ebfp t\u1ee5c ch\u1ebf n\u01b0\u1edbc th\u00eam v\u00e0o.<\/p>\n<p><img loading=\"lazy\" decoding=\"async\" class=\"wp-image-23141 aligncenter\" src=\"https:\/\/havamall.com\/wp-content\/uploads\/2021\/10\/\u0111\u1ea1-sar-300x300.png\" alt=\"\" width=\"753\" height=\"754\" \/><\/p>\n<h5><strong><em>Pha c\u00e0 ph\u00ea French Press:<\/em><\/strong><\/h5>\n<p>&#8211; Cho v\u00e0o b\u00ecnh 7 mu\u1ed7ng c\u00e0 ph\u00ea, \u0111\u1ed5 m\u1ed9t \u00edt n\u01b0\u1edbc \u0111\u1ec3 ng\u1ea5m c\u00e0 ph\u00ea.<\/p>\n<p>\u200b- S\u1eed d\u1ee5ng n\u01b0\u1edbc s\u00f4i v\u00e0 \u0111\u1ec3 ngu\u1ed9i kho\u1ea3ng 1 ph\u00fat sau \u0111\u00f3 ti\u1ebfp t\u1ee5c \u0111\u1ed5 n\u01b0\u1edbc v\u00e0o b\u00ecnh \u0111\u1ec3 c\u00f3 \u0111\u01b0\u1ee3c ly c\u00e0 ph\u00ea ki\u1ec3u Ph\u00e1p.<\/p>\n<p>&#8211; \u200b\u0110\u00f3ng n\u1eafp (v\u1edbi p\u00edt t\u00f4ng tr\u00ean m\u1eb7t n\u01b0\u1edbc) v\u00e0 \u0111\u1ee3i kho\u1ea3ng 4 ph\u00fat.<\/p>\n<p>&#8211; \u200bNh\u1eb9 nh\u00e0ng \u1ea5n \u0111\u1ec1u p\u00edt t\u00f4ng xu\u1ed1ng d\u01b0\u1edbi.<\/p>\n<p><img loading=\"lazy\" decoding=\"async\" class=\"wp-image-23126 aligncenter\" src=\"https:\/\/havamall.com\/wp-content\/uploads\/2021\/10\/GettyImages-300x200.png\" alt=\"\" width=\"754\" height=\"502\" \/><\/p>\n<h3><strong>Th\u00f4ng tin s\u1ea3n ph\u1ea9m:<\/strong><\/h3>\n<p>&gt; Th\u00e0nh ph\u1ea7n: 100% Arabica Var. Bourbon.<\/p>\n<p>&gt; H\u01b0\u01a1ng v\u1ecb: S\u1ef1 ph\u1ee9c h\u1ee3p c\u1ee7a v\u1ecb chua tinh t\u1ebf v\u1edbi h\u01b0\u01a1ng th\u01a1m c\u1ee7a hoa cam \u0111i k\u00e8m h\u01b0\u01a1ng tr\u00e1i c\u00e2y ch\u00edn h\u1ea3o h\u1ea1ng.<\/p>\n<p>S\u1ea3n ph\u1ea9m hi\u1ec7n \u0111\u00e3 c\u00f3 m\u1eb7t t\u1ea1i Havamall.<\/p>","protected":false},"excerpt":{"rendered":"<p>Th\u00e1ng 12 n\u0103m 2018 th\u01b0\u01a1ng hi\u1ec7u c\u00e0 ph\u00ea\u00a0ALAMB\u00c9 \u2013\u00a0FINEST VIETNAMESE COFFEE\u00a0\u0111\u01b0\u1ee3c ra \u0111\u1eddi. Th\u01b0\u01a1ng hi\u1ec7u\u00a0ALAMB\u00c9\u00a0th\u1ec3 hi\u1ec7n chuy\u00ean m\u00f4n v\u1ec1 c\u00e0<\/p>","protected":false},"featured_media":23166,"comment_status":"open","ping_status":"closed","template":"","meta":[],"product_brand":[],"product_cat":[135,36],"product_tag":[],"class_list":{"0":"post-23162","1":"product","2":"type-product","3":"status-publish","4":"has-post-thumbnail","6":"product_cat-sua-do-uong","7":"product_cat-thuc-pham-tieu-dung","8":"pa_brand-alambe","10":"first","11":"outofstock","12":"sale","13":"shipping-taxable","14":"purchasable","15":"product-type-variable"},"_links":{"self":[{"href":"https:\/\/havamall.com\/en\/wp-json\/wp\/v2\/product\/23162","targetHints":{"allow":["GET"]}}],"collection":[{"href":"https:\/\/havamall.com\/en\/wp-json\/wp\/v2\/product"}],"about":[{"href":"https:\/\/havamall.com\/en\/wp-json\/wp\/v2\/types\/product"}],"replies":[{"embeddable":true,"href":"https:\/\/havamall.com\/en\/wp-json\/wp\/v2\/comments?post=23162"}],"version-history":[{"count":0,"href":"https:\/\/havamall.com\/en\/wp-json\/wp\/v2\/product\/23162\/revisions"}],"wp:featuredmedia":[{"embeddable":true,"href":"https:\/\/havamall.com\/en\/wp-json\/wp\/v2\/media\/23166"}],"wp:attachment":[{"href":"https:\/\/havamall.com\/en\/wp-json\/wp\/v2\/media?parent=23162"}],"wp:term":[{"taxonomy":"product_brand","embeddable":true,"href":"https:\/\/havamall.com\/en\/wp-json\/wp\/v2\/product_brand?post=23162"},{"taxonomy":"product_cat","embeddable":true,"href":"https:\/\/havamall.com\/en\/wp-json\/wp\/v2\/product_cat?post=23162"},{"taxonomy":"product_tag","embeddable":true,"href":"https:\/\/havamall.com\/en\/wp-json\/wp\/v2\/product_tag?post=23162"}],"curies":[{"name":"wp","href":"https:\/\/api.w.org\/{rel}","templated":true}]}}