{"id":23255,"date":"2021-11-03T13:50:32","date_gmt":"2021-11-03T06:50:32","guid":{"rendered":"https:\/\/havamall.com\/?post_type=product&#038;p=23255"},"modified":"2022-10-04T17:06:12","modified_gmt":"2022-10-04T10:06:12","slug":"ca-phe-nguyen-hat-dak-lak-alambe-whole-beans","status":"publish","type":"product","link":"https:\/\/havamall.com\/en\/shop\/ca-phe-nguyen-hat-dak-lak-alambe-whole-beans\/","title":{"rendered":"C\u00e0 Ph\u00ea Nguy\u00ean H\u1ea1t \u0110\u1eafk L\u1eafk Alamb\u00e9 \u2013 Whole Beans"},"content":{"rendered":"<h3><strong>TH\u00d4NG TIN S\u1ea2N PH\u1ea8M<\/strong><\/h3>\n<table>\n<tbody>\n<tr>\n<td><span style=\"font-weight: 400\">Th\u01b0\u01a1ng hi\u1ec7u<\/span><\/td>\n<td><span style=\"font-weight: 400\">Alamb\u00e9<\/span><\/td>\n<\/tr>\n<tr>\n<td><span style=\"font-weight: 400\">Xu\u1ea5t x\u1ee9<\/span><\/td>\n<td><span style=\"font-weight: 400\">Vi\u1ec7t Nam<\/span><\/td>\n<\/tr>\n<tr>\n<td><span style=\"font-weight: 400\">Th\u00e0nh ph\u1ea7n<\/span><\/td>\n<td><span style=\"font-weight: 400\">100% Robusta.<\/span><\/td>\n<\/tr>\n<tr>\n<td><span style=\"font-weight: 400\">H\u1ea1n s\u1eed d\u1ee5ng<\/span><\/td>\n<td><span style=\"font-weight: 400\">12 th\u00e1ng k\u1ec3 t\u1eeb ng\u00e0y s\u1ea3n xu\u1ea5t.<\/span><\/td>\n<\/tr>\n<tr>\n<td><span style=\"font-weight: 400\">B\u1ea3o qu\u1ea3n<\/span><\/td>\n<td><span style=\"font-weight: 400\">\u0110\u1ec3 n\u01a1i kh\u00f4 r\u00e1o, tho\u00e1ng m\u00e1t, tr\u00e1nh \u00e1nh n\u1eafng tr\u1ef1c ti\u1ebfp<\/span><\/td>\n<\/tr>\n<tr>\n<td><span style=\"font-weight: 400\">Kh\u1ed1i l\u01b0\u1ee3ng<\/span><\/td>\n<td><span style=\"font-weight: 400\">230g\/g\u00f3i, 500g\/g\u00f3i<\/span><\/td>\n<\/tr>\n<tr>\n<td><span style=\"font-weight: 400\">H\u01b0\u01a1ng v\u1ecb<\/span><\/td>\n<td><span style=\"font-weight: 400\">\u0110\u1eafng \u0111\u1eadm, s\u00f4c\u00f4la, m\u00f9i thu\u1ed1c l\u00e1 v\u00e0 h\u1eadu v\u1ecb ng\u1ecdt.<\/span><\/td>\n<\/tr>\n<\/tbody>\n<\/table>\n<h3><strong>TH\u00d4NG TIN TH\u01af\u01a0NG HI\u1ec6U<\/strong><\/h3>\n<p>Th\u00e1ng 12 n\u0103m 2018 th\u01b0\u01a1ng hi\u1ec7u c\u00e0 ph\u00ea\u00a0ALAMB\u00c9 \u2013\u00a0FINEST VIETNAMESE COFFEE\u00a0\u0111\u01b0\u1ee3c ra \u0111\u1eddi. Th\u01b0\u01a1ng hi\u1ec7u\u00a0ALAMB\u00c9\u00a0th\u1ec3 hi\u1ec7n chuy\u00ean m\u00f4n v\u1ec1 c\u00e0 ph\u00ea c\u1ee7a \u00f4ng Alex Gruber, b\u00ed quy\u1ebft rang xay k\u1ef3 di\u1ec7u c\u1ee7a \u00f4ng Hi\u1ec7p Ph\u1ea1m v\u00e0 con m\u1eaft ngh\u1ec7 thu\u1eadt c\u1ee7a Bernadette Gruber. C\u00f4ng ty ch\u00ednh th\u1ee9c b\u1eaft \u0111\u1ea7u ho\u1ea1t \u0111\u1ed9ng t\u1ea1i nh\u00e0 m\u00e1y m\u1edbi \u1edf qu\u1eadn Th\u1ee7 \u0110\u1ee9c, th\u00e0nh ph\u1ed1 H\u1ed3 Ch\u00ed Minh v\u00e0o th\u00e1ng 7 n\u0103m 2019.<\/p>\n<p>ALAMB\u00c9\u00a0mong mu\u1ed1n mang \u0111\u1ebfn cho kh\u00e1ch h\u00e0ng nh\u1eefng ly c\u00e0 ph\u00ea Vi\u1ec7t Nam h\u1ea3o h\u1ea1ng nh\u1ea5t, c\u00f9ng v\u1edbi s\u1ef1 h\u1ee3p t\u00e1c l\u00e2u d\u00e0i c\u00f9ng c\u00e1c nh\u00e0 cung c\u1ea5p c\u1ee7a ch\u00fang t\u00f4i theo h\u01b0\u1edbng canh t\u00e1c c\u00f3 tr\u00e1ch nhi\u1ec7m, b\u1ec1n v\u1eefng v\u00e0 th\u00e2n thi\u1ec7n v\u1edbi m\u00f4i tr\u01b0\u1eddng.<\/p>\n<p><img fetchpriority=\"high\" decoding=\"async\" class=\"wp-image-23108 aligncenter\" src=\"https:\/\/havamall.com\/wp-content\/uploads\/2021\/10\/c\u00e0-ph\u00ea-xay-s\u00e0i-g\u00f2n-300x80.png\" alt=\"\" width=\"750\" height=\"200\" \/><\/p>\n<p>Nh\u1eefng h\u1ea1t Robusta qua qu\u00e1 tr\u00ecnh ch\u1ecdn l\u1ecdc t\u1ec9 m\u1ec9 v\u00e0 rang c\u1ea9n th\u1eadn nh\u1eb1m t\u1ea1o ra h\u01b0\u01a1ng v\u1ecb \u0111\u1eadm \u0111\u00e0 cho c\u00e0 ph\u00ea ch\u1ee9a caffeine t\u1ef1 nhi\u00ean xen l\u1eabn m\u00f9i h\u01b0\u01a1ng c\u1ee7a s\u00f4-c\u00f4-la v\u00e0 thu\u1ed1c l\u00e1. C\u00e0 ph\u00ea \u0110\u1eafk L\u1eafk c\u1ee7a\u00a0ALAMB\u00c9\u00a0mang h\u01b0\u01a1ng v\u1ecb n\u1ed5i tr\u1ed9i v\u1edbi v\u1ecb \u0111\u1eadm \u0111\u00e0 m\u1ea1nh m\u1ebd v\u00e0 ph\u00f9 h\u1ee3p v\u1edbi ng\u01b0\u1eddi c\u00f3 gu c\u00e0 ph\u00ea m\u1ea1nh u\u1ed1ng k\u00e8m s\u1eefa \u0111\u1eb7c.<\/p>\n<p><img decoding=\"async\" class=\"aligncenter\" src=\"https:\/\/havamall.com\/wp-content\/uploads\/2021\/11\/61823139e9140_milkcoffee_3_fd52e157d0f04305a8e4a1b2203e088c_grande.png\" width=\"747\" height=\"498\" \/><\/p>\n<p>ALAMB\u00c9\u00a0\u0111\u00e3 m\u1ea5t nhi\u1ec1u n\u0103m \u0111\u1ec3 kh\u00e1m ph\u00e1 ra v\u1ecb tr\u00ed ho\u00e0n h\u1ea3o v\u1edbi \u0111i\u1ec1u ki\u1ec7n vi kh\u00ed h\u1eadu ph\u00f9 h\u1ee3p v\u00e0 m\u1ed9t t\u1eadp th\u1ec3 n\u00f4ng d\u00e2n t\u1eadn t\u00e2m t\u1ef1 h\u00e0o tr\u1ed3ng c\u00e0 ph\u00ea Robusta theo ti\u00eau chu\u1ea9n cao nh\u1ea5t. Tr\u00e1i v\u1edbi suy ngh\u0129 c\u1ee7a nhi\u1ec1u ng\u01b0\u1eddi, c\u00e0 ph\u00ea Robusta kh\u00f4ng ph\u1ea3i l\u00e0 h\u00e0ng k\u00e9m h\u01a1n so v\u1edbi c\u00e0 ph\u00ea Arabica. N\u00f3 c\u00f3 kh\u1ea9u v\u1ecb ho\u00e0n to\u00e0n kh\u00e1c. N\u00f3 ph\u00e1t tri\u1ec3n l\u1edbn h\u01a1n, l\u00e1 to h\u01a1n v\u00e0 cho n\u0103ng su\u1ea5t tr\u00ean m\u1ed9t h\u00e9c-ta cao h\u01a1n Arabica.<\/p>\n<p>S\u1ea3n ph\u1ea9m \u0111\u01b0\u1ee3c rang t\u1eeb t\u1eeb, c\u00e1c h\u1ea1t c\u00e0 ph\u00ea s\u1ebd \u0111\u01b0\u1ee3c t\u0103ng h\u01b0\u01a1ng v\u1ecb \u0111\u1eadm \u0111\u00e0, th\u00e0nh ph\u1ea9m s\u1ebd l\u00e0 m\u1ed9t t\u00e1ch c\u00e0 ph\u00ea ch\u1ee9a \u0111\u1ea7y c\u1ea3m x\u00fac c\u1ed9ng l\u01b0\u1ee3ng caffein t\u1ef1 nhi\u00ean, h\u01b0\u01a1ng v\u1ecb c\u1ee7a s\u00f4c\u00f4la \u0111en v\u00e0 thu\u1ed1c l\u00e1 kh\u00f4.\u00a0ALAMB\u00c9 \u0110\u1eafk L\u1eafk th\u00edch h\u1ee3p cho m\u00f3n c\u00e0 ph\u00ea s\u1eefa n\u00f3ng\/\u0111\u00e1 ho\u1eb7c c\u00e0 ph\u00ea Latte.<\/p>\n<p><img decoding=\"async\" class=\"wp-image-23149 aligncenter\" src=\"https:\/\/havamall.com\/wp-content\/uploads\/2021\/10\/13190-2-300x200.png\" alt=\"\" width=\"751\" height=\"500\" \/><\/p>\n<p>C\u00e0 ph\u00ea rang nguy\u00ean h\u1ea1t \u0110\u1eafk L\u1eafk\u00a0 ALAMB\u00c9 l\u00e0 t\u00e1i t\u1ea1o h\u01b0\u01a1ng v\u1ecb th\u1ef1c s\u1ef1 \u0111\u1ed9c \u0111\u00e1o c\u1ee7a c\u00e0 ph\u00ea theo phong c\u00e1ch Vi\u1ec7t Nam. S\u1ea3n ph\u1ea9m kh\u00f4ng b\u1ea5t k\u1ef3 ch\u1ea5t ph\u1ee5 gia n\u00e0o, \u0111\u1ec3 ch\u1ea5t l\u01b0\u1ee3ng c\u1ee7a c\u00e0 ph\u00ea \u0111\u01b0\u1ee3c th\u1ec3 hi\u1ec7n t\u1ed1t nh\u1ea5t. S\u1eed d\u1ee5ng phin c\u00e0 ph\u00ea, th\u00eam v\u00e0i vi\u00ean \u0111\u00e1 v\u00e0 m\u1ed9t ch\u00fat s\u1eefa \u0111\u1eb7c, ly c\u00e0 ph\u00ea ALAMB\u00c9 ch\u1eafc ch\u1eafn s\u1ebd m\u00ea ho\u1eb7c \u0111\u01b0\u1ee3c m\u1ecdi v\u1ecb gi\u00e1c.<\/p>\n<p><img loading=\"lazy\" decoding=\"async\" class=\"wp-image-23150 aligncenter\" src=\"https:\/\/havamall.com\/wp-content\/uploads\/2021\/10\/19724677-300x300.png\" alt=\"\" width=\"751\" height=\"751\" \/><\/p>\n<h3><strong>H\u01b0\u1edbng d\u1eabn pha ch\u1ebf:<\/strong><\/h3>\n<h5><em><strong>Pha c\u00e0 ph\u00ea s\u1eefa b\u1eb1ng phin:<\/strong><\/em><\/h5>\n<p>&#8211; Cho 4 \u0111\u1ebfn 5 mu\u1ed7ng C\u00e0 ph\u00ea\u00a0ALAMB\u00c9 \u0110\u1eafk L\u1eafk v\u00e0o b\u1ed9 l\u1ecdc v\u00e0 nh\u1eb9 nh\u00e0ng \u0111\u1eb7t mi\u1ebfng ch\u1eb7n kim lo\u1ea1i l\u00ean tr\u00ean.<\/p>\n<p>\u200b- N\u1ebfu b\u1ea1n th\u00edch h\u01b0\u01a1ng v\u1ecb ng\u1ecdt ng\u00e0o h\u01a1n, b\u1ea1n c\u00f3 th\u1ec3 th\u00eam kho\u1ea3ng 20g s\u1eefa \u0111\u1eb7c v\u00e0o ly.\u200b<\/p>\n<p>&#8211; \u200b\u0110\u1ed5 n\u01b0\u1edbc n\u00f3ng l\u00ean tr\u00ean v\u00e0 \u0111\u1ee3i kho\u1ea3ng 5 ph\u00fat \u0111\u1ec3 chi\u1ebft xu\u1ea5t c\u00e0 ph\u00ea nh\u1ecf gi\u1ecdt v\u00e0o ly.\u200b<\/p>\n<p>&#8211; \u200bCho th\u00eam m\u1ed9t \u00edt \u0111\u00e1 \u0111\u1ec3 th\u01b0\u1edfng th\u1ee9c (n\u1ebfu th\u00edch).<\/p>\n<p>\u200b- D\u00f9ng mu\u1ed7ng khu\u1ea5y \u0111\u1ec1u h\u1ed7n h\u1ee3p c\u00e0 ph\u00ea s\u1eefa \u0111\u00e1.<\/p>\n<p><img loading=\"lazy\" decoding=\"async\" class=\"wp-image-23151 aligncenter\" src=\"https:\/\/havamall.com\/wp-content\/uploads\/2021\/10\/153930072_-300x300.png\" alt=\"\" width=\"760\" height=\"761\" \/><\/p>\n<h5><strong><em>Pha c\u00e0 ph\u00ea Moka Pop:<\/em><\/strong><\/h5>\n<p>&#8211; \u0110\u1ed5 n\u01b0\u1edbc v\u00e0o ph\u1ea7n d\u01b0\u1edbi c\u00f9ng c\u1ee7a b\u00ecnh Moka (\u0111\u1ed5 \u0111\u1ea7y kho\u1ea3ng \u00be b\u00ecnh).<\/p>\n<p>\u200b- \u0110\u1ed5 \u0111\u1ea7y c\u00e0 ph\u00ea \u0111\u00e3 xay v\u00e0o ph\u1ea7n l\u00f5i \u1edf gi\u1eefa b\u00ecnh v\u00e0 l\u1eafp r\u00e1p v\u00e0o nhau (ph\u1ea7n c\u00e0 ph\u00ea s\u1ebd chi\u1ebft xu\u1ea5t ng\u01b0\u1ee3c l\u00ean tr\u00ean b\u00ecnh).<\/p>\n<p>&#8211; \u200bL\u00e0m n\u00f3ng b\u00ecnh tr\u00ean b\u1ebfp v\u00e0 \u0111\u1ee3i cho \u0111\u1ebfn khi b\u1ea1n nghe th\u1ea5y ti\u1ebfng r\u00edt.<\/p>\n<p><img loading=\"lazy\" decoding=\"async\" class=\"wp-image-23114 aligncenter\" src=\"https:\/\/havamall.com\/wp-content\/uploads\/2021\/10\/c\u00e0-ph\u00ea-xay-s\u00e0i-g\u00f2n-3-300x300.png\" alt=\"\" width=\"756\" height=\"756\" \/><\/p>\n<h5><em><strong>Pha c\u00e0 ph\u00ea Latte:<\/strong><\/em><\/h5>\n<p>&#8211; Pha c\u00e0 ph\u00ea ho\u1eb7c espresso b\u1eb1ng\u00a0ALAMB\u00c9 L\u00e2m \u0110\u1ed3ng<\/p>\n<p>&#8211; \u0110un n\u00f3ng s\u1eefa \u1edf l\u1eeda v\u1eeba v\u00e0 nh\u1ecf. V\u1edbi ng\u01b0\u1eddi \u0103n chay h\u00e3y s\u1eed d\u1ee5ng s\u1eefa h\u1ea1nh nh\u00e2n, s\u1eefa d\u1eeba ho\u1eb7c s\u1eefa \u0111\u1eadu n\u00e0nh. B\u1ea1n th\u1eadm ch\u00ed c\u00f3 th\u1ec3 s\u1eed d\u1ee5ng kem b\u00e9o ho\u1eb7c s\u1eefa \u0111\u1eb7c \u0111\u1ec3 c\u00f3 m\u1ed9t ly latte \u0111\u1eadm \u0111\u00e0 &amp; ng\u1ecdt ng\u00e0o.<\/p>\n<p>&#8211; \u0110\u00e1nh b\u00f4ng nhanh b\u1eb1ng m\u00e1y \u0111\u00e1nh tr\u1ee9ng \u0111\u1ec3 t\u1ea1o b\u1ecdt.<\/p>\n<p>&#8211; R\u00f3t c\u00e0 ph\u00ea ho\u1eb7c espresso v\u00e0o ly d\u00e0i ho\u1eb7c ly cappuccino. Ti\u1ebfp theo \u0111\u1ed5 s\u1eefa v\u00e0o &amp; d\u00f9ng th\u00eca gi\u1eef l\u1ea1i b\u1ecdt.<\/p>\n<p>&#8211; D\u00f9ng mu\u1ed7ng \u0111\u1ec3 v\u1edbt b\u1ecdt l\u00ean tr\u00ean.<\/p>","protected":false},"excerpt":{"rendered":"<p>TH\u00d4NG TIN S\u1ea2N PH\u1ea8M Th\u01b0\u01a1ng hi\u1ec7u Alamb\u00e9 Xu\u1ea5t x\u1ee9 Vi\u1ec7t Nam Th\u00e0nh ph\u1ea7n 100% Robusta. H\u1ea1n s\u1eed d\u1ee5ng 12 th\u00e1ng<\/p>","protected":false},"featured_media":23260,"comment_status":"open","ping_status":"closed","template":"","meta":[],"product_brand":[],"product_cat":[135,36],"product_tag":[],"class_list":{"0":"post-23255","1":"product","2":"type-product","3":"status-publish","4":"has-post-thumbnail","6":"product_cat-sua-do-uong","7":"product_cat-thuc-pham-tieu-dung","8":"pa_brand-alambe","10":"first","11":"outofstock","12":"sale","13":"shipping-taxable","14":"purchasable","15":"product-type-variable"},"_links":{"self":[{"href":"https:\/\/havamall.com\/en\/wp-json\/wp\/v2\/product\/23255","targetHints":{"allow":["GET"]}}],"collection":[{"href":"https:\/\/havamall.com\/en\/wp-json\/wp\/v2\/product"}],"about":[{"href":"https:\/\/havamall.com\/en\/wp-json\/wp\/v2\/types\/product"}],"replies":[{"embeddable":true,"href":"https:\/\/havamall.com\/en\/wp-json\/wp\/v2\/comments?post=23255"}],"version-history":[{"count":0,"href":"https:\/\/havamall.com\/en\/wp-json\/wp\/v2\/product\/23255\/revisions"}],"wp:featuredmedia":[{"embeddable":true,"href":"https:\/\/havamall.com\/en\/wp-json\/wp\/v2\/media\/23260"}],"wp:attachment":[{"href":"https:\/\/havamall.com\/en\/wp-json\/wp\/v2\/media?parent=23255"}],"wp:term":[{"taxonomy":"product_brand","embeddable":true,"href":"https:\/\/havamall.com\/en\/wp-json\/wp\/v2\/product_brand?post=23255"},{"taxonomy":"product_cat","embeddable":true,"href":"https:\/\/havamall.com\/en\/wp-json\/wp\/v2\/product_cat?post=23255"},{"taxonomy":"product_tag","embeddable":true,"href":"https:\/\/havamall.com\/en\/wp-json\/wp\/v2\/product_tag?post=23255"}],"curies":[{"name":"wp","href":"https:\/\/api.w.org\/{rel}","templated":true}]}}