{"id":23270,"date":"2021-11-03T14:18:26","date_gmt":"2021-11-03T07:18:26","guid":{"rendered":"https:\/\/havamall.com\/?post_type=product&#038;p=23270"},"modified":"2022-10-04T17:06:01","modified_gmt":"2022-10-04T10:06:01","slug":"ca-phe-nguyen-hat-kon-tum-alambe-whole-beans","status":"publish","type":"product","link":"https:\/\/havamall.com\/en\/shop\/ca-phe-nguyen-hat-kon-tum-alambe-whole-beans\/","title":{"rendered":"C\u00e0 Ph\u00ea Nguy\u00ean H\u1ea1t Kon Tum Alamb\u00e9 \u2013 Whole Beans"},"content":{"rendered":"<h3><strong>TH\u00d4NG TIN S\u1ea2N PH\u1ea8M<\/strong><\/h3>\n<table>\n<tbody>\n<tr>\n<td><span style=\"font-weight: 400\">Th\u01b0\u01a1ng hi\u1ec7u<\/span><\/td>\n<td><span style=\"font-weight: 400\">Alamb\u00e9<\/span><\/td>\n<\/tr>\n<tr>\n<td><span style=\"font-weight: 400\">Xu\u1ea5t x\u1ee9<\/span><\/td>\n<td><span style=\"font-weight: 400\">Vi\u1ec7t Nam<\/span><\/td>\n<\/tr>\n<tr>\n<td><span style=\"font-weight: 400\">Th\u00e0nh ph\u1ea7n<\/span><\/td>\n<td>100% Robusta Honey.<\/td>\n<\/tr>\n<tr>\n<td><span style=\"font-weight: 400\">H\u1ea1n s\u1eed d\u1ee5ng<\/span><\/td>\n<td><span style=\"font-weight: 400\">12 th\u00e1ng k\u1ec3 t\u1eeb ng\u00e0y s\u1ea3n xu\u1ea5t.<\/span><\/td>\n<\/tr>\n<tr>\n<td><span style=\"font-weight: 400\">B\u1ea3o qu\u1ea3n<\/span><\/td>\n<td><span style=\"font-weight: 400\">\u0110\u1ec3 n\u01a1i kh\u00f4 r\u00e1o, tho\u00e1ng m\u00e1t, tr\u00e1nh \u00e1nh n\u1eafng tr\u1ef1c ti\u1ebfp<\/span><\/td>\n<\/tr>\n<tr>\n<td><span style=\"font-weight: 400\">Kh\u1ed1i l\u01b0\u1ee3ng<\/span><\/td>\n<td><span style=\"font-weight: 400\">230g\/g\u00f3i, 500g\/g\u00f3i<\/span><\/td>\n<\/tr>\n<tr>\n<td><span style=\"font-weight: 400\">H\u01b0\u01a1ng v\u1ecb<\/span><\/td>\n<td>M\u00f9i th\u01a1m caramel, v\u1ecb chua thanh nh\u1eb9 v\u00e0 h\u1eadu v\u1ecb ng\u1ecdt t\u1ef1 nhi\u00ean.<\/td>\n<\/tr>\n<\/tbody>\n<\/table>\n<h3><img fetchpriority=\"high\" decoding=\"async\" class=\"aligncenter\" src=\"https:\/\/scontent.fsgn4-1.fna.fbcdn.net\/v\/t1.6435-9\/124045714_849727655781186_8612101428216491139_n.jpg?_nc_cat=103&amp;ccb=1-5&amp;_nc_sid=730e14&amp;_nc_ohc=__EsVUaFfBkAX-ucNSo&amp;tn=c9bQ7ZddiSnjbCnp&amp;_nc_ht=scontent.fsgn4-1.fna&amp;oh=93fe09bbe469ce0bdae669d0f0e161c0&amp;oe=61A68008\" alt=\"Kh\u00f4ng c\u00f3 m\u00f4 t\u1ea3 \u1ea3nh.\" width=\"758\" height=\"759\" \/><\/h3>\n<h3><strong>TH\u00d4NG TIN TH\u01af\u01a0NG HI\u1ec6U<\/strong><\/h3>\n<p>Th\u00e1ng 12 n\u0103m 2018 th\u01b0\u01a1ng hi\u1ec7u c\u00e0 ph\u00ea\u00a0ALAMB\u00c9 \u2013\u00a0FINEST VIETNAMESE COFFEE\u00a0\u0111\u01b0\u1ee3c ra \u0111\u1eddi. Th\u01b0\u01a1ng hi\u1ec7u\u00a0ALAMB\u00c9\u00a0th\u1ec3 hi\u1ec7n chuy\u00ean m\u00f4n v\u1ec1 c\u00e0 ph\u00ea c\u1ee7a \u00f4ng Alex Gruber, b\u00ed quy\u1ebft rang xay k\u1ef3 di\u1ec7u c\u1ee7a \u00f4ng Hi\u1ec7p Ph\u1ea1m v\u00e0 con m\u1eaft ngh\u1ec7 thu\u1eadt c\u1ee7a Bernadette Gruber. C\u00f4ng ty ch\u00ednh th\u1ee9c b\u1eaft \u0111\u1ea7u ho\u1ea1t \u0111\u1ed9ng t\u1ea1i nh\u00e0 m\u00e1y m\u1edbi \u1edf qu\u1eadn Th\u1ee7 \u0110\u1ee9c, th\u00e0nh ph\u1ed1 H\u1ed3 Ch\u00ed Minh v\u00e0o th\u00e1ng 7 n\u0103m 2019.<\/p>\n<p>ALAMB\u00c9\u00a0mong mu\u1ed1n mang \u0111\u1ebfn cho kh\u00e1ch h\u00e0ng nh\u1eefng ly c\u00e0 ph\u00ea Vi\u1ec7t Nam h\u1ea3o h\u1ea1ng nh\u1ea5t, c\u00f9ng v\u1edbi s\u1ef1 h\u1ee3p t\u00e1c l\u00e2u d\u00e0i c\u00f9ng c\u00e1c nh\u00e0 cung c\u1ea5p c\u1ee7a ch\u00fang t\u00f4i theo h\u01b0\u1edbng canh t\u00e1c c\u00f3 tr\u00e1ch nhi\u1ec7m, b\u1ec1n v\u1eefng v\u00e0 th\u00e2n thi\u1ec7n v\u1edbi m\u00f4i tr\u01b0\u1eddng.<\/p>\n<p><img decoding=\"async\" class=\"wp-image-23108 aligncenter\" src=\"https:\/\/havamall.com\/wp-content\/uploads\/2021\/10\/c\u00e0-ph\u00ea-xay-s\u00e0i-g\u00f2n-300x80.png\" alt=\"\" width=\"750\" height=\"200\" \/><\/p>\n<p>C\u00e0 ph\u00ea Kon Tum ALAMB\u00c9 \u0111\u01b0\u1ee3c l\u00e0m t\u1eeb nh\u1eefng h\u1ea1t c\u00e0 ph\u00ea Robusta \u0111\u01b0\u1ee3c thu mua tr\u1ef1c ti\u1ebfp t\u1eeb n\u00f4ng d\u00e2n \u1edf Kon Tum. Tr\u00e1i c\u00e0 ph\u00ea sau khi thu ho\u1ea1ch s\u1ebd \u0111\u01b0\u1ee3c lo\u1ea1i b\u1ecf l\u1edbp v\u1ecf b\u00ean ngo\u00e0i nh\u01b0ng gi\u1eef l\u1ea1i l\u1edbp ch\u1ea5t nh\u1ea7y sau \u0111\u00f3 ph\u01a1i d\u01b0\u1edbi \u00e1nh s\u00e1ng m\u1eb7t tr\u1eddi, l\u1edbp ch\u1ea5t nh\u1ea7y trong qu\u00e1 tr\u00ecnh ph\u01a1i s\u1ebd th\u1ea5m v\u00e0o b\u00ean trong h\u1ea1t nh\u00e2n, gi\u00fap c\u00e0 ph\u00ea c\u00f3 v\u1ecb ng\u1ecdt h\u01a1n nh\u1eefng ph\u01b0\u01a1ng ph\u00e1p s\u01a1 ch\u1ebf th\u00f4ng th\u01b0\u1eddng kh\u00e1c. S\u1ef1 c\u1ea9n tr\u1ecdng trong t\u1eebng m\u1ebb rang s\u1ebd gi\u00fap c\u00e0 ph\u00ea Kon Tum c\u1ee7a\u00a0ALAMB\u00c9\u00a0\u0111\u1ea1t \u0111\u01b0\u1ee3c ch\u1ea5t l\u01b0\u1ee3ng t\u1ed1t nh\u1ea5t, ph\u00f9 h\u1ee3p v\u1edbi th\u1ee9c u\u1ed1ng Latte v\u00e0 Cappuccino. B\u00ean c\u1ea1nh \u0111\u00f3, b\u1ea1n c\u0169ng c\u00f3 th\u1ec3 kh\u00e1m ph\u00e1 s\u1ef1 kh\u00e1c bi\u1ec7t \u0111\u00e1ng ng\u1ea1c nhi\u00ean trong h\u01b0\u01a1ng v\u1ecb v\u1edbi m\u1ed9t t\u00e1ch ki\u1ec3u Americano ho\u1eb7c Cafe cr\u00e8me.<\/p>\n<p><img decoding=\"async\" class=\"wp-image-23156 aligncenter\" src=\"https:\/\/havamall.com\/wp-content\/uploads\/2021\/10\/kon-tum-300x300.png\" alt=\"\" width=\"740\" height=\"740\" \/><\/p>\n<p>M\u1ed9t t\u00e1ch c\u00e0 ph\u00ea th\u01a1m ng\u00e0o ng\u1ea1t, ph\u1ea3ng ph\u1ea5t l\u00e0 m\u00f3n qu\u00e0 t\u1ef1 th\u01b0\u1edfng tuy\u1ec7t v\u1eddi nh\u1ea5t cho nh\u1eefng ai m\u00ea \u0111\u1eafm tinh ch\u1ea5t nguy\u00ean b\u1ea3n nh\u1ea5t c\u1ee7a c\u00e0 ph\u00ea. T\u1eebng h\u1ea1t c\u00e0 ph\u00ea t\u1ea1i\u00a0ALAMB\u00c9 \u2013\u00a0Finest Vietnamese Coffee\u00a0\u0111\u1ec1u ph\u1ea3i v\u01b0\u1ee3t qua nh\u1eefng &#8220;th\u1eed th\u00e1ch&#8221; ch\u1eb7t ch\u1ebd v\u1ec1 ch\u1ea5t l\u01b0\u1ee3ng gieo tr\u1ed3ng, vun d\u01b0\u1ee1ng \u0111\u1ec3 ch\u1eaft l\u1ecdc ra nh\u1eefng gi\u1ecdt c\u00e0 ph\u00ea tinh ch\u1ea5t v\u00e0 nguy\u00ean b\u1ea3n nh\u1ea5t. S\u1ea3n ph\u1ea9m\u00a0ALAMB\u00c9 Kon Tum mang \u0111\u1ebfn v\u1ecb chua thanh, ng\u1ecdt nh\u1eb9 v\u00e0 ph\u1ea3ng ph\u1ea5t ch\u00fat h\u01b0\u01a1ng caramel.<\/p>\n<p><img loading=\"lazy\" decoding=\"async\" class=\"wp-image-23157 aligncenter\" src=\"https:\/\/havamall.com\/wp-content\/uploads\/2021\/10\/kon-tum-1-300x300.png\" alt=\"\" width=\"747\" height=\"747\" \/><\/p>\n<p>C\u00e0 ph\u00ea rang xay Kon Tum ALAMB\u00c9 l\u00e0 t\u00e1i t\u1ea1o h\u01b0\u01a1ng v\u1ecb th\u1ef1c s\u1ef1 \u0111\u1ed9c \u0111\u00e1o c\u1ee7a c\u00e0 ph\u00ea theo phong c\u00e1ch Vi\u1ec7t Nam. S\u1ea3n ph\u1ea9m kh\u00f4ng b\u1ea5t k\u1ef3 ch\u1ea5t ph\u1ee5 gia n\u00e0o, \u0111\u1ec3 ch\u1ea5t l\u01b0\u1ee3ng c\u1ee7a c\u00e0 ph\u00ea \u0111\u01b0\u1ee3c th\u1ec3 hi\u1ec7n t\u1ed1t nh\u1ea5t. S\u1eed d\u1ee5ng phin c\u00e0 ph\u00ea, th\u00eam v\u00e0i vi\u00ean \u0111\u00e1 v\u00e0 m\u1ed9t ch\u00fat s\u1eefa \u0111\u1eb7c, ly c\u00e0 ph\u00ea ALAMB\u00c9 ch\u1eafc ch\u1eafn s\u1ebd m\u00ea ho\u1eb7c \u0111\u01b0\u1ee3c m\u1ecdi v\u1ecb gi\u00e1c.<\/p>\n<p><img loading=\"lazy\" decoding=\"async\" class=\"wp-image-23158 aligncenter\" src=\"https:\/\/havamall.com\/wp-content\/uploads\/2021\/10\/s\u00e0i-g\u00f2n-3-300x300.png\" alt=\"\" width=\"737\" height=\"738\" \/><\/p>\n<h3><strong>H\u01b0\u1edbng d\u1eabn pha ch\u1ebf:<\/strong><\/h3>\n<h5><strong><em>Pha c\u00e0 ph\u00ea Moka Pop:<\/em><\/strong><\/h5>\n<p>&#8211; \u0110\u1ed5 n\u01b0\u1edbc v\u00e0o ph\u1ea7n d\u01b0\u1edbi c\u00f9ng c\u1ee7a b\u00ecnh Moka (\u0111\u1ed5 \u0111\u1ea7y kho\u1ea3ng \u00be b\u00ecnh).<\/p>\n<p>\u200b- \u0110\u1ed5 \u0111\u1ea7y c\u00e0 ph\u00ea \u0111\u00e3 xay v\u00e0o ph\u1ea7n l\u00f5i \u1edf gi\u1eefa b\u00ecnh v\u00e0 l\u1eafp r\u00e1p v\u00e0o nhau (ph\u1ea7n c\u00e0 ph\u00ea s\u1ebd chi\u1ebft xu\u1ea5t ng\u01b0\u1ee3c l\u00ean tr\u00ean b\u00ecnh).<\/p>\n<p>&#8211; \u200bL\u00e0m n\u00f3ng b\u00ecnh tr\u00ean b\u1ebfp v\u00e0 \u0111\u1ee3i cho \u0111\u1ebfn khi b\u1ea1n nghe th\u1ea5y ti\u1ebfng r\u00edt.<\/p>\n<p><img loading=\"lazy\" decoding=\"async\" class=\"wp-image-23114 aligncenter\" src=\"https:\/\/havamall.com\/wp-content\/uploads\/2021\/10\/c\u00e0-ph\u00ea-xay-s\u00e0i-g\u00f2n-3-300x300.png\" alt=\"\" width=\"756\" height=\"756\" \/><\/p>\n<h5><strong><em>Pha c\u00e0 ph\u00ea French Press:<\/em><\/strong><\/h5>\n<p>&#8211; Cho v\u00e0o b\u00ecnh 7 mu\u1ed7ng c\u00e0 ph\u00ea, \u0111\u1ed5 m\u1ed9t \u00edt n\u01b0\u1edbc \u0111\u1ec3 ng\u1ea5m c\u00e0 ph\u00ea.<\/p>\n<p>\u200b- S\u1eed d\u1ee5ng n\u01b0\u1edbc s\u00f4i v\u00e0 \u0111\u1ec3 ngu\u1ed9i kho\u1ea3ng 1 ph\u00fat sau \u0111\u00f3 ti\u1ebfp t\u1ee5c \u0111\u1ed5 n\u01b0\u1edbc v\u00e0o b\u00ecnh \u0111\u1ec3 c\u00f3 \u0111\u01b0\u1ee3c ly c\u00e0 ph\u00ea ki\u1ec3u Ph\u00e1p.<\/p>\n<p>&#8211; \u200b\u0110\u00f3ng n\u1eafp (v\u1edbi p\u00edt t\u00f4ng tr\u00ean m\u1eb7t n\u01b0\u1edbc) v\u00e0 \u0111\u1ee3i kho\u1ea3ng 4 ph\u00fat.<\/p>\n<p>&#8211; \u200bNh\u1eb9 nh\u00e0ng \u1ea5n \u0111\u1ec1u p\u00edt t\u00f4ng xu\u1ed1ng d\u01b0\u1edbi.<\/p>\n<p><img loading=\"lazy\" decoding=\"async\" class=\"wp-image-23126 aligncenter\" src=\"https:\/\/havamall.com\/wp-content\/uploads\/2021\/10\/GettyImages-300x200.png\" alt=\"\" width=\"749\" height=\"500\" \/><\/p>\n<h5><strong><em>Pha c\u00e0 ph\u00ea Cappuccino:<\/em><\/strong><\/h5>\n<p>&#8211; S\u1eed d\u1ee5ng 3 \u0111\u1ebfn 4 mu\u1ed7ng c\u00e0 ph\u00ea xay \u0111\u1ed5 \u0111\u1ea7y portafilter.<\/p>\n<p>&#8211; N\u00e9n c\u00e0 ph\u00ea b\u00ean trong portafilter v\u00e0 \u0111\u01b0a v\u00e0o m\u00e1y.<\/p>\n<p>&#8211; \u0110\u1ec3 n\u01b0\u1edbc n\u00f3ng trong m\u00e1y ch\u1ea3y qua. \u0110\u1ed1i v\u1edbi Espresso, c\u00e0 ph\u00ea s\u1ebd chi\u1ebft xu\u1ea5t theo th\u1eddi gian nh\u1ea5t \u0111\u1ecbnh. N\u1ebfu mu\u1ed1n c\u00f3 m\u1ed9t ly Lungo, b\u1ea1n h\u00e3y ch\u1edd th\u00eam m\u1ed9t ch\u00fat cho c\u00e0 ph\u00ea chi\u1ebft xu\u1ea5t nhi\u1ec1u h\u01a1n.<\/p>\n<p>&#8211; C\u00e2n b\u1eb1ng l\u01b0\u1ee3ng s\u1eefa v\u00e0 l\u1edbp foam v\u00e0o h\u1ed7n h\u1ee3p espresso.<\/p>\n<p>&#8211; Th\u00eam m\u1ed9t ch\u00fat b\u1ed9t cacao ho\u1eb7c b\u1ed9t qu\u1ebf tr\u00ean m\u1eb7t foam (n\u1ebfu th\u00edch).<\/p>\n<p><img loading=\"lazy\" decoding=\"async\" class=\"wp-image-23119 aligncenter\" src=\"https:\/\/havamall.com\/wp-content\/uploads\/2021\/10\/capuchino--300x300.png\" alt=\"\" width=\"774\" height=\"774\" \/><\/p>","protected":false},"excerpt":{"rendered":"<p>TH\u00d4NG TIN S\u1ea2N PH\u1ea8M Th\u01b0\u01a1ng hi\u1ec7u Alamb\u00e9 Xu\u1ea5t x\u1ee9 Vi\u1ec7t Nam Th\u00e0nh ph\u1ea7n 100% Robusta Honey. H\u1ea1n s\u1eed d\u1ee5ng 12<\/p>","protected":false},"featured_media":23271,"comment_status":"open","ping_status":"closed","template":"","meta":[],"product_brand":[],"product_cat":[135,36],"product_tag":[],"class_list":{"0":"post-23270","1":"product","2":"type-product","3":"status-publish","4":"has-post-thumbnail","6":"product_cat-sua-do-uong","7":"product_cat-thuc-pham-tieu-dung","8":"pa_brand-alambe","10":"first","11":"outofstock","12":"sale","13":"shipping-taxable","14":"purchasable","15":"product-type-variable"},"_links":{"self":[{"href":"https:\/\/havamall.com\/en\/wp-json\/wp\/v2\/product\/23270","targetHints":{"allow":["GET"]}}],"collection":[{"href":"https:\/\/havamall.com\/en\/wp-json\/wp\/v2\/product"}],"about":[{"href":"https:\/\/havamall.com\/en\/wp-json\/wp\/v2\/types\/product"}],"replies":[{"embeddable":true,"href":"https:\/\/havamall.com\/en\/wp-json\/wp\/v2\/comments?post=23270"}],"version-history":[{"count":0,"href":"https:\/\/havamall.com\/en\/wp-json\/wp\/v2\/product\/23270\/revisions"}],"wp:featuredmedia":[{"embeddable":true,"href":"https:\/\/havamall.com\/en\/wp-json\/wp\/v2\/media\/23271"}],"wp:attachment":[{"href":"https:\/\/havamall.com\/en\/wp-json\/wp\/v2\/media?parent=23270"}],"wp:term":[{"taxonomy":"product_brand","embeddable":true,"href":"https:\/\/havamall.com\/en\/wp-json\/wp\/v2\/product_brand?post=23270"},{"taxonomy":"product_cat","embeddable":true,"href":"https:\/\/havamall.com\/en\/wp-json\/wp\/v2\/product_cat?post=23270"},{"taxonomy":"product_tag","embeddable":true,"href":"https:\/\/havamall.com\/en\/wp-json\/wp\/v2\/product_tag?post=23270"}],"curies":[{"name":"wp","href":"https:\/\/api.w.org\/{rel}","templated":true}]}}