{"id":23318,"date":"2021-11-03T16:38:51","date_gmt":"2021-11-03T09:38:51","guid":{"rendered":"https:\/\/havamall.com\/?post_type=product&#038;p=23318"},"modified":"2022-10-04T17:05:12","modified_gmt":"2022-10-04T10:05:12","slug":"ca-phe-tui-loc-da-sar-alambe-single-serve-drip-coffee","status":"publish","type":"product","link":"https:\/\/havamall.com\/en\/shop\/ca-phe-tui-loc-da-sar-alambe-single-serve-drip-coffee\/","title":{"rendered":"C\u00e0 Ph\u00ea Phin Gi\u1ea5y T\u00fai L\u1ecdc \u0110\u1ea1 Sar Alamb\u00e9 &#8211; Single Serve Drip Coffee"},"content":{"rendered":"<h3><strong>TH\u00d4NG TIN S\u1ea2N PH\u1ea8M<\/strong><\/h3>\n<table>\n<tbody>\n<tr>\n<td><span style=\"font-weight: 400\">Th\u01b0\u01a1ng hi\u1ec7u<\/span><\/td>\n<td><span style=\"font-weight: 400\">Alamb\u00e9<\/span><\/td>\n<\/tr>\n<tr>\n<td><span style=\"font-weight: 400\">Xu\u1ea5t x\u1ee9<\/span><\/td>\n<td><span style=\"font-weight: 400\">Vi\u1ec7t Nam<\/span><\/td>\n<\/tr>\n<tr>\n<td><span style=\"font-weight: 400\">Th\u00e0nh ph\u1ea7n<\/span><\/td>\n<td>100% Arabica Var. Typica.<\/td>\n<\/tr>\n<tr>\n<td><span style=\"font-weight: 400\">H\u1ea1n s\u1eed d\u1ee5ng<\/span><\/td>\n<td><span style=\"font-weight: 400\">12 th\u00e1ng k\u1ec3 t\u1eeb ng\u00e0y s\u1ea3n xu\u1ea5t.<\/span><\/td>\n<\/tr>\n<tr>\n<td><span style=\"font-weight: 400\">B\u1ea3o qu\u1ea3n<\/span><\/td>\n<td><span style=\"font-weight: 400\">\u0110\u1ec3 n\u01a1i kh\u00f4 r\u00e1o, tho\u00e1ng m\u00e1t, tr\u00e1nh \u00e1nh n\u1eafng tr\u1ef1c ti\u1ebfp<\/span><\/td>\n<\/tr>\n<tr>\n<td><span style=\"font-weight: 400\">S\u1ed1 l\u01b0\u1ee3ng<\/span><\/td>\n<td><span style=\"font-weight: 400\">18 g\u00f3i<\/span><\/td>\n<\/tr>\n<tr>\n<td><span style=\"font-weight: 400\">H\u01b0\u01a1ng v\u1ecb<\/span><\/td>\n<td>\u0110\u1eafng nh\u1eb9, chua thanh l\u00e0m g\u1ee3i nh\u1edb \u0111\u1ebfn h\u01b0\u01a1ng th\u01a1m c\u1ee7a hoa cam qu\u00fdt k\u00e8m\u00a0h\u1eadu v\u1ecb ng\u1ecdt.<\/td>\n<\/tr>\n<\/tbody>\n<\/table>\n<h3><strong><img fetchpriority=\"high\" decoding=\"async\" class=\"wp-image-23275 aligncenter\" src=\"https:\/\/havamall.com\/wp-content\/uploads\/2021\/11\/186537431-300x300.png\" alt=\"\" width=\"763\" height=\"763\" \/>TH\u00d4NG TIN TH\u01af\u01a0NG HI\u1ec6U<\/strong><\/h3>\n<p>Th\u00e1ng 12 n\u0103m 2018 th\u01b0\u01a1ng hi\u1ec7u c\u00e0 ph\u00ea\u00a0ALAMB\u00c9 \u2013\u00a0FINEST VIETNAMESE COFFEE\u00a0\u0111\u01b0\u1ee3c ra \u0111\u1eddi. Th\u01b0\u01a1ng hi\u1ec7u\u00a0ALAMB\u00c9\u00a0th\u1ec3 hi\u1ec7n chuy\u00ean m\u00f4n v\u1ec1 c\u00e0 ph\u00ea c\u1ee7a \u00f4ng Alex Gruber, b\u00ed quy\u1ebft rang xay k\u1ef3 di\u1ec7u c\u1ee7a \u00f4ng Hi\u1ec7p Ph\u1ea1m v\u00e0 con m\u1eaft ngh\u1ec7 thu\u1eadt c\u1ee7a Bernadette Gruber. C\u00f4ng ty ch\u00ednh th\u1ee9c b\u1eaft \u0111\u1ea7u ho\u1ea1t \u0111\u1ed9ng t\u1ea1i nh\u00e0 m\u00e1y m\u1edbi \u1edf qu\u1eadn Th\u1ee7 \u0110\u1ee9c, th\u00e0nh ph\u1ed1 H\u1ed3 Ch\u00ed Minh v\u00e0o th\u00e1ng 7 n\u0103m 2019.<\/p>\n<p>ALAMB\u00c9\u00a0mong mu\u1ed1n mang \u0111\u1ebfn cho kh\u00e1ch h\u00e0ng nh\u1eefng ly c\u00e0 ph\u00ea Vi\u1ec7t Nam h\u1ea3o h\u1ea1ng nh\u1ea5t, c\u00f9ng v\u1edbi s\u1ef1 h\u1ee3p t\u00e1c l\u00e2u d\u00e0i c\u00f9ng c\u00e1c nh\u00e0 cung c\u1ea5p c\u1ee7a ch\u00fang t\u00f4i theo h\u01b0\u1edbng canh t\u00e1c c\u00f3 tr\u00e1ch nhi\u1ec7m, b\u1ec1n v\u1eefng v\u00e0 th\u00e2n thi\u1ec7n v\u1edbi m\u00f4i tr\u01b0\u1eddng.<\/p>\n<p><img decoding=\"async\" class=\"wp-image-23108 aligncenter\" src=\"https:\/\/havamall.com\/wp-content\/uploads\/2021\/10\/c\u00e0-ph\u00ea-xay-s\u00e0i-g\u00f2n-300x80.png\" alt=\"\" width=\"750\" height=\"200\" \/><\/p>\n<p>C\u00e0 ph\u00ea t\u00fai l\u1ecdc \u0111\u01b0\u1ee3c l\u00e0m t\u1eeb c\u00e0 ph\u00ea \u0111\u1eb7c s\u1ea3n Arabica Typica \u0111\u01b0\u1ee3c tr\u1ed3ng \u1edf m\u1ed9t l\u00e0ng d\u00e2n t\u1ed9c thi\u1ec3u s\u1ed1 t\u00ean l\u00e0 \u0110\u1ea1 Sar thu\u1ed9c th\u00e0nh ph\u1ed1 \u0110\u00e0 L\u1ea1t &#8211; l\u00e0 n\u01a1i c\u00f3 s\u1ef1 k\u1ebft h\u1ee3p l\u00fd t\u01b0\u1edfng gi\u1eefa kh\u00ed h\u1eadu \u00f4n h\u00f2a ho\u00e0n h\u1ea3o v\u00e0 \u0111\u1ea5t n\u00fai l\u1eeda c\u1ed5 gi\u00e0u kho\u00e1ng ch\u1ea5t. C\u00e0 ph\u00ea \u0110\u1ea1 Sar c\u1ee7a\u00a0ALAMB\u00c9 \u0111\u01b0\u1ee3c m\u1ec7nh danh l\u00e0 c\u00e0 ph\u00ea ho\u00e0ng gia b\u1edfi s\u1ef1 qu\u00fd hi\u1ebfm v\u00e0 h\u01b0\u01a1ng th\u01a1m \u0111\u1ed9c \u0111\u00e1o. H\u01b0\u01a1ng v\u1ecb c\u1ee7a Typica ch\u1eafc ch\u1eafn kh\u00e1c v\u1edbi c\u00e1c lo\u1ea1i th\u00f4ng th\u01b0\u1eddng b\u1edfi m\u00f9i h\u01b0\u01a1ng ng\u00e2y ng\u1ea5t v\u00e0 c\u1ef1c k\u1ef3 sang tr\u1ecdng. S\u1ea3n ph\u1ea9m ph\u00f9 h\u1ee3p cho kh\u00e1ch h\u00e0ng th\u00edch gu c\u00e0 ph\u00ea v\u1edbi phong c\u00e1ch pha \u0111\u1ed9c \u0111\u00e1o nh\u01b0 l\u00e0: Pour Over, French Press&#8230;<\/p>\n<p><img decoding=\"async\" class=\"wp-image-23319 aligncenter\" src=\"https:\/\/havamall.com\/wp-content\/uploads\/2021\/11\/184574327_-300x300.png\" alt=\"\" width=\"757\" height=\"757\" \/><\/p>\n<p>ALAMB\u00c9 \u0110\u1ea1 Sar &#8211; C\u00e0 ph\u00ea \u0111\u1eb7c s\u1ea3n Arabica Typica d\u00e0nh cho bh\u1eefng ng\u01b0\u1eddi s\u00e0nh c\u00e0 ph\u00ea y\u00eau th\u00edch h\u1eadu v\u1ecb \u0111\u1ed9c \u0111\u00e1o c\u1ee7a t\u00e1ch c\u00e0 ph\u00ea ng\u1ecdt ng\u00e0o, \u00eam d\u1ecbu, c\u0103ng \u0111\u1ea7y axit v\u00e0 m\u1ed9t ch\u00fat h\u01b0\u01a1ng cam qu\u00fdt.<\/p>\n<p>M\u1ed9t t\u00e1ch c\u00e0 ph\u00ea th\u01a1m ng\u00e0o ng\u1ea1t, ph\u1ea3ng ph\u1ea5t l\u00e0 m\u00f3n qu\u00e0 t\u1ef1 th\u01b0\u1edfng tuy\u1ec7t v\u1eddi nh\u1ea5t cho nh\u1eefng ai m\u00ea \u0111\u1eafm tinh ch\u1ea5t nguy\u00ean b\u1ea3n nh\u1ea5t c\u1ee7a c\u00e0 ph\u00ea. T\u1eebng h\u1ea1t c\u00e0 ph\u00ea t\u1ea1i\u00a0ALAMB\u00c9 \u2013\u00a0Finest Vietnamese Coffee\u00a0\u0111\u1ec1u ph\u1ea3i v\u01b0\u1ee3t qua nh\u1eefng \u201cth\u1eed th\u00e1ch\u201d ch\u1eb7t ch\u1ebd v\u1ec1 ch\u1ea5t l\u01b0\u1ee3ng gieo tr\u1ed3ng, vun d\u01b0\u1ee1ng \u0111\u1ec3 ch\u1eaft l\u1ecdc ra nh\u1eefng gi\u1ecdt c\u00e0 ph\u00ea tinh ch\u1ea5t v\u00e0 nguy\u00ean b\u1ea3n nh\u1ea5t.<\/p>\n<p><img loading=\"lazy\" decoding=\"async\" class=\"wp-image-23140 aligncenter\" src=\"https:\/\/havamall.com\/wp-content\/uploads\/2021\/10\/187558573-300x300.png\" alt=\"\" width=\"752\" height=\"752\" \/><\/p>\n<p>C\u00e0 ph\u00ea t\u00fai l\u1ecdc \u0110\u1ea1 Sar ch\u1ee9a c\u00e1c g\u00f3i nh\u1ecf ch\u1ee9a c\u00e0 ph\u00ea rang xay t\u1ea1o s\u1ef1 tr\u1ea3i nghi\u1ec7m h\u01b0\u01a1ng v\u1ecb c\u00e0 ph\u00ea th\u1ef1c s\u1ef1. Kh\u00e1c v\u1edbi c\u00e0 ph\u00ea h\u00f2a tan, ph\u01b0\u01a1ng ph\u00e1p n\u00e0y kh\u00f4ng s\u1eed d\u1ee5ng h\u00f3a ch\u1ea5t &amp;\u00a0ch\u1ea5t ph\u1ee5 gia. D\u1ec5 d\u00e0ng s\u1eed d\u1ee5ng gi\u1ed1ng nh\u01b0 m\u1ed9t t\u00fai tr\u00e0. Ch\u1ec9 c\u1ea7n x\u00e9 bao b\u00ec, \u0111i\u1ec1u ch\u1ec9nh b\u1ed9 l\u1ecdc gi\u1ea5y tr\u00ean c\u1ed1c\/ly\u00a0v\u00e0 \u0111\u1ed5 n\u01b0\u1edbc n\u00f3ng v\u00e0o b\u00ean trong.<\/p>\n<p style=\"font-weight: 400\">Kh\u00e1c v\u1edbi c\u00e0 ph\u00ea ho\u00e0 tan, c\u00e0 ph\u00ea phin gi\u1ea5y l\u1ecdc\u00a0c\u1ee7a\u00a0<b><strong>ALAMB\u00c9<\/strong><\/b>\u00a0l\u00e0 s\u1ef1 k\u1ebft h\u1ee3p gi\u1eefa kh\u1ea9u v\u1ecb truy\u1ec1n th\u1ed1ng v\u00e0 s\u1ef1 ti\u1ec7n l\u1ee3i khi s\u1eed d\u1ee5ng. \u0110i\u1ec3m kh\u00e1c bi\u1ec7t l\u00e0, h\u01b0\u01a1ng v\u1ecb th\u1ef1c s\u1ef1 c\u1ee7a c\u00e0 ph\u00ea rang nguy\u00ean ch\u1ea5t nh\u01b0ng l\u1ea1i c\u00f3 th\u1ec3 th\u01b0\u1edfng th\u1ee9c \u1edf m\u1ecdi l\u00fac v\u00e0 m\u1ecdi n\u01a1i.<\/p>\n<p><img loading=\"lazy\" decoding=\"async\" class=\"wp-image-23320 aligncenter\" src=\"https:\/\/havamall.com\/wp-content\/uploads\/2021\/11\/123953992_-300x300.png\" alt=\"\" width=\"765\" height=\"765\" \/><\/p>\n<p>M\u1ed9t t\u00e1ch c\u00e0 ph\u00ea th\u01a1m ng\u00e0o ng\u1ea1t, ph\u1ea3ng ph\u1ea5t l\u00e0 m\u00f3n qu\u00e0 t\u1ef1 th\u01b0\u1edfng tuy\u1ec7t v\u1eddi nh\u1ea5t cho nh\u1eefng ai m\u00ea \u0111\u1eafm tinh ch\u1ea5t nguy\u00ean b\u1ea3n nh\u1ea5t c\u1ee7a c\u00e0 ph\u00ea. T\u1eebng h\u1ea1t c\u00e0 ph\u00ea t\u1ea1i\u00a0ALAMB\u00c9 \u2013\u00a0Finest Vietnamese Coffee\u00a0\u0111\u1ec1u ph\u1ea3i v\u01b0\u1ee3t qua nh\u1eefng &#8220;th\u1eed th\u00e1ch&#8221; ch\u1eb7t ch\u1ebd v\u1ec1 ch\u1ea5t l\u01b0\u1ee3ng gieo tr\u1ed3ng, vun d\u01b0\u1ee1ng \u0111\u1ec3 ch\u1eaft l\u1ecdc ra nh\u1eefng gi\u1ecdt c\u00e0 ph\u00ea tinh ch\u1ea5t v\u00e0 nguy\u00ean b\u1ea3n nh\u1ea5t.<\/p>\n<p><img loading=\"lazy\" decoding=\"async\" class=\"wp-image-23321 aligncenter\" src=\"https:\/\/havamall.com\/wp-content\/uploads\/2021\/11\/162007044-1-225x300.png\" alt=\"\" width=\"769\" height=\"1025\" \/><\/p>\n<h3><strong>H\u01b0\u1edbng d\u1eabn s\u1eed d\u1ee5ng:<\/strong><\/h3>\n<p>&gt; X\u00e9 mi\u1ec7ng t\u00fai theo \u0111\u01b0\u1eddng ch\u1ec9 d\u1eabn \u1edf tr\u00ean c\u00f9ng.<\/p>\n<p>&gt; L\u1eafc nh\u1eb9 \u0111\u1ec3 c\u00e0 ph\u00ea tr\u1ea3i \u0111\u1ec1u quanh phin v\u00e0 \u0111\u1eb7t c\u1ed1 \u0111\u1ecbnh quai t\u00fai l\u00ean th\u00e0nh ly c\u00e0 ph\u00ea c\u1ee7a b\u1ea1n.<\/p>\n<p>&gt; D\u00f9ng 20 ml n\u01b0\u1edbc n\u00f3ng (92\u00b0C \u2013 95\u00b0C), ch\u00e2m \u0111\u1ec1u kh\u1eafp b\u1ec1 m\u1eb7t c\u00e0 ph\u00ea \u0111\u1ec3 l\u00e0m \u01b0\u1edbt tr\u01b0\u1edbc. Ti\u1ebfp t\u1ee5c ch\u00e2m t\u1eeb t\u1eeb.<\/p>\n<p>&gt; Kho\u1ea3ng 100 ml &#8211; 130 ml n\u01b0\u1edbc n\u00f3ng theo chi\u1ec1u kim \u0111\u1ed3ng h\u1ed3 t\u1eeb ngo\u00e0i v\u00e0o trong v\u00e0 ng\u01b0\u1ee3c l\u1ea1i (l\u01b0\u1ee3ng n\u01b0\u1edbc tu\u1ef3 thu\u1ed9c theo s\u1edf th\u00edch gu c\u00e0 ph\u00ea \u0111\u1eadm nh\u1eb9 c\u1ee7a b\u1ea1n<\/p>\n<p>&gt; L\u1ea5y t\u00fai l\u1ecdc ra v\u00e0 th\u01b0\u1edfng th\u1ee9c ly c\u00e0 ph\u00ea tuy\u1ec7t h\u1ea3o t\u1eeb\u00a0<b><strong>ALAMB\u00c9 \u2013\u00a0<\/strong><\/b>Finest Vietnamse Coffee.<\/p>\n<p><img loading=\"lazy\" decoding=\"async\" class=\"wp-image-23322 aligncenter\" src=\"https:\/\/havamall.com\/wp-content\/uploads\/2021\/11\/202450163_-300x300.png\" alt=\"\" width=\"783\" height=\"784\" \/><\/p>","protected":false},"excerpt":{"rendered":"<p>TH\u00d4NG TIN S\u1ea2N PH\u1ea8M Th\u01b0\u01a1ng hi\u1ec7u Alamb\u00e9 Xu\u1ea5t x\u1ee9 Vi\u1ec7t Nam Th\u00e0nh ph\u1ea7n 100% Arabica Var. Typica. H\u1ea1n s\u1eed d\u1ee5ng<\/p>","protected":false},"featured_media":23323,"comment_status":"open","ping_status":"closed","template":"","meta":[],"product_brand":[],"product_cat":[135,36],"product_tag":[],"class_list":{"0":"post-23318","1":"product","2":"type-product","3":"status-publish","4":"has-post-thumbnail","6":"product_cat-sua-do-uong","7":"product_cat-thuc-pham-tieu-dung","8":"pa_brand-alambe","10":"first","11":"outofstock","12":"sale","13":"shipping-taxable","14":"purchasable","15":"product-type-simple"},"_links":{"self":[{"href":"https:\/\/havamall.com\/en\/wp-json\/wp\/v2\/product\/23318","targetHints":{"allow":["GET"]}}],"collection":[{"href":"https:\/\/havamall.com\/en\/wp-json\/wp\/v2\/product"}],"about":[{"href":"https:\/\/havamall.com\/en\/wp-json\/wp\/v2\/types\/product"}],"replies":[{"embeddable":true,"href":"https:\/\/havamall.com\/en\/wp-json\/wp\/v2\/comments?post=23318"}],"version-history":[{"count":0,"href":"https:\/\/havamall.com\/en\/wp-json\/wp\/v2\/product\/23318\/revisions"}],"wp:featuredmedia":[{"embeddable":true,"href":"https:\/\/havamall.com\/en\/wp-json\/wp\/v2\/media\/23323"}],"wp:attachment":[{"href":"https:\/\/havamall.com\/en\/wp-json\/wp\/v2\/media?parent=23318"}],"wp:term":[{"taxonomy":"product_brand","embeddable":true,"href":"https:\/\/havamall.com\/en\/wp-json\/wp\/v2\/product_brand?post=23318"},{"taxonomy":"product_cat","embeddable":true,"href":"https:\/\/havamall.com\/en\/wp-json\/wp\/v2\/product_cat?post=23318"},{"taxonomy":"product_tag","embeddable":true,"href":"https:\/\/havamall.com\/en\/wp-json\/wp\/v2\/product_tag?post=23318"}],"curies":[{"name":"wp","href":"https:\/\/api.w.org\/{rel}","templated":true}]}}