{"id":23324,"date":"2021-11-03T17:07:24","date_gmt":"2021-11-03T10:07:24","guid":{"rendered":"https:\/\/havamall.com\/?post_type=product&#038;p=23324"},"modified":"2025-12-03T04:13:28","modified_gmt":"2025-12-02T21:13:28","slug":"phin-pha-ca-phe-alambe-fin-for-coffee","status":"publish","type":"product","link":"https:\/\/havamall.com\/en\/shop\/phin-pha-ca-phe-alambe-fin-for-coffee\/","title":{"rendered":"Phin Pha C\u00e0 Ph\u00ea Alamb\u00e9 &#8211; Fin For Coffee"},"content":{"rendered":"<p>Phin pha c\u00e0 ph\u00ea Alamb\u00e9 \u0111\u01b0\u1ee3c l\u00e0m t\u1eeb inox cao c\u1ea5p n\u00ean s\u1edf h\u1eefu \u0111\u1ed9 b\u1ec1n cao, ch\u1ecbu nhi\u1ec7t t\u1ed1t v\u00ec th\u1ebf b\u1ea1n c\u00f3 th\u1ec3 y\u00ean t\u00e2m s\u1eed d\u1ee5ng s\u1ea3n ph\u1ea9m trong th\u1eddi gian l\u00e2u d\u00e0i.<\/p>\n<p>B\u00ean c\u1ea1nh \u0111\u00f3, ch\u1ea5t li\u1ec7u kh\u00f4ng sinh \u0111\u1ed9c h\u1ea1i, an to\u00e0n cho ng\u01b0\u1eddi s\u1eed d\u1ee5ng c\u00f9ng v\u1edbi k\u00edch th\u01b0\u1edbc nh\u1ecf g\u1ecdn c\u00f3 th\u1ec3 mang \u0111\u1ebfn b\u1ea5t c\u1ee9 n\u01a1i n\u00e0o \u0111\u1ec3 s\u1eed d\u1ee5ng, t\u1ea1o s\u1ef1 linh ho\u1ea1t v\u00e0 thu\u1eadn ti\u1ec7n nh\u1ea5t.<\/p>\n<p><img fetchpriority=\"high\" decoding=\"async\" class=\"wp-image-23329 aligncenter\" src=\"https:\/\/havamall.com\/wp-content\/uploads\/2021\/11\/s\u00e0i-g\u00f2n-300x300.png\" alt=\"\" width=\"748\" height=\"748\" \/><\/p>\n<p>H\u01a1n n\u1eefa, c\u00e1c b\u1ed9 ph\u1eadn c\u00f3 th\u1ec3 d\u1ec5 d\u00e0ng th\u00e1o r\u1eddi \u0111\u1ec3 v\u1ec7 sinh sau khi s\u1eed d\u1ee5ng, ti\u1ebft ki\u1ec7m th\u1eddi gian h\u01a1n trong vi\u1ec7c ch\u00f9i r\u1eeda v\u00e0 b\u1ea3o qu\u1ea3n s\u1ea3n ph\u1ea9m.<\/p>\n<p>Phin c\u00e0 ph\u00ea Alamb\u00e9 v\u1edbi thi\u1ebft k\u1ebf b\u1ec1n \u0111\u1eb9p v\u00e0 ch\u1eafc ch\u1eafn. Phin \u0111\u01b0\u1ee3c l\u00e0m t\u1eeb ch\u1ea5t li\u1ec7u inox kh\u00f4ng g\u1ec9, mang \u0111\u1ebfn c\u1ea3m gi\u00e1c ch\u1eafc tay khi c\u1ea7m phin. M\u00e0u s\u00e1ng b\u1ea1c c\u1ee7a phin g\u00f3p ph\u1ea7n mang \u0111\u1ebfn s\u1ef1 sang tr\u1ecdng cho s\u1ea3n ph\u1ea9m, b\u1ea1n c\u00f3 th\u1ec3 s\u1eed d\u1ee5ng phin \u0111\u1ec3 trang tr\u00ed cho kh\u00f4ng gian qu\u00e1n c\u00e0 ph\u00ea, qu\u00e1n bar c\u1ee7a b\u1ea1n.<\/p>\n<p><img decoding=\"async\" class=\"wp-image-23330 aligncenter\" src=\"https:\/\/havamall.com\/wp-content\/uploads\/2021\/11\/205846186_-300x300.png\" alt=\"\" width=\"757\" height=\"756\" \/><\/p>\n<p>Ngo\u00e0i ra th\u00e2n phin v\u00e0 \u0111\u00e1y phin \u0111\u01b0\u1ee3c thi\u1ebft k\u1ebf d\u00e0y d\u1eb7n, gi\u00fap gi\u1eef nhi\u1ec7t t\u1ed1t h\u01a1n nh\u1edd v\u1eady n\u00ean t\u00e1ch c\u00e0 ph\u00ea sau khi pha s\u1ebd c\u00f3 h\u01b0\u01a1ng v\u1ecb \u0111\u1eadm \u0111\u00e0 h\u01a1n.<\/p>\n<p>Phin c\u00e0 ph\u00ea Alamb\u00e9 v\u1edbi nh\u1eefng \u0111\u1eb7c t\u00ednh n\u1ed5i tr\u1ed9i nh\u01b0 c\u00f3 \u0111\u1ed9 s\u00e1ng b\u00f3ng, m\u00e0u s\u1eafc trang nh\u00e3 s\u1ea3n ph\u1ea9m n\u00e0y kh\u00f4ng nh\u1eefng g\u00f3p ph\u1ea7n t\u0103ng th\u00eam s\u1ef1 sang tr\u1ecdng cho c\u1eeda h\u00e0ng m\u00e0 c\u00f2n mang \u0111\u1ebfn nh\u1eefng t\u00e1ch c\u00e0 ph\u00ea \u0111\u1eadm \u0111\u00e0 h\u01b0\u01a1ng v\u1ecb. Ngo\u00e0i ra ch\u1ea5t li\u1ec7u inox kh\u00f4ng g\u1ec9, kh\u00f4ng b\u1ecb m\u00e0i m\u00f2n hay x\u00e2y x\u00e1t trong qu\u00e1 tr\u00ecnh s\u1eed d\u1ee5ng n\u00ean s\u1ea3n ph\u1ea9m v\u1eabn lu\u00f4n gi\u1eef \u0111\u01b0\u1ee3c v\u1ebb \u0111\u1eb9p sau kho\u1ea3ng th\u1eddi gian d\u00e0i s\u1eed d\u1ee5ng.<\/p>\n<p><img decoding=\"async\" class=\"wp-image-23331 aligncenter\" src=\"https:\/\/havamall.com\/wp-content\/uploads\/2021\/11\/200138940_-300x300.png\" alt=\"\" width=\"756\" height=\"756\" \/><\/p>\n<h3><strong>\u0110\u1eb7c \u0111i\u1ec3m n\u1ed5i b\u1eadt c\u1ee7a s\u1ea3n ph\u1ea9m:<\/strong><\/h3>\n<p>&#8211; Th\u1ec3 t\u00edch \u0111\u1ea1t ti\u00eau chu\u1ea9n c\u1ee7a phin 170 ml, s\u1ed1 l\u01b0\u1ee3ng l\u1ed7 tr\u00ean th\u00e2n phin, \u0111\u0129a phin b\u1eb1ng nhau v\u00e0 ph\u00e2n b\u1ed5 \u0111\u1ed3ng \u0111\u1ec1u \u0111\u1ec3 c\u00e0 ph\u00ea c\u00f3 th\u1ec3 l\u1ecdc t\u1ed1t h\u01a1n. K\u00edch th\u01b0\u1edbc l\u1ed7 t\u01b0\u01a1ng th\u00edch v\u1edbi k\u00edch th\u01b0\u1edbc h\u1ea1t cafe xay, \u0111\u1ea1t ti\u00eau chu\u1ea9n 50-60 gi\u1ecdt cafe\/1 ph\u00fat.<\/p>\n<p>\u2013 L\u1ed7 tr\u00ean th\u00e2n g\u00e0i c\u0169ng \u0111\u01b0\u1ee3c ph\u00e2n b\u1ed5 \u0111\u1ed3ng \u0111\u1ec1u v\u00e0 c\u00f3 m\u1eadt \u0111\u1ed9 d\u00e0y h\u01a1n m\u1eadt \u0111\u1ed9 l\u1ed7 tr\u00ean th\u00e2n phin v\u00e0 \u0111\u0129a phin \u0111\u1ec3 n\u01b0\u1edbc th\u1ea5m xu\u1ed1ng c\u00e0 ph\u00ea t\u1ed1t h\u01a1n.<\/p>\n<p>\u2013 C\u00f3 v\u1ea1ch m\u1ee9c trong th\u00e2n phin \u0111\u1ec3 \u0111\u1ecbnh l\u01b0\u1ee3ng 25gr c\u00e0 ph\u00ea \/ t\u00e1ch.<\/p>\n<p><img loading=\"lazy\" decoding=\"async\" class=\"wp-image-23332 aligncenter\" src=\"https:\/\/havamall.com\/wp-content\/uploads\/2021\/11\/197246775_-300x300.png\" alt=\"\" width=\"756\" height=\"756\" \/><\/p>\n<h3><strong>H\u01b0\u1edbng d\u1eabn s\u1eed d\u1ee5ng:<\/strong><\/h3>\n<p>&gt; B\u01b0\u1edbc 1: Tr\u01b0\u1edbc khi pha, ch\u00fang ta tr\u00e1ng phin c\u00e0 ph\u00ea qua n\u01b0\u1edbc n\u00f3ng \u0111\u1ec3 \u0111\u1ea3m b\u1ea3o \u0111\u1ee7 l\u01b0\u1ee3ng nhi\u1ec7t h\u1ea5p th\u1ee5 \u0111\u1ec1u cho c\u00e0 ph\u00ea \u0111\u01b0\u1ee3c th\u01a1m ngon<\/p>\n<p>&gt; B\u01b0\u1edbc 2: cho 8 ho\u1eb7c 15g c\u00e0 ph\u00ea b\u1ed9t cho v\u00e0o phin. V\u1edbi c\u00e0 ph\u00ea nguy\u00ean ch\u1ea5t, nh\u1eefng b\u1ea1n th\u00edch u\u1ed1ng c\u00e0 ph\u00ea \u0111\u1eadm th\u01b0\u1eddng n\u00ean cho c\u00e0 ph\u00ea ch\u1eebng n\u1eeda phin.<\/p>\n<p>&gt; B\u01b0\u1edbc 3: Ch\u1ebf m\u1ed9t \u00edt n\u01b0\u1edbc s\u00f4i v\u00e0o phin \u0111\u1ee7 cho c\u00e0 ph\u00ea trong phin n\u00f3ng l\u00ean v\u00e0 n\u1edf ra, ch\u1edd m\u1ed9t l\u00e1t cho n\u01b0\u1edbc s\u00f4i th\u1ea5m h\u1ebft v\u00e0o c\u00e0 ph\u00ea.<\/p>\n<p>&gt; B\u01b0\u1edbc 4: Sau \u0111\u00f3 ch\u1ebf ti\u1ebfp n\u01b0\u1edbc s\u00f4i v\u00e0o phin, c\u00e0 ph\u00ea nguy\u00ean ch\u1ea5t g\u1eb7p n\u01b0\u1edbc s\u00f4i s\u1ebd n\u1edf bung. \u0110\u1eady n\u1eafp phin l\u1ea1i v\u00e0 b\u1ea1n s\u1ebd c\u00f3 1 ly c\u00e0 ph\u00ea th\u01a1m ngon nguy\u00ean ch\u1ea5t.<\/p>\n<p><img loading=\"lazy\" decoding=\"async\" class=\"wp-image-23333 aligncenter\" src=\"https:\/\/havamall.com\/wp-content\/uploads\/2021\/11\/101541770_7232-300x300.png\" alt=\"\" width=\"766\" height=\"766\" \/><\/p>","protected":false},"excerpt":{"rendered":"<p>Phin pha c\u00e0 ph\u00ea Alamb\u00e9 \u0111\u01b0\u1ee3c l\u00e0m t\u1eeb inox cao c\u1ea5p n\u00ean s\u1edf h\u1eefu \u0111\u1ed9 b\u1ec1n cao, ch\u1ecbu nhi\u1ec7t t\u1ed1t<\/p>","protected":false},"featured_media":23334,"comment_status":"open","ping_status":"closed","template":"","meta":[],"product_brand":[],"product_cat":[393,35],"product_tag":[],"class_list":{"0":"post-23324","1":"product","2":"type-product","3":"status-publish","4":"has-post-thumbnail","6":"product_cat-bep-phong-an","7":"product_cat-nha-cua-doi-song","8":"pa_brand-alambe","10":"first","11":"instock","12":"sale","13":"shipping-taxable","14":"purchasable","15":"product-type-simple"},"_links":{"self":[{"href":"https:\/\/havamall.com\/en\/wp-json\/wp\/v2\/product\/23324","targetHints":{"allow":["GET"]}}],"collection":[{"href":"https:\/\/havamall.com\/en\/wp-json\/wp\/v2\/product"}],"about":[{"href":"https:\/\/havamall.com\/en\/wp-json\/wp\/v2\/types\/product"}],"replies":[{"embeddable":true,"href":"https:\/\/havamall.com\/en\/wp-json\/wp\/v2\/comments?post=23324"}],"version-history":[{"count":0,"href":"https:\/\/havamall.com\/en\/wp-json\/wp\/v2\/product\/23324\/revisions"}],"wp:featuredmedia":[{"embeddable":true,"href":"https:\/\/havamall.com\/en\/wp-json\/wp\/v2\/media\/23334"}],"wp:attachment":[{"href":"https:\/\/havamall.com\/en\/wp-json\/wp\/v2\/media?parent=23324"}],"wp:term":[{"taxonomy":"product_brand","embeddable":true,"href":"https:\/\/havamall.com\/en\/wp-json\/wp\/v2\/product_brand?post=23324"},{"taxonomy":"product_cat","embeddable":true,"href":"https:\/\/havamall.com\/en\/wp-json\/wp\/v2\/product_cat?post=23324"},{"taxonomy":"product_tag","embeddable":true,"href":"https:\/\/havamall.com\/en\/wp-json\/wp\/v2\/product_tag?post=23324"}],"curies":[{"name":"wp","href":"https:\/\/api.w.org\/{rel}","templated":true}]}}