{"id":23361,"date":"2021-11-04T14:09:29","date_gmt":"2021-11-04T07:09:29","guid":{"rendered":"https:\/\/havamall.com\/?post_type=product&#038;p=23361"},"modified":"2021-11-19T16:18:02","modified_gmt":"2021-11-19T09:18:02","slug":"combo-qua-y-nghia-danh-tang-thay-co-nhan-ngay-nha-giao-viet-nam-20-11","status":"publish","type":"product","link":"https:\/\/havamall.com\/en\/shop\/combo-qua-y-nghia-danh-tang-thay-co-nhan-ngay-nha-giao-viet-nam-20-11\/","title":{"rendered":"H\u1ed9p Qu\u00e0 &#8221;V\u1ec1 Tr\u01b0\u1eddng&#8221; D\u00e0nh T\u1eb7ng Th\u1ea7y C\u00f4 Nh\u00e2n Ng\u00e0y 20\/11"},"content":{"rendered":"<p>Ng\u00e0y nh\u00e0 gi\u00e1o Vi\u1ec7t Nam l\u00e0 m\u1ed9t ng\u00e0y k\u1ec9 ni\u1ec7m \u0111\u01b0\u1ee3c t\u1ed5 ch\u1ee9c h\u00e0ng n\u0103m v\u00e0o ng\u00e0y 20 th\u00e1ng 11. \u0110\u00e2y l\u00e0 ng\u00e0y l\u1ec5 h\u1ed9i c\u1ee7a ng\u00e0nh gi\u00e1o d\u1ee5c v\u00e0 l\u00e0 ng\u00e0y nh\u00e0 gi\u00e1o, ng\u00e0y \u201ct\u00f4n s\u01b0 tr\u1ecdng \u0111\u1ea1o\u201d.\u00a0Ng\u00e0y 20\/11 h\u0103ng n\u0103m l\u00e0 d\u1ecbp \u0111\u1ec3 c\u00e1c h\u1ecdc tr\u00f2 v\u00e0 c\u00e1c b\u1eadc ph\u1ee5 huynh tri \u00e2n t\u1edbi th\u1ea7y c\u00f4 gi\u00e1o, nh\u1eefng ng\u01b0\u1eddi l\u00e1i con \u0111\u00f2 tri th\u1ee9c. Ch\u00fang ta th\u01b0\u1eddng chu\u1ea9n b\u1ecb m\u00f3n qu\u00e0 th\u1eadt \u00fd ngh\u0129a \u0111\u1ec3 trao t\u1eb7ng th\u1ea7y c\u00f4 gi\u00e1o c\u1ee7a m\u00ecnh.<\/p>\n<p><img fetchpriority=\"high\" decoding=\"async\" class=\"wp-image-23348 aligncenter\" src=\"https:\/\/havamall.com\/wp-content\/uploads\/2021\/11\/cbf9bf5ae46f2c31757e-300x300.jpg\" alt=\"\" width=\"726\" height=\"726\" \/><\/p>\n<p>Ng\u00e0y nh\u00e0 gi\u00e1o Vi\u1ec7t Nam \u0111ag \u0111\u1ebfn r\u1ea5t g\u1ea7n, trong ng\u00e0y 20\/11, ngo\u00e0i vi\u1ec7c b\u00e0y t\u1ecf t\u00ecnh c\u1ea3m b\u1eb1ng l\u1eddi ch\u00fac th\u00f4ng qua nh\u1eefng t\u1ea5m thi\u1ec7p, nh\u1eefng ng\u01b0\u1eddi h\u1ecdc tr\u00f2 c\u0169ng mang \u0111\u1ebfn b\u00f3 hoa t\u01b0\u01a1i v\u00e0 m\u00f3n qu\u00e0 \u00fd ngh\u0129a \u0111\u1ec3 tri \u00e2n c\u00e1c th\u1ea7y c\u00f4.\u00a0Tuy nhi\u00ean vi\u1ec7c l\u1ef1a ch\u1ecdn \u0111\u01b0\u1ee3c m\u1ed9t m\u00f3n qu\u00e0 n\u00e0o \u0111\u00f3 v\u1eeba sang tr\u1ecdng, v\u1eeba thi\u1ebft th\u1ef1c v\u00e0 \u00fd ngh\u0129a\u0111\u1ed1i v\u1edbi gi\u00e1o vi\u00ean c\u0169ng kh\u00f4ng ph\u1ea3i \u0111i\u1ec1u d\u1ec5 d\u00e0ng. Hi\u1ec3u \u0111\u01b0\u1ee3c \u0111i\u1ec1u \u0111\u00f3 nh\u00e0 Havamall \u0111\u00e3 gi\u00fap b\u1ea1n chu\u1ea9n b\u1ecb nh\u1eefng m\u00f3n qu\u00e0 nh\u1ecf nh\u01b0ng v\u00f4 c\u00f9ng \u00fd ngh\u0129a \u0111\u1ec3 tri \u00e2n th\u1ea7y c\u00f4 trong ng\u00e0y quan tr\u1ecdng n\u00e0y.<\/p>\n<p><img decoding=\"async\" class=\"wp-image-23363 aligncenter\" src=\"https:\/\/havamall.com\/wp-content\/uploads\/2021\/11\/db3da99ef2ab3af563ba-300x227.jpg\" alt=\"\" width=\"731\" height=\"553\" \/><\/p>\n<h5><strong><em>Combo qu\u00e0 t\u1eb7ng tri \u00e2n th\u1ea7y c\u00f4 nh\u00e0 Havamall bao g\u1ed3m:<\/em><\/strong><\/h5>\n<h3 class=\"product_title entry-title\"><strong>\u25aa\ufe0f\u00a0T\u00e1o S\u1ea5y Gi\u00f2n M\u1eadt Ong DJ&amp;A \u2013 Crispy Baked Apple slices With Honey 30G<\/strong><\/h3>\n<p><span style=\"font-weight: 400\">T\u00e1o s\u1ea5y gi\u00f2n m\u1eadt ong l\u00e0 m\u1ed9t trong nh\u1eefng s\u1ea3n ph\u1ea9m n\u1ed5i ti\u1ebfng c\u1ee7a DJ&amp;A \u0111\u01b0\u1ee3c ch\u1ebf bi\u1ebfn t\u1eeb t\u00e1o t\u01b0\u01a1i, t\u1ea9m m\u1eadt ong v\u00e0 s\u1ea5y kh\u00f4, t\u00e1o s\u1ebd c\u00f3 v\u1ecb chua ng\u1ecdt \u0111\u1eb7c tr\u01b0ng k\u1ebft h\u1ee3p v\u1edbi \u0111\u1ed9 gi\u00f2n mang l\u1ea1i h\u01b0\u01a1ng v\u1ecb th\u01a1m ngon. T\u00e1o l\u00e0 m\u1ed9t trong nh\u1eefng lo\u1ea1i th\u1ef1c ph\u1ea9m v\u00f4 c\u00f9ng t\u1ed1t cho s\u1ee9c kh\u1ecfe, c\u00f3 nhi\u1ec1u vitamin, ch\u1ea5t x\u01a1, kho\u00e1ng ch\u1ea5t, protein, kali&#8230;T\u00e1o s\u1ea5y kh\u00f4 \u0111\u01b0\u1ee3c lo\u1ea1i b\u1ecf ph\u1ea7n n\u01b0\u1edbc gi\u00fap c\u00f4 \u0111\u1eb7c d\u01b0\u1ee1ng ch\u1ea5t b\u1ed5 sung v\u00e0o c\u01a1 th\u1ec3 l\u00e0 m\u00f3n \u0103n v\u1eb7t c\u00f3 th\u1ec3 s\u1eed d\u1ee5ng m\u1ecdi l\u00fac m\u1ecdi n\u01a1i.\u00a0<\/span><\/p>\n<p><img decoding=\"async\" class=\"wp-image-19029 aligncenter\" src=\"https:\/\/havamall.com\/wp-content\/uploads\/2021\/03\/156520128_785770195368784_2321120744385271799_o-300x200.png\" alt=\"\" width=\"727\" height=\"484\" \/><\/p>\n<p><span style=\"font-weight: 400\">\u0110\u01b0\u1ee3c t\u1ea1o n\u00ean t\u1eeb nh\u1eefng qu\u1ea3 t\u00e1o thu\u1ea7n ch\u1ee7ng tr\u1ed3ng theo m\u00f4 h\u00ecnh s\u1ea1ch organic t\u1ea1i \u00dac v\u00e0 s\u1ea5y l\u1ea1nh b\u1eb1ng c\u00f4ng ngh\u1ec7 Freeze Dried DJ&amp;A.\u00a0<\/span><span style=\"font-weight: 400\">S\u1ea3n ph\u1ea9m \u0111\u1ea3m b\u1ea3o v\u1eabn gi\u1eef \u0111\u01b0\u1ee3c \u0111\u1ed9 gi\u00f2n, ng\u1ecdt m\u00e0 kh\u00f4ng m\u1ea5t \u0111i c\u00e1c d\u01b0\u1ee1ng ch\u1ea5t c\u00f3 l\u1ee3i cho s\u1ee9c kh\u1ecfe. S\u1ea3n ph\u1ea9m ho\u00e0n to\u00e0n t\u1ef1 nhi\u00ean th\u00e2n thi\u1ec7n v\u1edbi ng\u01b0\u1eddi \u0103n chay v\u00e0 l\u00e0 ngu\u1ed3n cung c\u1ea5p ch\u1ea5t x\u01a1.<br \/>\n<\/span><\/p>\n<p><img loading=\"lazy\" decoding=\"async\" class=\"aligncenter\" src=\"https:\/\/havamall.com\/wp-content\/uploads\/2021\/03\/baked-apple-chips.jpg\" alt=\"Baked Apple Chips | Carilion Clinic Living\" width=\"722\" height=\"481\" \/><\/p>\n<p><span style=\"font-weight: 400\">T\u00e1o ch\u1ee9a vitamin A, E, B1, B2, B6 v\u00e0 ch\u1ea5t ch\u1ed1ng oxy ho\u00e1 t\u1ed1t cho s\u1ee9c kh\u1ecfe. M\u1eadt ong \u00dac n\u1ed5i ti\u1ebfng b\u1edfi nh\u1eefng t\u00e1c d\u1ee5ng t\u1ed1t \u0111\u1ed1i v\u1edbi s\u1ee9c kh\u1ecfe v\u00e0 \u0111\u1eb7c bi\u1ec7t \u0111\u01b0\u1ee3c c\u00f4ng nh\u1eadn tr\u00ean to\u00e0n th\u1ebf gi\u1edbi b\u1edfi thu\u1ed9c t\u00ednh kh\u00e1ng khu\u1ea9n \u0111\u1ed9c \u0111\u00e1o. Ch\u00ednh v\u00ec v\u1eady s\u1ef1 k\u1ebft h\u1ee3p n\u00e0y s\u1ebd mang \u0111\u1ebfn cho b\u1ea1n m\u1ed9t h\u01b0\u01a1ng v\u1ecb v\u00f4 c\u00f9ng t\u01b0\u01a1i ngon &amp; ho\u00e0n h\u1ea3o.<\/span><\/p>\n<p><img loading=\"lazy\" decoding=\"async\" class=\"wp-image-19030 aligncenter\" src=\"https:\/\/havamall.com\/wp-content\/uploads\/2021\/03\/158576312_787780348501102_3037126672120006331_o-300x300.png\" alt=\"\" width=\"718\" height=\"718\" \/><\/p>\n<h3 class=\"product_title entry-title\"><strong>\u25aa\ufe0f\u00a0R\u01b0\u1ee3u Soju H\u01b0\u01a1ng V\u1ecb Nho Xanh Jinro 360ml \u2013 Jinro Green Grape Soju<\/strong><\/h3>\n<p>Soju c\u00f3 ngu\u1ed3n g\u1ed1c t\u1eeb H\u00e0n Qu\u1ed1c, n\u01a1i \u0111\u1ea7u ti\u00ean \u0111\u01b0\u1ee3c ch\u01b0ng c\u1ea5t v\u00e0o kho\u1ea3ng th\u1ebf k\u1ef7 14. Sau nhi\u1ec1u mong \u0111\u1ee3i c\u1ee7a m\u1ecdi ng\u01b0\u1eddi nh\u1ea5t l\u00e0 ch\u1ecb em ph\u1ee5 n\u1eef th\u00ec d\u00f2ng soju v\u1ecb nho Green Grape c\u1ee7a Jinro cho ra m\u1eaft g\u1ea7n \u0111\u00e2y v\u1edbi h\u01b0\u01a1ng th\u01a1m d\u1ecbu d\u00e0ng. Sochu hoa qu\u1ea3 v\u1ecb nho n\u00e0y \u0111\u00e3 nhanh ch\u00f3ng chi\u1ebfm \u0111\u01b0\u1ee3c c\u1ea3m t\u00ecnh c\u1ee7a th\u1ef1c kh\u00e1ch.<\/p>\n<p>R\u01b0\u1ee3u soju nho Green Grape \u0111\u01b0\u1ee3c ph\u00e1t ph\u00e1t tri\u1ec3n t\u1eeb Soju Jinro truy\u1ec1n th\u1ed1ng d\u1ef1a tr\u00ean d\u1ea1ng cocktail tr\u00e1i nho xanh tuy\u1ec7t v\u1eddi.R\u01b0\u1ee3u soju kh\u00f4ng gi\u1ed1ng nh\u01b0 vodka, soju c\u00f3 m\u1ed9t g\u1ee3i \u00fd t\u1ef1 nhi\u00ean c\u1ee7a c\u00e1c ch\u1ea5t th\u1ef1c v\u1eadt c\u00f3 th\u1ec3 l\u00e0m cho m\u1ed9t h\u01b0\u01a1ng v\u1ecb m\u01b0\u1ee3t m\u00e0 h\u01a1n vodka, m\u00e0 \u0111\u00f4i khi c\u00f3 th\u1ec3 \u0111i ra nh\u01b0 kh\u1eafc nghi\u1ec7t \u1edf cu\u1ed1i.<\/p>\n<p><img loading=\"lazy\" decoding=\"async\" class=\"wp-image-23355 aligncenter\" src=\"https:\/\/havamall.com\/wp-content\/uploads\/2021\/11\/121096627-300x300.png\" alt=\"\" width=\"716\" height=\"716\" \/><\/p>\n<p>R\u01b0\u1ee3u sochu v\u1ecb nho v\u1edbi h\u00e0m l\u01b0\u1ee3ng c\u1ed3n r\u1ea5t nh\u1eb9 ch\u1ec9 l\u00e0 13%, sochu nho c\u00f3 h\u01b0\u01a1ng v\u1ecb tr\u00e1i nho t\u01b0\u01a1i m\u00e1t v\u00e0 t\u01b0\u01a1i m\u1edbi c\u00f3 th\u1ec3 n\u1eafm b\u1eaft \u0111\u01b0\u1ee3c tr\u00e1i tim c\u1ee7a b\u1ea1n.<\/p>\n<p>Lo\u1ea1i r\u01b0\u1ee3u tr\u1eafng n\u00e0y th\u01b0\u1eddng \u0111\u01b0\u1ee3c c\u00e1c ch\u1ecb em ph\u1ee5 n\u1eef y\u00eau th\u00edch, b\u1edfi v\u1eeba l\u00e0 m\u00f9i r\u01b0\u1ee3u g\u1ea1o c\u1ed5 \u0111i\u1ec3n nh\u01b0ng \u0111\u1ed3ng th\u1eddi c\u0169ng kh\u00e1 hi\u1ec7n \u0111\u1ea1i khi \u0111\u01b0\u1ee3c b\u1ed5 sung v\u00e0o \u0111\u00f3 nh\u1eefng m\u00f9i v\u1ecb tr\u00e1i c\u00e2y h\u1ea5p d\u1eabn.<\/p>\n<p><img loading=\"lazy\" decoding=\"async\" class=\"wp-image-23356 aligncenter\" src=\"https:\/\/havamall.com\/wp-content\/uploads\/2021\/11\/0001-300x200.png\" alt=\"\" width=\"711\" height=\"474\" \/><\/p>\n<h3 class=\"product_title entry-title\"><strong>\u25aa\ufe0f\u00a0H\u1ea1t Chia H\u1eefu C\u01a1 200g Diet Food \u2013 Super Grain Organic Chia Seed<\/strong><\/h3>\n<div class=\"o9v6fnle cxmmr5t8 oygrvhab hcukyx3x c1et5uql ii04i59q\">\n<div class=\"o9v6fnle cxmmr5t8 oygrvhab hcukyx3x c1et5uql ii04i59q\">\n<p dir=\"auto\">H\u1ea1t Chia c\u00f3 k\u00edch th\u01b0\u1edbc nh\u1ecf, h\u00ecnh b\u1ea7u d\u1ee5c, v\u1ecb nh\u1ea1t, m\u00e0u s\u1eafc ch\u1ee7 y\u1ebfu l\u00e0 tr\u1eafng x\u00e1m, \u0111en. H\u1ea1t lanh ph\u1eb3ng h\u01a1n v\u00e0 to h\u01a1n h\u1ea1t chia m\u1ed9t ch\u00fat, c\u00f3 h\u01b0\u01a1ng v\u1ecb nh\u1eb9 h\u01a1n. C\u1ea3 hai lo\u1ea1i h\u1ea1t \u0111\u1ec1u c\u00f3 th\u1ec3 d\u1ec5 d\u00e0ng k\u1ebft h\u1ee3p v\u1edbi c\u00e1c nguy\u00ean li\u1ec7u kh\u00e1c t\u1ea1o th\u00e0nh m\u00f3n \u0103n ho\u00e0n ch\u1ec9nh v\u00e0 gi\u00e0u dinh d\u01b0\u1ee1ng.<\/p>\n<\/div>\n<p dir=\"auto\">H\u1ea1t Chia \u0111\u01b0\u1ee3c bi\u1ebft \u0111\u1ebfn v\u1edbi nhi\u1ec1u l\u1ee3i \u00edch cho s\u1ee9c kh\u1ecfe, mang l\u1ea1i m\u1ed9t l\u01b0\u1ee3ng ch\u1ea5t x\u01a1 v\u00e0 protein d\u1ed3i d\u00e0o trong m\u1ed7i kh\u1ea9u ph\u1ea7n \u0103n. Ch\u00fang c\u0169ng l\u00e0 ngu\u1ed3n cung c\u1ea5p axit b\u00e9o ALA omega-3 c\u00f3 ngu\u1ed3n g\u1ed1c th\u1ef1c v\u1eadt tuy\u1ec7t v\u1eddi.<\/p>\n<p dir=\"auto\"><img loading=\"lazy\" decoding=\"async\" class=\"wp-image-22821 aligncenter\" src=\"https:\/\/havamall.com\/wp-content\/uploads\/2021\/10\/h\u1ea1t-chia-3-300x171.png\" alt=\"\" width=\"727\" height=\"415\" \/><\/p>\n<\/div>\n<div dir=\"auto\">Ch\u1ec9 c\u1ea7n m\u1ed9t mu\u1ed7ng canh (28 gram) h\u1ea1t Chia c\u00f3 th\u1ec3 \u0111\u00e1p \u1ee9ng v\u00e0 v\u01b0\u1ee3t qu\u00e1 l\u01b0\u1ee3ng axit b\u00e9o omega-3 \u0111\u01b0\u1ee3c khuy\u1ebfn ngh\u1ecb h\u00e0ng ng\u00e0y c\u1ee7a b\u1ea1n, cung c\u1ea5p m\u1ed9t con s\u1ed1 kh\u1ed5ng l\u1ed3 4.915 mg<\/div>\n<div dir=\"auto\">H\u1ea1t Chia c\u00f3 th\u1ec3 s\u1eed d\u1ee5ng cho b\u00e9 khi con b\u1ea1n s\u1eb5n s\u00e0ng b\u1eaft \u0111\u1ea7u \u0103n d\u1eb7m, n\u00f3i chung l\u00e0 kho\u1ea3ng t\u1eeb 6 th\u00e1ng tu\u1ed5i. H\u1ea1t Chia c\u0169ng l\u00e0 m\u1ed9t ngu\u1ed3n cung c\u1ea5p protein ho\u00e0n ch\u1ec9nh v\u00e0 ch\u1ee9a nhi\u1ec1u ch\u1ea5t x\u01a1 h\u00f2a tan. , gi\u00fap \u0111a d\u1ea1ng h\u00f3a h\u1ec7 vi sinh v\u1eadt v\u00e0 h\u1ed7 tr\u1ee3 ch\u1ee9c n\u0103ng ru\u1ed9t c\u1ee7a b\u00e9.<\/div>\n<div dir=\"auto\"><img loading=\"lazy\" decoding=\"async\" class=\"wp-image-22827 aligncenter\" src=\"https:\/\/havamall.com\/wp-content\/uploads\/2021\/10\/181550074_-300x300.png\" alt=\"\" width=\"729\" height=\"729\" \/><\/div>\n<p dir=\"auto\">Tr\u00ean th\u1ef1c t\u1ebf, h\u1ea1t Chia l\u00e0 ngu\u1ed3n th\u1ef1c v\u1eadt gi\u00e0u axit b\u00e9o omega-3 nh\u1ea5t, gi\u00fap ph\u00e1t tri\u1ec3n tr\u00ed n\u00e3o c\u1ee7a b\u00e9. Ngo\u00e0i t\u1ea5t c\u1ea3 ch\u1ea5t x\u01a1 v\u00e0 protein, h\u1ea1t chia cung c\u1ea5p vitamin K cho m\u00e1u kh\u1ecfe m\u1ea1nh c\u00f9ng v\u1edbi s\u1eaft, magi\u00ea, mangan, ph\u1ed1t pho, selen v\u00e0 vitamin B6, h\u1ed7 tr\u1ee3 s\u1ef1 ph\u00e1t tri\u1ec3n c\u1ee7a n\u00e3o, ch\u1ee9c n\u0103ng mi\u1ec5n d\u1ecbch v\u00e0 h\u01a1n 100 ph\u1ea3n \u1ee9ng trao \u0111\u1ed5i ch\u1ea5t trong c\u01a1 th\u1ec3 c\u1ee7a b\u00e9<\/p>\n<p dir=\"auto\">H\u1ea1t Chia c\u0169ng ch\u1ee9a h\u00e0m l\u01b0\u1ee3ng \u0111\u00e1ng k\u1ec3 vitamin B3 gi\u00fap chuy\u1ec3n h\u00f3a n\u0103ng l\u01b0\u1ee3ng v\u00e0 ch\u1ea5t b\u00e9o, canxi cho x\u01b0\u01a1ng kh\u1ecfe m\u1ea1nh v\u00e0 k\u1ebdm cho ch\u1ee9c n\u0103ng mi\u1ec5n d\u1ecbch.<\/p>\n<p dir=\"auto\"><img loading=\"lazy\" decoding=\"async\" class=\"wp-image-23202 aligncenter\" src=\"https:\/\/havamall.com\/wp-content\/uploads\/2021\/11\/178006358-300x200.png\" alt=\"\" width=\"740\" height=\"493\" \/><\/p>\n<div dir=\"auto\">\n<h4><strong>C\u00f4ng d\u1ee5ng c\u1ee7a h\u1ea1t Chia:<\/strong><\/h4>\n<p>&gt; Ki\u1ec3m so\u00e1t cao huy\u1ebft \u00e1p v\u00e0 ti\u1ec3u \u0111\u01b0\u1eddng<\/p>\n<p>&gt; Gi\u1ea3m nguy c\u01a1 b\u1ec7nh tim m\u1ea1ch<\/p>\n<p>&gt; Gi\u1ea3m c\u00e2n hi\u1ec7u qu\u1ea3<\/p>\n<p>&gt; H\u1ed5 tr\u1ee3 \u0111i\u1ec1u tr\u1ecb t\u00e1o b\u00f3n<\/p>\n<p>&gt; Tr\u00e1nh c\u00e1c ch\u1eebng b\u1ec7nh \u0111\u01b0\u1eddng ru\u1ed9t v\u00e0 ph\u00f2ng ung th\u01b0 ru\u1ed9t gi\u00e0<\/p>\n<p>&gt; T\u0103ng c\u01b0\u1eddng n\u0103ng l\u01b0\u1ee3ng khi ch\u01a1i th\u1ec3 thao<\/p>\n<p>&gt; L\u00e0m l\u00e0n da m\u01b0\u1ee3t m\u00e0, t\u00f3c v\u00e0 m\u00f3ng tay kh\u1ecfe m\u1ea1nh<\/p>\n<p><img loading=\"lazy\" decoding=\"async\" class=\"wp-image-22824 aligncenter\" src=\"https:\/\/havamall.com\/wp-content\/uploads\/2021\/10\/h\u1ea1t-chia-1-300x199.png\" alt=\"\" width=\"742\" height=\"493\" \/><\/p>\n<h3 class=\"product_title entry-title\"><strong>\u25aa\ufe0f\u00a0C\u00e0 Ph\u00ea Rang Xay Kon Tum Alamb\u00e9 \u2013 Roast &amp; Ground Coffee<\/strong><\/h3>\n<p>C\u00e0 ph\u00ea Kon Tum ALAMB\u00c9 \u0111\u01b0\u1ee3c l\u00e0m t\u1eeb nh\u1eefng h\u1ea1t c\u00e0 ph\u00ea Robusta \u0111\u01b0\u1ee3c thu mua tr\u1ef1c ti\u1ebfp t\u1eeb n\u00f4ng d\u00e2n \u1edf Kon Tum. Tr\u00e1i c\u00e0 ph\u00ea sau khi thu ho\u1ea1ch s\u1ebd \u0111\u01b0\u1ee3c lo\u1ea1i b\u1ecf l\u1edbp v\u1ecf b\u00ean ngo\u00e0i nh\u01b0ng gi\u1eef l\u1ea1i l\u1edbp ch\u1ea5t nh\u1ea7y sau \u0111\u00f3 ph\u01a1i d\u01b0\u1edbi \u00e1nh s\u00e1ng m\u1eb7t tr\u1eddi, l\u1edbp ch\u1ea5t nh\u1ea7y trong qu\u00e1 tr\u00ecnh ph\u01a1i s\u1ebd th\u1ea5m v\u00e0o b\u00ean trong h\u1ea1t nh\u00e2n, gi\u00fap c\u00e0 ph\u00ea c\u00f3 v\u1ecb ng\u1ecdt h\u01a1n nh\u1eefng ph\u01b0\u01a1ng ph\u00e1p s\u01a1 ch\u1ebf th\u00f4ng th\u01b0\u1eddng kh\u00e1c. S\u1ef1 c\u1ea9n tr\u1ecdng trong t\u1eebng m\u1ebb rang s\u1ebd gi\u00fap c\u00e0 ph\u00ea Kon Tum c\u1ee7a\u00a0ALAMB\u00c9\u00a0\u0111\u1ea1t \u0111\u01b0\u1ee3c ch\u1ea5t l\u01b0\u1ee3ng t\u1ed1t nh\u1ea5t, ph\u00f9 h\u1ee3p v\u1edbi th\u1ee9c u\u1ed1ng Latte v\u00e0 Cappuccino. B\u00ean c\u1ea1nh \u0111\u00f3, b\u1ea1n c\u0169ng c\u00f3 th\u1ec3 kh\u00e1m ph\u00e1 s\u1ef1 kh\u00e1c bi\u1ec7t \u0111\u00e1ng ng\u1ea1c nhi\u00ean trong h\u01b0\u01a1ng v\u1ecb v\u1edbi m\u1ed9t t\u00e1ch ki\u1ec3u Americano ho\u1eb7c Cafe cr\u00e8me.<\/p>\n<p><img loading=\"lazy\" decoding=\"async\" class=\"wp-image-23156 aligncenter\" src=\"https:\/\/havamall.com\/wp-content\/uploads\/2021\/10\/kon-tum-300x300.png\" alt=\"\" width=\"740\" height=\"740\" \/><\/p>\n<p>M\u1ed9t t\u00e1ch c\u00e0 ph\u00ea th\u01a1m ng\u00e0o ng\u1ea1t, ph\u1ea3ng ph\u1ea5t l\u00e0 m\u00f3n qu\u00e0 t\u1ef1 th\u01b0\u1edfng tuy\u1ec7t v\u1eddi nh\u1ea5t cho nh\u1eefng ai m\u00ea \u0111\u1eafm tinh ch\u1ea5t nguy\u00ean b\u1ea3n nh\u1ea5t c\u1ee7a c\u00e0 ph\u00ea. T\u1eebng h\u1ea1t c\u00e0 ph\u00ea t\u1ea1i\u00a0ALAMB\u00c9 \u2013\u00a0Finest Vietnamese Coffee\u00a0\u0111\u1ec1u ph\u1ea3i v\u01b0\u1ee3t qua nh\u1eefng &#8220;th\u1eed th\u00e1ch&#8221; ch\u1eb7t ch\u1ebd v\u1ec1 ch\u1ea5t l\u01b0\u1ee3ng gieo tr\u1ed3ng, vun d\u01b0\u1ee1ng \u0111\u1ec3 ch\u1eaft l\u1ecdc ra nh\u1eefng gi\u1ecdt c\u00e0 ph\u00ea tinh ch\u1ea5t v\u00e0 nguy\u00ean b\u1ea3n nh\u1ea5t. S\u1ea3n ph\u1ea9m\u00a0ALAMB\u00c9 Kon Tum mang \u0111\u1ebfn v\u1ecb chua thanh, ng\u1ecdt nh\u1eb9 v\u00e0 ph\u1ea3ng ph\u1ea5t ch\u00fat h\u01b0\u01a1ng caramel.<\/p>\n<p><img loading=\"lazy\" decoding=\"async\" class=\"wp-image-23157 aligncenter\" src=\"https:\/\/havamall.com\/wp-content\/uploads\/2021\/10\/kon-tum-1-300x300.png\" alt=\"\" width=\"747\" height=\"747\" \/><\/p>\n<h3 class=\"product_title entry-title\"><strong>\u25aa\ufe0f\u00a0B\u1ed9t Cacao Nguy\u00ean Ch\u1ea5t H\u1eefu C\u01a1 T\u00e1ch B\u00e9o Kaoka \u2013 Organic Fair Trade Low Fat Cocoa Powder 250g<\/strong><\/h3>\n<p><span style=\"font-weight: 400\">Cacao kh\u00f4ng ch\u1ec9 \u0111\u01a1n thu\u1ea7n l\u00e0 m\u1ed9t th\u1ef1c ph\u1ea9m \u0111\u01b0\u1ee3c v\u00ed l\u00e0 dinh d\u01b0\u1ee1ng h\u1ea1nh ph\u00fac. N\u00f3 c\u00f3 m\u1ed9t l\u01b0\u1ee3ng ch\u1ea5t ch\u1ed1ng oxy h\u00f3a v\u00e0 kho\u00e1ng ch\u1ea5t phi th\u01b0\u1eddng c\u00f3 th\u1ec3 gi\u1eef cho ch\u00fang ta kh\u1ecfe m\u1ea1nh.\u00a0\u0110\u01b0\u1ee3c m\u1ec7nh danh l\u00e0 &#8220;th\u1ef1c ph\u1ea9m c\u1ee7a Ch\u00faa&#8221;, b\u1edfi cacao c\u00f3 ch\u1ee9a h\u00e0m l\u01b0\u1ee3ng magi\u00ea v\u00e0 ch\u1ea5t ch\u1ed1ng oxy ho\u00e1 cao h\u01a1n b\u1ea5t k\u00ec lo\u1ea1i th\u1ef1c ph\u1ea9m n\u00e0o kh\u00e1c.<\/span><\/p>\n<p><img loading=\"lazy\" decoding=\"async\" class=\"wp-image-21418 aligncenter\" src=\"https:\/\/havamall.com\/wp-content\/uploads\/2021\/08\/hku-235x300.png\" alt=\"\" width=\"734\" height=\"937\" \/><\/p>\n<p><span style=\"font-weight: 400\">Cacao c\u00f3 ch\u1ee9a h\u00e0m l\u01b0\u1ee3ng ch\u1ea5t \u0111\u1ea1m, ch\u1ea5t b\u00e9o, carbohydrate, ch\u1ea5t x\u01a1, s\u1eaft, k\u1ebdm, \u0111\u1ed3ng, canxi, magi\u00ea, v\u00e0 l\u01b0u hu\u1ef3nh. C\u00e1c th\u00e0nh ph\u1ea7n ho\u00e1 h\u1ecdc b\u1ed5 sung kh\u00e1c bao g\u1ed3m ch\u1ea5t ch\u1ed1ng oxy ho\u00e1 v\u00e0 c\u00e1c h\u1ee3p ch\u1ea5t phenylethylamine v\u00e0 anandamide. T\u1ea5t c\u1ea3 \u0111\u1ec1u \u0111\u00f3ng vai tr\u00f2 quan tr\u1ecdng trong vi\u1ec7c c\u1ea3i thi\u1ec7n s\u1ee9c kho\u1ebb con ng\u01b0\u1eddi v\u00e0 khi\u1ebfn ch\u00fang ta c\u1ea3m th\u1ea5y tho\u1ea3i m\u00e1i h\u01a1n, t\u00e1c \u0111\u1ed9ng l\u00ean huy\u1ebft \u00e1p v\u00e0 l\u01b0\u1ee3ng \u0111\u01b0\u1eddng trong m\u00e1u khi\u1ebfn c\u01a1 th\u1ec3 c\u00f3 c\u1ea3m gi\u00e1c ph\u1ea5n kh\u00edch v\u00e0 tho\u1ea3i m\u00e1i, ch\u00ednh nh\u1edd c\u00f4ng d\u1ee5ng n\u00e0y m\u00e0 ch\u00fang \u0111\u01b0\u1ee3c bi\u1ebft t\u1edbi l\u00e0 lo\u1ea1i th\u1ef1c ph\u1ea9m khi\u1ebfn con ng\u01b0\u1eddi h\u1ea1nh ph\u00fac.<\/span><\/p>\n<p><img loading=\"lazy\" decoding=\"async\" class=\"wp-image-21419 aligncenter\" src=\"https:\/\/havamall.com\/wp-content\/uploads\/2021\/08\/mbvj-300x211.png\" alt=\"\" width=\"733\" height=\"516\" \/><\/p>\n<p><span style=\"font-weight: 400\">Cacao \u0111\u01b0\u1ee3c tuy\u1ec3n ch\u1ecdn v\u00e0 thu ho\u1ea1ch theo quy tr\u00ecnh nghi\u00eam ng\u1eb7t, \u0111\u1ea3m b\u1ea3o gi\u1eef \u0111\u01b0\u1ee3c h\u01b0\u01a1ng v\u1ecb tr\u1ecdn v\u1eb9n nh\u1ea5t, \u0111\u1ed3ng th\u1eddi mang \u0111\u1ebfn nh\u1eefng l\u1ee3i \u00edch v\u1ec1 s\u1ee9c kho\u1ebb con ng\u01b0\u1eddi.<\/span><\/p>\n<p><span style=\"font-weight: 400\">B\u1ed9t cacao h\u1eefu c\u01a1 Kaoka ch\u00ednh l\u00e0 l\u1ef1a ch\u1ecdn cho c\u00e1c b\u1ea1n c\u1ea7n b\u1ed5 sung n\u0103ng l\u01b0\u1ee3ng NHANH &#8211; G\u1eccN m\u1ed7i bu\u1ed5i s\u00e1ng b\u1eadn r\u1ed9n hay tr\u01b0\u1edbc khi t\u1eadp gym, ch\u01a1i th\u1ec3 thao.<\/span><\/p>\n<p><img loading=\"lazy\" decoding=\"async\" class=\"wp-image-21420 aligncenter\" src=\"https:\/\/havamall.com\/wp-content\/uploads\/2021\/08\/\u1ee5y-245x300.png\" alt=\"\" width=\"735\" height=\"900\" \/><\/p>\n<p>Havamall \u0111\u00e3 gi\u1edbi thi\u1ec7u\u00a0t\u1edbi\u00a0c\u00e1c\u00a0b\u1ea1n m\u1ed9t set qu\u00e0 \u00fd ngh\u0129a d\u00e0nh t\u1eb7ng\u00a0\u0111\u1ebfn\u00a0th\u1ea7y c\u00f4. Hy v\u1ecdng b\u1ea1n c\u00f3 th\u00eam nhi\u1ec1u s\u1ef1\u00a0l\u1ef1a\u00a0\u00a0ch\u1ecdn\u00a0\u00a0\u0111\u1ed9c \u0111\u00e1o, m\u1edbi l\u1ea1 \u0111\u1ec3 tri \u00e2n\u00a0t\u1edbi\u00a0nh\u1eefng\u00a0ng\u01b0\u1eddi th\u1ea7y, ng\u01b0\u1eddi c\u00f4 c\u1ee7a m\u00ecnh.<\/p>\n<\/div>","protected":false},"excerpt":{"rendered":"<p>Ng\u00e0y nh\u00e0 gi\u00e1o Vi\u1ec7t Nam l\u00e0 m\u1ed9t ng\u00e0y k\u1ec9 ni\u1ec7m \u0111\u01b0\u1ee3c t\u1ed5 ch\u1ee9c h\u00e0ng n\u0103m v\u00e0o ng\u00e0y 20 th\u00e1ng 11.<\/p>","protected":false},"featured_media":23362,"comment_status":"open","ping_status":"closed","template":"","meta":[],"product_brand":[],"product_cat":[409,40,36],"product_tag":[],"class_list":{"0":"post-23361","1":"product","2":"type-product","3":"status-publish","4":"has-post-thumbnail","6":"product_cat-hop-qua-set-qua","7":"product_cat-sieuthi-giasi","8":"product_cat-thuc-pham-tieu-dung","9":"pa_brand-skx","11":"first","12":"instock","13":"sale","14":"shipping-taxable","15":"purchasable","16":"product-type-simple"},"_links":{"self":[{"href":"https:\/\/havamall.com\/en\/wp-json\/wp\/v2\/product\/23361","targetHints":{"allow":["GET"]}}],"collection":[{"href":"https:\/\/havamall.com\/en\/wp-json\/wp\/v2\/product"}],"about":[{"href":"https:\/\/havamall.com\/en\/wp-json\/wp\/v2\/types\/product"}],"replies":[{"embeddable":true,"href":"https:\/\/havamall.com\/en\/wp-json\/wp\/v2\/comments?post=23361"}],"version-history":[{"count":0,"href":"https:\/\/havamall.com\/en\/wp-json\/wp\/v2\/product\/23361\/revisions"}],"wp:featuredmedia":[{"embeddable":true,"href":"https:\/\/havamall.com\/en\/wp-json\/wp\/v2\/media\/23362"}],"wp:attachment":[{"href":"https:\/\/havamall.com\/en\/wp-json\/wp\/v2\/media?parent=23361"}],"wp:term":[{"taxonomy":"product_brand","embeddable":true,"href":"https:\/\/havamall.com\/en\/wp-json\/wp\/v2\/product_brand?post=23361"},{"taxonomy":"product_cat","embeddable":true,"href":"https:\/\/havamall.com\/en\/wp-json\/wp\/v2\/product_cat?post=23361"},{"taxonomy":"product_tag","embeddable":true,"href":"https:\/\/havamall.com\/en\/wp-json\/wp\/v2\/product_tag?post=23361"}],"curies":[{"name":"wp","href":"https:\/\/api.w.org\/{rel}","templated":true}]}}