{"id":23376,"date":"2021-11-04T15:11:52","date_gmt":"2021-11-04T08:11:52","guid":{"rendered":"https:\/\/havamall.com\/?post_type=product&#038;p=23376"},"modified":"2024-10-23T13:13:40","modified_gmt":"2024-10-23T06:13:40","slug":"kem-bulla-murray-huong-caramel-va-dau-phong-gion-460ml-caramelised-peanet-brittle-ice-cream","status":"publish","type":"product","link":"https:\/\/havamall.com\/en\/shop\/kem-bulla-murray-huong-caramel-va-dau-phong-gion-460ml-caramelised-peanet-brittle-ice-cream\/","title":{"rendered":"Kem Bulla Murray H\u01b0\u01a1ng Caramel V\u00e0 \u0110\u1eadu Ph\u1ed9ng Gi\u00f2n 460ml &#8211; Caramelised Peanet Brittle Ice Cream"},"content":{"rendered":"<h3 id=\"tw-target-text\" class=\"tw-data-text tw-text-large XcVN5d tw-ta\"><strong>TH\u00d4NG TIN S\u1ea2N PH\u1ea8M<\/strong><\/h3>\n<table>\n<tbody>\n<tr>\n<td>Th\u01b0\u01a1ng hi\u1ec7u<\/td>\n<td>Bulla Family Dairy<\/td>\n<\/tr>\n<tr>\n<td>Xu\u1ea5t x\u1ee9<\/td>\n<td>\u00dac<\/td>\n<\/tr>\n<tr>\n<td>Th\u00e0nh ph\u1ea7n<\/td>\n<td>S\u1eefa t\u01b0\u01a1i, kem t\u01b0\u01a1i, n\u01b0\u1edbc, b\u1ed9t m\u00ec, s\u1eefa r\u1eafn, \u0111\u1eadu ph\u1ed9ng&#8230;.<\/td>\n<\/tr>\n<tr>\n<td>H\u1ea1n s\u1eed d\u1ee5ng<\/td>\n<td>24 th\u00e1ng k\u1ec3 t\u1eeb ng\u00e0y s\u1ea3n xu\u1ea5t.<\/td>\n<\/tr>\n<tr>\n<td>B\u1ea3o qu\u1ea3n<\/td>\n<td>B\u1ea3o qu\u1ea3n \u0111\u00f4ng l\u1ea1nh<\/td>\n<\/tr>\n<tr>\n<td>Th\u1ec3 t\u00edch th\u1ef1c<\/td>\n<td>460ml<\/td>\n<\/tr>\n<\/tbody>\n<\/table>\n<h3><strong><img fetchpriority=\"high\" decoding=\"async\" class=\"wp-image-23342 aligncenter\" src=\"https:\/\/havamall.com\/wp-content\/uploads\/2021\/11\/131381985_1151-300x300.png\" alt=\"\" width=\"716\" height=\"716\" \/>TH\u00d4NG TIN TH\u01af\u01a0NG HI\u1ec6U<\/strong><\/h3>\n<p><span style=\"font-weight: 400;\">Bulla Dairy Foods l\u00e0 m\u1ed9t c\u00f4ng ty s\u1eefa c\u1ee7a \u00dac s\u1ea3n xu\u1ea5t nhi\u1ec1u lo\u1ea1i kem , ke<\/span><span style=\"font-weight: 400;\">m \u0103n<\/span><span style=\"font-weight: 400;\"> , s\u1eefa chua , kem chua , pho m\u00e1t., v\u00e0 kem nh\u00e1i d\u01b0\u1edbi nhi\u1ec1u nh\u00e3n hi\u1ec7u kh\u00e1c nhau.C\u00e1c s\u1ea3n ph\u1ea9m c\u1ee7a Bulla Dairy Foods \u0111\u01b0\u1ee3c b\u00e1n t\u1ea1i nhi\u1ec1u c\u1eeda h\u00e0ng v\u00e0 si\u00eau th\u1ecb t\u1ea1p h\u00f3a tr\u00ean to\u00e0n qu\u1ed1c \u1edf \u00dac v\u00e0 qu\u1ed1c t\u1ebf. D\u00f2ng s\u1ea3n ph\u1ea9m s\u1eefa n\u00e0y bao g\u1ed3m Kem Classics, kem c\u00e2y, ph\u00f4 mai, yogurt.<\/span><\/p>\n<p><span class=\"Y2IQFc\" lang=\"vi\">K\u1ec3 t\u1eeb n\u0103m 1929, Bulla \u0111\u00e3 l\u00e0m ra m\u1ed9t s\u1ed1 lo\u1ea1i kem ngon nh\u1ea5t, ngon nh\u1ea5t, t\u1eebng \u0111o\u1ea1t gi\u1ea3i th\u01b0\u1edfng c\u1ee7a \u00dac t\u1ea1i nh\u00e0 m\u00e1y c\u1ee7a h\u1ecd tr\u00ean ph\u1ed1 Murray \u1edf Colac Victoria. N\u1eb1m \u1edf trung t\u00e2m c\u1ee7a m\u1ed9t trong nh\u1eefng v\u00f9ng ch\u0103n nu\u00f4i b\u00f2 s\u1eefa t\u1ed1t nh\u1ea5t c\u1ee7a \u00dac, Bulla l\u00e0m kem theo c\u00e1ch n\u00ean l\u00e0m, b\u1eb1ng s\u1eefa t\u01b0\u01a1i \u00dac, kem v\u00e0 6 th\u1ebf h\u1ec7 th\u1ee7 c\u00f4ng v\u00e0 b\u00ed quy\u1ebft.<\/span><\/p>\n<p><img decoding=\"async\" class=\"wp-image-23343 aligncenter\" src=\"https:\/\/havamall.com\/wp-content\/uploads\/2021\/11\/88265971-300x256.png\" alt=\"\" width=\"722\" height=\"616\" \/><\/p>\n<p><span style=\"font-weight: 400;\">Kem Bulla Murray h\u01b0\u01a1ng Caramel v\u00e0 \u0110\u1eadu Ph\u1ed9ng Gi\u00f2n 460ml \u0111\u01b0\u1ee3c l\u00e0m t\u1eeb kem th\u1eadt, kem t\u01b0\u01a1i v\u00e0 s\u1eefa nguy\u00ean kem cho m\u1ed9t k\u1ebft c\u1ea5u kem m\u1ecbn v\u00e0 th\u01a1m ngon, tr\u1ed9n v\u1edbi h\u1ea1nh nh\u00e2n v\u00e0 socola. \u0110\u01b0\u1ee3c ch\u1ebf t\u00e1c theo c\u00e1ch truy\u1ec1n th\u1ed1ng c\u1ee7a Bulla.<\/span><\/p>\n<p><span class=\"Y2IQFc\" lang=\"vi\">Kem Bulla Murray h\u01b0\u01a1ng <span style=\"font-weight: 400;\"> Caramel v\u00e0 \u0110\u1eadu Ph\u1ed9ng Gi\u00f2n\u00a0<\/span>460ml \u0111\u01b0\u1ee3c l\u00e0m th\u1ee7 c\u00f4ng t\u1eeb s\u1eefa t\u01b0\u01a1i \u00dac, kem v\u00e0 l\u00f2ng \u0111\u1ecf tr\u1ee9ng g\u00e0.\u00a0<\/span>Bulla \u0111\u00e3 cho ra \u0111\u1eddi kem v\u1ecb\u00a0c<span style=\"font-weight: 400;\">aramel v\u00e0 \u0111\u1eadu ph\u1ed9ng gi\u00f2n<\/span> th\u01a1m ngon \u0111\u1eb7c bi\u1ec7t m\u00e0 kh\u00f4ng 1 h\u00e3ng kem n\u00e0o c\u00f3 th\u1ec3 s\u00e1nh k\u1ecbp, b\u1ea1n s\u1ebd kh\u00f4ng th\u1ec3 c\u01b0\u1ee1ng l\u1ea1i \u0111\u01b0\u1ee3c nh\u1eefng th\u00eca kem m\u1ecbn m\u01b0\u1ee3t, kh\u00f4ng \u0111\u00f3ng \u0111\u00e1 tuy\u1ec7t v\u1eddi n\u00e0y. Khi \u0103n, kem tan ch\u1ea3y trong mi\u1ec7ng v\u1edbi m\u1ed9t\u00a0c\u1ea3m gi\u00e1c r\u1ea5t m\u00ea say.<\/p>\n<p><img decoding=\"async\" class=\"wp-image-23379 aligncenter\" src=\"https:\/\/havamall.com\/wp-content\/uploads\/2021\/11\/82618241_-300x195.png\" alt=\"\" width=\"737\" height=\"479\" \/><\/p>\n<p>S\u1ea3n ph\u1ea9m l\u00e0 s\u1ef1 k\u1ebft h\u1ee3p tr\u00ean c\u1ea3 tuy\u1ec7t v\u1eddi v\u1ec1 h\u01b0\u01a1ng, v\u1ecb v\u00e0 th\u00e0nh ph\u1ea7n dinh d\u01b0\u1ee1ng. \u0110\u1eadu ph\u1ed9ng\u00a0hay c\u00f2n g\u1ecdi l\u00e0 l\u1ea1c, t\u00f9y theo v\u00f9ng mi\u1ec1n m\u00e0 c\u00e1ch g\u1ecdi t\u00ean c\u0169ng kh\u00e1c nhau. V\u1edbi v\u1ecb b\u00e9o b\u00f9i, \u0111\u1eadu ph\u1ed9ng l\u00e0 nguy\u00ean li\u1ec7u gi\u00fap b\u1ea5t k\u00ec m\u00f3n \u0103n n\u00e0o c\u0169ng tr\u1edf n\u00ean h\u1ea5p d\u1eabn v\u00e0 th\u01a1m ngon h\u01a1n.<\/p>\n<p><span class=\"Y2IQFc\" lang=\"vi\">Kem Bulla Murray h\u01b0\u01a1ng <span style=\"font-weight: 400;\"> Caramel v\u00e0 \u0110\u1eadu Ph\u1ed9ng Gi\u00f2n\u00a0<\/span>460ml<\/span> \u0111\u01b0\u1ee3c s\u1ea3n xu\u1ea5t t\u1eeb ngu\u1ed3n nguy\u00ean li\u1ec7u t\u01b0\u01a1i ngon, \u0111\u1ea3m b\u1ea3o ch\u1ea5t l\u01b0\u1ee3ng. V\u1ecb kem m\u00e1t l\u1ea1nh, k\u1ebft h\u1ee3p v\u1edbi v\u1ecb b\u00e9o gi\u00f2n c\u1ee7a \u0111\u1eadu ph\u1ed9ng v\u00e0 h\u01b0\u01a1ng caramel th\u01a1m m\u00e1t, mang l\u1ea1i s\u1ef1 ngon mi\u1ec7ng, s\u1ea3ng kho\u00e1i cho ng\u01b0\u1eddi th\u01b0\u1edfng th\u1ee9c.<\/p>\n<p><img loading=\"lazy\" decoding=\"async\" class=\"wp-image-23380 aligncenter\" src=\"https:\/\/havamall.com\/wp-content\/uploads\/2021\/11\/164005674_170-300x300.png\" alt=\"\" width=\"740\" height=\"739\" \/><\/p>\n<p><span style=\"font-weight: 400;\"><span class=\"Y2IQFc\" lang=\"vi\">Kem Bulla Murray h\u01b0\u01a1ng Caramel v\u00e0 \u0110\u1eadu Ph\u1ed9ng Gi\u00f2n\u00a0460ml<\/span> gi\u00fap cung c\u1ea5p n\u0103ng l\u01b0\u1ee3ng, vitamin, d\u01b0\u1ee1ng ch\u1ea5t c\u1ea7n thi\u1ebft cho c\u00e1c ho\u1ea1t \u0111\u1ed9ng h\u00e0ng ng\u00e0y, v\u1edbi h\u01b0\u01a1ng v\u1ecb m\u00e1t l\u1ea1nh c\u1ee7a kem mang l\u1ea1i cho b\u1ea1n c\u1ea3m gi\u00e1c th\u1eadt s\u1ea3ng kho\u00e1i m\u1ed7i khi th\u01b0\u1edfng th\u1ee9c.<\/span><\/p>\n<p><img loading=\"lazy\" decoding=\"async\" class=\"wp-image-23381 aligncenter\" src=\"https:\/\/havamall.com\/wp-content\/uploads\/2021\/11\/152227524_-240x300.png\" alt=\"\" width=\"734\" height=\"918\" \/><\/p>\n<p><span style=\"font-weight: 400;\">S\u1ea3n ph\u1ea9m \u0111\u01b0\u1ee3c s\u1ea3n xu\u1ea5t theo d\u00e2y chuy\u1ec1n c\u00f4ng ngh\u1ec7 hi\u1ec7n \u0111\u1ea1i c\u1ee7a \u00dac v\u1edbi quy tr\u00ecnh ki\u1ec3m \u0111\u1ecbnh ch\u1ea5t l\u01b0\u1ee3ng nghi\u00eam ng\u1eb7t. <span class=\"Y2IQFc\" lang=\"vi\">Kem Bulla Murray h\u01b0\u01a1ng Caramel v\u00e0 \u0110\u1eadu Ph\u1ed9ng Gi\u00f2n\u00a0460ml<\/span><\/span><span style=\"font-weight: 400;\">\u00a0\u0111\u01b0\u1ee3c thi\u1ebft k\u1ebf v\u00e0 \u0111\u00f3ng g\u00f3i nh\u1ecf g\u1ecdn, ti\u1ec7n l\u1ee3i cho b\u1ea1n s\u1eed d\u1ee5ng c\u0169ng nh\u01b0 b\u1ea3o qu\u1ea3n.<\/span><\/p>\n<p>S\u1ea3n ph\u1ea9m hi\u1ec7n \u0111\u00e3 c\u00f3 m\u1eb7t t\u1ea1i Havamall.<\/p>\n<p><img loading=\"lazy\" decoding=\"async\" class=\"wp-image-23382 aligncenter\" src=\"https:\/\/havamall.com\/wp-content\/uploads\/2021\/11\/1_product--300x111.png\" alt=\"\" width=\"740\" height=\"274\" \/><\/p>","protected":false},"excerpt":{"rendered":"<p>TH\u00d4NG TIN S\u1ea2N PH\u1ea8M Th\u01b0\u01a1ng hi\u1ec7u Bulla Family Dairy Xu\u1ea5t x\u1ee9 \u00dac Th\u00e0nh ph\u1ea7n S\u1eefa t\u01b0\u01a1i, kem t\u01b0\u01a1i, n\u01b0\u1edbc, b\u1ed9t<\/p>","protected":false},"featured_media":23383,"comment_status":"open","ping_status":"closed","template":"","meta":[],"product_brand":[],"product_cat":[36,275],"product_tag":[],"class_list":{"0":"post-23376","1":"product","2":"type-product","3":"status-publish","4":"has-post-thumbnail","6":"product_cat-thuc-pham-tieu-dung","7":"product_cat-thuc-pham-dong-lanh","8":"pa_brand-bulla","10":"first","11":"outofstock","12":"sale","13":"shipping-taxable","14":"purchasable","15":"product-type-simple"},"_links":{"self":[{"href":"https:\/\/havamall.com\/en\/wp-json\/wp\/v2\/product\/23376","targetHints":{"allow":["GET"]}}],"collection":[{"href":"https:\/\/havamall.com\/en\/wp-json\/wp\/v2\/product"}],"about":[{"href":"https:\/\/havamall.com\/en\/wp-json\/wp\/v2\/types\/product"}],"replies":[{"embeddable":true,"href":"https:\/\/havamall.com\/en\/wp-json\/wp\/v2\/comments?post=23376"}],"version-history":[{"count":0,"href":"https:\/\/havamall.com\/en\/wp-json\/wp\/v2\/product\/23376\/revisions"}],"wp:featuredmedia":[{"embeddable":true,"href":"https:\/\/havamall.com\/en\/wp-json\/wp\/v2\/media\/23383"}],"wp:attachment":[{"href":"https:\/\/havamall.com\/en\/wp-json\/wp\/v2\/media?parent=23376"}],"wp:term":[{"taxonomy":"product_brand","embeddable":true,"href":"https:\/\/havamall.com\/en\/wp-json\/wp\/v2\/product_brand?post=23376"},{"taxonomy":"product_cat","embeddable":true,"href":"https:\/\/havamall.com\/en\/wp-json\/wp\/v2\/product_cat?post=23376"},{"taxonomy":"product_tag","embeddable":true,"href":"https:\/\/havamall.com\/en\/wp-json\/wp\/v2\/product_tag?post=23376"}],"curies":[{"name":"wp","href":"https:\/\/api.w.org\/{rel}","templated":true}]}}