{"id":23384,"date":"2021-11-04T15:57:26","date_gmt":"2021-11-04T08:57:26","guid":{"rendered":"https:\/\/havamall.com\/?post_type=product&#038;p=23384"},"modified":"2022-11-02T11:11:24","modified_gmt":"2022-11-02T04:11:24","slug":"sua-chua-vi-xoai-100g-bulla-frozen-yogurt-mango","status":"publish","type":"product","link":"https:\/\/havamall.com\/en\/shop\/sua-chua-vi-xoai-100g-bulla-frozen-yogurt-mango\/","title":{"rendered":"S\u1eefa Chua V\u1ecb Xo\u00e0i 100g Bulla &#8211; Frozen Yoghurt Mango"},"content":{"rendered":"<h3><strong>TH\u00d4NG TIN TH\u01af\u01a0NG HI\u1ec6U<\/strong><\/h3>\n<p><span style=\"font-weight: 400;\">Bulla Dairy Foods l\u00e0 m\u1ed9t c\u00f4ng ty s\u1eefa c\u1ee7a \u00dac s\u1ea3n xu\u1ea5t nhi\u1ec1u lo\u1ea1i kem , ke<\/span><span style=\"font-weight: 400;\">m \u0103n<\/span><span style=\"font-weight: 400;\"> , s\u1eefa chua , kem chua , pho m\u00e1t., v\u00e0 kem nh\u00e1i d\u01b0\u1edbi nhi\u1ec1u nh\u00e3n hi\u1ec7u kh\u00e1c nhau.C\u00e1c s\u1ea3n ph\u1ea9m c\u1ee7a Bulla Dairy Foods \u0111\u01b0\u1ee3c b\u00e1n t\u1ea1i nhi\u1ec1u c\u1eeda h\u00e0ng v\u00e0 si\u00eau th\u1ecb t\u1ea1p h\u00f3a tr\u00ean to\u00e0n qu\u1ed1c \u1edf \u00dac v\u00e0 qu\u1ed1c t\u1ebf. D\u00f2ng s\u1ea3n ph\u1ea9m s\u1eefa n\u00e0y bao g\u1ed3m Kem Classics, kem c\u00e2y, ph\u00f4 mai, yogurt.<\/span><\/p>\n<p><span class=\"Y2IQFc\" lang=\"vi\">K\u1ec3 t\u1eeb n\u0103m 1929, Bulla \u0111\u00e3 l\u00e0m ra m\u1ed9t s\u1ed1 lo\u1ea1i kem ngon nh\u1ea5t, ngon nh\u1ea5t, t\u1eebng \u0111o\u1ea1t gi\u1ea3i th\u01b0\u1edfng c\u1ee7a \u00dac t\u1ea1i nh\u00e0 m\u00e1y c\u1ee7a h\u1ecd tr\u00ean ph\u1ed1 Murray \u1edf Colac Victoria. N\u1eb1m \u1edf trung t\u00e2m c\u1ee7a m\u1ed9t trong nh\u1eefng v\u00f9ng ch\u0103n nu\u00f4i b\u00f2 s\u1eefa t\u1ed1t nh\u1ea5t c\u1ee7a \u00dac, Bulla l\u00e0m kem theo c\u00e1ch n\u00ean l\u00e0m, b\u1eb1ng s\u1eefa t\u01b0\u01a1i \u00dac, kem v\u00e0 6 th\u1ebf h\u1ec7 th\u1ee7 c\u00f4ng v\u00e0 b\u00ed quy\u1ebft.<\/span><\/p>\n<p><img fetchpriority=\"high\" decoding=\"async\" class=\"wp-image-23343 aligncenter\" src=\"https:\/\/havamall.com\/wp-content\/uploads\/2021\/11\/88265971-300x256.png\" alt=\"\" width=\"722\" height=\"616\" \/><\/p>\n<p>S\u1eefa chua \u0111\u00f4ng l\u1ea1nh v\u1ecb xo\u00e0i Bulla 100g l\u00e0 s\u1ea3n ph\u1ea9m \u0111\u01b0\u1ee3c l\u00ean men theo c\u00f4ng th\u1ee9c \u0111\u1eb7c bi\u1ec7t mang l\u1ea1i h\u01b0\u01a1ng v\u1ecb \u0111\u1eb7c tr\u01b0ng th\u01a1m c\u1ee7a s\u1eefa v\u00e0 ng\u1ecdt c\u1ee7a hoa qu\u1ea3. S\u1ea3n ph\u1ea9m r\u1ea5t d\u1ec5 \u0103n, nh\u1ea5t l\u00e0 \u0111\u1ed1i v\u1edbi tr\u1ebb nh\u1ecf, k\u00edch th\u00edch v\u1ecb gi\u00e1c c\u1ee7a tr\u1ebb. Trong s\u1eefa chua ch\u1ee9a nhi\u1ec1u c\u00e1c vi khu\u1ea9n c\u00f3 \u00edch t\u1eeb qu\u00e1 tr\u00ecnh l\u00ean men.<\/p>\n<p>\u0110\u01b0\u1eddng lactose trong s\u1eefa \u0111\u01b0\u1ee3c chuy\u1ec3n th\u00e0nh axit lactic t\u1ea1o m\u00f4i tr\u01b0\u1eddng an to\u00e0n trong ru\u1ed9t, tr\u00e1nh \u0111\u01b0\u1ee3c t\u00ecnh tr\u1ea1ng r\u1ed1i lo\u1ea1n ti\u00eau h\u00f3a do thi\u1ebfu men lactaza t\u1ea1m th\u1eddi ho\u1eb7c b\u1ea9m sinh, n\u00ean khi tr\u1ebb \u0111\u01b0\u1ee3c \u0103n s\u1eefa chua h\u00e0ng ng\u00e0y c\u00f3 th\u1ec3 h\u1ea1n ch\u1ebf c\u00e1c vi khu\u1ea9n c\u00f3 h\u1ea1i g\u00e2y b\u1ec7nh \u0111\u01b0\u1eddng ru\u1ed9t gi\u00fap tr\u1ebb c\u00f3 m\u1ed9t h\u1ec7 ti\u00eau h\u00f3a kh\u1ecfe m\u1ea1nh, gi\u1ea3m thi\u1ec3u c\u00e1c b\u1ec7nh t\u00e1o b\u00f3n, ti\u00eau ch\u1ea3y, ch\u01b0\u1edbng b\u1ee5ng, \u0111\u1ea7y h\u01a1i, kh\u00f3 ti\u00eau\u2026<\/p>\n<p><img decoding=\"async\" class=\"wp-image-23385 aligncenter\" src=\"https:\/\/havamall.com\/wp-content\/uploads\/2021\/11\/115803490_177-300x200.png\" alt=\"\" width=\"729\" height=\"486\" \/><\/p>\n<p>S\u1eefa chua \u0111\u00f4ng l\u1ea1nhv\u1ecb xo\u00e0i Bulla \u0111\u01b0\u1ee3c s\u1ea3n xu\u1ea5t tr\u00ean d\u00e2y chuy\u1ec1n hi\u1ec7n \u0111\u1ea1i c\u1ee7a \u00dac. M\u1ecdi kh\u00e2u t\u1eeb tuy\u1ec3n ch\u1ecdn nguy\u00ean li\u1ec7u t\u1edbi ch\u1ebf bi\u1ebfn, \u0111\u00f3ng h\u1ed9p\u00a0\u0111\u1ec1u di\u1ec5n ra kh\u00e9p k\u00edn d\u01b0\u1edbi s\u1ef1 gi\u00e1m s\u00e1t v\u00e0 ki\u1ec3m tra nghi\u00eam ng\u1eb7t c\u1ee7a c\u00e1c chuy\u00ean gia v\u1ec1 c\u00f4ng ngh\u1ec7 th\u1ef1c ph\u1ea9m, kh\u00f4ng ch\u1ee9a h\u00f3a ch\u1ea5t, ch\u1ea5t b\u1ea3o qu\u1ea3n \u0111\u1ed9c h\u1ea1i, \u0111\u1ea3m b\u1ea3o an to\u00e0n cho s\u1ee9c kh\u1ecfe ng\u01b0\u1eddi ti\u00eau d\u00f9ng.<\/p>\n<p><img decoding=\"async\" class=\"wp-image-23386 aligncenter\" src=\"https:\/\/havamall.com\/wp-content\/uploads\/2021\/11\/115876108_177-300x200.png\" alt=\"\" width=\"736\" height=\"490\" \/><\/p>\n<h3><strong>C\u00f4ng d\u1ee5ng c\u1ee7a s\u1eefa chua:<\/strong><\/h3>\n<p>&#8211; L\u1ee3i khu\u1ea9n, c\u00f3 t\u00e1c d\u1ee5ng t\u1ed1t cho \u0111\u01b0\u1eddng ru\u1ed9t: Trong s\u1eefa chua c\u00f3 nhi\u1ec1u vi khu\u1ea9n c\u00f3 l\u1ee3i cho \u0111\u01b0\u1eddng ti\u00eau h\u00f3a, n\u1ebfu \u0103n h\u00e0ng ng\u00e0y s\u1ebd g\u00fap cho \u0111\u01b0\u1eddng ru\u1ed9t c\u1ee7a b\u1ea1n \u0111i\u1ec1u h\u00f2a, h\u1ec7 ti\u00eau h\u00f3a kh\u1ecfe m\u1ea1nh. \u0102n s\u1eefa chua th\u01b0\u1eddng xuy\u00ean gi\u00fap t\u0103ng kh\u1ea3 n\u0103ng mi\u1ec5n d\u1ecbch, ch\u1ed1ng ti\u00eau ch\u1ea3y hay t\u00e1o b\u00f3n, ch\u1ed1ng \u0111\u01b0\u1ee3c \u0111\u1ea7y h\u01a1i, ch\u01b0\u1edbng b\u1ee5ng.<\/p>\n<p>&#8211; B\u1ed5 sung vitamin: S\u1eefa chua c\u00f3 nhi\u1ec1u vitamin B12, l\u00e0 lo\u1ea1i vitamin c\u00f3 trong tr\u1ee9ng, c\u00e1, th\u1ecbt \u0111\u1ed9ng v\u1eadt gi\u00fap cho h\u1ec7 th\u1ea7n kinh c\u1ee7a b\u1ea1n ho\u1ea1t \u0111\u1ed9ng t\u1ed1t h\u01a1n. V\u1eady n\u00ean, ngo\u00e0i \u0103n nh\u1eefng th\u1ef1c ph\u1ea9m th\u1ecbt c\u00e1, b\u1ea1n n\u00ean \u0103n s\u1eefa chua \u0111\u1ec3 \u0111\u1ea3m b\u1ea3o s\u1ef1 c\u00e2n b\u1eb1ng vitamin trong c\u01a1 th\u1ec3.<\/p>\n<p><img loading=\"lazy\" decoding=\"async\" class=\"wp-image-23387 aligncenter\" src=\"https:\/\/havamall.com\/wp-content\/uploads\/2021\/11\/kem2-300x169.png\" alt=\"\" width=\"745\" height=\"420\" \/><\/p>\n<p>&#8211; Ng\u0103n ng\u1eeba vi\u00eam nhi\u1ec5m: Ch\u1ecb em, \u0111\u1eb7c bi\u1ec7t l\u00e0 nh\u1eefng ng\u01b0\u1eddi b\u1ecb vi\u00eam nhi\u1ec5m v\u00f9ng k\u00edn, n\u00ean t\u1eadn d\u1ee5ng s\u1eefa chua l\u00e0 ph\u01b0\u01a1ng thu\u1ed1c t\u1ef1 nhi\u00ean ch\u1ed1ng l\u1ea1i b\u1ec7nh n\u00e0y. \u0102n s\u1eefa chua h\u00e0ng ng\u00e0y b\u1ea1n s\u1ebd th\u1ea5y ngay hi\u1ec7u qu\u1ea3, v\u00ec nh\u1eefng vi khu\u1ea9n c\u00f3 l\u1ee3i trong \u0111\u00f3 c\u00f3 th\u1ec3 gi\u00fap cho b\u1ea1n<\/p>\n<p>&#8211; Ng\u0103n ng\u1eeba huy\u1ebft \u00e1p cao: Ng\u01b0\u1eddi huy\u1ebft \u00e1p cao n\u00ean \u0103n s\u1eefa chua, v\u00ec kali c\u00f3 trong s\u1eefa chua s\u1ebd gi\u00fap lo\u1ea1i b\u1ecf l\u01b0\u1ee3ng mu\u1ed1i d\u01b0 th\u1eeba trong c\u01a1 th\u1ec3. M\u1eb7c d\u00f9 s\u1eefa chua c\u00f3 nh\u1eefng t\u00e1c d\u1ee5ng h\u1eefu \u00edch nh\u01b0 v\u1eady nh\u01b0ng kh\u00f4ng ph\u1ea3i \u0103n l\u00fac n\u00e0o c\u0169ng \u0111\u01b0\u1ee3c v\u00e0 \u0103n bao nhi\u00eau c\u0169ng t\u1ed1t.<\/p>\n<p><img loading=\"lazy\" decoding=\"async\" class=\"wp-image-23388 aligncenter\" src=\"https:\/\/havamall.com\/wp-content\/uploads\/2021\/11\/247540906_4-300x300.png\" alt=\"\" width=\"746\" height=\"746\" \/><\/p>\n<p>S\u1ea3n ph\u1ea9m hi\u1ec7n \u0111\u00e3 c\u00f3 m\u1eb7t t\u1ea1i Havamall.<\/p>","protected":false},"excerpt":{"rendered":"<p>TH\u00d4NG TIN TH\u01af\u01a0NG HI\u1ec6U Bulla Dairy Foods l\u00e0 m\u1ed9t c\u00f4ng ty s\u1eefa c\u1ee7a \u00dac s\u1ea3n xu\u1ea5t nhi\u1ec1u lo\u1ea1i kem ,<\/p>","protected":false},"featured_media":23389,"comment_status":"open","ping_status":"closed","template":"","meta":[],"product_brand":[],"product_cat":[36,275],"product_tag":[],"class_list":{"0":"post-23384","1":"product","2":"type-product","3":"status-publish","4":"has-post-thumbnail","6":"product_cat-thuc-pham-tieu-dung","7":"product_cat-thuc-pham-dong-lanh","8":"pa_brand-bulla","10":"first","11":"outofstock","12":"sale","13":"shipping-taxable","14":"purchasable","15":"product-type-simple"},"_links":{"self":[{"href":"https:\/\/havamall.com\/en\/wp-json\/wp\/v2\/product\/23384","targetHints":{"allow":["GET"]}}],"collection":[{"href":"https:\/\/havamall.com\/en\/wp-json\/wp\/v2\/product"}],"about":[{"href":"https:\/\/havamall.com\/en\/wp-json\/wp\/v2\/types\/product"}],"replies":[{"embeddable":true,"href":"https:\/\/havamall.com\/en\/wp-json\/wp\/v2\/comments?post=23384"}],"version-history":[{"count":0,"href":"https:\/\/havamall.com\/en\/wp-json\/wp\/v2\/product\/23384\/revisions"}],"wp:featuredmedia":[{"embeddable":true,"href":"https:\/\/havamall.com\/en\/wp-json\/wp\/v2\/media\/23389"}],"wp:attachment":[{"href":"https:\/\/havamall.com\/en\/wp-json\/wp\/v2\/media?parent=23384"}],"wp:term":[{"taxonomy":"product_brand","embeddable":true,"href":"https:\/\/havamall.com\/en\/wp-json\/wp\/v2\/product_brand?post=23384"},{"taxonomy":"product_cat","embeddable":true,"href":"https:\/\/havamall.com\/en\/wp-json\/wp\/v2\/product_cat?post=23384"},{"taxonomy":"product_tag","embeddable":true,"href":"https:\/\/havamall.com\/en\/wp-json\/wp\/v2\/product_tag?post=23384"}],"curies":[{"name":"wp","href":"https:\/\/api.w.org\/{rel}","templated":true}]}}