{"id":23491,"date":"2021-11-09T15:16:06","date_gmt":"2021-11-09T08:16:06","guid":{"rendered":"https:\/\/havamall.com\/?post_type=product&#038;p=23491"},"modified":"2025-12-03T04:09:48","modified_gmt":"2025-12-02T21:09:48","slug":"dung-dich-pha-mau-dang-gel-mont-marte-75ml","status":"publish","type":"product","link":"https:\/\/havamall.com\/en\/shop\/dung-dich-pha-mau-dang-gel-mont-marte-75ml\/","title":{"rendered":"Dung D\u1ecbch Pha M\u00e0u  D\u1ea1ng Gel Mont Marte 75ml"},"content":{"rendered":"<p dir=\"auto\">Mont Marte l\u00e0 h\u00e3ng h\u1ecda c\u1ee5 \u0111\u00e3 c\u00f3 m\u1eb7t t\u1ea1i h\u1ec7 th\u1ed1ng c\u1eeda h\u00e0ng c\u1ee7a h\u01a1n 300 t\u1ec9nh th\u00e0nh thu\u1ed9c 75 qu\u1ed1c gia tr\u00ean to\u00e0n th\u1ebf gi\u1edbi. \u0110i\u1ec1u n\u00e0y n\u00f3i l\u00ean s\u1ef1 ph\u00e1t tri\u1ec3n b\u1ec1n v\u1eefng c\u1ee7a nh\u00e3n h\u00e0ng Mont Marte tr\u00ean th\u1ecb tr\u01b0\u1eddng th\u1ebf gi\u1edbi.<\/p>\n<p>Trong v\u00f2ng 15 n\u0103m, Mont Marte \u0111\u00e3 tr\u1edf th\u00e0nh th\u01b0\u01a1ng h\u1ec7u d\u1eabn \u0111\u1ea7u th\u1ecb tr\u01b0\u1eddng \u00dac v\u1ec1 c\u00e1c s\u1ea3n ph\u1ea9m ngh\u1ec7 thu\u1eadt v\u00e0 l\u00e0 th\u01b0\u01a1ng hi\u1ec7u \u0111\u01b0\u1ee3c tin d\u00f9ng \u1edf h\u01a1n 75 qu\u1ed1c gia: Trung Qu\u1ed1c, Canada, Ph\u00e1p, Ph\u1ea7n Lan,\u2026<\/p>\n<p>S\u1ea3n ph\u1ea9m Mont Marte kh\u00e1 \u0111a d\u1ea1ng, \u0111\u00e1p \u1ee9ng h\u1ea7u h\u1ebft c\u00e1c nhu c\u1ea7u v\u1ec1 h\u1ecda c\u1ee5 truy\u1ec1n th\u1ed1ng, t\u1eeb s\u01a1n m\u00e0u \u0111\u1ebfn c\u00e1c ph\u1ee5 ki\u1ec7n, s\u1ed5 k\u00ed h\u1ecda, gi\u1ea5y craft,&#8230;<\/p>\n<p><img fetchpriority=\"high\" decoding=\"async\" class=\"wp-image-23492 aligncenter\" src=\"https:\/\/havamall.com\/wp-content\/uploads\/2021\/11\/7d0a00e-300x300.png\" alt=\"\" width=\"727\" height=\"728\" \/><\/p>\n<p>Gel h\u00e3m m\u00e0u Mont Marte Acrylic l\u00e0 dung d\u1ecbch medium gi\u00fap l\u00e0m ch\u1eadm th\u1eddi gian kh\u00f4 c\u1ee7a m\u00e0u Acrylic. M\u00e0u Acrylic v\u1ed1n kh\u00f4 r\u1ea5t nhanh, h\u00f2a gel v\u00e0o v\u1edbi m\u00e0u tr\u01b0\u1edbc khi s\u1eed d\u1ee5ng, th\u1eddi gian kh\u00f4 c\u1ee7a m\u00e0u s\u1ebd ch\u1eadm l\u1ea1i gi\u00fap h\u1ecda s\u0129 \u0111i\u1ec1u khi\u1ec3n \u0111\u1ed9 kh\u00f4 kh\u00f4 c\u1ee7a m\u00e0u \u0111\u1ec3 c\u00f3 th\u00eam th\u1eddi gian blend m\u00e0u v\u00e0 t\u1ea1o l\u1edbp n\u00ean m\u01b0\u1ee3t m\u00e0 cho nh\u1eefng kho\u1ea3ng tranh l\u1edbn, tr\u00e1nh vi\u1ec7c tranh c\u00f3 nh\u1eefng ph\u1ea7n kh\u00f4 kh\u00f4ng \u0111\u1ec1u \u0111\u1ec3 l\u1ea1i v\u1ec7t.<\/p>\n<p><img decoding=\"async\" class=\"wp-image-23493 aligncenter\" src=\"https:\/\/havamall.com\/wp-content\/uploads\/2021\/11\/201ea-300x300.png\" alt=\"\" width=\"730\" height=\"730\" \/><\/p>\n<p id=\"tw-target-text\" class=\"tw-data-text tw-text-large XcVN5d tw-ta\" dir=\"ltr\"><span class=\"Y2IQFc\" lang=\"vi\">Gel Medium Matte 75ml \u0111\u01b0\u1ee3c s\u1eed d\u1ee5ng \u0111\u1ec3 t\u0103ng \u0111\u1ed9 trong su\u1ed1t v\u00e0 gi\u1ea3m \u0111\u1ed9 b\u00f3ng khi th\u00eam v\u00e0o s\u01a1n acrylic c\u1ee7a b\u1ea1n. N\u00f3 v\u1eabn gi\u1eef \u0111\u01b0\u1ee3c \u0111\u1ed9 nh\u1edbt v\u00e0 kh\u00f4 th\u00e0nh m\u1edd t\u00f9y thu\u1ed9c v\u00e0o \u0111\u1ed9 d\u00e0y \u0111\u01b0\u1ee3c \u00e1p d\u1ee5ng n\u1ebfu \u0111\u01b0\u1ee3c s\u1eed d\u1ee5ng m\u1ed9t m\u00ecnh.<\/span><\/p>\n<p>Gel Medium Glos 75ml c\u00f3 c\u00f4ng d\u1ee5ng t\u01b0\u01a1ng \u0111\u1ed3ng v\u1edbi Matt, \u0111i\u1ec3m kh\u00e1c bi\u1ec7t duy nh\u1ea5t l\u00e0 t\u0103ng \u0111\u1ed9 b\u00f3ng cho s\u1ea3n ph\u1ea9m.<\/p>\n<p><img decoding=\"async\" class=\"wp-image-23494 aligncenter\" src=\"https:\/\/havamall.com\/wp-content\/uploads\/2021\/11\/a1383744cf1d-300x300.png\" alt=\"\" width=\"729\" height=\"729\" \/><\/p>\n<p class=\"tw-data-text tw-text-large XcVN5d tw-ta\" dir=\"ltr\"><span class=\"Y2IQFc\" lang=\"vi\">Khi tr\u1ed9n v\u1edbi acrylic, n\u00f3 l\u00e0m t\u0103ng \u0111\u1ed9 ch\u1ea3y m\u00e0 \u00edt ho\u1eb7c kh\u00f4ng l\u00e0m thay \u0111\u1ed5i \u0111\u1ed1i v\u1edbi s\u01a1n c\u1ee7a b\u1ea1n. \u0110\u00e2y l\u00e0 m\u1ed9t s\u1ea3n ph\u1ea9m tuy\u1ec7t v\u1eddi tuy\u1ec7t v\u1eddi cho c\u00e1c d\u1ef1 \u00e1n th\u1ee7 c\u00f4ng.\u00a0<\/span><\/p>\n<p class=\"tw-data-text tw-text-large XcVN5d tw-ta\" dir=\"ltr\"><span class=\"Y2IQFc\" lang=\"vi\">S\u1ea3n ph\u1ea9m l\u00e0m ch\u1eadm th\u1eddi gian kh\u00f4 th\u00f4ng th\u01b0\u1eddng c\u1ee7a s\u01a1n acrylic. Th\u1eddi gian kh\u00f4 ch\u1eadm n\u00e0y t\u1ea1o \u0111i\u1ec1u ki\u1ec7n cho vi\u1ec7c pha tr\u1ed9n m\u00e0u s\u1eafc d\u1ec5 d\u00e0ng h\u01a1n v\u00e0 cho l\u1edbp \u00e1o m\u1ecbn h\u01a1n tr\u00ean di\u1ec7n t\u00edch l\u1edbn h\u01a1n.<\/span><\/p>\n<p dir=\"ltr\"><img loading=\"lazy\" decoding=\"async\" class=\"wp-image-23496 aligncenter\" src=\"https:\/\/havamall.com\/wp-content\/uploads\/2021\/11\/65f40d4-300x300.png\" alt=\"\" width=\"721\" height=\"721\" \/><\/p>\n<h3><strong>H\u01b0\u1edbng d\u1eabn s\u1eed d\u1ee5ng:<\/strong><\/h3>\n<p>&#8211; H\u00f2a dung d\u1ecbch t\u1ec9 l\u1ec7 1 ph\u1ea7n gel \u2013 4 ph\u1ea7n m\u00e0u<\/p>\n<p>&#8211; N\u00ean th\u1eed tr\u01b0\u1edbc khi s\u1eed d\u1ee5ng, b\u1edfi t\u1ec9 l\u1ec7 pha, v\u00e0 nhi\u1ec7t \u0111\u1ed9 m\u00f4i tr\u01b0\u1eddng c\u00f3 th\u1ec3 s\u1ebd \u1ea3nh h\u01b0\u1edfng \u0111\u1ebfn t\u1ed1c \u0111\u1ed9 kh\u00f4 c\u1ee7a m\u00e0u.<\/p>\n<h3><strong>C\u00f4ng d\u1ee5ng c\u1ee7a 2 lo\u1ea1i gel:<\/strong><\/h3>\n<p>&#8211; Gel Medium MATT 75ml: \u0111\u01b0\u1ee3c s\u1eed d\u1ee5ng \u0111\u1ec3 t\u0103ng \u0111\u1ed9 trong su\u1ed1t v\u00e0 gi\u1ea3m \u0111\u1ed9 b\u00f3ng khi th\u00eam v\u00e0o s\u01a1n , ngo\u00e0i ra c\u00f2n l\u00e0m t\u0103ng th\u00eam s\u1ef1 k\u1ebft d\u00ednh.<\/p>\n<p>&#8211; Gel Medium GLOSS 75ml: C\u00f4ng d\u1ee5ng t\u01b0\u01a1ng \u0111\u1ed3ng v\u1edbi Matt, \u0111i\u1ec3m kh\u00e1c bi\u1ec7t duy nh\u1ea5t l\u00e0 t\u0103ng \u0111\u1ed9 b\u00f3ng cho s\u1ea3n ph\u1ea9m.<\/p>\n<p>S\u1ea3n ph\u1ea9m hi\u1ec7n \u0111\u00e3 c\u00f3 m\u1eb7t t\u1ea1i Havamall.<\/p>","protected":false},"excerpt":{"rendered":"<p>Mont Marte l\u00e0 h\u00e3ng h\u1ecda c\u1ee5 \u0111\u00e3 c\u00f3 m\u1eb7t t\u1ea1i h\u1ec7 th\u1ed1ng c\u1eeda h\u00e0ng c\u1ee7a h\u01a1n 300 t\u1ec9nh th\u00e0nh thu\u1ed9c<\/p>","protected":false},"featured_media":23497,"comment_status":"open","ping_status":"closed","template":"","meta":[],"product_brand":[],"product_cat":[35,395],"product_tag":[],"class_list":{"0":"post-23491","1":"product","2":"type-product","3":"status-publish","4":"has-post-thumbnail","6":"product_cat-nha-cua-doi-song","7":"product_cat-van-phong-pham","8":"pa_brand-mont-marte","10":"first","11":"instock","12":"sale","13":"shipping-taxable","14":"purchasable","15":"product-type-variable"},"_links":{"self":[{"href":"https:\/\/havamall.com\/en\/wp-json\/wp\/v2\/product\/23491","targetHints":{"allow":["GET"]}}],"collection":[{"href":"https:\/\/havamall.com\/en\/wp-json\/wp\/v2\/product"}],"about":[{"href":"https:\/\/havamall.com\/en\/wp-json\/wp\/v2\/types\/product"}],"replies":[{"embeddable":true,"href":"https:\/\/havamall.com\/en\/wp-json\/wp\/v2\/comments?post=23491"}],"version-history":[{"count":0,"href":"https:\/\/havamall.com\/en\/wp-json\/wp\/v2\/product\/23491\/revisions"}],"wp:featuredmedia":[{"embeddable":true,"href":"https:\/\/havamall.com\/en\/wp-json\/wp\/v2\/media\/23497"}],"wp:attachment":[{"href":"https:\/\/havamall.com\/en\/wp-json\/wp\/v2\/media?parent=23491"}],"wp:term":[{"taxonomy":"product_brand","embeddable":true,"href":"https:\/\/havamall.com\/en\/wp-json\/wp\/v2\/product_brand?post=23491"},{"taxonomy":"product_cat","embeddable":true,"href":"https:\/\/havamall.com\/en\/wp-json\/wp\/v2\/product_cat?post=23491"},{"taxonomy":"product_tag","embeddable":true,"href":"https:\/\/havamall.com\/en\/wp-json\/wp\/v2\/product_tag?post=23491"}],"curies":[{"name":"wp","href":"https:\/\/api.w.org\/{rel}","templated":true}]}}