{"id":23587,"date":"2021-11-17T10:23:01","date_gmt":"2021-11-17T03:23:01","guid":{"rendered":"https:\/\/havamall.com\/?post_type=product&#038;p=23587"},"modified":"2025-12-03T04:12:45","modified_gmt":"2025-12-02T21:12:45","slug":"tinh-chat-vani-30ml-vanilla-planifolia-extract-with-bean","status":"publish","type":"product","link":"https:\/\/havamall.com\/en\/shop\/tinh-chat-vani-30ml-vanilla-planifolia-extract-with-bean\/","title":{"rendered":"Tinh Ch\u1ea5t Vani 30ml &#8211;  Vanilla Planifolia Extract With Bean"},"content":{"rendered":"<div class=\"detail_P02_content\">\n<div class=\"description\">\n<p>Vanilla hay c\u00f2n \u0111\u01b0\u1ee3c g\u1ecdi m\u1ed9t c\u00e1ch ph\u1ed5 bi\u1ebfn l\u00e0 vani, l\u00e0 m\u1ed9t lo\u1ea1i h\u01b0\u01a1ng li\u1ec7u v\u00f4 c\u00f9ng &#8220;th\u00e2n thu\u1ed9c&#8221; trong l\u00e0m b\u00e1nh, n\u1ea5u ch\u00e8 ho\u1eb7c kem. Vani c\u00f3 m\u1ed9t m\u00f9i h\u01b0\u01a1ng ng\u1ecdt ng\u00e0o \u0111\u1eb7c tr\u01b0ng gi\u00fap t\u0103ng th\u00eam \u0111\u1ed9 th\u01a1m cho m\u00f3n \u0103n.<\/p>\n<p>Vani c\u00f2n \u0111\u01b0\u1ee3c bi\u1ebft \u0111\u1ebfn nh\u01b0 m\u1ed9t lo\u1ea1i gia v\u1ecb \u0111\u1eaft ti\u1ec1n th\u1ee9 hai th\u1ebf gi\u1edbi ch\u1ec9 sau gia v\u1ecb\u00a0saffron\u00a0b\u1edfi mu\u1ed1n s\u1ea3n xu\u1ea5t ra ch\u00fang th\u00ec t\u1ed1n r\u1ea5t nhi\u1ec1u c\u00f4ng s\u1ee9c c\u1ee7a ng\u01b0\u1eddi gia c\u00f4ng.<\/p>\n<p><img fetchpriority=\"high\" decoding=\"async\" class=\"wp-image-23588 aligncenter\" src=\"https:\/\/havamall.com\/wp-content\/uploads\/2021\/11\/vanill-300x194.png\" alt=\"\" width=\"702\" height=\"454\" \/><\/p>\n<p><span style=\"color: #333333;font-family: Arial, 'Times New Roman', 'Bitstream Charter', Times, serif;font-size: 16px\">C\u00e2y vani l\u00e0 m\u1ed9t lo\u1ea1i th\u1ea3o m\u1ed9c th\u00e2n leo gi\u1ed1ng hoa lan c\u00f3 ngu\u1ed3n g\u1ed1c Ch\u00e2u M\u1ef9.\u00a0Tinh d\u1ea7u Vani nguy\u00ean ch\u1ea5t \u0111\u01b0\u1ee3c chi\u1ebft xu\u1ea5t tr\u1ef1c ti\u1ebfp t\u1eeb v\u1ecf qu\u1ea3 vani l\u00e0 n\u01a1i c\u00f3 th\u00e0nh ph\u1ea7n tinh d\u1ea7u nhi\u1ec1u nh\u1ea5t trong c\u00e2y. H\u01b0\u01a1ng th\u01a1m Vani ng\u1ecdt ng\u00e0o, quy\u1ebfn r\u0169, t\u1ea1o c\u1ea3m gi\u00e1c th\u0103ng hoa v\u00e0 \u0111\u01b0\u1ee3c coi l\u00e0 m\u1ed9t ch\u1ea5t k\u00edch th\u00edch t\u00ecnh d\u1ee5c t\u1ef1 nhi\u00ean.<\/span><\/p>\n<p>Vanila c\u00f3 c\u00f4ng d\u1ee5ng to l\u1edbn v\u00e0 l\u00e0 h\u01b0\u01a1ng li\u1ec7u ph\u1ed5 bi\u1ebfn trong vi\u1ec7c t\u1ea1o n\u00ean h\u01b0\u01a1ng th\u01a1m \u0111\u1eb7c tr\u01b0ng cho c\u00e1c lo\u1ea1i b\u00e1nh, \u0111\u1eb7c bi\u1ec7t l\u00e0 c\u1ed1t b\u00e1nh gato, ch\u00e8&#8230;..\u00a0Tinh ch\u1ea5t vanilla l\u00e0 m\u1ed9t nguy\u00ean li\u1ec7u th\u01b0\u1eddng d\u00f9ng trong nhi\u1ec1u m\u00f3n b\u00e1nh, gi\u00fap t\u1ea1o ra h\u01b0\u01a1ng th\u01a1m ng\u1ecdt ng\u00e0oc\u1ee7a nhi\u1ec1u lo\u1ea1i b\u00e1nh \u0111\u01b0\u1ee3c r\u1ea5t nhi\u1ec1u ng\u01b0\u1eddi y\u00eau th\u00edch.<\/p>\n<p><img decoding=\"async\" class=\"aligncenter\" src=\"https:\/\/havamall.com\/wp-content\/uploads\/2021\/11\/che-khoai-deo-698789.jpg\" alt=\"Top 6 c\u00e1ch n\u1ea5u ch\u00e8 Khoai lang th\u01a1m ngon, b\u1ed5 d\u01b0\u1ee1ng cho gia \u0111\u00ecnh - Toplist.vn\" width=\"693\" height=\"693\" \/><\/p>\n<h3><strong>C\u00f4ng d\u1ee5ng c\u1ee7a tinh ch\u1ea5t vani:<\/strong><\/h3>\n<\/div>\n<\/div>\n<div class=\"detail_P02_description\">\n<h5><strong><em>Pha ch\u1ebf d\u1ea7u massage gi\u1ea3m \u0111au nh\u1ee9c, l\u00e0m \u0111\u1eb9p da:<\/em><\/strong><\/h5>\n<p><span style=\"font-weight: 400\">\u0110\u1ec3 pha ch\u1ebf d\u1ea7u massage body, b\u1ea1n tr\u1ed9n t\u1eeb 3 \u2013 4 gi\u1ecdt tinh ch\u1ea5t vanilla c\u00f9ng v\u1edbi d\u1ea7u n\u1ec1n nguy\u00ean ch\u1ea5t ( d\u1ea7u oliu, d\u1ea7u c\u00e1m g\u1ea1o, d\u1ea7u h\u1ea1nh nh\u00e2n\u2026. ) th\u1ef1c hi\u1ec7n massage nh\u1eb9 nh\u00e0ng \u1edf nh\u1eefng v\u00f9ng \u0111au nh\u1ee9c, m\u1ecfi m\u1ec7t tr\u00ean c\u01a1 H\u1ed7n h\u1ee3p d\u1ea7u massage h\u01b0\u01a1ng vani ph\u1ea3ng ph\u1ea5t gi\u00fap tinh th\u1ea7n b\u1ea1n d\u1ec5 ch\u1ecbu h\u01a1n, \u0111\u1ed3ng th\u1eddi vi\u1ec7c massage gi\u00fap m\u1ea1ch m\u00e1u l\u01b0u th\u00f4ng \u0111\u1ec1u \u0111\u1eb7n, lo\u1ea1i b\u1ecf \u0111i nh\u1eefng c\u01a1n nh\u1ee9c \u0111\u1ea7u, c\u0103ng th\u1eb3ng, mang \u0111\u1ebfn cho b\u1ea1n c\u1ea3m gi\u00e1c th\u01b0 th\u00e1i, nh\u1eb9 nh\u00e0ng v\u00e0 ng\u1ee7 ngon gi\u1ea5c h\u01a1n.<\/span><\/p>\n<h5><strong><em>Th\u01b0 gi\u00e3n, gi\u1ea3m lo \u00e2u, stress v\u00e0 c\u0103ng th\u1eb3ng:<\/em><\/strong><\/h5>\n<p><span style=\"font-weight: 400\">H\u01b0\u01a1ng th\u01a1m ng\u1ecdt ng\u00e0o c\u1ee7a tinh d\u1ea7u vanilla gi\u00fap con ng\u01b0\u1eddi nhanh ch\u00f3ng c\u00e2n b\u1eb1ng l\u1ea1i c\u1ea3m x\u00fac, l\u00e0m ngu\u00f4i ngoai \u0111i nh\u1eefng c\u01a1n n\u00f3ng gi\u1eadn v\u00e0 t\u1eeb \u0111\u00f3 tinh th\u1ea7n th\u01b0 gi\u00e3n, gi\u1ea3m \u0111i lo \u00e2u, stress v\u00e0 c\u0103ng th\u1eb3ng. \u0110\u1ec3 s\u1eed d\u1ee5ng tinh d\u1ea7u vanilla, ph\u01b0\u01a1ng ph\u00e1p \u0111\u01a1n gi\u1ea3n nh\u1ea5t l\u00e0 d\u00f9ng 1 b\u1ed9 m\u00e1y khu\u1ebfch t\u00e1n tinh d\u1ea7u v\u00e0 cho 3-4 gi\u1ecdt tinh d\u1ea7u m\u1ed7i l\u1ea7n.<\/span><\/p>\n<p><img decoding=\"async\" class=\"wp-image-23591 aligncenter\" src=\"https:\/\/havamall.com\/wp-content\/uploads\/2021\/11\/7d2e875af0001-300x300.png\" alt=\"\" width=\"687\" height=\"687\" \/><\/p>\n<h5><strong><em>Th\u00e0nh ph\u1ea7n trong c\u00e1c lo\u1ea1i m\u1ef9 ph\u1ea9m, n\u01b0\u1edbc hoa:<\/em><\/strong><\/h5>\n<p><span style=\"font-weight: 400\">N\u1ebfu b\u1ea1n l\u00e0 m\u1ed9t trong nh\u1eefng t\u00edn \u0111\u1ed3 c\u1ee7a n\u01b0\u1edbc hoa v\u00e0 c\u00f3 nghi\u00ean c\u1ee9u v\u1ec1 th\u00e0nh ph\u1ea7n c\u1ee7a n\u00f3, b\u1ea1n s\u1ebd ch\u1eb3ng c\u00f2n th\u1ea5y xa l\u1ea1 \u0111\u1ed1i v\u1edbi h\u01b0\u01a1ng vani, b\u1edfi \u0111\u00e2y l\u00e0 m\u1ed9t trong nh\u1eefng th\u00e0nh ph\u1ea7n ph\u1ed5 bi\u1ebfn nh\u1ea5t \u0111\u01b0\u1ee3c s\u1eed d\u1ee5ng \u0111\u1ec3 chi\u1ebft xu\u1ea5t m\u1ed9t s\u1ed1 lo\u1ea1i n\u01b0\u1edbc hoa n\u1ed5i ti\u1ebfng. V\u00e0 \u0111\u1ec3 t\u1ea1o h\u01b0\u01a1ng th\u01a1m t\u1ef1 nhi\u00ean cho c\u01a1 th\u1ec3 v\u1edbi tinh d\u1ea7u n\u00e0y, ngo\u00e0i vi\u1ec7c b\u1ea1n nh\u1ecf v\u00e0o b\u1ed3n t\u1eafm n\u01b0\u1edbc \u1ea5m v\u00e0 ng\u00e2m m\u00ecnh, b\u1ea1n c\u00f3 th\u1ec3 nh\u1ecf tr\u1ef1c ti\u1ebfp v\u00e0o kem d\u01b0\u1ee1ng da c\u1ee7a m\u00ecnh r\u1ed3i thoa l\u00ean da m\u1ed7i t\u1ed1i tr\u01b0\u1edbc khi \u0111i ng\u1ee7, tinh d\u1ea7u vani c\u00f3 th\u1ec3 d\u01b0\u1ee1ng \u1ea9m cho da v\u00e0 t\u1ea1o h\u01b0\u01a1ng th\u01a1m quy\u1ebfn r\u0169 cho c\u01a1 th\u1ec3 b\u1ea1n \u0111\u1ea5y.<\/span><\/p>\n<h5><strong><em>L\u00e0m \u0111\u1eb9p v\u00e0 d\u01b0\u1ee1ng \u1ea9m cho da m\u1eb7t:<\/em><\/strong><\/h5>\n<p><span style=\"font-weight: 400\">Tinh d\u1ea7u vani c\u00f3 kh\u1ea3 n\u0103ng kh\u00e1ng khu\u1ea9n, kh\u00e1ng vi\u00eam c\u1ef1c k\u00ec cao, b\u1edfi th\u1ebf n\u00f3 s\u1ebd th\u1ef1c hi\u1ec7n t\u1ed1t c\u00f4ng vi\u1ec7c ng\u0103n ng\u1eeba c\u00e1c vi khu\u1ea9n c\u00f3 h\u1ea1i cho l\u00e0n da khi b\u1ea1n s\u1eed d\u1ee5ng ph\u01b0\u01a1ng ph\u00e1p l\u00e0m \u0111\u1eb9p v\u1edbi s\u1ea3n ph\u1ea9m t\u1ef1 nhi\u00ean n\u00e0y. Nh\u1ecf t\u1eeb 2 \u2013 3 gi\u1ecdt tinh d\u1ea7u vani v\u00e0o s\u1eeda r\u1eeda m\u1eb7t ho\u1eb7c dung d\u1ecbch m\u1eb7t n\u1ea1 t\u1ef1 nhi\u00ean c\u1ee7a b\u1ea1n, ngo\u00e0i t\u0103ng \u0111\u1ed9 \u1ea9m gi\u00fap da m\u1ec1m m\u1ecbn t\u1ef1 nhi\u00ean, tinh d\u1ea7u vani gi\u00fap b\u1ea1n lo\u1ea1i b\u1ecf m\u1ee5n v\u00e0 ng\u0103n ng\u1eeba c\u00e1c vi khu\u1ea9n, y\u1ebfu t\u1ed1 c\u00f3 h\u1ea1i t\u1ea5n c\u00f4ng v\u00e0o l\u00e0n da, b\u1ea3o v\u1ec7 an to\u00e0n cho l\u00e0n da b\u1ea1n t\u1eeb b\u00ean trong.<\/span><\/p>\n<p><img loading=\"lazy\" decoding=\"async\" class=\"wp-image-23589 aligncenter\" src=\"https:\/\/havamall.com\/wp-content\/uploads\/2021\/11\/opt__aboutcom_-300x200.png\" alt=\"\" width=\"700\" height=\"467\" \/><\/p>\n<\/div>\n<h3><strong>\u0110\u1eb7c \u0111i\u1ec3m n\u1ed5i b\u1eadt c\u1ee7a s\u1ea3n ph\u1ea9m:<\/strong><\/h3>\n<p>&gt; Tinh d\u1ea7u vani n\u00e0y \u0111\u00f3 l\u00e0 n\u00f3 kh\u00f4ng ph\u1ea3i l\u00e0 tinh ch\u1ea5t vani chi\u1ebft xu\u1ea5t m\u00e0 \u0111\u01b0\u1ee3c c\u00e2u th\u00e0nh t\u1eeb Progylene glycol, n\u01b0\u1edbc, h\u01b0\u01a1ng th\u1ef1c ph\u1ea9m&#8230;n\u00ean ch\u1eafc ch\u1eafn s\u1ebd mang \u0111\u1ebfn c\u1ea3m nh\u1eadn ho\u00e0n to\u00e0n m\u1edbi cho b\u1ea1n.<\/p>\n<p>&gt; \u0110\u01b0\u1ee3c s\u1ea3n xu\u1ea5t tr\u00ean d\u00e2y chuy\u1ec1n hi\u1ec7n t\u1ea1i \u0111\u1ea3m b\u1ea3o v\u1ec7 sinh an to\u00e0n th\u1ef1c ph\u1ea9m th\u1ef1c ph\u1ea9m<\/p>\n<p>&gt; \u0110\u00f3ng g\u00f3i l\u1ecd d\u1ec5 d\u00e0ng s\u1eed d\u1ee5ng trong n\u1ea5u \u0103n gia \u0111\u00ecnh c\u0169ng nh\u01b0 l\u00e0m b\u00e1nh<\/p>\n<p>&gt; \u1ee8ng d\u1ee5ng nhi\u1ec1u trong c\u00e1c m\u00f3n \u0103n : ch\u00e8, x\u00f4i, k\u1eb9o,&#8230;. v\u00e0 \u0111\u1eb7c bi\u1ec7t trong l\u00e0m b\u00e1nh<\/p>\n<p>&gt; \u0110\u1eb7c \u0111i\u1ec3m vanila n\u01b0\u1edbc th\u01b0\u1eddng c\u00f3 h\u01b0\u01a1ng th\u01a1m nh\u1eb9 kh\u00f4ng qu\u00e1 n\u1ed3ng nh\u01b0 vanila b\u1ed9t. Cho v\u00e0o \u1edf nhi\u1ec7t \u0111\u1ed9 cao th\u01b0\u1eddng kh\u00f4ng b\u1ecb \u0111\u1eafng.<\/p>\n<p><img loading=\"lazy\" decoding=\"async\" class=\"wp-image-23590 aligncenter\" src=\"https:\/\/havamall.com\/wp-content\/uploads\/2021\/11\/blue-french--300x300.png\" alt=\"\" width=\"739\" height=\"739\" \/><\/p>","protected":false},"excerpt":{"rendered":"<p>Vanilla hay c\u00f2n \u0111\u01b0\u1ee3c g\u1ecdi m\u1ed9t c\u00e1ch ph\u1ed5 bi\u1ebfn l\u00e0 vani, l\u00e0 m\u1ed9t lo\u1ea1i h\u01b0\u01a1ng li\u1ec7u v\u00f4 c\u00f9ng &#8220;th\u00e2n thu\u1ed9c&#8221;<\/p>","protected":false},"featured_media":23592,"comment_status":"open","ping_status":"closed","template":"","meta":[],"product_brand":[],"product_cat":[255,734,36],"product_tag":[],"class_list":{"0":"post-23587","1":"product","2":"type-product","3":"status-publish","4":"has-post-thumbnail","6":"product_cat-nguyen-lieu-lam-banh","7":"product_cat-nhap-khau-uc","8":"product_cat-thuc-pham-tieu-dung","9":"pa_brand-skx","11":"first","12":"instock","13":"sale","14":"shipping-taxable","15":"purchasable","16":"product-type-simple"},"_links":{"self":[{"href":"https:\/\/havamall.com\/en\/wp-json\/wp\/v2\/product\/23587","targetHints":{"allow":["GET"]}}],"collection":[{"href":"https:\/\/havamall.com\/en\/wp-json\/wp\/v2\/product"}],"about":[{"href":"https:\/\/havamall.com\/en\/wp-json\/wp\/v2\/types\/product"}],"replies":[{"embeddable":true,"href":"https:\/\/havamall.com\/en\/wp-json\/wp\/v2\/comments?post=23587"}],"version-history":[{"count":0,"href":"https:\/\/havamall.com\/en\/wp-json\/wp\/v2\/product\/23587\/revisions"}],"wp:featuredmedia":[{"embeddable":true,"href":"https:\/\/havamall.com\/en\/wp-json\/wp\/v2\/media\/23592"}],"wp:attachment":[{"href":"https:\/\/havamall.com\/en\/wp-json\/wp\/v2\/media?parent=23587"}],"wp:term":[{"taxonomy":"product_brand","embeddable":true,"href":"https:\/\/havamall.com\/en\/wp-json\/wp\/v2\/product_brand?post=23587"},{"taxonomy":"product_cat","embeddable":true,"href":"https:\/\/havamall.com\/en\/wp-json\/wp\/v2\/product_cat?post=23587"},{"taxonomy":"product_tag","embeddable":true,"href":"https:\/\/havamall.com\/en\/wp-json\/wp\/v2\/product_tag?post=23587"}],"curies":[{"name":"wp","href":"https:\/\/api.w.org\/{rel}","templated":true}]}}