{"id":23615,"date":"2021-11-17T15:01:45","date_gmt":"2021-11-17T08:01:45","guid":{"rendered":"https:\/\/havamall.com\/?post_type=product&#038;p=23615"},"modified":"2021-11-23T17:26:02","modified_gmt":"2021-11-23T10:26:02","slug":"bo-but-chi-mau-skin-colour-pencils-12-cai-skin-colours-pencils-mont-marte","status":"publish","type":"product","link":"https:\/\/havamall.com\/en\/shop\/bo-but-chi-mau-skin-colour-pencils-12-cai-skin-colours-pencils-mont-marte\/","title":{"rendered":"B\u1ed9 B\u00fat Ch\u00ec M\u00e0u Skin Colour Pencils 12 C\u00e1i &#8211; Skin Colours Pencils Mont Marte"},"content":{"rendered":"<p dir=\"auto\">Mont Marte l\u00e0 h\u00e3ng h\u1ecda c\u1ee5 \u0111\u00e3 c\u00f3 m\u1eb7t t\u1ea1i h\u1ec7 th\u1ed1ng c\u1eeda h\u00e0ng c\u1ee7a h\u01a1n 300 t\u1ec9nh th\u00e0nh thu\u1ed9c 75 qu\u1ed1c gia tr\u00ean to\u00e0n th\u1ebf gi\u1edbi. \u0110i\u1ec1u n\u00e0y n\u00f3i l\u00ean s\u1ef1 ph\u00e1t tri\u1ec3n b\u1ec1n v\u1eefng c\u1ee7a nh\u00e3n h\u00e0ng Mont Marte tr\u00ean th\u1ecb tr\u01b0\u1eddng th\u1ebf gi\u1edbi.<\/p>\n<p>Trong v\u00f2ng 15 n\u0103m, Mont Marte \u0111\u00e3 tr\u1edf th\u00e0nh th\u01b0\u01a1ng h\u1ec7u d\u1eabn \u0111\u1ea7u th\u1ecb tr\u01b0\u1eddng \u00dac v\u1ec1 c\u00e1c s\u1ea3n ph\u1ea9m ngh\u1ec7 thu\u1eadt v\u00e0 l\u00e0 th\u01b0\u01a1ng hi\u1ec7u \u0111\u01b0\u1ee3c tin d\u00f9ng \u1edf h\u01a1n 75 qu\u1ed1c gia: Trung Qu\u1ed1c, Canada, Ph\u00e1p, Ph\u1ea7n Lan,\u2026<\/p>\n<p>S\u1ea3n ph\u1ea9m Mont Marte kh\u00e1 \u0111a d\u1ea1ng, \u0111\u00e1p \u1ee9ng h\u1ea7u h\u1ebft c\u00e1c nhu c\u1ea7u v\u1ec1 h\u1ecda c\u1ee5 truy\u1ec1n th\u1ed1ng, t\u1eeb s\u01a1n m\u00e0u \u0111\u1ebfn c\u00e1c ph\u1ee5 ki\u1ec7n, s\u1ed5 k\u00ed h\u1ecda, gi\u1ea5y craft,\u2026<\/p>\n<p><img fetchpriority=\"high\" decoding=\"async\" class=\"wp-image-23523 aligncenter\" src=\"https:\/\/havamall.com\/wp-content\/uploads\/2021\/11\/Untitled61-1-300x300.png\" alt=\"\" width=\"691\" height=\"691\" \/><\/p>\n<p>Mont Marte l\u00e0 d\u00f2ng b\u00fat ch\u00ec cho k\u1ebft qu\u1ea3 ch\u00e2n th\u1ef1c nh\u1ea5t. B\u00fat ch\u00ec m\u00e0u kh\u00f4 Mont Marte \u0111\u01b0a tr\u00ed t\u01b0\u1edfng t\u01b0\u1ee3ng l\u00ean nh\u1eefng \u0111\u1ea7u ng\u00f3n tay v\u00e0 chuy\u1ec3n th\u00e0nh nh\u1eefng t\u00e1c ph\u1ea9m ngh\u1ec7 thu\u1eadt c\u1ee7a ri\u00eang b\u1ea1n. Set ch\u00ec m\u00e0u Mont Marte v\u1edbi gi\u00e1 th\u00e0nh ph\u1ea3i ch\u0103ng, ph\u00f9 h\u1ee3p cho m\u1ecdi \u0111\u1ed1i t\u01b0\u1ee3ng.<\/p>\n<p>C\u00e1c b\u1ed9 ch\u00ec m\u00e0u n\u01b0\u1edbc cao c\u1ea5p n\u00e0y cung c\u1ea5p \u0111\u1ea7y \u0111\u1ee7 c\u00e1c m\u00e0u s\u1eafc m\u1ed9t c\u00e1ch ho\u00e0n h\u1ea3o cho c\u00e1c ngh\u1ec7 s\u0129 v\u00e0 c\u1ea3 nh\u1eefng ai \u0111am m\u00ea h\u1ed9i h\u1ecda. M\u00e0u c\u00f3 th\u1ec3 s\u1eed d\u1ee5ng trong ph\u00e1c th\u1ea3o, v\u1ebd ho\u1eb7c thi\u1ebft k\u1ebf, sau \u0111\u00f3 c\u00f3 th\u1ec3 s\u1eed d\u1ee5ng c\u1ecd n\u01b0\u1edbc \u0111\u1ec3 t\u1ea1o \u0111\u01b0\u1ee3c hi\u1ec7u \u1ee9ng loang m\u00e0u nh\u01b0 m\u00e0u n\u01b0\u1edbc.<\/p>\n<p><img decoding=\"async\" class=\"wp-image-23616 aligncenter\" src=\"https:\/\/havamall.com\/wp-content\/uploads\/2021\/11\/p-300x200.png\" alt=\"\" width=\"692\" height=\"461\" \/><\/p>\n<h3><strong>H\u01b0\u1edbng d\u1eabn s\u1eed d\u1ee5ng:<\/strong><\/h3>\n<p>&#8211; \u0110\u1ec3 c\u00f3 nh\u1eefng b\u1ee9c tranh \u0111\u1eb9p nh\u1ea5t, c\u00e1c b\u1ea1n n\u00ean s\u1eed d\u1ee5ng ng\u00f2i s\u1eafc b\u00e9n nh\u00e9 .<\/p>\n<p>&#8211; V\u00ec b\u00fat c\u00f3 \u0111\u1ed9 nh\u1ecdn cao, n\u00ean tr\u00e1nh xa tr\u1ebb em ho\u1eb7c c\u00f3 s\u1eed d\u1ee5ng ph\u1ea3i c\u00f3 s\u1ef1 gi\u00e1m s\u00e1t c\u1ee7a ng\u01b0\u1eddi l\u1edbn.<\/p>\n<p>&#8211; Th\u00eam n\u01b0\u1edbc v\u00e0o b\u1ea3n v\u1ebd c\u1ee7a b\u1ea1n b\u1eb1ng c\u1ecd s\u01a1n \u0111\u1ec3 t\u1ea1o hi\u1ec7u \u1ee9ng r\u1eeda v\u00e0 m\u00e0u n\u01b0\u1edbc.<\/p>\n<p><img decoding=\"async\" class=\"wp-image-23617 aligncenter\" src=\"https:\/\/havamall.com\/wp-content\/uploads\/2021\/11\/MontMarteSig-288x300.png\" alt=\"\" width=\"688\" height=\"717\" \/><\/p>\n<h3><strong>\u0110\u1eb7c \u0111i\u1ec3m n\u1ed5i b\u1eadt c\u1ee7a s\u1ea3n ph\u1ea9m:<\/strong><\/h3>\n<p>\u2022 B\u00fat Mont Marte g\u1ed3m s\u1ee3i ch\u1ec9 d\u00e0y, m\u1ec1m, gi\u00e0u pigments, t\u0103ng c\u01b0\u1eddng \u0111\u1ed9 m\u1ecbn c\u00f9ng m\u00e0u s\u1eafc t\u01b0\u01a1i s\u00e1ng, gi\u00fap gia t\u0103ng \u0111\u1ed9 ph\u1ee7 \u0111\u1ebfn 100%.<\/p>\n<p>\u2022 Xu\u1ea5t s\u1eafc trong c\u00e1c \u1ee9ng d\u1ee5ng v\u1ebd: v\u1ebd, t\u00f4 b\u00f3ng, ph\u00e1c ho\u1ea1, thi\u1ebft k\u1ebf, ph\u1ee7 m\u00e0u, v\u1ebd m\u1edd, t\u1ea1o m\u00e0u m\u1edbi, ph\u1ed1i tr\u1ed9n m\u00e0u, v.v\u2026.,<\/p>\n<p>\u2022 M\u00e0u chuy\u1ec3n t\u00f4ng nh\u1eb9 nh\u00e0ng, m\u00e0u s\u1eafc ch\u00e2n th\u1eadt.<\/p>\n<p>\u2022 Th\u00e2n b\u00fat l\u00e0m t\u1eeb v\u1ecf g\u1ed7 ch\u1eafc ch\u1eafn, gi\u1eef cho m\u00e0u kh\u00f4ng b\u1ecb g\u00e3y, g\u1ecdt b\u00fat nh\u1eb9 nh\u00e0ng m\u01b0\u1ee3t m\u00e0.<\/p>\n<p>\u2022 C\u00f3 th\u1ec3 \u0111\u01b0\u1ee3c s\u1eed d\u1ee5ng kh\u00f4 nh\u01b0 b\u00fat ch\u00ec m\u00e0u th\u00f4ng th\u01b0\u1eddng ho\u1eb7c d\u00f9ng v\u1edbi n\u01b0\u1edbc \u0111\u1ec3 t\u1ea1o ra m\u1ed9t s\u1ed1 hi\u1ec7u \u1ee9ng.<\/p>\n<p>\u2022 Th\u00e2n b\u00fat \u0111\u01b0\u1ee3c t\u0103ng c\u01b0\u1eddng \u0111\u1ed9 d\u00e0y ch\u1ed1ng g\u00e3y, th\u00e2n thi\u1ec7n v\u1edbi m\u00f4i tr\u01b0\u1eddng v\u00e0 kh\u00f4ng ch\u1ee9a ch\u1ea5t \u0111\u1ed9c h\u1ea1i.<\/p>\n<p>\u2022 Ph\u00e2n lo\u1ea1i: h\u1ed9p 12 m\u00e0u,h\u1ed9p 24 m\u00e0u, h\u1ed9p 36 m\u00e0u.<\/p>\n<p>S\u1ea3n ph\u1ea9m \u0111\u00e3 c\u00f3 m\u1eb7t t\u1ea1i Havamall.<\/p>\n<p><img loading=\"lazy\" decoding=\"async\" class=\"wp-image-23618 aligncenter\" src=\"https:\/\/havamall.com\/wp-content\/uploads\/2021\/11\/71KEPHs-251x300.png\" alt=\"\" width=\"695\" height=\"830\" \/><\/p>","protected":false},"excerpt":{"rendered":"<p>Mont Marte l\u00e0 h\u00e3ng h\u1ecda c\u1ee5 \u0111\u00e3 c\u00f3 m\u1eb7t t\u1ea1i h\u1ec7 th\u1ed1ng c\u1eeda h\u00e0ng c\u1ee7a h\u01a1n 300 t\u1ec9nh th\u00e0nh thu\u1ed9c<\/p>","protected":false},"featured_media":23836,"comment_status":"open","ping_status":"closed","template":"","meta":[],"product_brand":[],"product_cat":[35,395],"product_tag":[],"class_list":{"0":"post-23615","1":"product","2":"type-product","3":"status-publish","4":"has-post-thumbnail","6":"product_cat-nha-cua-doi-song","7":"product_cat-van-phong-pham","8":"pa_brand-mont-marte","10":"first","11":"instock","12":"sale","13":"shipping-taxable","14":"purchasable","15":"product-type-simple"},"_links":{"self":[{"href":"https:\/\/havamall.com\/en\/wp-json\/wp\/v2\/product\/23615","targetHints":{"allow":["GET"]}}],"collection":[{"href":"https:\/\/havamall.com\/en\/wp-json\/wp\/v2\/product"}],"about":[{"href":"https:\/\/havamall.com\/en\/wp-json\/wp\/v2\/types\/product"}],"replies":[{"embeddable":true,"href":"https:\/\/havamall.com\/en\/wp-json\/wp\/v2\/comments?post=23615"}],"version-history":[{"count":0,"href":"https:\/\/havamall.com\/en\/wp-json\/wp\/v2\/product\/23615\/revisions"}],"wp:featuredmedia":[{"embeddable":true,"href":"https:\/\/havamall.com\/en\/wp-json\/wp\/v2\/media\/23836"}],"wp:attachment":[{"href":"https:\/\/havamall.com\/en\/wp-json\/wp\/v2\/media?parent=23615"}],"wp:term":[{"taxonomy":"product_brand","embeddable":true,"href":"https:\/\/havamall.com\/en\/wp-json\/wp\/v2\/product_brand?post=23615"},{"taxonomy":"product_cat","embeddable":true,"href":"https:\/\/havamall.com\/en\/wp-json\/wp\/v2\/product_cat?post=23615"},{"taxonomy":"product_tag","embeddable":true,"href":"https:\/\/havamall.com\/en\/wp-json\/wp\/v2\/product_tag?post=23615"}],"curies":[{"name":"wp","href":"https:\/\/api.w.org\/{rel}","templated":true}]}}