{"id":23661,"date":"2021-11-18T10:32:32","date_gmt":"2021-11-18T03:32:32","guid":{"rendered":"https:\/\/havamall.com\/?post_type=product&#038;p=23661"},"modified":"2025-04-21T11:49:13","modified_gmt":"2025-04-21T04:49:13","slug":"co-ban-long-de-goat-hair-pine-wood-brush-25mm-mont-marte","status":"publish","type":"product","link":"https:\/\/havamall.com\/en\/shop\/co-ban-long-de-goat-hair-pine-wood-brush-25mm-mont-marte\/","title":{"rendered":"C\u1ecd B\u1ea3n L\u00f4ng D\u00ea Goat Hair Pine Wood Brush 25mm Mont Marte"},"content":{"rendered":"<p dir=\"auto\">Mont Marte l\u00e0 h\u00e3ng h\u1ecda c\u1ee5 \u0111\u00e3 c\u00f3 m\u1eb7t t\u1ea1i h\u1ec7 th\u1ed1ng c\u1eeda h\u00e0ng c\u1ee7a h\u01a1n 300 t\u1ec9nh th\u00e0nh thu\u1ed9c 75 qu\u1ed1c gia tr\u00ean to\u00e0n th\u1ebf gi\u1edbi. \u0110i\u1ec1u n\u00e0y n\u00f3i l\u00ean s\u1ef1 ph\u00e1t tri\u1ec3n b\u1ec1n v\u1eefng c\u1ee7a nh\u00e3n h\u00e0ng Mont Marte tr\u00ean th\u1ecb tr\u01b0\u1eddng th\u1ebf gi\u1edbi.<\/p>\n<p>Trong v\u00f2ng 15 n\u0103m, Mont Marte \u0111\u00e3 tr\u1edf th\u00e0nh th\u01b0\u01a1ng h\u1ec7u d\u1eabn \u0111\u1ea7u th\u1ecb tr\u01b0\u1eddng \u00dac v\u1ec1 c\u00e1c s\u1ea3n ph\u1ea9m ngh\u1ec7 thu\u1eadt v\u00e0 l\u00e0 th\u01b0\u01a1ng hi\u1ec7u \u0111\u01b0\u1ee3c tin d\u00f9ng \u1edf h\u01a1n 75 qu\u1ed1c gia: Trung Qu\u1ed1c, Canada, Ph\u00e1p, Ph\u1ea7n Lan,\u2026<\/p>\n<p>S\u1ea3n ph\u1ea9m Mont Marte kh\u00e1 \u0111a d\u1ea1ng, \u0111\u00e1p \u1ee9ng h\u1ea7u h\u1ebft c\u00e1c nhu c\u1ea7u v\u1ec1 h\u1ecda c\u1ee5 truy\u1ec1n th\u1ed1ng, t\u1eeb s\u01a1n m\u00e0u \u0111\u1ebfn c\u00e1c ph\u1ee5 ki\u1ec7n, s\u1ed5 k\u00ed h\u1ecda, gi\u1ea5y craft,\u2026<\/p>\n<p><img fetchpriority=\"high\" decoding=\"async\" class=\"aligncenter\" src=\"https:\/\/havamall.com\/wp-content\/uploads\/2021\/11\/6597696984d10c312c588ee7d1212923.jpg\" alt=\"M\u00e0u acrylic mont marte 18\/24\/36\/48 x 36ml, mont marte signature acrylic paint set-d\u1ee5ng c\u1ee5 v\u1ebd t\u00e2m t\u00e2m - S\u1eafp x\u1ebfp theo li\u00ean quan s\u1ea3n ph\u1ea9m | Timki\" width=\"670\" height=\"670\" \/><\/p>\n<p>C\u1ecd L\u00f4ng d\u00ea c\u00e1n g\u1ed7 th\u00f4ng Mont Marte l\u00e0 m\u1ed9t lo\u1ea1i ch\u1ed5i c\u1ecd truy\u1ec1n th\u1ed1ng c\u1ee7a Nh\u1eadt B\u1ea3n. L\u00f4ng d\u00ea \u0111\u01b0\u1ee3c bu\u1ed9c v\u00e0o tay c\u1ea7m g\u1ed7 th\u00f4ng t\u1ef1 nhi\u00ean b\u1eb1ng d\u00e2y \u0111\u1ed3ng. C\u1ecd Mont Marte th\u00edch h\u1ee3p \u0111\u1ec3 t\u1ea1o l\u1edbp s\u01a1n l\u00f3t, th\u00eam men, l\u00e0m m\u1edd, \u0111\u00e1nh b\u00f3ng v\u00e9c ni cho t\u00e1c ph\u1ea9m ngh\u1ec7 thu\u1eadt c\u1ee7a b\u1ea1n.<\/p>\n<p><img decoding=\"async\" class=\"wp-image-23662 aligncenter\" src=\"https:\/\/havamall.com\/wp-content\/uploads\/2021\/11\/5323b895f-300x300.png\" alt=\"\" width=\"669\" height=\"669\" \/><\/p>\n<p>C\u1ecd \u0111\u01b0\u1ee3c s\u1eed d\u1ee5ng \u0111\u1ec3 s\u01a1n l\u00f3t, th\u00eam men, \u0111\u00e1nh b\u00f3ng, l\u00e0m m\u1edd, v\u00e0 vecni cho t\u00e1c ph\u1ea9m ngh\u1ec7 thu\u1eadt. Ch\u1ea5t l\u01b0\u1ee3ng v\u01b0\u1ee3t tr\u1ed9i v\u1edbi tay c\u1ea7m b\u1eb1ng g\u1ed7 ti\u1ec7n d\u1ee5ng: Tay c\u1ea7m b\u1eb1ng g\u1ed7 d\u00e0y d\u1ec5 c\u1ea7m \u0111\u01b0\u1ee3c thi\u1ebft k\u1ebf \u0111\u1eb7c bi\u1ec7t \u0111\u1ec3 gi\u00fap b\u00e0n ch\u1ea3i d\u1ec5 c\u1ea7m h\u01a1n v\u1edbi s\u1ef1 tho\u1ea3i m\u00e1i v\u00e0 ki\u1ec3m so\u00e1t t\u1ed1t h\u01a1n.<\/p>\n<p>C\u1ecd c\u00f3 tu\u1ed5i th\u1ecd cao h\u01a1n cho vi\u1ec7c gi\u1eef h\u00ecnh d\u1ea1ng, l\u00e0m s\u1ea1ch, v\u00ec v\u1eady b\u1ea1n c\u00f3 th\u1ec3 \u0111\u1ecbnh h\u00ecnh l\u1ea1i l\u00f4ng b\u00e0n ch\u1ea3i m\u1ed9t c\u00e1ch nh\u1eb9 nh\u00e0ng b\u1eb1ng c\u00e1ch s\u1eed d\u1ee5ng ng\u00f3n tay sau r\u1eeda s\u01a1n.<\/p>\n<p><img decoding=\"async\" class=\"wp-image-23663 aligncenter\" src=\"https:\/\/havamall.com\/wp-content\/uploads\/2021\/11\/242e546ca-300x300.png\" alt=\"\" width=\"673\" height=\"673\" \/><\/p>\n<h3><strong>\u0110\u1eb7c \u0111i\u1ec3m n\u1ed5i b\u1eadt c\u1ee7a s\u1ea3n ph\u1ea9m:<\/strong><\/h3>\n<p>&#8211; L\u00f4ng c\u1ecd \u0111\u01b0\u1ee3c l\u00e0m t\u1eeb l\u00f4ng d\u00ea m\u1ec1m, c\u00f3 \u0111\u1ed9 gi\u1eef n\u01b0\u1edbc v\u00e0 gi\u1eef m\u00e0u t\u1ed1t<\/p>\n<p>&#8211; Th\u00e2n c\u1ecd \u0111\u01b0\u1ee3c l\u00e0m t\u1eeb g\u1ed7 ch\u1eafc ch\u1eafn\u00a0c\u00f3 t\u00ednh th\u1ea9m m\u1ef9 cao<\/p>\n<p>&#8211;\u00a0C\u1ecd b\u1ea3n r\u1ed9ng qu\u00e9t n\u01b0\u1edbc, ph\u00f9 h\u1ee3p v\u1edbi c\u00e1c k\u1ef9 thu\u1eadt v\u1ebd m\u00e0u n\u01b0\u1edbc n\u00e2ng cao (qu\u00e9t m\u1ea3ng, \u1ee9ng d\u1ee5ng background&#8230;)<\/p>\n<p><img loading=\"lazy\" decoding=\"async\" class=\"wp-image-23664 aligncenter\" src=\"https:\/\/havamall.com\/wp-content\/uploads\/2021\/11\/59404929_2413-300x200.png\" alt=\"\" width=\"681\" height=\"455\" \/><\/p>\n<h3><strong>H\u01b0\u1edbng d\u1eabn b\u1ea3o qu\u1ea3n:<\/strong><\/h3>\n<p>&#8211; R\u1eeda s\u1ea1ch c\u1ecd sau khi s\u1eed d\u1ee5ng<\/p>\n<p>&#8211; B\u1ea3o qu\u1ea3n n\u01a1i kh\u00f4 r\u00e1o, tho\u00e1ng m\u00e1t<\/p>\n<p>&#8211; Tr\u00e1nh c\u1eafm c\u1ecd l\u00e2u trong c\u1ed1c r\u1eeda c\u1ecd s\u1ebd l\u00e0m h\u1ecfng form c\u1ecd<\/p>\n<p>&#8211; Tr\u00e1nh c\u1eafm \u0111\u1ea7u c\u1ecd khi kh\u00f4 v\u00e0o nh\u1eefng n\u01a1i d\u1ec5 l\u00e0m h\u1ecfng form l\u00f4ng c\u1ecd<\/p>","protected":false},"excerpt":{"rendered":"<p>Mont Marte l\u00e0 h\u00e3ng h\u1ecda c\u1ee5 \u0111\u00e3 c\u00f3 m\u1eb7t t\u1ea1i h\u1ec7 th\u1ed1ng c\u1eeda h\u00e0ng c\u1ee7a h\u01a1n 300 t\u1ec9nh th\u00e0nh thu\u1ed9c<\/p>","protected":false},"featured_media":23665,"comment_status":"open","ping_status":"closed","template":"","meta":[],"product_brand":[],"product_cat":[35,395],"product_tag":[],"class_list":{"0":"post-23661","1":"product","2":"type-product","3":"status-publish","4":"has-post-thumbnail","6":"product_cat-nha-cua-doi-song","7":"product_cat-van-phong-pham","8":"pa_brand-mont-marte","10":"first","11":"outofstock","12":"sale","13":"shipping-taxable","14":"purchasable","15":"product-type-simple"},"_links":{"self":[{"href":"https:\/\/havamall.com\/en\/wp-json\/wp\/v2\/product\/23661","targetHints":{"allow":["GET"]}}],"collection":[{"href":"https:\/\/havamall.com\/en\/wp-json\/wp\/v2\/product"}],"about":[{"href":"https:\/\/havamall.com\/en\/wp-json\/wp\/v2\/types\/product"}],"replies":[{"embeddable":true,"href":"https:\/\/havamall.com\/en\/wp-json\/wp\/v2\/comments?post=23661"}],"version-history":[{"count":0,"href":"https:\/\/havamall.com\/en\/wp-json\/wp\/v2\/product\/23661\/revisions"}],"wp:featuredmedia":[{"embeddable":true,"href":"https:\/\/havamall.com\/en\/wp-json\/wp\/v2\/media\/23665"}],"wp:attachment":[{"href":"https:\/\/havamall.com\/en\/wp-json\/wp\/v2\/media?parent=23661"}],"wp:term":[{"taxonomy":"product_brand","embeddable":true,"href":"https:\/\/havamall.com\/en\/wp-json\/wp\/v2\/product_brand?post=23661"},{"taxonomy":"product_cat","embeddable":true,"href":"https:\/\/havamall.com\/en\/wp-json\/wp\/v2\/product_cat?post=23661"},{"taxonomy":"product_tag","embeddable":true,"href":"https:\/\/havamall.com\/en\/wp-json\/wp\/v2\/product_tag?post=23661"}],"curies":[{"name":"wp","href":"https:\/\/api.w.org\/{rel}","templated":true}]}}