{"id":23689,"date":"2021-11-18T15:28:05","date_gmt":"2021-11-18T08:28:05","guid":{"rendered":"https:\/\/havamall.com\/?post_type=product&#038;p=23689"},"modified":"2025-12-03T04:09:47","modified_gmt":"2025-12-02T21:09:47","slug":"bo-dung-cu-dieu-khac-tao-hinh-dat-set","status":"publish","type":"product","link":"https:\/\/havamall.com\/en\/shop\/bo-dung-cu-dieu-khac-tao-hinh-dat-set\/","title":{"rendered":"B\u1ed9 D\u1ee5ng C\u1ee5 \u0110i\u00eau Kh\u1eafc T\u1ea1o H\u00ecnh \u0110\u1ea5t S\u00e9t"},"content":{"rendered":"<p id=\"tw-target-text\" class=\"tw-data-text tw-text-large tw-ta\" dir=\"ltr\"><span class=\"Y2IQFc\" lang=\"vi\">B\u1ed9 c\u00f4ng c\u1ee5 t\u1ea1o m\u00f4 h\u00ecnh nh\u1ecf n\u00e0y bao g\u1ed3m 8 c\u00f4ng c\u1ee5 hai \u0111\u1ea7u, cung c\u1ea5p 16 h\u00ecnh d\u1ea1ng c\u00f4ng c\u1ee5 \u0111\u1ec3 c\u1eaft, kh\u1eafc, l\u00e0m m\u1ecbn v\u00e0 t\u1ea1o k\u1ebft c\u1ea5u khi \u0111i\u00eau kh\u1eafc. Ch\u00fang c\u00f3 c\u1ea5u tr\u00fac b\u1eb1ng g\u1ed7 ho\u00e0ng d\u01b0\u01a1ng b\u1ec1n v\u00e0 thi\u1ebft k\u1ebf ti\u1ec7n d\u1ee5ng \u0111\u1ec3 s\u1eed d\u1ee5ng tho\u1ea3i m\u00e1i v\u00e0 c\u00f3 ki\u1ec3m so\u00e1t. Nh\u1eefng c\u00f4ng c\u1ee5 n\u00e0y r\u1ea5t th\u00edch h\u1ee3p \u0111\u1ec3 l\u00e0m vi\u1ec7c v\u1edbi \u0111\u1ea5t s\u00e9t.\u00a0<\/span>S\u1ea3n ph\u1ea9m \u0111\u01b0\u1ee3c l\u00e0m t\u1eeb nh\u1ef1a an to\u00e0n cho c\u1ea3 tr\u1ebb em, thi\u1ebft k\u1ebf ti\u1ec7n d\u1ee5ng v\u00e0 tay c\u1ea7m tho\u1ea3i m\u00e1i khi s\u1eed d\u1ee5ng.<\/p>\n<p class=\"tw-data-text tw-text-large tw-ta\" dir=\"ltr\">Ch\u00fang c\u00f3 c\u1ea5u tr\u00fac b\u1eb1ng g\u1ed7 ho\u00e0ng d\u01b0\u01a1ng b\u1ec1n v\u00e0 thi\u1ebft k\u1ebf ti\u1ec7n d\u1ee5ng, tay c\u1ea7m s\u1eed d\u1ee5ng tho\u1ea3i m\u00e1i. S\u1ea3n ph\u1ea9m n\u00e0y r\u1ea5t th\u00edch h\u1ee3p \u0111\u1ec3 l\u00e0m vi\u1ec7c v\u1edbi \u0111\u1ea5t s\u00e9t polyme, \u0111\u1ea5t s\u00e9t truy\u1ec1n th\u1ed1ng, g\u1ed1m.<\/p>\n<p dir=\"ltr\"><img fetchpriority=\"high\" decoding=\"async\" class=\"wp-image-23690 aligncenter\" src=\"https:\/\/havamall.com\/wp-content\/uploads\/2021\/11\/89faea42c6-300x300.png\" alt=\"\" width=\"641\" height=\"641\" \/><\/p>\n<p dir=\"ltr\">B\u1ed9 g\u1ed3m c\u00f3 8 c\u00e2y th\u00e2n nh\u1ef1a v\u1edbi 16 \u0111\u1ea7u \u0111i\u00eau kh\u1eafc kh\u00e1c nhau gi\u00fap c\u00e1c c\u00f4ng vi\u1ec7c \u0111i\u00eau kh\u1eafc, n\u1ea1o t\u01b0\u1ee3ng, t\u1ea1o h\u00ecnh d\u00e1ng \u0111i n\u00e9t, \u0111i vi\u1ec1n c\u00e1c chi ti\u1ebft nh\u1ecf tr\u00ean b\u1ec1 m\u1eb7t \u0111\u1ea5t s\u00e9t. B\u1ed9 s\u1ea3n ph\u1ea9m chuy\u00ean d\u00f9ng cho ng\u00e0nh \u0111i\u00eau kh\u1eafc, ngh\u1ec7 thu\u1eadt t\u1ea1o h\u00ecnh, \u1ee9ng d\u1ee5ng hoa \u0111\u1ea5t s\u00e9t, chibi, nail,\u2026. V\u1edbi c\u00e1c \u0111\u1ea7u c\u1ecd bi\u1ebfn t\u1ea5u ki\u1ec3u v\u1ecf x\u00f2, tr\u00f2n, m\u0169i \u2026.,gi\u00fap b\u1ea1n c\u00f3 nh\u1eefng \u00fd t\u01b0\u1edfng s\u00e1ng t\u1ea1o h\u01a1n.<\/p>\n<p dir=\"ltr\"><img decoding=\"async\" class=\"wp-image-23691 aligncenter\" src=\"https:\/\/havamall.com\/wp-content\/uploads\/2021\/11\/33b7ce59cb4f02-300x300.png\" alt=\"\" width=\"656\" height=\"656\" \/><\/p>\n<h3 class=\"tw-data-text tw-text-large tw-ta\"><strong><span class=\"Y2IQFc\" lang=\"vi\">C\u00f4ng d\u1ee5ng c\u1ee7a s\u1ea3n ph\u1ea9m:<\/span><\/strong><\/h3>\n<p class=\"tw-data-text tw-text-large tw-ta\" dir=\"ltr\"><span class=\"Y2IQFc\" lang=\"vi\">&gt; T\u1ea1o c\u00e1c r\u00e3nh c\u00f3 k\u1ebft c\u1ea5u b\u1eb1ng \u0111\u1ea7u \u0111\u00e3 \u0111\u01b0\u1ee3c ch\u1ebb v\u00e0 kh\u1eafc c\u00e1c v\u00f9ng l\u00f5m b\u1eb1ng c\u00f4ng c\u1ee5 cong nh\u1ecf. \u0110\u1ea7u bi tr\u00f2n c\u00f3 th\u1ec3 m\u00e0i nh\u1eb5n nh\u1eefng ch\u1ed7 kh\u00f3 ti\u1ebfp c\u1eadn trong khi d\u1ee5ng c\u1ee5 nh\u1ecdn t\u1ea1o h\u00ecnh c\u00e1c chi ti\u1ebft \u0111\u1eb9p v\u1edbi \u0111\u1ed9 ch\u00ednh x\u00e1c. <\/span><\/p>\n<p class=\"tw-data-text tw-text-large tw-ta\" dir=\"ltr\"><span class=\"Y2IQFc\" lang=\"vi\">&gt; C\u1eaft v\u00e0 t\u1ea1o \u0111\u01b0\u1eddng vi\u1ec1n b\u1eb1ng \u0111\u1ea7u l\u01b0\u1ee1i l\u1edbn v\u00e0 l\u00e0m ph\u1eb3ng c\u00e1c b\u1ec1 m\u1eb7t b\u1eb1ng c\u00f4ng c\u1ee5 \u0111\u1ea7u tr\u00f2n. <\/span><\/p>\n<p class=\"tw-data-text tw-text-large tw-ta\" dir=\"ltr\"><span class=\"Y2IQFc\" lang=\"vi\">&gt; \u0110\u1ea7u c\u00e1nh khu\u1ea5y tr\u00f2n c\u00f3 th\u1ec3 \u0111\u01b0\u1ee3c s\u1eed d\u1ee5ng \u0111\u1ec3 l\u00e0m ph\u1eb3ng c\u00e1c khu v\u1ef1c m\u1ed9t c\u00e1ch nh\u1eb9 nh\u00e0ng v\u00e0 \u0111\u1ea7u c\u00f3 m\u00f3c s\u1ebd kh\u00eda v\u00e0 lo\u1ea1i b\u1ecf \u0111\u1ea5t s\u00e9t m\u1ed9t c\u00e1ch ch\u00ednh x\u00e1c.<\/span><\/p>\n<p dir=\"ltr\"><img decoding=\"async\" class=\"wp-image-23692 aligncenter\" src=\"https:\/\/havamall.com\/wp-content\/uploads\/2021\/11\/fed079d195-300x300.png\" alt=\"\" width=\"672\" height=\"672\" \/><\/p>\n<p class=\"tw-data-text tw-text-large tw-ta\" dir=\"ltr\"><span class=\"Y2IQFc\" lang=\"vi\">&gt; S\u1eed d\u1ee5ng c\u00f4ng c\u1ee5 l\u01b0\u1ee1i ng\u1eafn \u0111\u1ec3 l\u00e1t v\u00e0 c\u1eaft \u0111\u1ea5t s\u00e9t v\u00e0 \u0111\u1ea7u nh\u1ecdn t\u1ea1o ra c\u00e1c b\u1ec1 m\u1eb7t l\u1ed3i l\u00f5m \u0111\u1ed3ng nh\u1ea5t. C\u1eaft ch\u00e9o v\u00e0 t\u1ea1o c\u00e1c \u0111\u01b0\u1eddng m\u1ea3nh b\u1eb1ng c\u00f4ng c\u1ee5 l\u01b0\u1ee1i l\u1edbn. <\/span><\/p>\n<p class=\"tw-data-text tw-text-large tw-ta\" dir=\"ltr\"><span class=\"Y2IQFc\" lang=\"vi\">&gt; Ph\u1ea7n cu\u1ed1i cong t\u1ea1o n\u00ean nh\u1eefng \u0111\u01b0\u1eddng n\u00e9t tinh t\u1ebf. \u0110i\u1ec3m c\u00e1c \u0111\u01b0\u1eddng n\u00e9t \u0111\u1eb9p b\u1eb1ng c\u00f4ng c\u1ee5 g\u00f3c nh\u1ecdn. L\u00e0m r\u1ed7ng c\u00e1c khu v\u1ef1c nh\u1ecf b\u1eb1ng c\u00f4ng c\u1ee5 cong nh\u1ecf. C\u00f4ng c\u1ee5 nh\u1ecdn n\u00e0y l\u00e0 v\u00f4 gi\u00e1 \u0111\u1ec3 kh\u1eafc v\u00e0 th\u1ee5t l\u1ec1 c\u0169ng nh\u01b0 h\u1ed7 tr\u1ee3 v\u1ecb tr\u00ed c\u1ee7a c\u00e1c v\u1eadt nh\u1ecf.<\/span><\/p>\n<p class=\"tw-data-text tw-text-large tw-ta\" dir=\"ltr\"><span class=\"Y2IQFc\" lang=\"vi\">&gt; Ph\u1ea7n cu\u1ed1i g\u00f3c c\u1ea1nh s\u1eafc b\u00e9n l\u00e0m m\u1ecbn v\u00e0 ph\u1eb3ng v\u00e0 d\u1ee5ng c\u1ee5 l\u01b0\u1ee1i l\u1edbn c\u1eaft v\u00e0 \u0111i\u00eau kh\u1eafc. C\u00f4ng c\u1ee5 n\u00e0y r\u1ea5t tuy\u1ec7t v\u1eddi \u0111\u1ec3 t\u1ea1o ra c\u00e1c m\u1eabu \u0111\u1ed3ng nh\u1ea5t v\u00e0 h\u1ed7 tr\u1ee3 trong vi\u1ec7c \u0111\u1ecbnh v\u1ecb ch\u00ednh x\u00e1c c\u00e1c v\u1eadt th\u1ec3 nh\u1ecf.<\/span><\/p>\n<p dir=\"ltr\">S\u1ea3n ph\u1ea9m hi\u1ec7n \u0111\u00e3 c\u00f3 m\u1eb7t t\u1ea1i Havamall.<\/p>","protected":false},"excerpt":{"rendered":"<p>B\u1ed9 c\u00f4ng c\u1ee5 t\u1ea1o m\u00f4 h\u00ecnh nh\u1ecf n\u00e0y bao g\u1ed3m 8 c\u00f4ng c\u1ee5 hai \u0111\u1ea7u, cung c\u1ea5p 16 h\u00ecnh d\u1ea1ng<\/p>","protected":false},"featured_media":24882,"comment_status":"open","ping_status":"closed","template":"","meta":[],"product_brand":[],"product_cat":[35,395],"product_tag":[],"class_list":{"0":"post-23689","1":"product","2":"type-product","3":"status-publish","4":"has-post-thumbnail","6":"product_cat-nha-cua-doi-song","7":"product_cat-van-phong-pham","9":"first","10":"instock","11":"sale","12":"shipping-taxable","13":"purchasable","14":"product-type-simple"},"_links":{"self":[{"href":"https:\/\/havamall.com\/en\/wp-json\/wp\/v2\/product\/23689","targetHints":{"allow":["GET"]}}],"collection":[{"href":"https:\/\/havamall.com\/en\/wp-json\/wp\/v2\/product"}],"about":[{"href":"https:\/\/havamall.com\/en\/wp-json\/wp\/v2\/types\/product"}],"replies":[{"embeddable":true,"href":"https:\/\/havamall.com\/en\/wp-json\/wp\/v2\/comments?post=23689"}],"version-history":[{"count":0,"href":"https:\/\/havamall.com\/en\/wp-json\/wp\/v2\/product\/23689\/revisions"}],"wp:featuredmedia":[{"embeddable":true,"href":"https:\/\/havamall.com\/en\/wp-json\/wp\/v2\/media\/24882"}],"wp:attachment":[{"href":"https:\/\/havamall.com\/en\/wp-json\/wp\/v2\/media?parent=23689"}],"wp:term":[{"taxonomy":"product_brand","embeddable":true,"href":"https:\/\/havamall.com\/en\/wp-json\/wp\/v2\/product_brand?post=23689"},{"taxonomy":"product_cat","embeddable":true,"href":"https:\/\/havamall.com\/en\/wp-json\/wp\/v2\/product_cat?post=23689"},{"taxonomy":"product_tag","embeddable":true,"href":"https:\/\/havamall.com\/en\/wp-json\/wp\/v2\/product_tag?post=23689"}],"curies":[{"name":"wp","href":"https:\/\/api.w.org\/{rel}","templated":true}]}}