{"id":23844,"date":"2021-11-24T10:59:27","date_gmt":"2021-11-24T03:59:27","guid":{"rendered":"https:\/\/havamall.com\/?post_type=product&#038;p=23844"},"modified":"2022-10-04T17:04:04","modified_gmt":"2022-10-04T10:04:04","slug":"keo-caramel-nhan-sua-choko-chimba-mix-200g","status":"publish","type":"product","link":"https:\/\/havamall.com\/en\/shop\/keo-caramel-nhan-sua-choko-chimba-mix-200g\/","title":{"rendered":"K\u1eb9o Caramel Nh\u00e2n S\u1eefa Choko Chimba Mix 200g"},"content":{"rendered":"<p>K\u1eb9o caramel nh\u00e2n s\u1eefa Choko Chimba mix nhi\u1ec1u v\u1ecb. S\u1ef1 k\u1ebft h\u1ee3p c\u1ee7a nhi\u1ec1u h\u01b0\u01a1ng v\u1ecb t\u1eeb Choko Chimba &#8211; khi b\u1ea1n kh\u00f4ng c\u1ea7n ph\u1ea3i l\u1ef1a ch\u1ecdn, nh\u01b0ng b\u1ea1n c\u00f3 th\u1ec3 th\u1eed t\u1ea5t c\u1ea3 c\u00e1c h\u01b0\u01a1ng v\u1ecb y\u00eau th\u00edch c\u1ee7a m\u00ecnh c\u00f9ng m\u1ed9t l\u00fac! Caramel v\u1ecb s\u00f4 c\u00f4 la nghe c\u00f3 v\u1ebb l\u1ea1, nh\u01b0ng Choko Chimba ch\u1ee9a \u0111\u1ef1ng s\u1ef1 k\u1ebft h\u1ee3p th\u00fa v\u1ecb c\u1ee7a b\u1ea1c h\u00e0, anh \u0111\u00e0o v\u00e0 chu\u1ed1i v\u1edbi s\u00f4 c\u00f4 la.<\/p>\n<p>K\u1eb9o Choco Chimba nhi\u1ec1u v\u1ecb l\u00e0 k\u1eb9o caramen v\u1edbi l\u1edbp v\u1ecf ngo\u00e0i mang v\u1ecb chu\u1ed1i, chery, b\u1ea1c h\u00e0. K\u1eb9o kh\u00f4ng nh\u1eefng mang m\u00e0u s\u1eafc b\u1eaft m\u1eaft l\u1ea1i r\u1ea5t ngon mi\u1ec7ng.<\/p>\n<p><img fetchpriority=\"high\" decoding=\"async\" class=\"wp-image-23845 aligncenter\" src=\"https:\/\/havamall.com\/wp-content\/uploads\/2021\/11\/a8cde-300x258.png\" alt=\"\" width=\"637\" height=\"548\" \/><\/p>\n<div>K\u1eb9o caramel nh\u00e2n s\u1eefa Choko Chimba mix nhi\u1ec1u v\u1ecb ch\u1ee9a nhi\u1ec1u th\u00e0nh ph\u1ea7n dinh d\u01b0\u1ee1ng v\u1edbi \u0111\u01b0\u1eddng, siro glucoza, d\u1ea7u d\u1eeba hydro h\u00f3a, b\u1ed9t whey&#8230; \u0111\u01b0\u1ee3c l\u1ef1a ch\u1ecdn k\u1ef9 l\u01b0\u1ee1ng, \u0111\u1ea3m b\u1ea3o an to\u00e0n. Ngo\u00e0i ra, s\u1ea3n ph\u1ea9m b\u1ed5 sung m\u1ed9t s\u1ed1 d\u01b0\u1ee1ng ch\u1ea5t t\u1ed1t cho c\u01a1 th\u1ec3 ng\u01b0\u1eddi d\u00f9ng. K\u1eb9o caramel nh\u00e2n s\u1eefa Choko Chimba mix nhi\u1ec1u v\u1ecb v\u1edbi m\u00f9i v\u1ecb th\u01a1m ngon, ng\u1ecdt b\u00e9o c\u1ee7a s\u1eefa, gi\u00fap k\u00edch th\u00edch v\u1ecb gi\u00e1c. S\u1ea3n ph\u1ea9m \u0111\u00f3ng g\u00f3i ti\u1ec7n d\u1ee5ng, d\u1ec5 d\u00e0ng cho b\u1ea1n mang theo khi \u0111i du l\u1ecbch, d\u00e3 ngo\u1ea1i.<\/div>\n<div><img decoding=\"async\" class=\"wp-image-23847 aligncenter\" src=\"https:\/\/havamall.com\/wp-content\/uploads\/2021\/11\/Sc864e-300x210.png\" alt=\"\" width=\"630\" height=\"441\" \/><\/div>\n<p>K\u1eb9o caramel nh\u00e2n s\u1eefa Choko Chimba mix nhi\u1ec1u v\u1ecb \u0111\u01b0\u1ee3c s\u1ea3n xu\u1ea5t theo d\u00e2y chuy\u1ec1n c\u00f4ng ngh\u1ec7 hi\u1ec7n \u0111\u1ea1i, \u0111\u1ea1t ti\u00eau chu\u1ea9n ch\u1ea5t l\u01b0\u1ee3ng an to\u00e0n v\u1ec7 sinh th\u1ef1c ph\u1ea9m. S\u1ea3n ph\u1ea9m \u0111\u1ea3m b\u1ea3o an to\u00e0n cho s\u1ee9c kh\u1ecfe ng\u01b0\u1eddi ti\u00eau d\u00f9ng.<\/p>\n<p>K\u1eb9o caramel nh\u00e2n s\u1eefa Choko Chimba l\u00e0 m\u1ed9t lo\u1ea1i k\u1eb9o Nga \u0111\u01b0\u1ee3c r\u1ea5t nhi\u1ec1u th\u1ebf h\u1ec7 y\u00eau th\u00edch b\u1edfi s\u1ef1 m\u1ec1m d\u1ebbo v\u00e0 k\u1ebft h\u1ee3p tuy\u1ec7t v\u1eddi gi\u1eefa v\u1ecb ng\u1ecdt c\u1ee7a caramel v\u00e0 v\u1ecb tr\u00e1i c\u00e2y. K\u1eb9o s\u1ebd mang \u0111\u1ebfn m\u1ed9t tr\u1ea3i nghi\u1ec7m ho\u00e0n to\u00e0n \u1ea5n t\u01b0\u1ee3ng v\u00e0 ng\u1ecdt ng\u00e0o. M\u1ed9t ch\u00fat v\u1ecb tr\u00e1i c\u00e2y s\u1ebd khi\u1ebfn v\u1ecb ng\u1ecdt c\u1ee7a Caramel \u0111\u1eadm \u0111\u00e0 v\u00e0 \u00eam \u00e1i h\u01a1n bao gi\u1edd h\u1ebft.<\/p>\n<p><img decoding=\"async\" class=\"wp-image-23848 aligncenter\" src=\"https:\/\/havamall.com\/wp-content\/uploads\/2021\/11\/126-300x188.jpg\" alt=\"\" width=\"630\" height=\"395\" \/><\/p>\n<h3><strong>\u0110\u1eb7c \u0111i\u1ec3m n\u1ed5i b\u1eadt:<\/strong><\/h3>\n<p>\u2013 K\u1eb9o l\u00e0 m\u1ed9t s\u1ea3n ph\u1ea9m \u0111\u01b0\u1ee3c s\u1ea3n xu\u1ea5t theo c\u00f4ng ngh\u1ec7 ti\u00ean ti\u1ebfn c\u1ee7a Nga, kh\u00f4ng ch\u1ee9a c\u00e1c ph\u1ea9m m\u00e0u v\u00e0 ch\u1ea5t b\u1ea3o qu\u1ea3n \u0111\u1ed9c h\u1ea1i.<\/p>\n<p>\u2013 K\u1eb9o c\u00f3 h\u01b0\u01a1ng v\u1ecb th\u01a1m ngon \u0111\u1ed9c \u0111\u00e1o, th\u00fa v\u1ecb khi th\u01b0\u1edfng th\u1ee9c.<\/p>\n<p>\u2013 S\u1ea3n ph\u1ea9m \u0111\u01b0\u1ee3c \u0111\u00f3ng g\u00f3i trong bao b\u00ec nh\u1ecf g\u1ecdn, ti\u1ec7n d\u1ee5ng, thu\u1eadn l\u1ee3i cho vi\u1ec7c b\u1ea3o qu\u1ea3n ho\u1eb7c mang \u0111i b\u1ea5t c\u1ee9 \u0111\u00e2u.<\/p>\n<p>\u2013 S\u1ea3n ph\u1ea9m th\u00edch h\u1ee3p \u0111\u1ec3 c\u00f9ng th\u01b0\u1edfng th\u1ee9c v\u1edbi b\u1ea1n b\u00e8, ng\u01b0\u1eddi th\u00e2n trong c\u00e1c chuy\u1ebfn d\u00e3 ngo\u1ea1i, d\u1ecbp l\u1ec5,\u2026<\/p>\n<p>S\u1ea3n ph\u1ea9m hi\u1ec7n \u0111\u00e3 c\u00f3 m\u1eb7t t\u1ea1i Havamall.<\/p>","protected":false},"excerpt":{"rendered":"<p>K\u1eb9o caramel nh\u00e2n s\u1eefa Choko Chimba mix nhi\u1ec1u v\u1ecb. S\u1ef1 k\u1ebft h\u1ee3p c\u1ee7a nhi\u1ec1u h\u01b0\u01a1ng v\u1ecb t\u1eeb Choko Chimba &#8211;<\/p>","protected":false},"featured_media":23849,"comment_status":"open","ping_status":"closed","template":"","meta":[],"product_brand":[],"product_cat":[133,36],"product_tag":[],"class_list":{"0":"post-23844","1":"product","2":"type-product","3":"status-publish","4":"has-post-thumbnail","6":"product_cat-banh-keo-chocolate","7":"product_cat-thuc-pham-tieu-dung","9":"first","10":"outofstock","11":"sale","12":"shipping-taxable","13":"purchasable","14":"product-type-simple"},"_links":{"self":[{"href":"https:\/\/havamall.com\/en\/wp-json\/wp\/v2\/product\/23844","targetHints":{"allow":["GET"]}}],"collection":[{"href":"https:\/\/havamall.com\/en\/wp-json\/wp\/v2\/product"}],"about":[{"href":"https:\/\/havamall.com\/en\/wp-json\/wp\/v2\/types\/product"}],"replies":[{"embeddable":true,"href":"https:\/\/havamall.com\/en\/wp-json\/wp\/v2\/comments?post=23844"}],"version-history":[{"count":0,"href":"https:\/\/havamall.com\/en\/wp-json\/wp\/v2\/product\/23844\/revisions"}],"wp:featuredmedia":[{"embeddable":true,"href":"https:\/\/havamall.com\/en\/wp-json\/wp\/v2\/media\/23849"}],"wp:attachment":[{"href":"https:\/\/havamall.com\/en\/wp-json\/wp\/v2\/media?parent=23844"}],"wp:term":[{"taxonomy":"product_brand","embeddable":true,"href":"https:\/\/havamall.com\/en\/wp-json\/wp\/v2\/product_brand?post=23844"},{"taxonomy":"product_cat","embeddable":true,"href":"https:\/\/havamall.com\/en\/wp-json\/wp\/v2\/product_cat?post=23844"},{"taxonomy":"product_tag","embeddable":true,"href":"https:\/\/havamall.com\/en\/wp-json\/wp\/v2\/product_tag?post=23844"}],"curies":[{"name":"wp","href":"https:\/\/api.w.org\/{rel}","templated":true}]}}