{"id":23850,"date":"2021-11-24T11:41:03","date_gmt":"2021-11-24T04:41:03","guid":{"rendered":"https:\/\/havamall.com\/?post_type=product&#038;p=23850"},"modified":"2022-01-27T10:47:51","modified_gmt":"2022-01-27T03:47:51","slug":"keo-socola-nhan-nho-kho-goi-125g-chocolate-candy-with-raisins","status":"publish","type":"product","link":"https:\/\/havamall.com\/en\/shop\/keo-socola-nhan-nho-kho-goi-125g-chocolate-candy-with-raisins\/","title":{"rendered":"K\u1eb9o Socola Nh\u00e2n Nho Kh\u00f4 G\u00f3i 125g &#8211; Chocolate Candy With Raisins"},"content":{"rendered":"<p>K\u1eb9o vi\u00ean nho kh\u00f4 ph\u1ee7 socola l\u00e0 m\u1ed9t trong nh\u1eefng s\u1ea3n ph\u1ea9m \u0111\u01b0\u1ee3c y\u00eau th\u00edch nh\u1ea5t c\u1ee7a th\u01b0\u01a1ng hi\u1ec7u n\u1ed5i ti\u1ebfng h\u00e0ng \u0111\u1ea7u n\u01b0\u1edbc Nga. H\u01b0\u01a1ng v\u1ecb chua chua ng\u1ecdt ng\u1ecdt c\u1ee7a nho kh\u00f4 quy\u1ec7n trong h\u01b0\u01a1ng v\u1ecb th\u01a1m ngon, ng\u1ecdt b\u00e9o c\u1ee7a chocolate ch\u1eafc ch\u1eafn s\u1ebd khi\u1ebfn b\u1ea1n ng\u00e2y ng\u1ea5t.<\/p>\n<p>Nho kh\u00f4 ch\u1ee9a nhi\u1ec1u ch\u1ea5t x\u01a1 n\u00ean r\u1ea5t t\u1ed1t cho ng\u01b0\u1eddi m\u1eafc b\u1ec7nh t\u00e1o b\u00f3n, tr\u0129 v\u00e0 gi\u00fap gi\u1ea3m Cholesterol trong c\u01a1 th\u1ec3. \u0110\u00e2y l\u00e0 s\u1ea3n ph\u1ea9m \u0103n v\u1eb7t cao c\u1ea5p, v\u00e0 l\u00e0 m\u00f3n qu\u00e0 t\u1ebft \u0111\u1eb7c bi\u1ec7t, sang tr\u1ecdng m\u1ed7i d\u1ecbp t\u1ebft \u0111\u1ebfn xu\u00e2n v\u1ec1. B\u00ean c\u1ea1nh \u0111\u00f3, b\u1ea1n c\u0169ng c\u00f3 th\u1ec3 \u0111\u1ec3 trang tr\u00ed b\u00e1nh kem ho\u1eb7c nguy\u00ean li\u1ec7u cho c\u00e1c m\u00f3n tr\u00e1ng mi\u1ec7ng kh\u00e1c.<\/p>\n<p><img fetchpriority=\"high\" decoding=\"async\" class=\"wp-image-23852 aligncenter\" src=\"https:\/\/havamall.com\/wp-content\/uploads\/2021\/11\/plu_354_2-300x151.png\" alt=\"\" width=\"626\" height=\"315\" \/><\/p>\n<p>K\u1eb9o vi\u00ean nho kh\u00f4 ph\u1ee7 socola kh\u00f4ng c\u00f3 h\u01b0\u01a1ng v\u1ecb nh\u00e2n t\u1ea1o ho\u1eb7c ch\u1ea5t b\u1ea3o qu\u1ea3n, l\u00e0m nh\u1eefng vi\u00ean socola nh\u1ecf tr\u00f2n t\u01b0\u01a1i ngon, th\u01a1m v\u00e0 \u0111\u1ea7y h\u01b0\u01a1ng v\u1ecb t\u1ef1 nhi\u00ean. Nho kh\u00f4 ng\u1ecdt ng\u00e0o \u0111\u01b0\u1ee3c ph\u1ee7 trong socola s\u1eefa trong h\u1ed9p th\u1ee7 c\u00f4ng v\u00e0\u00a0 \u0111\u1ec3 t\u1eebng vi\u00ean socola kh\u00f4ng d\u00ednh v\u00e0o ng\u00f3n tay c\u1ee7a b\u1ea1n, khi\u1ebfn ch\u00fang d\u1ec5 \u0103n v\u00e0 ti\u1ec7n l\u1ee3i h\u01a1n.<\/p>\n<h3><strong>\u0110\u1eb7c \u0111i\u1ec3m n\u1ed5i b\u1eadt c\u1ee7a s\u1ea3n ph\u1ea9m:<\/strong><\/h3>\n<p>-Socola c\u00f3 h\u01b0\u01a1ng v\u1ecb ng\u1ecdt \u0111\u1eafng \u0111\u1eb7c tr\u01b0ng, b\u00e9o ng\u1eady, nh\u01b0ng k\u1ebft h\u1ee3p c\u00f9ng nho kh\u00f4 v\u1ecb chua ng\u1ecdt v\u00f4 c\u00f9ng tinh t\u1ebf. Khi th\u01b0\u1edfng th\u1ee9c b\u1ea1n s\u1ebd c\u1ea3m nh\u1eadn \u0111\u01b0\u1ee3c v\u1ecb ngon m\u1edbi l\u1ea1, \u0103n nghi\u1ec1n, tr\u1ebb em hay ng\u01b0\u1eddi l\u1edbn \u0111\u1ec1u th\u00edch.<\/p>\n<p>-Ngu\u1ed3n nguy\u00ean li\u1ec7u\u00a0socola\u00a0ch\u1ea5t l\u01b0\u1ee3ng cao c\u1ea5p, c\u00f9ng nho kh\u00f4. Quy tr\u00ecnh s\u1ea3n xu\u1ea5t hi\u1ec7n \u0111\u1ea1i \u0111\u1ea1t ti\u00eau chu\u1ea9n nghi\u00eam ng\u1eb7t.<\/p>\n<p>-Chocolate s\u1eefa b\u1ecdc nho kh\u00f4 t\u1eebng vi\u00ean nh\u1ecf d\u1ec5 th\u01b0\u1edfng th\u1ee9c. M\u00e0u n\u00e2u \u00f3ng \u00e1nh v\u00f4 c\u00f9ng h\u1ea5p d\u1eabn.<\/p>\n<p><img decoding=\"async\" class=\"wp-image-23853 aligncenter\" src=\"https:\/\/havamall.com\/wp-content\/uploads\/2021\/11\/4028-choc-300x176.png\" alt=\"\" width=\"636\" height=\"373\" \/><\/p>\n<h3><strong>C\u00f4ng d\u1ee5ng<\/strong><\/h3>\n<p>\u2013 Mang l\u1ea1i l\u1ee3i \u00edch cho n\u00e3o b\u1ed9, gi\u1ea3m stress, c\u00f3 l\u1ee3i cho tim m\u1ea1ch, ch\u1ed1ng l\u00e3o h\u00f3a<\/p>\n<p>\u2013 T\u1ed1t cho h\u1ec7 ti\u00eau h\u00f3a, gi\u00fap h\u1ea1 cholesterol.<\/p>\n<p>\u2013 Nho kh\u00f4 ch\u1ee9a nhi\u1ec1u ch\u1ea5t x\u01a1 n\u00ean r\u1ea5t t\u1ed1t cho ng\u01b0\u1eddi m\u1eafc b\u1ec7nh t\u00e1o b\u00f3n v\u00e0 tr\u0129.<\/p>\n<p><img decoding=\"async\" class=\"wp-image-23854 aligncenter\" src=\"https:\/\/havamall.com\/wp-content\/uploads\/2021\/11\/71V24oeE-300x246.png\" alt=\"\" width=\"634\" height=\"520\" \/><\/p>\n<h3><strong>H\u01b0\u1edbng d\u1eabn s\u1eed d\u1ee5ng<\/strong><\/h3>\n<p>\u2013 \u0102n tr\u1ef1c ti\u1ebfp sau khi m\u1edf h\u1ed9p.<\/p>\n<p>\u2013 C\u00f3 th\u1ec3 d\u00f9ng chung v\u1edbi tr\u00e0 n\u00f3ng \u0111\u1ec3 t\u0103ng s\u1ef1 ngon mi\u1ec7ng.<\/p>\n<p><strong>C\u00e1ch b\u1ea3o qu\u1ea3n:<\/strong>\u00a0B\u1ea3o qu\u1ea3n n\u01a1i kh\u00f4 r\u00e1o, tho\u00e1ng m\u00e1t, tr\u00e1nh \u00e1nh s\u00e1ng tr\u1ef1c ti\u1ebfp<\/p>\n<p>S\u1ea3n ph\u1ea9m hi\u1ec7n \u0111\u00e3 c\u00f3 m\u1eb7t t\u1ea1i Havamall.<\/p>","protected":false},"excerpt":{"rendered":"<p>K\u1eb9o vi\u00ean nho kh\u00f4 ph\u1ee7 socola l\u00e0 m\u1ed9t trong nh\u1eefng s\u1ea3n ph\u1ea9m \u0111\u01b0\u1ee3c y\u00eau th\u00edch nh\u1ea5t c\u1ee7a th\u01b0\u01a1ng hi\u1ec7u n\u1ed5i<\/p>","protected":false},"featured_media":23855,"comment_status":"open","ping_status":"closed","template":"","meta":[],"product_brand":[],"product_cat":[133,36],"product_tag":[],"class_list":{"0":"post-23850","1":"product","2":"type-product","3":"status-publish","4":"has-post-thumbnail","6":"product_cat-banh-keo-chocolate","7":"product_cat-thuc-pham-tieu-dung","9":"first","10":"outofstock","11":"sale","12":"shipping-taxable","13":"purchasable","14":"product-type-simple"},"_links":{"self":[{"href":"https:\/\/havamall.com\/en\/wp-json\/wp\/v2\/product\/23850","targetHints":{"allow":["GET"]}}],"collection":[{"href":"https:\/\/havamall.com\/en\/wp-json\/wp\/v2\/product"}],"about":[{"href":"https:\/\/havamall.com\/en\/wp-json\/wp\/v2\/types\/product"}],"replies":[{"embeddable":true,"href":"https:\/\/havamall.com\/en\/wp-json\/wp\/v2\/comments?post=23850"}],"version-history":[{"count":0,"href":"https:\/\/havamall.com\/en\/wp-json\/wp\/v2\/product\/23850\/revisions"}],"wp:featuredmedia":[{"embeddable":true,"href":"https:\/\/havamall.com\/en\/wp-json\/wp\/v2\/media\/23855"}],"wp:attachment":[{"href":"https:\/\/havamall.com\/en\/wp-json\/wp\/v2\/media?parent=23850"}],"wp:term":[{"taxonomy":"product_brand","embeddable":true,"href":"https:\/\/havamall.com\/en\/wp-json\/wp\/v2\/product_brand?post=23850"},{"taxonomy":"product_cat","embeddable":true,"href":"https:\/\/havamall.com\/en\/wp-json\/wp\/v2\/product_cat?post=23850"},{"taxonomy":"product_tag","embeddable":true,"href":"https:\/\/havamall.com\/en\/wp-json\/wp\/v2\/product_tag?post=23850"}],"curies":[{"name":"wp","href":"https:\/\/api.w.org\/{rel}","templated":true}]}}