{"id":23859,"date":"2021-11-24T16:57:11","date_gmt":"2021-11-24T09:57:11","guid":{"rendered":"https:\/\/havamall.com\/?post_type=product&#038;p=23859"},"modified":"2021-11-26T17:32:43","modified_gmt":"2021-11-26T10:32:43","slug":"nen-dien-tu-nhap-nhay-uncle-bills-7cm-led-flicker-flame-candle","status":"publish","type":"product","link":"https:\/\/havamall.com\/en\/shop\/nen-dien-tu-nhap-nhay-uncle-bills-7cm-led-flicker-flame-candle\/","title":{"rendered":"N\u1ebfn \u0110i\u1ec7n T\u1eed Nh\u1ea5p Nh\u00e1y Uncle Bills 7cm &#8211; Led Flicker Flame Candle"},"content":{"rendered":"<div class=\"o9v6fnle cxmmr5t8 oygrvhab hcukyx3x c1et5uql ii04i59q\">\n<h3><strong>TH\u00d4NG TIN TH\u01af\u01a0NG HI\u1ec6U<\/strong><\/h3>\n<\/div>\n<p>Uncle Bills (UBL) cung c\u1ea5p h\u01a1n 1800 s\u1ea3n ph\u1ea9m ti\u00eau d\u00f9ng phi th\u01b0\u0323c ph\u00e2\u0309m h\u00e2\u0301p d\u00e2\u0303n, ti\u00ea\u0323n i\u0301ch, gia\u0301 ph\u1ea3i ch\u0103ng. S\u1ea3n ph\u1ea9m bao g\u1ed3m nhi\u1ec1u lo\u1ea1i ha\u0300ng ho\u0301a kh\u00e1c nhau, t\u1eeb \u0111\u1ed3 du\u0300ng nh\u00e0 b\u1ebfp, ch\u0103m s\u00f3c c\u00e1 nh\u00e2n, l\u00e0m s\u1ea1ch nha\u0300 c\u01b0\u0309a, \u0111\u00f4\u0300 l\u01b0u tr\u1eef, ca\u0301c loa\u0323i du\u0323ng cu\u0323, v\u00e2\u0323t du\u0323ng ngo\u00e0i tr\u1eddi v\u00e0 ca\u0309 cho tr\u1ebb em.\u00a0 UBL Lu\u00f4n lu\u00f4n c\u00e2\u0323p nh\u00e2\u0323t ca\u0301c sa\u0309n ph\u00e2\u0309m m\u01a1\u0301i.<\/p>\n<p>S\u1ea3n ph\u1ea9m UBL \u0111\u01b0\u1ee3c s\u1ea3n xu\u1ea5t theo ti\u00eau chu\u1ea9n ch\u1ea5t l\u01b0\u1ee3ng nghi\u00eam ng\u1eb7t c\u1ee7a UBL Hongkong v\u00e0 b\u00e1n t\u1ea1i h\u01a1n 50 qu\u1ed1c gia v\u01a1\u0301i h\u01a1n 10.000 c\u1eeda h\u00e0ng, bao g\u1ed3m ch\u00e2u \u00c2u, \u00dac, Ch\u00e2u \u00c1, Ch\u00e2u Phi. S\u1ee9 m\u1ec7nh c\u1ee7a UBL l\u00e0 cung c\u1ea5p nh\u1eefng s\u1ea3n ph\u1ea9m ti\u1ec7n \u00edch v\u00e0 h\u1ea5p d\u1eabn cho ng\u00f4i nh\u00e0 hi\u1ec7n \u0111\u1ea1i c\u1ee7a ng\u01b0\u1eddi Vi\u1ec7t Nam.<\/p>\n<p><img fetchpriority=\"high\" decoding=\"async\" class=\"alignnone wp-image-22991 aligncenter\" src=\"https:\/\/havamall.com\/wp-content\/uploads\/2021\/10\/7a4565aab9e3171165a8eafb557b0da0-300x150.jpg\" alt=\"\" width=\"800\" height=\"400\" \/><\/p>\n<p>Th\u1eddi ti\u1ebft se l\u1ea1nh b\u00e1o hi\u1ec7u m\u1ed9t m\u00f9a Gi\u00e1ng Sinh \u0111ang \u0111\u1ebfn g\u1ea7n. Nh\u1eefng n\u0103m g\u1ea7n \u0111\u00e2y, vi\u1ec7c trang tr\u00ed gi\u00e1ng sinh \u0111\u00e3 d\u1ea7n tr\u1edf l\u00ean quen thu\u1ed9c v\u00e0 ph\u1ed5 bi\u1ebfn kh\u1eafp mu\u00f4n n\u01a1i. \u0110\u1ec3 t\u1ea1o ra m\u1ed9t kh\u00f4ng kh\u00ed gi\u00e1ng sinh \u1ea5m \u00e1p, lung linh th\u00ec ch\u00fang ta s\u1ebd c\u00f3 r\u1ea5t nhi\u1ec1u ph\u1ee5 ki\u1ec7n \u0111\u1ec3 trang tr\u00ed gi\u00e1ng sinh,\u2026 V\u00e0 ch\u1eafc ch\u1eafn nh\u1eefng s\u1ea3n ph\u1ea9m gi\u00e1ng sinh nh\u00e0 Havamall s\u1ebd l\u00e0 ph\u1ee5 ki\u1ec7n t\u1ea5t y\u1ebfu cho m\u1ecdi c\u0103n h\u1ed9, c\u1eeda h\u00e0ng, nh\u00e0 h\u00e0ng hay v\u0103n ph\u00f2ng c\u00f4ng ty,\u2026 gi\u00fap g\u00f3p ph\u1ea7n \u0111em l\u1ea1i m\u1ed9t kh\u00f4ng kh\u00ed gi\u00e1ng sinh an l\u00e0nh, \u1ea5m \u00e1p cho gia \u0111\u00ecnh b\u1ea1n.<\/p>\n<p><img decoding=\"async\" class=\"wp-image-23872 aligncenter\" src=\"https:\/\/havamall.com\/wp-content\/uploads\/2021\/11\/3-300x205.jpg\" alt=\"\" width=\"801\" height=\"547\" \/><\/p>\n<p>B\u1ea1n c\u1ea7n mua n\u1ebfn \u0111i\u1ec7n t\u1eed lo\u1ea1i nh\u1ecf \u0111\u1ec3 th\u1eafp gi\u00e1ng sinh s\u1eafp t\u1edbi? B\u1ea1n c\u1ea7n m\u1eabu n\u1ebfn trang tr\u00ed Noel \u0111\u1ed5i m\u00e0u \u0111\u1eb9p lung linh kh\u00f4ng? S\u1ea3n ph\u1ea9m N\u1ebfn \u0110i\u1ec7n T\u1eed Mini Uncle Bills s\u1ebd l\u00e0 m\u1ed9t m\u00f3n \u0111\u1ed3 trang tr\u00ed c\u1ef1c k\u00ec h\u1ea5p d\u1eabn v\u00e0 sinh \u0111\u1ed9ng cho t\u1eebng g\u00f3c kh\u00f4ng gian c\u1ee7a ng\u00f4i nh\u00e0 b\u1ea1n, cho t\u00ecnh y\u00eau c\u1ee7a b\u1ea1n th\u0103ng hoa, cho cu\u1ed9c s\u1ed1ng gia \u0111\u00ecnh tr\u00e0n \u0111\u1ea7y \u00fd ngh\u0129a v\u1edbi s\u1ef1 \u1ea5m c\u00fang, l\u00e3ng m\u1ea1n.<\/p>\n<p>V\u1edbi hi\u1ec7u \u1ee9ng \u0111\u1eb7c bi\u1ec7t, khi m\u1edf n\u1ebfn \u0111i\u1ec7n t\u1eed ph\u00e1t s\u00e1ng lung linh, b\u1eadp b\u00f9ng h\u1ec7t nh\u01b0 m\u1ed9t c\u00e2y n\u1ebfn \u0111ang ch\u00e1y, m\u00e0 l\u1ea1i kh\u00f4ng sinh nhi\u1ec7t, kh\u00f4ng c\u1ea7n oxi c\u00f3 th\u1ec3 d\u00f9ng b\u1ea5t k\u1ec3 l\u00fac n\u00e0o d\u00f9 l\u00e0 trong nh\u00e0 hay ngo\u00e0i tr\u1eddi.<\/p>\n<p><img decoding=\"async\" class=\"alignnone wp-image-23880 aligncenter\" src=\"https:\/\/havamall.com\/wp-content\/uploads\/2021\/11\/N\u1ebeN-7-300x300.jpg\" alt=\"\" width=\"800\" height=\"800\" \/><\/p>\n<p>N\u1ebfn \u0110i\u1ec7n T\u1eed Uncle Bills l\u00e0 m\u1ed9t gi\u1ea3i ph\u00e1p tuy\u1ec7t v\u1eddi cho nh\u1eefng ai mu\u1ed1n t\u00f4n t\u1ea1o kh\u00f4ng gian n\u1ed9i th\u1ea5t th\u00eam ph\u1ea7n lung linh v\u00e0 \u0111\u1ea7y m\u00e0u s\u1eafc l\u00e3ng m\u1ea1n. N\u1ebfn \u0111i\u1ec7n t\u1eed \u0111\u01b0\u1ee3c thi\u1ebft k\u1ebf v\u1edbi m\u1ed9t b\u00f3ng \u0111\u00e8n led \u0111\u1eb7c bi\u1ec7t, si\u00eau ti\u1ebft ki\u1ec7m \u0111i\u1ec7n v\u00e0 kh\u00f4ng sinh nhi\u1ec7t, v\u1edbi k\u00edch th\u01b0\u1edbc b\u00ean ngo\u00e0i t\u01b0\u01a1ng \u0111\u01b0\u01a1ng v\u1edbi nh\u1eefng c\u00e2y n\u1ebfn s\u00e1p th\u1eadt b\u00ean trong l\u00e0 1 vi m\u1ea1ch nh\u1ecf x\u00edu d\u01b0\u1edbi \u0111\u00e1y n\u1ebfn.\u00a0N\u1ebfn \u0111i\u1ec7n t\u1eed v\u1edbi \u00e1nh s\u00e1ng v\u00e0ng, mang \u0111\u1ebfn c\u1ea3m gi\u00e1c \u1ea5m \u00e1p v\u00e0 h\u00e1o h\u1ee9c ch\u1edd \u0111\u00f3n gi\u00e1ng sinh s\u1eafp t\u1edbi.<\/p>\n<p><img loading=\"lazy\" decoding=\"async\" class=\"wp-image-23881 aligncenter\" src=\"https:\/\/havamall.com\/wp-content\/uploads\/2021\/11\/N\u1ebeN-10-300x300.jpg\" alt=\"\" width=\"800\" height=\"800\" \/><\/p>\n<h3><strong>\u01afU \u0110I\u1ec2M S\u1ea2N PH\u1ea8M<\/strong><\/h3>\n<p>N\u1ebfn \u0111i\u1ec7n t\u1eed Uncle Bills c\u00f3 r\u1ea5t nhi\u1ec1u \u01b0u \u0111i\u1ec3m n\u1ed5i b\u1eadt:<\/p>\n<p>+ An to\u00e0n, d\u1ec5 s\u1eed d\u1ee5ng v\u00e0 r\u1ea5t ti\u1ec7n l\u1ee3i, kh\u00f4ng s\u1ee3 ch\u00e1y.<\/p>\n<p>+ C\u00f3 th\u1ec3 t\u00e1i s\u1eed d\u1ee5ng nhi\u1ec1u l\u1ea7n, th\u1eddi gian s\u1eed d\u1ee5ng l\u00e2u h\u01a1n.<\/p>\n<p>+ S\u1eed d\u1ee5ng \u0111\u01b0\u1ee3c khi c\u1ea3 ngo\u00e0i tr\u1eddi gi\u00f3 m\u1ea1nh.<\/p>\n<p>+ N\u1ebfn \u0111i\u1ec7n t\u1eed c\u00f3 c\u00f4ng t\u1eafc d\u01b0\u1edbi \u0111\u1ebf d\u1ec5 d\u00e0ng b\u1eadt t\u1eaft khi kh\u00f4ng s\u1eed d\u1ee5ng.<\/p>\n<p>+ N\u1ebfn ho\u1ea1t \u0111\u1ed9ng b\u1eb1ng pin c\u00fac \u00e1o th\u00f4ng d\u1ee5ng (\u0111\u00e3 \u0111\u01b0\u1ee3c k\u00e8m s\u1eb5n).<\/p>\n<p>+ Ch\u1ea5t li\u1ec7u nh\u1ef1a PP b\u1ec1n, an to\u00e0n.<\/p>\n<p><img loading=\"lazy\" decoding=\"async\" class=\"alignnone wp-image-23882 aligncenter\" src=\"https:\/\/havamall.com\/wp-content\/uploads\/2021\/11\/N\u1ebeN-5-300x300.jpg\" alt=\"\" width=\"800\" height=\"800\" \/><\/p>","protected":false},"excerpt":{"rendered":"<p>TH\u00d4NG TIN TH\u01af\u01a0NG HI\u1ec6U Uncle Bills (UBL) cung c\u1ea5p h\u01a1n 1800 s\u1ea3n ph\u1ea9m ti\u00eau d\u00f9ng phi th\u01b0\u0323c ph\u00e2\u0309m h\u00e2\u0301p d\u00e2\u0303n,<\/p>","protected":false},"featured_media":24097,"comment_status":"open","ping_status":"closed","template":"","meta":[],"product_brand":[],"product_cat":[35,452,394],"product_tag":[],"class_list":{"0":"post-23859","1":"product","2":"type-product","3":"status-publish","4":"has-post-thumbnail","6":"product_cat-nha-cua-doi-song","7":"product_cat-noel","8":"product_cat-trang-tri-nha-cua","10":"first","11":"instock","12":"sale","13":"shipping-taxable","14":"purchasable","15":"product-type-simple"},"_links":{"self":[{"href":"https:\/\/havamall.com\/en\/wp-json\/wp\/v2\/product\/23859","targetHints":{"allow":["GET"]}}],"collection":[{"href":"https:\/\/havamall.com\/en\/wp-json\/wp\/v2\/product"}],"about":[{"href":"https:\/\/havamall.com\/en\/wp-json\/wp\/v2\/types\/product"}],"replies":[{"embeddable":true,"href":"https:\/\/havamall.com\/en\/wp-json\/wp\/v2\/comments?post=23859"}],"version-history":[{"count":0,"href":"https:\/\/havamall.com\/en\/wp-json\/wp\/v2\/product\/23859\/revisions"}],"wp:featuredmedia":[{"embeddable":true,"href":"https:\/\/havamall.com\/en\/wp-json\/wp\/v2\/media\/24097"}],"wp:attachment":[{"href":"https:\/\/havamall.com\/en\/wp-json\/wp\/v2\/media?parent=23859"}],"wp:term":[{"taxonomy":"product_brand","embeddable":true,"href":"https:\/\/havamall.com\/en\/wp-json\/wp\/v2\/product_brand?post=23859"},{"taxonomy":"product_cat","embeddable":true,"href":"https:\/\/havamall.com\/en\/wp-json\/wp\/v2\/product_cat?post=23859"},{"taxonomy":"product_tag","embeddable":true,"href":"https:\/\/havamall.com\/en\/wp-json\/wp\/v2\/product_tag?post=23859"}],"curies":[{"name":"wp","href":"https:\/\/api.w.org\/{rel}","templated":true}]}}