{"id":23871,"date":"2021-11-24T17:01:21","date_gmt":"2021-11-24T10:01:21","guid":{"rendered":"https:\/\/havamall.com\/?post_type=product&#038;p=23871"},"modified":"2021-11-26T16:23:59","modified_gmt":"2021-11-26T09:23:59","slug":"bo-18-trai-chau-co-dien-uncle-bills-18-pack-baubles","status":"publish","type":"product","link":"https:\/\/havamall.com\/en\/shop\/bo-18-trai-chau-co-dien-uncle-bills-18-pack-baubles\/","title":{"rendered":"B\u1ed9 18 Tr\u00e1i Ch\u00e2u C\u1ed5 \u0110i\u1ec3n Uncle Bills &#8211; 18 Pack Baubles"},"content":{"rendered":"<div class=\"o9v6fnle cxmmr5t8 oygrvhab hcukyx3x c1et5uql ii04i59q\">\n<div dir=\"auto\">\u0110\u1ebfm ng\u01b0\u1ee3c m\u1ed9t th\u00e1ng l\u00e0 \u0111\u00e3 \u0111\u1ebfn Gi\u00e1ng Sinh 2021 v\u00e0 s\u1ebd r\u1ea5t tuy\u1ec7t v\u1eddi khi ng\u00f4i nh\u00e0 c\u1ee7a b\u1ea1n \u0111\u01b0\u1ee3c trang tr\u00ed ng\u1eadp tr\u00e0n kh\u00f4ng kh\u00ed l\u1ec5 h\u1ed9i v\u1edbi c\u00e2y th\u00f4ng Noel, d\u00e2y \u0111\u00e8n v\u00e0 c\u00e1c h\u1ed9p qu\u00e0 \u0111\u1ee7 m\u00e0u s\u1eafc.<\/div>\n<\/div>\n<p>H\u00e3y \u0111\u1ec3 Uncle Bills g\u00f3p ph\u1ea7n l\u00e0m sinh \u0111\u1ed9ng h\u01a1n trong m\u00f9a Gi\u00e1ng sinh c\u1ee7a b\u1ea1n v\u1edbi nh\u1eefng ph\u1ee5 ki\u1ec7n trang tr\u00ed Noel \u0111a d\u1ea1ng h\u00f2a chung kh\u00f4ng kh\u00ed \u1ea5m \u00e1p c\u1ee7a m\u00f9a Gi\u00e1ng sinh. C\u00e1c m\u1eabu m\u00e3 noel \u0111\u1ed9c \u0111\u00e1o c\u1ee7a Uncle Bills \u0111\u00e3 c\u00f3 m\u1eb7t t\u1ea1i nh\u00e0 Havamall.<\/p>\n<p><img fetchpriority=\"high\" decoding=\"async\" class=\"wp-image-23860 aligncenter\" src=\"https:\/\/havamall.com\/wp-content\/uploads\/2021\/11\/258515322_-300x300.png\" alt=\"\" width=\"642\" height=\"642\" \/><\/p>\n<p>B\u1ed9 18 tr\u00e1i ch\u00e2u c\u1ed5 \u0111i\u1ec3n Uncle Bills &#8211;\u00a0 \u0110\u1ed3 Trang Tr\u00ed Gi\u00e1ng Sinh Ph\u1ee5 ki\u1ec7n trang tr\u00ed gi\u00e1ng sinh. \u0110\u1ed3 d\u00f9ng trang tr\u00ed gi\u00e1ng sinh \u0111\u01b0\u1eddng k\u00ednh 40mm v\u1edbi 3 m\u00e0u s\u1eafc: Gold, B\u1ea1c, \u0110\u1ecf.<\/p>\n<p>M\u1ed7i d\u1ecbp Gi\u00e1ng Sinh v\u1ec1, ph\u1ed1 ph\u01b0\u1eddng l\u1ea1i n\u00e1o nhi\u1ec7t v\u1edbi c\u00e1c l\u1ec5 h\u1ed9i Gi\u00e1ng Sinh, \u00f4ng gi\u00e0 Noel v\u00e0 \u0111\u1eb7c bi\u1ec7t l\u00e0 c\u00e1c c\u00e2y th\u00f4ng Gi\u00e1ng sinh lung linh kh\u1eafp n\u01a1i. N\u00e9t \u0111i\u1ec3m xuy\u1ebfn l\u1ea5p l\u00e1nh tr\u00ean c\u00e1c\u00a0c\u00e2y th\u00f4ng Noel \u0111\u1eb9p\u00a0ch\u00ednh l\u00e0 nh\u1eefng qu\u1ea3 ch\u00e2u nhi\u1ec1u m\u00e0u s\u1eafc s\u1eb7c s\u1ee1.<\/p>\n<p><img decoding=\"async\" class=\"wp-image-23873 aligncenter\" src=\"https:\/\/havamall.com\/wp-content\/uploads\/2021\/11\/24PCS-40-300x300.png\" alt=\"\" width=\"652\" height=\"652\" \/><\/p>\n<p>Ch\u00ednh v\u00ec th\u1ebf\u00a0h\u1ed9p\u00a018 tr\u00e1i ch\u00e2u c\u1ed5 \u0111i\u1ec3n Uncle Bills l\u00e0 m\u1ed9t v\u1eadt trang tr\u00ed c\u00e2y th\u00f4ng c\u0169ng nh\u01b0 m\u1ed9t \u0111\u1ed3 trang tr\u00ed noel kh\u00f4ng th\u1ec3 thi\u1ebfu v\u00e0o d\u1ecbp l\u1ec5 cu\u1ed1i n\u0103m n\u00e0y.<\/p>\n<p>Tr\u00e1i ch\u00e2u \u0111\u1ec3 trang tr\u00ed c\u00e2y th\u00f4ng Noel kh\u00f4ng ch\u1ec9 l\u00e0 v\u1eadt d\u1ee5ng trang tr\u00ed m\u00e0 n\u00f3 c\u00f2n mang \u00fd ngh\u0129a mang l\u1ea1i s\u1ee9c m\u1ea1nh v\u00e0 s\u1ef1 l\u1ea1c quan cho c\u00e1c th\u00e0nh vi\u00ean trong nh\u00e0, mang l\u1ea1i s\u1ef1 th\u00f4ng minh v\u00e0 c\u1ee9ng c\u00e1p cho nh\u1eefng \u0111\u1ee9a tr\u1ebb khi l\u1edbn l\u00ean.<\/p>\n<p><img decoding=\"async\" class=\"wp-image-23862 aligncenter\" src=\"https:\/\/havamall.com\/wp-content\/uploads\/2021\/11\/f751e-300x243.png\" alt=\"\" width=\"668\" height=\"542\" \/><\/p>\n<p>C\u00e2y th\u00f4ng noel c\u1ee7a b\u1ea1n s\u1ebd lung linh h\u01a1n r\u1ea5t nhi\u1ec1u khi c\u00f3 th\u00eam nh\u1eefng qu\u1ea3 ch\u00e2u trang tr\u00ed. Qu\u1ea3 ch\u00e2u trang tr\u00ed c\u00e2y th\u00f4ng noel Uncle Bills \u0111\u01b0\u1ee3c g\u1eafng \u1edf kh\u1eafp n\u01a1i tr\u00ean t\u00e1n c\u00e2y, t\u1eeb g\u1ed1c th\u1ea5p cho \u0111\u1ebfn ng\u1ecdn cao. \u0110\u00e2y l\u00e0 v\u1eadt d\u1ee5ng trang tr\u00ed ph\u1ed5 bi\u1ebfn v\u00e0o ng\u00e0y l\u1ec5 gi\u00e1ng sinh.<\/p>\n<p><img loading=\"lazy\" decoding=\"async\" class=\"wp-image-23863 aligncenter\" src=\"https:\/\/havamall.com\/wp-content\/uploads\/2021\/11\/glittery-gold-chr-300x260.png\" alt=\"\" width=\"672\" height=\"584\" \/><\/p>\n<h3><strong>\u0110\u1eb7c \u0111i\u1ec3m n\u1ed5i b\u1eadt c\u1ee7a s\u1ea3n ph\u1ea9m:<\/strong><\/h3>\n<p>&gt; B\u1ed9 18 tr\u00e1i ch\u00e2u c\u1ed5 \u0111i\u1ec3n Uncle Bills mang kh\u00f4ng kh\u00ed t\u01b0ng b\u1eebng, r\u1ed9n r\u00e0ng c\u1ee7a m\u00f9a l\u1ec5 h\u1ed9i cu\u1ed1i n\u0103m \u0111\u1ebfn gia \u0111\u00ecnh b\u1ea1n.<\/p>\n<p>&gt; S\u1ea3n ph\u1ea9m c\u00f3 m\u00e0u s\u1eafc s\u1eb7c s\u1ee1, \u0111\u01b0\u1ee3c ch\u1ebf t\u00e1c kh\u00e9o l\u00e9o, l\u00e0 v\u1eadt trang tr\u00ed xinh x\u1eafn kh\u00f4ng th\u1ec3 thi\u1ebfu trong m\u00f9a Noel.<\/p>\n<p>&gt; V\u1edbi ch\u1ea5t li\u1ec7u cao c\u1ea5p, kh\u00f4ng \u0111\u1ed9c h\u1ea1i, \u0111\u1ea3m b\u1ea3o an to\u00e0n cho s\u1ee9c kh\u1ecfe ng\u01b0\u1eddi d\u00f9ng.<\/p>\n<p>&gt; Mang kh\u00f4ng kh\u00ed t\u01b0ng b\u1eebng, r\u1ed9n r\u00e0ng c\u1ee7a m\u00f9a l\u1ec5 h\u1ed9i cu\u1ed1i n\u0103m.<\/p>\n<p>&gt; Thi\u1ebft k\u1ebf ch\u1eafc ch\u1eafn, d\u1ec5 d\u00e0ng b\u00e0y tr\u00ed.<\/p>\n<p><img loading=\"lazy\" decoding=\"async\" class=\"wp-image-23886 aligncenter\" src=\"https:\/\/havamall.com\/wp-content\/uploads\/2021\/11\/16361278-300x189.png\" alt=\"\" width=\"671\" height=\"423\" \/><\/p>","protected":false},"excerpt":{"rendered":"<p>\u0110\u1ebfm ng\u01b0\u1ee3c m\u1ed9t th\u00e1ng l\u00e0 \u0111\u00e3 \u0111\u1ebfn Gi\u00e1ng Sinh 2021 v\u00e0 s\u1ebd r\u1ea5t tuy\u1ec7t v\u1eddi khi ng\u00f4i nh\u00e0 c\u1ee7a b\u1ea1n<\/p>","protected":false},"featured_media":24074,"comment_status":"open","ping_status":"closed","template":"","meta":[],"product_brand":[],"product_cat":[35,452,394],"product_tag":[],"class_list":{"0":"post-23871","1":"product","2":"type-product","3":"status-publish","4":"has-post-thumbnail","6":"product_cat-nha-cua-doi-song","7":"product_cat-noel","8":"product_cat-trang-tri-nha-cua","9":"pa_brand-uncle-bills","11":"first","12":"instock","13":"sale","14":"shipping-taxable","15":"purchasable","16":"product-type-variable"},"_links":{"self":[{"href":"https:\/\/havamall.com\/en\/wp-json\/wp\/v2\/product\/23871","targetHints":{"allow":["GET"]}}],"collection":[{"href":"https:\/\/havamall.com\/en\/wp-json\/wp\/v2\/product"}],"about":[{"href":"https:\/\/havamall.com\/en\/wp-json\/wp\/v2\/types\/product"}],"replies":[{"embeddable":true,"href":"https:\/\/havamall.com\/en\/wp-json\/wp\/v2\/comments?post=23871"}],"version-history":[{"count":0,"href":"https:\/\/havamall.com\/en\/wp-json\/wp\/v2\/product\/23871\/revisions"}],"wp:featuredmedia":[{"embeddable":true,"href":"https:\/\/havamall.com\/en\/wp-json\/wp\/v2\/media\/24074"}],"wp:attachment":[{"href":"https:\/\/havamall.com\/en\/wp-json\/wp\/v2\/media?parent=23871"}],"wp:term":[{"taxonomy":"product_brand","embeddable":true,"href":"https:\/\/havamall.com\/en\/wp-json\/wp\/v2\/product_brand?post=23871"},{"taxonomy":"product_cat","embeddable":true,"href":"https:\/\/havamall.com\/en\/wp-json\/wp\/v2\/product_cat?post=23871"},{"taxonomy":"product_tag","embeddable":true,"href":"https:\/\/havamall.com\/en\/wp-json\/wp\/v2\/product_tag?post=23871"}],"curies":[{"name":"wp","href":"https:\/\/api.w.org\/{rel}","templated":true}]}}